{"id":1365,"date":"2024-09-24T08:26:42","date_gmt":"2024-09-24T08:26:42","guid":{"rendered":"https:\/\/keweicorten.com\/?post_type=product&#038;p=1365"},"modified":"2024-09-24T08:49:31","modified_gmt":"2024-09-24T08:49:31","slug":"tubo-de-aco-corten-wtst52-3","status":"publish","type":"product","link":"https:\/\/keweicorten.com\/pt\/tubo-de-aco-corten-wtst52-3\/","title":{"rendered":"Tubo de a\u00e7o corten WTSt52-3"},"content":{"rendered":"<p>O tubo de a\u00e7o Corten WTSt52-3 \u00e9 um tipo de a\u00e7o resistente a intemp\u00e9ries que pertence \u00e0 fam\u00edlia dos a\u00e7os Corten. Semelhante a outros a\u00e7os Corten, como o A242 e o A588, o WTSt52-3 foi projetado para ter resist\u00eancia superior \u00e0 corros\u00e3o, formando uma p\u00e1tina protetora em sua superf\u00edcie quando exposto \u00e0s condi\u00e7\u00f5es clim\u00e1ticas. A p\u00e1tina atua como uma barreira, impedindo a corros\u00e3o mais profunda e permitindo que o a\u00e7o seja usado em ambientes agressivos sem a necessidade de revestimentos protetores.<\/p>\n<p>Assim como outros a\u00e7os resistentes a intemp\u00e9ries, o tubo de a\u00e7o corten WTSt52-3 inclui pequenas quantidades de elementos de liga, como:<\/p>\n<ul>\n<li><strong>Cobre<\/strong><\/li>\n<li><strong>Cromo<\/strong><\/li>\n<li><strong>N\u00edquel<\/strong><\/li>\n<li><strong>F\u00f3sforo<\/strong> Esses elementos aumentam sua resist\u00eancia \u00e0 corros\u00e3o e permitem que ele forme uma p\u00e1tina est\u00e1vel quando exposto ao meio ambiente.<\/li>\n<\/ul>\n<h3>Vantagens:<\/h3>\n<ul>\n<li><strong>Apelo est\u00e9tico<\/strong>: A p\u00e1tina proporciona uma apar\u00eancia industrial e r\u00fastica que \u00e9 frequentemente usada em projetos arquitet\u00f4nicos modernos.<\/li>\n<li><strong>Durabilidade<\/strong>: Oferece desempenho de longo prazo em aplica\u00e7\u00f5es externas sem a necessidade de repintura ou reparos frequentes.<\/li>\n<li><strong>Custo-benef\u00edcio<\/strong>: Reduz a necessidade de revestimentos protetores e manuten\u00e7\u00e3o regular, o que diminui os custos gerais do ciclo de vida.<\/li>\n<\/ul>\n<table style=\"height: 91px;\" width=\"772\">\n<tbody>\n<tr>\n<th>Faixa de OD<\/th>\n<td>12-150 mm<\/td>\n<\/tr>\n<tr>\n<th>Faixa de espessura<\/th>\n<td>1,5-8 mm<\/td>\n<\/tr>\n<tr>\n<th>Comprimento<\/th>\n<td>Aleat\u00f3rio simples, Aleat\u00f3rio duplo e Comprimento de corte<\/td>\n<\/tr>\n<tr>\n<th>Tipo<\/th>\n<td>Redondo, quadrado, retangular<\/td>\n<\/tr>\n<tr>\n<th>Padr\u00e3o<\/th>\n<td>GB, ASTM, UE<\/td>\n<\/tr>\n<tr>\n<th>Grau<\/th>\n<td>Q235NH,Q295NH,Q355NH,09CUPGENI-A,09CUPGENI-B,CORTEN A, CORTEN B, ASTM A423 GRAU 1,<br \/>\nASTM A847, ASTM A588, ASTM A242, ASTM A606, S355JOW, S355JOWP, S355J2W, S355J2WP<\/td>\n<\/tr>\n<\/tbody>\n<\/table>\n<figure style=\"width: 559px\" class=\"wp-caption alignnone\"><a href=\"https:\/\/keweicorten.com\/pt\/entre-em-contato-conosco\/\"><img fetchpriority=\"high\" decoding=\"async\" title=\"chapa de a\u00e7o corten\" src=\"https:\/\/www.offersteels.com\/uploads\/allimg\/corten-steel-pipe.jpg\" alt=\"Fornecedores de tubos de a\u00e7o corten, resist\u00eancia \u00e0 corros\u00e3o de tubos para intemp\u00e9ries\" width=\"559\" height=\"419\" \/><\/a><figcaption class=\"wp-caption-text\">chapa de a\u00e7o corten<\/figcaption><\/figure>\n<figure style=\"width: 560px\" class=\"wp-caption alignnone\"><a href=\"https:\/\/keweicorten.com\/pt\/products\/\"><img decoding=\"async\" title=\"chapa de a\u00e7o corten\" src=\"https:\/\/www.offersteels.com\/uploads\/allimg\/Corten-steel-pipe-productive-process.jpg\" alt=\"Processo produtivo de tubos de a\u00e7o corten\" width=\"560\" height=\"441\" \/><\/a><figcaption class=\"wp-caption-text\">chapa de a\u00e7o corten<\/figcaption><\/figure>\n<figure style=\"width: 559px\" class=\"wp-caption alignnone\"><a href=\"https:\/\/keweicorten.com\/pt\/products\/\"><img decoding=\"async\" title=\"Tubo de a\u00e7o corten\" src=\"https:\/\/www.offersteels.com\/uploads\/allimg\/What-is-Corten-Steel-Pipe.jpg\" alt=\"Fornecedores de tubos de a\u00e7o corten, resist\u00eancia \u00e0 corros\u00e3o de tubos para intemp\u00e9ries\" width=\"559\" height=\"419\" \/><\/a><figcaption class=\"wp-caption-text\">Tubo de a\u00e7o corten<\/figcaption><\/figure>","protected":false},"excerpt":{"rendered":"<p>O a\u00e7o corten \u00e9 usado principalmente em ferrovias, ve\u00edculos, pontes, postes, energia fotovoltaica, engenharia de alta velocidade e outras estruturas de a\u00e7o que ficam expostas \u00e0 atmosfera por um longo per\u00edodo.<\/p>","protected":false},"featured_media":1366,"comment_status":"open","ping_status":"closed","template":"","meta":{"_eb_attr":"","_monsterinsights_skip_tracking":false,"_monsterinsights_sitenote_active":false,"_monsterinsights_sitenote_note":"","_monsterinsights_sitenote_category":0,"_uf_show_specific_survey":0,"_uf_disable_surveys":false},"product_brand":[],"product_cat":[21],"product_tag":[],"class_list":{"0":"post-1365","1":"product","2":"type-product","3":"status-publish","4":"has-post-thumbnail","6":"product_cat-weather-resistant-steel-plate","8":"first","9":"instock","10":"shipping-taxable","11":"product-type-simple"},"_links":{"self":[{"href":"https:\/\/keweicorten.com\/pt\/wp-json\/wp\/v2\/product\/1365"}],"collection":[{"href":"https:\/\/keweicorten.com\/pt\/wp-json\/wp\/v2\/product"}],"about":[{"href":"https:\/\/keweicorten.com\/pt\/wp-json\/wp\/v2\/types\/product"}],"replies":[{"embeddable":true,"href":"https:\/\/keweicorten.com\/pt\/wp-json\/wp\/v2\/comments?post=1365"}],"version-history":[{"count":1,"href":"https:\/\/keweicorten.com\/pt\/wp-json\/wp\/v2\/product\/1365\/revisions"}],"predecessor-version":[{"id":1367,"href":"https:\/\/keweicorten.com\/pt\/wp-json\/wp\/v2\/product\/1365\/revisions\/1367"}],"wp:featuredmedia":[{"embeddable":true,"href":"https:\/\/keweicorten.com\/pt\/wp-json\/wp\/v2\/media\/1366"}],"wp:attachment":[{"href":"https:\/\/keweicorten.com\/pt\/wp-json\/wp\/v2\/media?parent=1365"}],"wp:term":[{"taxonomy":"product_brand","embeddable":true,"href":"https:\/\/keweicorten.com\/pt\/wp-json\/wp\/v2\/product_brand?post=1365"},{"taxonomy":"product_cat","embeddable":true,"href":"https:\/\/keweicorten.com\/pt\/wp-json\/wp\/v2\/product_cat?post=1365"},{"taxonomy":"product_tag","embeddable":true,"href":"https:\/\/keweicorten.com\/pt\/wp-json\/wp\/v2\/product_tag?post=1365"}],"curies":[{"name":"wp","href":"https:\/\/api.w.org\/{rel}","templated":true}]}}