{"id":1392,"date":"2024-09-25T07:11:51","date_gmt":"2024-09-25T07:11:51","guid":{"rendered":"https:\/\/keweicorten.com\/?post_type=product&#038;p=1392"},"modified":"2024-09-25T08:52:00","modified_gmt":"2024-09-25T08:52:00","slug":"spa-de-aco-resistente-a-intemperies-h","status":"publish","type":"product","link":"https:\/\/keweicorten.com\/pt\/spa-de-aco-resistente-a-intemperies-h\/","title":{"rendered":"A\u00e7o resistente a intemp\u00e9ries SPA-H"},"content":{"rendered":"<div>\n<p>O a\u00e7o resistente a intemp\u00e9ries SPA-H \u00e9 um tipo de a\u00e7o resistente a intemp\u00e9ries conhecido por sua durabilidade e resist\u00eancia \u00e0 corros\u00e3o. Ele desenvolve uma camada protetora de ferrugem quando exposto aos elementos, o que ajuda a evitar mais corros\u00e3o e mant\u00e9m a integridade estrutural. Isso o torna ideal para aplica\u00e7\u00f5es externas, como m\u00f3veis, esculturas e elementos arquitet\u00f4nicos. O a\u00e7o resistente a intemp\u00e9ries SPA-H tem excelente resist\u00eancia \u00e0 corros\u00e3o, pode manter a apar\u00eancia e a for\u00e7a est\u00e1veis por muito tempo no ambiente externo e \u00e9 muito adequado para m\u00f3veis externos, fogueiras e outros produtos.<\/p>\n<\/div>\n<div class=\"pro_det_b_tabs_item_tt\">Dados t\u00e9cnicos<\/div>\n<div class=\"pro_det_b_tabs_item_con\">\n<p><strong>Composi\u00e7\u00e3o qu\u00edmica do a\u00e7o SPA-H Weathering<\/strong><\/p>\n<div class=\"pro_page_table\">\n<table>\n<tbody>\n<tr>\n<td>Grau<\/td>\n<td>C \u2264<\/td>\n<td>Si<\/td>\n<td>Mn<\/td>\n<td>P<\/td>\n<td>S \u2264<\/td>\n<td>Cu<\/td>\n<td>Cr<\/td>\n<td>Ni \u2264<\/td>\n<\/tr>\n<tr>\n<td>SPA-H<\/td>\n<td>0.12<\/td>\n<td>0.25~0.75<\/td>\n<td>0.20~0.50<\/td>\n<td>0.070~0.150<\/td>\n<td>0.040<\/td>\n<td>0.25~0.60<\/td>\n<td>0.30~1.25<\/td>\n<td>0.65<\/td>\n<\/tr>\n<\/tbody>\n<\/table>\n<\/div>\n<p><strong>Solicita\u00e7\u00e3o de propriedades de tra\u00e7\u00e3o do a\u00e7o resistente a intemp\u00e9ries SPA-H<\/strong><\/p>\n<div class=\"pro_page_table\">\n<table>\n<tbody>\n<tr>\n<td>Grau<\/td>\n<td>Espessura da placa<\/td>\n<td>Resist\u00eancia ao escoamento<\/td>\n<td>Resist\u00eancia \u00e0 tra\u00e7\u00e3o<\/td>\n<td>alongamento<\/td>\n<\/tr>\n<tr>\n<td>SPA-H<\/td>\n<td>\u2264 6,0 mm<\/td>\n<td>\u2265 345 MPa<\/td>\n<td>\u2265 480 MPa<\/td>\n<td>\u2265 22<\/td>\n<\/tr>\n<tr>\n<td><\/td>\n<td>&gt; 6,0 mm<\/td>\n<td>\u2265 335 MPa<\/td>\n<td>\u2265 490 MPa<\/td>\n<td>\u2265 15<\/td>\n<\/tr>\n<\/tbody>\n<\/table>\n<\/div>\n<p>A condi\u00e7\u00e3o de entrega do a\u00e7o SPA-H pode ser laminada a quente, laminada a frio, AR\/CR\/N\/TMCP\/T\/QT conforme a solicita\u00e7\u00e3o do cliente<\/p>\n<p><strong>Tipo de a\u00e7o relacionado<\/strong><\/p>\n<div class=\"pro_page_table\">\n<table>\n<tbody>\n<tr>\n<td>Tipo de a\u00e7o<\/td>\n<td>Padr\u00e3o<\/td>\n<td>C\u00f3digo do pa\u00eds<\/td>\n<td>C(%)<\/td>\n<td>Si(%)<\/td>\n<td>Mn(%)<\/td>\n<td>P(%)<\/td>\n<td>S(%)<\/td>\n<td>Cr(%)<\/td>\n<td>Cu(%)<\/td>\n<\/tr>\n<tr>\n<td>SPA-H<\/td>\n<td>4620<\/td>\n<td>CNS<\/td>\n<td>\u22660.12<\/td>\n<td>0.25-0.75<\/td>\n<td>0.20-0.50<\/td>\n<td>0.07-0.15<\/td>\n<td>\u22660.04<\/td>\n<td>0.30-1.25<\/td>\n<td>0.25-0.60<\/td>\n<\/tr>\n<tr>\n<td>SPA-H<\/td>\n<td>G3125<\/td>\n<td>JIS<\/td>\n<td>\u22660.12<\/td>\n<td>0.25-0.75<\/td>\n<td>0.20-0.50<\/td>\n<td>0.07-0.15<\/td>\n<td>\u22660.04<\/td>\n<td>0.30-1.25<\/td>\n<td>0.25-0.60<\/td>\n<\/tr>\n<tr>\n<td>Tipo1<\/td>\n<td>A242<\/td>\n<td>ASTM<\/td>\n<td>\u22660.15<\/td>\n<td><\/td>\n<td>\u22661.00<\/td>\n<td>\u22660.15<\/td>\n<td>\u22660.05<\/td>\n<td><\/td>\n<td>\u22670.20<\/td>\n<\/tr>\n<\/tbody>\n<\/table>\n<\/div>\n<div class=\"pro_page_table\">\n<table>\n<tbody>\n<tr>\n<td>Tipo de a\u00e7o<\/td>\n<td>Tens\u00e3o de escoamento (Mpa)<\/td>\n<td>Tens\u00e3o de tra\u00e7\u00e3o (Mpa)<\/td>\n<td>Alongamento (%)<\/td>\n<td>Espessura (mm)<\/td>\n<\/tr>\n<tr>\n<td>SPA-H<\/td>\n<td>\u2267345<\/td>\n<td>\u2267480<\/td>\n<td>\u226722<\/td>\n<td>\u22666.0<\/td>\n<\/tr>\n<tr>\n<td>SPA-H<\/td>\n<td>\u2267345<\/td>\n<td>\u2267480<\/td>\n<td>\u226722<\/td>\n<td>\u22666.0<\/td>\n<\/tr>\n<tr>\n<td>Tipo1<\/td>\n<td>\u2267345<\/td>\n<td>\u2267480<\/td>\n<td>\u226721<\/td>\n<td>\u226620.0<\/td>\n<\/tr>\n<\/tbody>\n<\/table>\n<p><a href=\"https:\/\/keweicorten.com\/pt\"><img fetchpriority=\"high\" decoding=\"async\" class=\"alignnone\" title=\"A\u00e7o resistente a intemp\u00e9ries SPA-H \" src=\"https:\/\/www.gneesteels.com\/uploads\/201914713\/spa-h-hot-rolled-weather-resistant-steel26300479860.jpg\" alt=\"A\u00e7o resistente \u00e0s intemp\u00e9ries SPA-H Fornecedores e fabricantes - China Factory -shkw\" width=\"660\" height=\"660\" \/><\/a><\/p>\n<p><a href=\"https:\/\/keweicorten.com\/pt\/products\/\"><img decoding=\"async\" class=\"alignnone\" title=\"A\u00e7o resistente a intemp\u00e9ries SPA-H\" src=\"https:\/\/image.made-in-china.com\/2f0j00pefWQnNhnOrc\/SPA-H-S355j2wp-Weather-Resistant-Metal-Sheet-Corten-Hot-Rolled-Steel-Plate.jpg\" alt=\"A\u00e7o resistente \u00e0s intemp\u00e9ries SPA-H Fornecedores e fabricantes - China Factory\" width=\"660\" height=\"767\" \/><\/a><\/p>\n<\/div>\n<\/div>","protected":false},"excerpt":{"rendered":"<p>A\u00e7o corten SPA-H JIS G3125, chapa\/folha de a\u00e7o SPA-H. A\u00e7o de baixa liga SPA-H de alta resist\u00eancia \u00e0 corros\u00e3o atmosf\u00e9rica.<\/p>","protected":false},"featured_media":1393,"comment_status":"open","ping_status":"closed","template":"","meta":{"_eb_attr":"","_monsterinsights_skip_tracking":false,"_monsterinsights_sitenote_active":false,"_monsterinsights_sitenote_note":"","_monsterinsights_sitenote_category":0,"_uf_show_specific_survey":0,"_uf_disable_surveys":false},"product_brand":[],"product_cat":[21],"product_tag":[],"class_list":{"0":"post-1392","1":"product","2":"type-product","3":"status-publish","4":"has-post-thumbnail","6":"product_cat-weather-resistant-steel-plate","8":"first","9":"instock","10":"shipping-taxable","11":"product-type-simple"},"_links":{"self":[{"href":"https:\/\/keweicorten.com\/pt\/wp-json\/wp\/v2\/product\/1392"}],"collection":[{"href":"https:\/\/keweicorten.com\/pt\/wp-json\/wp\/v2\/product"}],"about":[{"href":"https:\/\/keweicorten.com\/pt\/wp-json\/wp\/v2\/types\/product"}],"replies":[{"embeddable":true,"href":"https:\/\/keweicorten.com\/pt\/wp-json\/wp\/v2\/comments?post=1392"}],"version-history":[{"count":2,"href":"https:\/\/keweicorten.com\/pt\/wp-json\/wp\/v2\/product\/1392\/revisions"}],"predecessor-version":[{"id":1395,"href":"https:\/\/keweicorten.com\/pt\/wp-json\/wp\/v2\/product\/1392\/revisions\/1395"}],"wp:featuredmedia":[{"embeddable":true,"href":"https:\/\/keweicorten.com\/pt\/wp-json\/wp\/v2\/media\/1393"}],"wp:attachment":[{"href":"https:\/\/keweicorten.com\/pt\/wp-json\/wp\/v2\/media?parent=1392"}],"wp:term":[{"taxonomy":"product_brand","embeddable":true,"href":"https:\/\/keweicorten.com\/pt\/wp-json\/wp\/v2\/product_brand?post=1392"},{"taxonomy":"product_cat","embeddable":true,"href":"https:\/\/keweicorten.com\/pt\/wp-json\/wp\/v2\/product_cat?post=1392"},{"taxonomy":"product_tag","embeddable":true,"href":"https:\/\/keweicorten.com\/pt\/wp-json\/wp\/v2\/product_tag?post=1392"}],"curies":[{"name":"wp","href":"https:\/\/api.w.org\/{rel}","templated":true}]}}