{"id":1396,"date":"2024-09-25T08:14:45","date_gmt":"2024-09-25T08:14:45","guid":{"rendered":"https:\/\/keweicorten.com\/?post_type=product&#038;p=1396"},"modified":"2024-09-25T08:51:21","modified_gmt":"2024-09-25T08:51:21","slug":"aco-de-alta-qualidade-q450nqr1","status":"publish","type":"product","link":"https:\/\/keweicorten.com\/pt\/aco-de-alta-qualidade-q450nqr1\/","title":{"rendered":"a\u00e7o de alta qualidade q450nqr1"},"content":{"rendered":"<p>O a\u00e7o High q450nqr1 \u00e9 um tipo de a\u00e7o para intemp\u00e9ries projetado para uso em estruturas externas. Ele oferece boa resist\u00eancia \u00e0 corros\u00e3o devido \u00e0 sua capacidade de formar uma camada protetora de ferrugem quando exposto \u00e0s condi\u00e7\u00f5es atmosf\u00e9ricas, o que ajuda a prolongar sua vida \u00fatil. Esse a\u00e7o \u00e9 frequentemente usado em aplica\u00e7\u00f5es como pontes, edif\u00edcios e esculturas externas.<\/p>\n<p style=\"font-weight: 400;\">Propriedade t\u00e9cnica da placa de a\u00e7o TB\/T 1979 Q450NQR1<\/p>\n<table style=\"font-weight: 400;\">\n<tbody>\n<tr>\n<td colspan=\"4\">Propriedade mec\u00e2nica da placa de a\u00e7o Q450NQR1<\/td>\n<\/tr>\n<tr>\n<td>Espessura (mm)<\/td>\n<td>Resist\u00eancia ao escoamento (\u2265Mpa)<\/td>\n<td>Resist\u00eancia \u00e0 tra\u00e7\u00e3o (Mpa)<\/td>\n<td>Alongamento % \u2265<\/td>\n<\/tr>\n<tr>\n<td>T\u22646<\/td>\n<td rowspan=\"3\">450<\/td>\n<td rowspan=\"3\">550<\/td>\n<td>22<\/td>\n<\/tr>\n<tr>\n<td>6&lt;T\u226414<\/td>\n<td>20<\/td>\n<\/tr>\n<tr>\n<td>14&lt;T\u226420<\/td>\n<td>19<\/td>\n<\/tr>\n<\/tbody>\n<\/table>\n<p>aplicar<br \/>\n1) Usina de energia t\u00e9rmica<br \/>\n2) P\u00e1tio de carv\u00e3o.<br \/>\n3) F\u00e1brica de cimento<br \/>\n4) Carregamento de m\u00e1quinas<br \/>\n5) Maquin\u00e1rio de mina<br \/>\n6) M\u00e1quinas de constru\u00e7\u00e3o<br \/>\n7) Maquin\u00e1rio metal\u00fargico<\/p>\n<table>\n<tbody>\n<tr>\n<td><b>Grau de a\u00e7o:<\/b><\/td>\n<td>09CuPCrNi-A, Q450NQR1, SPA-H B480GNQR, Q345NQR2, Q355GNHD, Q355NH , 09CuP,S355J2WP<br \/>\nMonel 600\/625\/718\/725<\/td>\n<\/tr>\n<tr>\n<td><b>Padr\u00e3o:<\/b><\/td>\n<td>GB, ASME, ASTM, JIS, BS<\/td>\n<\/tr>\n<tr>\n<td><b>Espessura:<\/b><\/td>\n<td>1,0-300 mm<\/td>\n<\/tr>\n<tr>\n<td><b>Largura:<\/b><\/td>\n<td>100-4500 mm, ou de acordo com a solicita\u00e7\u00e3o especial do cliente<\/td>\n<\/tr>\n<tr>\n<td><b>Comprimento:<\/b><\/td>\n<td>1-20 metros, ou de acordo com a solicita\u00e7\u00e3o especial do cliente<\/td>\n<\/tr>\n<tr>\n<td><b>Pacote:<\/b><\/td>\n<td>Pacote padr\u00e3o de exporta\u00e7\u00e3o<\/td>\n<\/tr>\n<tr>\n<td><b>Aplicativo:<\/b><\/td>\n<td>1. ind\u00fastrias de m\u00e1quinas e vasos de press\u00e3o.<br \/>\n2. constru\u00e7\u00e3o de navios, constru\u00e7\u00e3o de engenharia.<br \/>\n3. autom\u00f3veis, pontes, edif\u00edcios.<br \/>\n4. fabrica\u00e7\u00e3o mec\u00e2nica, laje de pavimenta\u00e7\u00e3o, etc.<\/td>\n<\/tr>\n<tr>\n<td><b>Moinho MTC:<\/b><\/td>\n<td>Fornecido antes do envio<\/td>\n<\/tr>\n<tr>\n<td><b>Inspe\u00e7\u00e3o:<\/b><\/td>\n<td>A inspe\u00e7\u00e3o por terceiros pode ser aceita, SGS, BV, TUV<\/td>\n<\/tr>\n<tr>\n<td><b>Porta de montagem:<\/b><\/td>\n<td>Qualquer porto na China<\/td>\n<\/tr>\n<tr>\n<td><b>Termo de troca:<\/b><\/td>\n<td>FOB, CIF, CFR, EXW, etc.<\/td>\n<\/tr>\n<tr>\n<td><b>Prazo do pre\u00e7o:<\/b><\/td>\n<td>TT ou LC \u00e0 vista<\/td>\n<\/tr>\n<tr>\n<td><b>Nossos servi\u00e7os:<\/b><\/td>\n<td>Podemos cortar e dobrar chapas de a\u00e7o de acordo com o pedido ou desenho do cliente, e embalar de acordo com a solicita\u00e7\u00e3o do cliente<\/td>\n<\/tr>\n<\/tbody>\n<\/table>\n<p><img fetchpriority=\"high\" decoding=\"async\" class=\"\" src=\"https:\/\/th.bing.com\/th\/id\/OIP.cuuVN_PKBjrQa4SYwoQCpwHaHa?rs=1&amp;pid=ImgDetMain\" alt=\"Q450NQR1 Weathering Steel Plate Fabricante do produto - Shandong Kuaima Steel Co., Ltd.\" width=\"522\" height=\"522\" \/><\/p>\n<p><img decoding=\"async\" src=\"https:\/\/www.researchgate.net\/publication\/378755215\/figure\/tbl1\/AS:11431281227659895@1709733620825\/Chemical-composition-of-Q450NQR1-high-strength-weathering-steel-and-HTW-55.png\" alt=\"Composi\u00e7\u00e3o qu\u00edmica do a\u00e7o de intemperismo de alta resist\u00eancia Q450NQR1 e do HTW-55.\" \/><\/p>\n<div class=\"nova-legacy-o-stack nova-legacy-o-stack--gutter-s nova-legacy-o-stack--spacing-none nova-legacy-o-stack--no-gutter-outside figure-details-image\">\n<div class=\"nova-legacy-o-stack__item\">\n<p class=\"nova-legacy-e-text nova-legacy-e-text--size-m nova-legacy-e-text--family-display nova-legacy-e-text--spacing-none nova-legacy-e-text--color-inherit\">Composi\u00e7\u00e3o qu\u00edmica do a\u00e7o de intemperismo de alta resist\u00eancia Q450NQR1 e do HTW-55.<\/p>\n<p><img decoding=\"async\" class=\"\" src=\"https:\/\/sc02.alicdn.com\/kf\/Hb877ac80a07643c090166781b8ac95cbB\/228156491\/Hb877ac80a07643c090166781b8ac95cbB.jpg\" width=\"522\" height=\"522\" \/><\/p>\n<\/div>\n<\/div>","protected":false},"excerpt":{"rendered":"<p>A chapa de a\u00e7o resistente ao desgaste \u00e9 composta de duas partes: a chapa de a\u00e7o de baixo carbono e a camada de liga resistente ao desgaste. A camada de liga resistente ao desgaste \u00e9 geralmente de 1\/3 a 1\/2 da espessura total. Durante o trabalho, a matriz fornece o desempenho abrangente, como resist\u00eancia, tenacidade e plasticidade, e a camada de liga resistente ao desgaste fornece a resist\u00eancia ao desgaste para atender aos requisitos das condi\u00e7\u00f5es de trabalho especificadas.<\/p>","protected":false},"featured_media":1397,"comment_status":"open","ping_status":"closed","template":"","meta":{"_eb_attr":"","_monsterinsights_skip_tracking":false,"_monsterinsights_sitenote_active":false,"_monsterinsights_sitenote_note":"","_monsterinsights_sitenote_category":0,"_uf_show_specific_survey":0,"_uf_disable_surveys":false},"product_brand":[],"product_cat":[21],"product_tag":[],"class_list":{"0":"post-1396","1":"product","2":"type-product","3":"status-publish","4":"has-post-thumbnail","6":"product_cat-weather-resistant-steel-plate","8":"first","9":"instock","10":"shipping-taxable","11":"product-type-simple"},"_links":{"self":[{"href":"https:\/\/keweicorten.com\/pt\/wp-json\/wp\/v2\/product\/1396"}],"collection":[{"href":"https:\/\/keweicorten.com\/pt\/wp-json\/wp\/v2\/product"}],"about":[{"href":"https:\/\/keweicorten.com\/pt\/wp-json\/wp\/v2\/types\/product"}],"replies":[{"embeddable":true,"href":"https:\/\/keweicorten.com\/pt\/wp-json\/wp\/v2\/comments?post=1396"}],"version-history":[{"count":1,"href":"https:\/\/keweicorten.com\/pt\/wp-json\/wp\/v2\/product\/1396\/revisions"}],"predecessor-version":[{"id":1398,"href":"https:\/\/keweicorten.com\/pt\/wp-json\/wp\/v2\/product\/1396\/revisions\/1398"}],"wp:featuredmedia":[{"embeddable":true,"href":"https:\/\/keweicorten.com\/pt\/wp-json\/wp\/v2\/media\/1397"}],"wp:attachment":[{"href":"https:\/\/keweicorten.com\/pt\/wp-json\/wp\/v2\/media?parent=1396"}],"wp:term":[{"taxonomy":"product_brand","embeddable":true,"href":"https:\/\/keweicorten.com\/pt\/wp-json\/wp\/v2\/product_brand?post=1396"},{"taxonomy":"product_cat","embeddable":true,"href":"https:\/\/keweicorten.com\/pt\/wp-json\/wp\/v2\/product_cat?post=1396"},{"taxonomy":"product_tag","embeddable":true,"href":"https:\/\/keweicorten.com\/pt\/wp-json\/wp\/v2\/product_tag?post=1396"}],"curies":[{"name":"wp","href":"https:\/\/api.w.org\/{rel}","templated":true}]}}