{"id":1430,"date":"2024-09-25T09:03:21","date_gmt":"2024-09-25T09:03:21","guid":{"rendered":"https:\/\/keweicorten.com\/?post_type=product&#038;p=1430"},"modified":"2024-09-25T09:03:21","modified_gmt":"2024-09-25T09:03:21","slug":"chapa-de-aco-corten-laminada-a-frio-de-3-mm-astm-a242-a588","status":"publish","type":"product","link":"https:\/\/keweicorten.com\/pt\/chapa-de-aco-corten-laminada-a-frio-de-3-mm-astm-a242-a588\/","title":{"rendered":"Chapa de a\u00e7o corten laminada a frio de 3 mm ASTM A242 A588"},"content":{"rendered":"<p>As chapas de a\u00e7o corten laminadas a frio de 3 mm ASTM A242 A588, como as fabricadas com ASTM A242 ou A588, s\u00e3o conhecidas por suas propriedades de resist\u00eancia \u00e0s intemp\u00e9ries, o que lhes permite desenvolver uma p\u00e1tina protetora contra a ferrugem com o passar do tempo. Isso as torna adequadas para aplica\u00e7\u00f5es externas, como fachadas arquitet\u00f4nicas, esculturas e elementos de jardim.<\/p>\n<p>Ao procurar por chapas de a\u00e7o corten laminadas a frio de 3 mm ASTM A242 A588, considere o seguinte:<\/p>\n<ol>\n<li><strong>Espessura<\/strong>: Certifique-se de que a espessura de 3 mm atenda aos requisitos de seu projeto.<\/li>\n<li><strong>Acabamento<\/strong>: As chapas laminadas a frio normalmente t\u00eam um acabamento liso, mas verifique se voc\u00ea precisa de um tratamento de superf\u00edcie espec\u00edfico.<\/li>\n<li><strong>Fornecedor<\/strong>: Procure fornecedores de boa reputa\u00e7\u00e3o que possam fornecer certifica\u00e7\u00e3o para o grau do material.<\/li>\n<li><strong>Fabrica\u00e7\u00e3o<\/strong>: Se voc\u00ea precisar de formatos ou tamanhos personalizados, confirme se o fornecedor pode atender \u00e0s suas necessidades de fabrica\u00e7\u00e3o.<\/li>\n<\/ol>\n<div class=\"list-item\"><span class=\"column\">Grau::<\/span>\u00a0<span class=\"value\">A588, Q235NH,Q335GNH,SPA-H,09CuPCrNi-A<\/span><\/div>\n<div class=\"list-item\"><span class=\"column\">Tipo::<\/span>\u00a0<span class=\"value\">Chapa de a\u00e7o<\/span><\/div>\n<div class=\"list-item\"><span class=\"column\">Servi\u00e7o de processamento::<\/span>\u00a0<span class=\"value\">Dobra, soldagem, desbobinamento, corte, puncionamento<\/span><\/div>\n<div class=\"list-item\"><span class=\"column\">Cor::<\/span>\u00a0<span class=\"value\">Amostras de clientes Cor<\/span><\/div>\n<div class=\"list-item\"><span class=\"column\">Nome::<\/span>\u00a0<span class=\"value\">Placa de a\u00e7o para intemp\u00e9ries<\/span><\/div>\n<div>\n<table border=\"1\" cellspacing=\"0\" cellpadding=\"0\">\n<tbody>\n<tr>\n<td colspan=\"2\"><strong>Especifica\u00e7\u00e3o da placa de a\u00e7o corten<\/strong><\/td>\n<\/tr>\n<tr>\n<td>\n<p>Padr\u00e3o<\/p>\n<p>Grau<\/td>\n<td>ASTM: Corten A; Corten B; A588Gr.A\/Gr.B\/Gr.C\/ Gr.K; A242; A606 Tipo 4; A709 Gr 50W;<br \/>\nEN10025: S235J0W; S235J2W; S355J0W; S355J2W; S355K2W; S355J0WP; S355J2WP; S355J2G1W; S355J2G2W; S355K2G1W, S355K2G2W;<br \/>\nJIS G3114: SMA400AW; SMA400BW; SMA400CW; SMA490AW; SMA490BW; SMA490CW; SMA570W; SMA570P;<br \/>\nJIS G3125: SPA-H; SPA-C;<br \/>\nGB\/T 4171: Q235NH; Q265GNH; Q310GNH; Q295NH; Q295GNH; Q355NH; Q355GNH; Q415NH; Q460NH; 1500NH; Q550NH;<br \/>\nTB\/T 1979: 09CuPCrNi-A; 09CuCrNi-B; 05CuPCrNi;<br \/>\nQ\/BQB 340: B460NQR; B490NQR; B480GNQR; B600GNQR;<\/td>\n<\/tr>\n<tr>\n<td>Espessura<\/td>\n<td>Laminado a frio 0,5-2mm Laminado a quente 2-300mm (2-100mm normalmente usado)<\/td>\n<\/tr>\n<tr>\n<td>Largura<\/td>\n<td>1000-3000mm (1000-2200mm normalmente usado)<\/td>\n<\/tr>\n<tr>\n<td>Comprimento<\/td>\n<td>1000-12000mm ou conforme sua solicita\u00e7\u00e3o<\/td>\n<\/tr>\n<tr>\n<td>Superf\u00edcie<\/td>\n<td>Limpeza, acabamento, jateamento e pintura de acordo com as exig\u00eancias do cliente<\/td>\n<\/tr>\n<tr>\n<td>Entrega<br \/>\nEstados<\/td>\n<td>Lamina\u00e7\u00e3o a quente, lamina\u00e7\u00e3o controlada, normaliza\u00e7\u00e3o, recozimento e revenimento,<br \/>\nOs estados de resfriamento, N+T, Q+T e outros estados de entrega est\u00e3o dispon\u00edveis conforme necess\u00e1rio<\/td>\n<\/tr>\n<tr>\n<td>Certificado<\/td>\n<td>API, ISO, SGS, BV, CE etc.<\/td>\n<\/tr>\n<tr>\n<td>Qualidade<\/td>\n<td>O MTC ser\u00e1 fornecido com as mercadorias, a inspe\u00e7\u00e3o de terceiros \u00e9 aceit\u00e1vel, por exemplo: BV, SGS.<\/td>\n<\/tr>\n<tr>\n<td>Pacote<\/td>\n<td>Embalagem padr\u00e3o para exporta\u00e7\u00e3o em condi\u00e7\u00f5es de navegar, adequada para todos os tipos de transporte, ou conforme necess\u00e1rio.<\/td>\n<\/tr>\n<tr>\n<td rowspan=\"2\">Cont\u00eaineres<br \/>\nTamanho<\/td>\n<td>20ft GP:5898mm(Length)x2352mm(Width)x2393mm(High)<\/td>\n<\/tr>\n<tr>\n<td>40ft GP:12032mm(Length)x2352mm(Width)x2393mm(High)<\/td>\n<\/tr>\n<tr>\n<td>Prazo comercial<\/td>\n<td>Ex-Work, FOB, CNF, CFR, CIF, etc.<\/td>\n<\/tr>\n<\/tbody>\n<\/table>\n<figure style=\"width: 700px\" class=\"wp-caption alignnone\"><a href=\"https:\/\/keweicorten.com\/pt\/entre-em-contato-conosco\/\"><img fetchpriority=\"high\" decoding=\"async\" title=\"personalizado, atacado, barato, para venda\" src=\"https:\/\/image.made-in-china.com\/2f0j00NtIbWYrKqUzp\/Hot-Rolling-Cold-Rolling-A588-JIS-ASTM-Weathering-Steel-Corten-High-Carbon-Wear-Steel-Plate-Sheet-Garden-Screen-Art-Corten-Steel-M2-Weather-Resistant.jpg\" alt=\"Chapa de a\u00e7o corten laminada a frio de 3 mm ASTM A242 A588\/personalizada, atacado, barata, para venda\" width=\"700\" height=\"700\" \/><\/a><figcaption class=\"wp-caption-text\">personalizado, atacado, barato, para venda<\/figcaption><\/figure>\n<p><a href=\"https:\/\/keweicorten.com\/pt\"><img decoding=\"async\" class=\"alignnone\" title=\"Chapa de a\u00e7o corten laminada a frio e resistente a intemp\u00e9ries de 3 mm ASTM A242 A588\" src=\"https:\/\/img.diytrade.com\/smimg\/2946788\/49611397-11931654-0\/astm_a242_a588_alloy_steel_sheet_astm_a242_corten_steel_plate\/e1e0.jpg\" alt=\"Chapa de a\u00e7o corten resistente a intemp\u00e9ries laminada a frio de 3 mm ASTM A242 A588 personalizada, atacado, barata, para venda\" width=\"699\" height=\"699\" \/><\/a><\/p>\n<\/div>","protected":false},"excerpt":{"rendered":"<div class=\"list-item\"><span class=\"column\">T\u00e9cnica::<\/span>\u00a0<span class=\"value\">Laminado a quente<\/span><\/div>\n<div class=\"list-item\"><span class=\"column\">Tratamento de superf\u00edcie::<\/span>\u00a0<span class=\"value\">Limpo ou conforme necess\u00e1rio<\/span><\/div>\n<div class=\"list-item\"><span class=\"column\">Aplica\u00e7\u00e3o::<\/span>\u00a0<span class=\"value\">Decora\u00e7\u00e3o externa, Ferrovia, Torre<\/span><\/div>\n<div class=\"list-item\"><span class=\"column\">Largura::<\/span>\u00a0<span class=\"value\">0,6-3 m ou conforme necess\u00e1rio<\/span><\/div>\n<div class=\"list-item\"><span class=\"column\">Comprimento::<\/span>\u00a0<span class=\"value\">1-12m ou conforme necess\u00e1rio<\/span><\/div>\n<div class=\"list-item\"><span class=\"column\">Toler\u00e2ncia::<\/span>\u00a0<span class=\"value\">\u00b11%<\/span><\/div>\n<div>\n<div class=\"list-item\"><span class=\"column\">Local de origem::<\/span>\u00a0<span class=\"value\">China<\/span><\/div>\n<div class=\"list-item\"><\/div>\n<\/div>","protected":false},"featured_media":1431,"comment_status":"open","ping_status":"closed","template":"","meta":{"_eb_attr":"","_monsterinsights_skip_tracking":false,"_monsterinsights_sitenote_active":false,"_monsterinsights_sitenote_note":"","_monsterinsights_sitenote_category":0,"_uf_show_specific_survey":0,"_uf_disable_surveys":false},"product_brand":[],"product_cat":[21],"product_tag":[],"class_list":{"0":"post-1430","1":"product","2":"type-product","3":"status-publish","4":"has-post-thumbnail","6":"product_cat-weather-resistant-steel-plate","8":"first","9":"instock","10":"shipping-taxable","11":"product-type-simple"},"_links":{"self":[{"href":"https:\/\/keweicorten.com\/pt\/wp-json\/wp\/v2\/product\/1430"}],"collection":[{"href":"https:\/\/keweicorten.com\/pt\/wp-json\/wp\/v2\/product"}],"about":[{"href":"https:\/\/keweicorten.com\/pt\/wp-json\/wp\/v2\/types\/product"}],"replies":[{"embeddable":true,"href":"https:\/\/keweicorten.com\/pt\/wp-json\/wp\/v2\/comments?post=1430"}],"version-history":[{"count":1,"href":"https:\/\/keweicorten.com\/pt\/wp-json\/wp\/v2\/product\/1430\/revisions"}],"predecessor-version":[{"id":1432,"href":"https:\/\/keweicorten.com\/pt\/wp-json\/wp\/v2\/product\/1430\/revisions\/1432"}],"wp:featuredmedia":[{"embeddable":true,"href":"https:\/\/keweicorten.com\/pt\/wp-json\/wp\/v2\/media\/1431"}],"wp:attachment":[{"href":"https:\/\/keweicorten.com\/pt\/wp-json\/wp\/v2\/media?parent=1430"}],"wp:term":[{"taxonomy":"product_brand","embeddable":true,"href":"https:\/\/keweicorten.com\/pt\/wp-json\/wp\/v2\/product_brand?post=1430"},{"taxonomy":"product_cat","embeddable":true,"href":"https:\/\/keweicorten.com\/pt\/wp-json\/wp\/v2\/product_cat?post=1430"},{"taxonomy":"product_tag","embeddable":true,"href":"https:\/\/keweicorten.com\/pt\/wp-json\/wp\/v2\/product_tag?post=1430"}],"curies":[{"name":"wp","href":"https:\/\/api.w.org\/{rel}","templated":true}]}}