{"id":1444,"date":"2024-09-26T02:26:55","date_gmt":"2024-09-26T02:26:55","guid":{"rendered":"https:\/\/keweicorten.com\/?post_type=product&#038;p=1444"},"modified":"2024-09-26T02:26:55","modified_gmt":"2024-09-26T02:26:55","slug":"lixeiras-para-triagem-de-lixo-em-ambientes-externos","status":"publish","type":"product","link":"https:\/\/keweicorten.com\/pt\/lixeiras-para-triagem-de-lixo-em-ambientes-externos\/","title":{"rendered":"Ao ar livre Lixeira para coleta de lixo"},"content":{"rendered":"<p>A Lixeira de Triagem de Lixo para Ambientes Externos \u00e9 um equipamento de descarte de lixo especialmente projetado para ambientes externos, com o objetivo de promover a triagem e a reciclagem de lixo, reduzir a polui\u00e7\u00e3o ambiental e melhorar o ambiente ecol\u00f3gico urbano. Veja a seguir algumas aplica\u00e7\u00f5es e vantagens das lixeiras de coleta seletiva para uso externo:<\/p>\n<h2>\u00a0Campo de aplica\u00e7\u00e3o:<\/h2>\n<ul>\n<li>Parques e pontos tur\u00edsticos: baldes de coleta seletiva de lixo s\u00e3o instalados em locais p\u00fablicos, como parques e pontos tur\u00edsticos, para facilitar a coloca\u00e7\u00e3o do lixo pelos turistas e aumentar a conscientiza\u00e7\u00e3o sobre a classifica\u00e7\u00e3o do lixo.<\/li>\n<li>Ruas urbanas: localizadas em \u00e1reas densamente povoadas, como as ruas principais e os distritos comerciais da cidade, para facilitar aos cidad\u00e3os a classifica\u00e7\u00e3o do lixo e manter a cidade limpa.<\/li>\n<li>Campus: Instalar lixeiras na escola para educar os alunos a desenvolver o h\u00e1bito de classificar o lixo desde a inf\u00e2ncia.<\/li>\n<li>Comunidade: Instalado em \u00e1reas residenciais para incentivar os moradores a participar da classifica\u00e7\u00e3o do lixo e melhorar a sa\u00fade ambiental da comunidade.<\/li>\n<li>Esta\u00e7\u00f5es de transporte p\u00fablico: Instalado em esta\u00e7\u00f5es de \u00f4nibus, esta\u00e7\u00f5es de metr\u00f4 e outros centros de transporte para facilitar aos passageiros a classifica\u00e7\u00e3o e o descarte do lixo.<\/li>\n<\/ul>\n<h2>Vantagens das lixeiras de triagem de lixo ao ar livre<\/h2>\n<ul>\n<li>Prote\u00e7\u00e3o ambiental e desenvolvimento sustent\u00e1vel: Promover a reciclagem e a reutiliza\u00e7\u00e3o de itens recicl\u00e1veis, classificando-os para reduzir a press\u00e3o ambiental.<\/li>\n<li>\u00a0Aumentar a conscientiza\u00e7\u00e3o p\u00fablica: divulgar e educar o p\u00fablico sobre a import\u00e2ncia da classifica\u00e7\u00e3o do lixo e aumentar a conscientiza\u00e7\u00e3o p\u00fablica sobre a prote\u00e7\u00e3o ambiental.<\/li>\n<li>Embeleza o ambiente: As latas de lixo classificadas geralmente t\u00eam um design bonito, o que pode melhorar a apar\u00eancia da cidade e reduzir o impacto do lixo no meio ambiente.<\/li>\n<li>Redu\u00e7\u00e3o dos custos de gerenciamento: a classifica\u00e7\u00e3o eficaz do lixo pode reduzir o custo do descarte do lixo e melhorar a efici\u00eancia da classifica\u00e7\u00e3o e do descarte do lixo.<\/li>\n<li>Design diversificado: as ca\u00e7ambas de triagem de lixo modernas geralmente t\u00eam uma variedade de cores e logotipos para facilitar a identifica\u00e7\u00e3o das diferentes categorias de lixo pelo p\u00fablico.<\/li>\n<\/ul>\n<table class=\"table\" border=\"1\" cellspacing=\"1\" cellpadding=\"1\">\n<tbody>\n<tr>\n<td colspan=\"1\" rowspan=\"1\">\n<div class=\"magic-5\"><strong>Nome do produto<\/strong><\/div>\n<\/td>\n<td colspan=\"1\" rowspan=\"1\">\n<div class=\"magic-7\">Lixeira p\u00fablica comercial externa de a\u00e7o corten para lixo grande com triagem de metal Lixeira para reciclagem de lixo<\/div>\n<\/td>\n<\/tr>\n<tr>\n<td colspan=\"1\" rowspan=\"1\">\n<div class=\"magic-5\"><strong>Material<\/strong><\/div>\n<\/td>\n<td colspan=\"1\" rowspan=\"1\">\n<div class=\"magic-7\">A\u00e7o corten<\/div>\n<\/td>\n<\/tr>\n<tr>\n<td colspan=\"1\" rowspan=\"1\">\n<div class=\"magic-5\"><strong>Tamanho<\/strong><\/div>\n<\/td>\n<td colspan=\"1\" rowspan=\"1\">\n<div class=\"magic-7\">Suporte personalizado<\/div>\n<\/td>\n<\/tr>\n<tr>\n<td colspan=\"1\" rowspan=\"1\">\n<div class=\"magic-5\"><strong>Espessura<\/strong><\/div>\n<\/td>\n<td colspan=\"1\" rowspan=\"1\">\n<div class=\"magic-7\">2-10 mm<\/div>\n<\/td>\n<\/tr>\n<tr>\n<td colspan=\"1\" rowspan=\"1\">\n<div class=\"magic-5\"><strong>Acabamento<\/strong><\/div>\n<\/td>\n<td colspan=\"1\" rowspan=\"1\">\n<div class=\"magic-7\">Tratamento de corros\u00e3o, tratamento de cura<\/div>\n<\/td>\n<\/tr>\n<tr>\n<td colspan=\"1\" rowspan=\"1\">\n<div class=\"magic-5\"><strong>Recursos<\/strong><\/div>\n<\/td>\n<td colspan=\"1\" rowspan=\"1\">\n<div class=\"magic-7\">Antiferrugem, \u00e0 prova d'\u00e1gua<\/div>\n<\/td>\n<\/tr>\n<tr>\n<td colspan=\"1\" rowspan=\"1\">\n<div class=\"magic-5\"><strong>Uso<\/strong><\/div>\n<\/td>\n<td colspan=\"1\" rowspan=\"1\">\n<div class=\"magic-7\">Rua\/parque\/jardim\/exterior\/comercial\/\u00e1rea p\u00fablica<\/div>\n<\/td>\n<\/tr>\n<tr>\n<td colspan=\"1\" rowspan=\"1\">\n<div class=\"magic-5\"><strong>Prazo de pagamento<\/strong><\/div>\n<\/td>\n<td colspan=\"1\" rowspan=\"1\">\n<div class=\"magic-7\">T\/T, L\/C, Western Union, Money Gram<\/div>\n<\/td>\n<\/tr>\n<\/tbody>\n<\/table>\n<figure style=\"width: 579px\" class=\"wp-caption alignnone\"><a href=\"https:\/\/keweicorten.com\/pt\"><img fetchpriority=\"high\" decoding=\"async\" title=\"Ao ar livre Lixeira para coleta de lixo\" src=\"https:\/\/www.keweistove.com\/uploads\/39684\/products\/20240412101431acc66.png?size=523x0\" alt=\"Lixeiras de triagem de lixo ao ar livre - F\u00e1brica, China, pre\u00e7o, fabricantes, fornecedores, personalizado, atacado, barato, para venda, em estoque.\" width=\"579\" height=\"581\" \/><\/a><figcaption class=\"wp-caption-text\">Ao ar livre Lixeira para coleta de lixo<\/figcaption><\/figure>","protected":false},"excerpt":{"rendered":"<p>As lixeiras de coleta seletiva ao ar livre desempenham um papel importante na gest\u00e3o urbana, na prote\u00e7\u00e3o ambiental e na educa\u00e7\u00e3o p\u00fablica. Por meio de configura\u00e7\u00e3o e uso razo\u00e1veis, elas n\u00e3o s\u00f3 melhoram a efici\u00eancia da classifica\u00e7\u00e3o do lixo, mas tamb\u00e9m se tornam um s\u00edmbolo importante da civiliza\u00e7\u00e3o urbana e da prote\u00e7\u00e3o ambiental.<\/p>","protected":false},"featured_media":1445,"comment_status":"open","ping_status":"closed","template":"","meta":{"_eb_attr":"","_monsterinsights_skip_tracking":false,"_monsterinsights_sitenote_active":false,"_monsterinsights_sitenote_note":"","_monsterinsights_sitenote_category":0,"_uf_show_specific_survey":0,"_uf_disable_surveys":false},"product_brand":[],"product_cat":[23],"product_tag":[],"class_list":{"0":"post-1444","1":"product","2":"type-product","3":"status-publish","4":"has-post-thumbnail","6":"product_cat-patio-furniture","8":"first","9":"instock","10":"shipping-taxable","11":"product-type-simple"},"_links":{"self":[{"href":"https:\/\/keweicorten.com\/pt\/wp-json\/wp\/v2\/product\/1444"}],"collection":[{"href":"https:\/\/keweicorten.com\/pt\/wp-json\/wp\/v2\/product"}],"about":[{"href":"https:\/\/keweicorten.com\/pt\/wp-json\/wp\/v2\/types\/product"}],"replies":[{"embeddable":true,"href":"https:\/\/keweicorten.com\/pt\/wp-json\/wp\/v2\/comments?post=1444"}],"version-history":[{"count":1,"href":"https:\/\/keweicorten.com\/pt\/wp-json\/wp\/v2\/product\/1444\/revisions"}],"predecessor-version":[{"id":1449,"href":"https:\/\/keweicorten.com\/pt\/wp-json\/wp\/v2\/product\/1444\/revisions\/1449"}],"wp:featuredmedia":[{"embeddable":true,"href":"https:\/\/keweicorten.com\/pt\/wp-json\/wp\/v2\/media\/1445"}],"wp:attachment":[{"href":"https:\/\/keweicorten.com\/pt\/wp-json\/wp\/v2\/media?parent=1444"}],"wp:term":[{"taxonomy":"product_brand","embeddable":true,"href":"https:\/\/keweicorten.com\/pt\/wp-json\/wp\/v2\/product_brand?post=1444"},{"taxonomy":"product_cat","embeddable":true,"href":"https:\/\/keweicorten.com\/pt\/wp-json\/wp\/v2\/product_cat?post=1444"},{"taxonomy":"product_tag","embeddable":true,"href":"https:\/\/keweicorten.com\/pt\/wp-json\/wp\/v2\/product_tag?post=1444"}],"curies":[{"name":"wp","href":"https:\/\/api.w.org\/{rel}","templated":true}]}}