{"id":1450,"date":"2024-09-26T02:48:17","date_gmt":"2024-09-26T02:48:17","guid":{"rendered":"https:\/\/keweicorten.com\/?post_type=product&#038;p=1450"},"modified":"2025-01-15T06:22:41","modified_gmt":"2025-01-15T06:22:41","slug":"lixeiras-de-aco-corten","status":"publish","type":"product","link":"https:\/\/keweicorten.com\/pt\/lixeiras-de-aco-corten\/","title":{"rendered":"Caixas de lixo de a\u00e7o corten"},"content":{"rendered":"<p>Durabilidade: O a\u00e7o resistente \u00e0s intemp\u00e9ries tem excelente resist\u00eancia \u00e0 corros\u00e3o e ao desgaste, o que pode suportar v\u00e1rias intemp\u00e9ries e prolongar a vida \u00fatil.<\/p>\n<p>Est\u00e9tica: A cor e a textura exclusivas da ferrugem do a\u00e7o resistente \u00e0s intemp\u00e9ries podem ser harmoniosamente integradas ao ambiente natural para agregar beleza.<\/p>\n<p>Manuten\u00e7\u00e3o simples: O a\u00e7o para intemperismo \u00e9 mais f\u00e1cil de limpar do que outros materiais, reduzindo os custos de manuten\u00e7\u00e3o.<\/p>\n<p>Prote\u00e7\u00e3o ambiental: O a\u00e7o para intemperismo pode ser reciclado, de acordo com as exig\u00eancias do desenvolvimento sustent\u00e1vel.<\/p>\n<p>Estabilidade: A natureza pesada do a\u00e7o para intemp\u00e9ries faz com que a lixeira n\u00e3o seja facilmente deslocada em caso de ventos fortes ou mau tempo.<\/p>\n<p>Resist\u00eancia ao fogo: O a\u00e7o para intemperismo tem boa resist\u00eancia ao fogo e \u00e9 adequado para uma variedade de ambientes.<\/p>\n<p>As lixeiras de a\u00e7o Corten s\u00e3o um produto dur\u00e1vel e de alta qualidade, amplamente utilizado em locais p\u00fablicos e uso dom\u00e9stico. Possui excelentes propriedades, como preven\u00e7\u00e3o de ferrugem, preven\u00e7\u00e3o de corros\u00e3o, prote\u00e7\u00e3o contra o vento e prote\u00e7\u00e3o solar, que podem resistir efetivamente \u00e0 eros\u00e3o de v\u00e1rios fatores externos e manter a apar\u00eancia e o efeito de uso por muito tempo. Al\u00e9m disso, essa lata de lixo tamb\u00e9m tem uma grande capacidade, \u00e9 f\u00e1cil de usar e tem instala\u00e7\u00e3o simples.<\/p>\n<table class=\"hight-light-first-column all magic-4\">\n<tbody>\n<tr>\n<td colspan=\"1\" rowspan=\"1\">\n<div class=\"magic-5\"><span class=\"magic-6\">Nome do produto<\/span><\/div>\n<\/td>\n<td colspan=\"1\" rowspan=\"1\">\n<div class=\"magic-7\" data-spm-anchor-id=\"a2700.details.0.i40.36d855992VT0SR\"><span class=\"magic-8\">Lixeira p\u00fablica comercial externa de a\u00e7o corten para lixo grande com triagem de metal Lixeira para reciclagem de lixo<\/span><\/div>\n<\/td>\n<\/tr>\n<tr>\n<td colspan=\"1\" rowspan=\"1\">\n<div class=\"magic-5\"><span class=\"magic-6\">Material<\/span><\/div>\n<\/td>\n<td colspan=\"1\" rowspan=\"1\">\n<div class=\"magic-7\"><span class=\"magic-8\">A\u00e7o corten<\/span><\/div>\n<\/td>\n<\/tr>\n<tr>\n<td colspan=\"1\" rowspan=\"1\">\n<div class=\"magic-5\"><span class=\"magic-6\">Tamanho<\/span><\/div>\n<\/td>\n<td colspan=\"1\" rowspan=\"1\">\n<div class=\"magic-7\"><span class=\"magic-8\">Suporte personalizado<\/span><\/div>\n<\/td>\n<\/tr>\n<tr>\n<td colspan=\"1\" rowspan=\"1\">\n<div class=\"magic-5\"><span class=\"magic-6\">Espessura<\/span><\/div>\n<\/td>\n<td colspan=\"1\" rowspan=\"1\">\n<div class=\"magic-7\"><span class=\"magic-8\">2-10 mm<\/span><\/div>\n<\/td>\n<\/tr>\n<tr>\n<td colspan=\"1\" rowspan=\"1\">\n<div class=\"magic-5\"><span class=\"magic-6\">Acabamento<\/span><\/div>\n<\/td>\n<td colspan=\"1\" rowspan=\"1\">\n<div class=\"magic-7\" data-spm-anchor-id=\"a2700.details.0.i39.36d855992VT0SR\"><span class=\"magic-8\">Tratamento de corros\u00e3o, tratamento de cura<\/span><\/div>\n<\/td>\n<\/tr>\n<tr>\n<td colspan=\"1\" rowspan=\"1\">\n<div class=\"magic-5\"><span class=\"magic-6\">Recursos<\/span><\/div>\n<\/td>\n<td colspan=\"1\" rowspan=\"1\">\n<div class=\"magic-7\"><span class=\"magic-8\">Antiferrugem, \u00e0 prova d'\u00e1gua<\/span><\/div>\n<\/td>\n<\/tr>\n<tr>\n<td colspan=\"1\" rowspan=\"1\">\n<div class=\"magic-5\"><span class=\"magic-6\">Certificado<\/span><\/div>\n<\/td>\n<td colspan=\"1\" rowspan=\"1\">\n<div class=\"magic-7\"><span class=\"magic-8\">SGS\/TUV Rheinland\/ISO9001\/ISO14001\/OHSAS18001<\/span><\/div>\n<\/td>\n<\/tr>\n<tr>\n<td colspan=\"1\" rowspan=\"1\">\n<div class=\"magic-5\"><span class=\"magic-6\">Uso<\/span><\/div>\n<\/td>\n<td colspan=\"1\" rowspan=\"1\">\n<div class=\"magic-7\"><span class=\"magic-8\">Rua\/parque\/jardim\/exterior\/comercial\/\u00e1rea p\u00fablica<\/span><\/div>\n<\/td>\n<\/tr>\n<tr>\n<td colspan=\"1\" rowspan=\"1\">\n<div class=\"magic-5\"><span class=\"magic-6\">Prazo de pagamento<\/span><\/div>\n<\/td>\n<td colspan=\"1\" rowspan=\"1\">\n<div class=\"magic-7\"><span class=\"magic-8\">T\/T, L\/C, Western Union, Money Gram<\/span><\/div>\n<\/td>\n<\/tr>\n<\/tbody>\n<\/table>\n<div><\/div>\n<div>Instala\u00e7\u00f5es p\u00fablicas: Usado em locais p\u00fablicos, como parques, pra\u00e7as e ruas de pedestres, proporcionando uma coleta de lixo conveniente.<br \/>\nEspa\u00e7o comercial: \u00c1reas externas de restaurantes, caf\u00e9s e outros locais que sejam pr\u00e1ticos e melhorem o ambiente.<br \/>\n\u00c1rea residencial: Uma \u00e1rea comum ou jardim em uma \u00e1rea residencial que \u00e9 bonita e conveniente para os residentes usarem.<\/div>\n<figure style=\"width: 700px\" class=\"wp-caption alignnone\"><a href=\"https:\/\/keweicorten.com\/pt\"><img fetchpriority=\"high\" decoding=\"async\" title=\"Lixeiras de metal em a\u00e7o corten\" src=\"https:\/\/sc04.alicdn.com\/kf\/H1e127c663dd74393b4f53f9ea41248ebz\/230822811\/H1e127c663dd74393b4f53f9ea41248ebz.jpg\" alt=\" Caixas de lixo de metal em a\u00e7o corten - fabricantes, fornecedores, personalizados, atacado, baratos, para venda, em estoque.shkw\" width=\"700\" height=\"700\" \/><\/a><figcaption class=\"wp-caption-text\">Lixeiras de metal em a\u00e7o corten<\/figcaption><\/figure>\n<figure style=\"width: 698px\" class=\"wp-caption alignnone\"><a href=\"https:\/\/keweicorten.com\/pt\/products\/\"><img decoding=\"async\" title=\" Lixo de a\u00e7o corten\" src=\"https:\/\/sc04.alicdn.com\/kf\/Hea8fb4330e9346b19fb3e3f3067b143ee\/230822811\/Hea8fb4330e9346b19fb3e3f3067b143ee.jpg\" alt=\" Corten Steel Rubbish fabricantes, fornecedores, personalizados, atacado, barato, para venda, em estoque.-shkw\" width=\"698\" height=\"698\" \/><\/a><figcaption class=\"wp-caption-text\">Lixo de a\u00e7o corten<\/figcaption><\/figure>\n<p>A lixeira Corten se destaca em termos de design com um design retangular diferenciado. Apresenta uma estrutura externa COR-TEN de 6 mm para uma est\u00e9tica exclusiva e uma lixeira interna de a\u00e7o galvanizado que comporta at\u00e9 110 litros de lixo.<\/p>","protected":false},"excerpt":{"rendered":"<p>A lixeira de alta qualidade com cinzeiro integrado \u00e9 caracterizada por sua alta funcionalidade e f\u00e1cil manuseio. O esvaziamento do cinzeiro \u00e9 r\u00e1pido e f\u00e1cil: basta abrir a aba embaixo do cinzeiro para que as cinzas caiam diretamente no recipiente de lixo.<\/p>","protected":false},"featured_media":1452,"comment_status":"open","ping_status":"closed","template":"","meta":{"_eb_attr":"","_monsterinsights_skip_tracking":false,"_monsterinsights_sitenote_active":false,"_monsterinsights_sitenote_note":"","_monsterinsights_sitenote_category":0,"_uf_show_specific_survey":0,"_uf_disable_surveys":false},"product_brand":[],"product_cat":[23],"product_tag":[],"class_list":{"0":"post-1450","1":"product","2":"type-product","3":"status-publish","4":"has-post-thumbnail","6":"product_cat-patio-furniture","8":"first","9":"instock","10":"shipping-taxable","11":"product-type-simple"},"_links":{"self":[{"href":"https:\/\/keweicorten.com\/pt\/wp-json\/wp\/v2\/product\/1450"}],"collection":[{"href":"https:\/\/keweicorten.com\/pt\/wp-json\/wp\/v2\/product"}],"about":[{"href":"https:\/\/keweicorten.com\/pt\/wp-json\/wp\/v2\/types\/product"}],"replies":[{"embeddable":true,"href":"https:\/\/keweicorten.com\/pt\/wp-json\/wp\/v2\/comments?post=1450"}],"version-history":[{"count":1,"href":"https:\/\/keweicorten.com\/pt\/wp-json\/wp\/v2\/product\/1450\/revisions"}],"predecessor-version":[{"id":1453,"href":"https:\/\/keweicorten.com\/pt\/wp-json\/wp\/v2\/product\/1450\/revisions\/1453"}],"wp:featuredmedia":[{"embeddable":true,"href":"https:\/\/keweicorten.com\/pt\/wp-json\/wp\/v2\/media\/1452"}],"wp:attachment":[{"href":"https:\/\/keweicorten.com\/pt\/wp-json\/wp\/v2\/media?parent=1450"}],"wp:term":[{"taxonomy":"product_brand","embeddable":true,"href":"https:\/\/keweicorten.com\/pt\/wp-json\/wp\/v2\/product_brand?post=1450"},{"taxonomy":"product_cat","embeddable":true,"href":"https:\/\/keweicorten.com\/pt\/wp-json\/wp\/v2\/product_cat?post=1450"},{"taxonomy":"product_tag","embeddable":true,"href":"https:\/\/keweicorten.com\/pt\/wp-json\/wp\/v2\/product_tag?post=1450"}],"curies":[{"name":"wp","href":"https:\/\/api.w.org\/{rel}","templated":true}]}}