{"id":1495,"date":"2024-09-26T06:37:55","date_gmt":"2024-09-26T06:37:55","guid":{"rendered":"https:\/\/keweicorten.com\/?post_type=product&#038;p=1495"},"modified":"2025-01-15T06:22:32","modified_gmt":"2025-01-15T06:22:32","slug":"conjunto-para-churrasco-em-aco-inoxidavel","status":"publish","type":"product","link":"https:\/\/keweicorten.com\/pt\/conjunto-para-churrasco-em-aco-inoxidavel\/","title":{"rendered":"Conjunto para churrasco em a\u00e7o inoxid\u00e1vel"},"content":{"rendered":"<p>Um conjunto para churrasco em a\u00e7o inoxid\u00e1vel \u00e9 um item indispens\u00e1vel para qualquer mestre da churrasqueira. Ele \u00e9 dur\u00e1vel, duradouro e f\u00e1cil de limpar. Voc\u00ea n\u00e3o precisa se preocupar com ferrugem ou corros\u00e3o, o que significa que seus utens\u00edlios sempre ter\u00e3o a apar\u00eancia de novos, mesmo depois de muitos usos.<\/p>\n<p>Esse conjunto para churrasco em a\u00e7o inoxid\u00e1vel vem com todas as ferramentas de que voc\u00ea precisa para fazer do seu churrasco um sucesso. Voc\u00ea ter\u00e1 uma esp\u00e1tula, pin\u00e7as, um garfo, um pincel para alinhavo, uma escova para grelhar e muito mais - todos feitos de a\u00e7o inoxid\u00e1vel de alta qualidade.<\/p>\n<p>Essas ferramentas foram projetadas para tornar o processo de grelhar mais suave e eficiente. Com as ferramentas certas, voc\u00ea pode virar hamb\u00fargueres, virar salsichas e pincelar marinadas com facilidade. Al\u00e9m disso, os cabos resistentes ao calor garantem que voc\u00ea n\u00e3o se queime enquanto estiver trabalhando na grelha.<\/p>\n<table border=\"0\">\n<tbody>\n<tr>\n<td colspan=\"2\">pin\u00e7as para churrasco, garfo para churrasco, pin\u00e7a para grelhar, pin\u00e7a para churrasco, raspadores de grelha<\/td>\n<\/tr>\n<tr>\n<td>\u00a0<a href=\"https:\/\/keweicorten.com\/pt\/products\/\"><img fetchpriority=\"high\" decoding=\"async\" class=\"alignnone\" title=\"churrasqueira\" src=\"https:\/\/sc04.alicdn.com\/kf\/H7855c4c7327146229cdf50da73b79143i\/206073447\/H7855c4c7327146229cdf50da73b79143i.jpg\" alt=\"F\u00e1brica de acess\u00f3rios para churrasqueiras, China, pre\u00e7o\" width=\"400\" height=\"400\" data-src=\"\/\/sc04.alicdn.com\/kf\/H7855c4c7327146229cdf50da73b79143i\/206073447\/H7855c4c7327146229cdf50da73b79143i.jpg\" data-width=\"400\" data-height=\"400\" \/><\/a><\/td>\n<td>\n<table border=\"1\">\n<tbody>\n<tr>\n<td>\u00a0Material<\/td>\n<td>\u00a0SS420 + al\u00e7a SS410<\/td>\n<\/tr>\n<tr>\n<td>\u00a0Tamanho<\/td>\n<td>\u00a040*15*5cm<\/td>\n<\/tr>\n<tr>\n<td>\u00a0Acabamento<\/td>\n<td>\u00a0Escova\/polimento\/revestimento\/personalizado<\/td>\n<\/tr>\n<tr>\n<td>\u00a0Fun\u00e7\u00e3o<\/td>\n<td>\u00a0Ferramentas para churrasco com bolsa de tecido oxford<\/td>\n<\/tr>\n<tr>\n<td>\u00a0Logotipo<\/td>\n<td>\u00a0BMA \/ nenhum \/ logotipo do cliente<\/td>\n<\/tr>\n<tr>\n<td>\u00a0Remessa<\/td>\n<td>\u00a0DHL, TNT, UPS, FEDEX, EMS<\/td>\n<\/tr>\n<tr>\n<td>\u00a0Entrega<\/td>\n<td>\u00a07 a 30 dias, com base na quantidade<\/td>\n<\/tr>\n<\/tbody>\n<\/table>\n<\/td>\n<\/tr>\n<\/tbody>\n<\/table>\n<p><a href=\"https:\/\/keweicorten.com\/pt\/entre-em-contato-conosco\/\"><img decoding=\"async\" class=\"alignnone\" title=\"Acess\u00f3rios para churrasqueiras \" src=\"https:\/\/s.alicdn.com\/@sc04\/kf\/Haadfa9ae644e49dba1d39883ab9aa4eeZ.jpg_720x720q50.jpg\" alt=\"Acess\u00f3rios para churrasqueiras no atacado, baratos, para venda, em estoque.\" width=\"599\" height=\"599\" \/><\/a><\/p>\n<p><a href=\"https:\/\/keweicorten.com\/pt\/entre-em-contato-conosco\/\"><img decoding=\"async\" class=\"alignnone\" title=\"Acess\u00f3rios para churrasqueiras \" src=\"https:\/\/sc04.alicdn.com\/kf\/H5aab0d25d3ea485eb5379bf84249bef0t\/22449\/H5aab0d25d3ea485eb5379bf84249bef0t.jpg\" alt=\"F\u00e1brica de acess\u00f3rios para churrasqueiras, China, pre\u00e7o, fabricantes, fornecedores, personalizado, atacado, barato, para venda, em estoque.\" width=\"600\" height=\"495\" \/><\/a><\/p>","protected":false},"excerpt":{"rendered":"<p>Um conjunto para churrasco em a\u00e7o inoxid\u00e1vel \u00e9 um \u00f3timo investimento para qualquer entusiasta de churrasco. Ele n\u00e3o apenas facilitar\u00e1 o processo de grelhar, mas tamb\u00e9m durar\u00e1 muitos anos. Portanto, se voc\u00ea quiser levar seu jogo de churrasco para o pr\u00f3ximo n\u00edvel, considere adquirir um conjunto de churrasco de a\u00e7o inoxid\u00e1vel hoje mesmo!<\/p>","protected":false},"featured_media":1496,"comment_status":"open","ping_status":"closed","template":"","meta":{"_eb_attr":"","_monsterinsights_skip_tracking":false,"_monsterinsights_sitenote_active":false,"_monsterinsights_sitenote_note":"","_monsterinsights_sitenote_category":0,"_uf_show_specific_survey":0,"_uf_disable_surveys":false},"product_brand":[],"product_cat":[49],"product_tag":[],"class_list":{"0":"post-1495","1":"product","2":"type-product","3":"status-publish","4":"has-post-thumbnail","6":"product_cat-bbq-accessories","8":"first","9":"instock","10":"shipping-taxable","11":"product-type-simple"},"_links":{"self":[{"href":"https:\/\/keweicorten.com\/pt\/wp-json\/wp\/v2\/product\/1495"}],"collection":[{"href":"https:\/\/keweicorten.com\/pt\/wp-json\/wp\/v2\/product"}],"about":[{"href":"https:\/\/keweicorten.com\/pt\/wp-json\/wp\/v2\/types\/product"}],"replies":[{"embeddable":true,"href":"https:\/\/keweicorten.com\/pt\/wp-json\/wp\/v2\/comments?post=1495"}],"version-history":[{"count":1,"href":"https:\/\/keweicorten.com\/pt\/wp-json\/wp\/v2\/product\/1495\/revisions"}],"predecessor-version":[{"id":1497,"href":"https:\/\/keweicorten.com\/pt\/wp-json\/wp\/v2\/product\/1495\/revisions\/1497"}],"wp:featuredmedia":[{"embeddable":true,"href":"https:\/\/keweicorten.com\/pt\/wp-json\/wp\/v2\/media\/1496"}],"wp:attachment":[{"href":"https:\/\/keweicorten.com\/pt\/wp-json\/wp\/v2\/media?parent=1495"}],"wp:term":[{"taxonomy":"product_brand","embeddable":true,"href":"https:\/\/keweicorten.com\/pt\/wp-json\/wp\/v2\/product_brand?post=1495"},{"taxonomy":"product_cat","embeddable":true,"href":"https:\/\/keweicorten.com\/pt\/wp-json\/wp\/v2\/product_cat?post=1495"},{"taxonomy":"product_tag","embeddable":true,"href":"https:\/\/keweicorten.com\/pt\/wp-json\/wp\/v2\/product_tag?post=1495"}],"curies":[{"name":"wp","href":"https:\/\/api.w.org\/{rel}","templated":true}]}}