{"id":1498,"date":"2024-09-26T06:43:43","date_gmt":"2024-09-26T06:43:43","guid":{"rendered":"https:\/\/keweicorten.com\/?post_type=product&#038;p=1498"},"modified":"2025-01-15T06:22:26","modified_gmt":"2025-01-15T06:22:26","slug":"conjunto-de-ferramentas-para-churrasqueiras","status":"publish","type":"product","link":"https:\/\/keweicorten.com\/pt\/conjunto-de-ferramentas-para-churrasqueiras\/","title":{"rendered":"Conjunto de ferramentas para churrasqueiras"},"content":{"rendered":"<p>Um conjunto de ferramentas para churrasqueiras \u00e9 essencial para qualquer entusiasta de grelhados, fornecendo as ferramentas necess\u00e1rias para preparar, cozinhar e servir deliciosas refei\u00e7\u00f5es grelhadas. Aqui est\u00e1 uma lista de itens comuns que voc\u00ea pode encontrar em um conjunto de ferramentas para churrasqueiras, juntamente com suas funcionalidades:<\/p>\n<p>Itens comuns em um conjunto de ferramentas para churrasqueiras<\/p>\n<p>Esp\u00e1tula para grelhar:<br \/>\n- Cabo longo para alcan\u00e7ar as grelhas quentes.<br \/>\n- Superf\u00edcie plana para virar hamb\u00fargueres, peixes e vegetais com facilidade.<\/p>\n<p>Pin\u00e7as para grelhar:<br \/>\n- Pin\u00e7as longas e resistentes com boa ader\u00eancia para virar carnes e vegetais sem perfur\u00e1-los.<br \/>\n- Geralmente projetado para suportar altas temperaturas.<\/p>\n<p>Garfo para churrasco:<br \/>\n- Usado para perfurar carnes para testar seu estado de cozimento.<br \/>\n- Ideal para manusear cortes maiores de carne.<\/p>\n<p>Pincel de alinhavo:<br \/>\n- Para aplicar marinadas, molhos ou \u00f3leos em carnes ou vegetais enquanto grelha.<br \/>\n- Pode ser de silicone ou de cerdas naturais.<\/p>\n<p>Escova para grelha:<br \/>\n- Para limpar as grelhas antes e depois de grelhar.<br \/>\n- Ajuda a remover res\u00edduos e a evitar a ader\u00eancia.<\/p>\n<p>Term\u00f4metro de carne:<br \/>\n- Garante que os alimentos sejam cozidos na temperatura interna correta.<br \/>\n- Podem ser digitais ou anal\u00f3gicos, sendo que alguns t\u00eam recursos de leitura instant\u00e2nea.<\/p>\n<p>Tapete para grelhar:<br \/>\n- Protege a superf\u00edcie da grelha e facilita a limpeza.<br \/>\n- Alguns tapetes s\u00e3o projetados para resistir a altas temperaturas.<\/p>\n<p>Espetos:<br \/>\n- Palitos de metal ou bambu para fazer kebabs e grelhar peda\u00e7os menores de alimentos.<br \/>\n- Para um cozimento uniforme e f\u00e1cil de virar.<\/p>\n<p>Luvas para grelhar:<br \/>\n- Luvas resistentes ao calor para proteger as m\u00e3os ao manusear pe\u00e7as quentes da grelha ou alimentos.<br \/>\n- Maior ader\u00eancia e flexibilidade para melhor manuseio.<\/p>\n<p>Suportes para espigas de milho:<br \/>\n- Garfos pequenos para segurar o milho enquanto grelha ou come.<br \/>\n- Proporciona estabilidade e seguran\u00e7a.<\/p>\n<p><a href=\"https:\/\/keweicorten.com\/pt\/products\/\"><img fetchpriority=\"high\" decoding=\"async\" class=\"alignnone\" title=\"Conjunto de acess\u00f3rios para churrasco\" src=\"https:\/\/s.alicdn.com\/@sc04\/kf\/Hdadd98b9612e497293d68a0e6860200aK.jpg_720x720q50.jpg\" alt=\"Conjunto de kit de acess\u00f3rios para churrasco no atacado, barato, para venda, em estoque\" width=\"700\" height=\"700\" \/><\/a><\/p>\n<p><a href=\"https:\/\/keweicorten.com\/pt\"><img decoding=\"async\" class=\"alignleft\" title=\"Conjunto de acess\u00f3rios para churrasco\" src=\"https:\/\/sc04.alicdn.com\/kf\/H4683041e81aa425396b354a4ed5ed920M\/276398393\/H4683041e81aa425396b354a4ed5ed920M.jpg\" alt=\"Conjunto de kit de acess\u00f3rios para churrasco F\u00e1brica, China, pre\u00e7o, fabricantes, fornecedores\" width=\"700\" height=\"1206\" \/><\/a><\/p>","protected":false},"excerpt":{"rendered":"<p>N\u00e3o importa se voc\u00ea \u00e9 um iniciante ou um grelhador experiente, ter as ferramentas certas pode melhorar significativamente a sua experi\u00eancia de grelhar.<\/p>","protected":false},"featured_media":1499,"comment_status":"open","ping_status":"closed","template":"","meta":{"_eb_attr":"","_monsterinsights_skip_tracking":false,"_monsterinsights_sitenote_active":false,"_monsterinsights_sitenote_note":"","_monsterinsights_sitenote_category":0,"_uf_show_specific_survey":0,"_uf_disable_surveys":false},"product_brand":[],"product_cat":[49],"product_tag":[],"class_list":{"0":"post-1498","1":"product","2":"type-product","3":"status-publish","4":"has-post-thumbnail","6":"product_cat-bbq-accessories","8":"first","9":"instock","10":"shipping-taxable","11":"product-type-simple"},"_links":{"self":[{"href":"https:\/\/keweicorten.com\/pt\/wp-json\/wp\/v2\/product\/1498"}],"collection":[{"href":"https:\/\/keweicorten.com\/pt\/wp-json\/wp\/v2\/product"}],"about":[{"href":"https:\/\/keweicorten.com\/pt\/wp-json\/wp\/v2\/types\/product"}],"replies":[{"embeddable":true,"href":"https:\/\/keweicorten.com\/pt\/wp-json\/wp\/v2\/comments?post=1498"}],"version-history":[{"count":2,"href":"https:\/\/keweicorten.com\/pt\/wp-json\/wp\/v2\/product\/1498\/revisions"}],"predecessor-version":[{"id":1501,"href":"https:\/\/keweicorten.com\/pt\/wp-json\/wp\/v2\/product\/1498\/revisions\/1501"}],"wp:featuredmedia":[{"embeddable":true,"href":"https:\/\/keweicorten.com\/pt\/wp-json\/wp\/v2\/media\/1499"}],"wp:attachment":[{"href":"https:\/\/keweicorten.com\/pt\/wp-json\/wp\/v2\/media?parent=1498"}],"wp:term":[{"taxonomy":"product_brand","embeddable":true,"href":"https:\/\/keweicorten.com\/pt\/wp-json\/wp\/v2\/product_brand?post=1498"},{"taxonomy":"product_cat","embeddable":true,"href":"https:\/\/keweicorten.com\/pt\/wp-json\/wp\/v2\/product_cat?post=1498"},{"taxonomy":"product_tag","embeddable":true,"href":"https:\/\/keweicorten.com\/pt\/wp-json\/wp\/v2\/product_tag?post=1498"}],"curies":[{"name":"wp","href":"https:\/\/api.w.org\/{rel}","templated":true}]}}