{"id":1502,"date":"2024-09-26T06:55:57","date_gmt":"2024-09-26T06:55:57","guid":{"rendered":"https:\/\/keweicorten.com\/?post_type=product&#038;p=1502"},"modified":"2025-01-15T06:22:19","modified_gmt":"2025-01-15T06:22:19","slug":"ferramentas-para-churrasqueiras-acessorios-para-churrasco","status":"publish","type":"product","link":"https:\/\/keweicorten.com\/pt\/ferramentas-para-churrasqueiras-acessorios-para-churrasco\/","title":{"rendered":"Ferramentas para churrasqueiras Acess\u00f3rios para churrasqueiras"},"content":{"rendered":"<p>Ferramentas para churrasco Os acess\u00f3rios para churrasco s\u00e3o um equipamento essencial para quem gosta de grelhar deliciosos alimentos ao ar livre. Se estiver planejando fazer um \u00f3timo churrasco com seus amigos e familiares, voc\u00ea precisa ter o conjunto certo de ferramentas para churrasco que possa ajud\u00e1-lo a cozinhar e servir sua comida com facilidade.<\/p>\n<p>Acess\u00f3rios opcionais<\/p>\n<ul>\n<li>Cesta para grelhar: Excelente para grelhar vegetais pequenos ou itens fr\u00e1geis, como peixes.<\/li>\n<li>Pedra de pizza: Para grelhar pizzas e obter uma crosta crocante.<\/li>\n<li>Injetor de alimentos: Para marinar carnes injetando sabores diretamente na carne.<\/li>\n<li>Porta-especiarias\/condimentos: Armazena molhos, temperos e marinadas para f\u00e1cil acesso ao grelhar.<\/li>\n<\/ul>\n<p>Considera\u00e7\u00f5es sobre a compra de um conjunto de ferramentas para churrasqueiras<\/p>\n<ul>\n<li>Material: Procure a\u00e7o inoxid\u00e1vel para maior durabilidade e resist\u00eancia ao calor. Os cabos de madeira tamb\u00e9m podem proporcionar uma boa ader\u00eancia, mas podem exigir mais cuidados.<\/li>\n<li>Armazenamento: Alguns conjuntos v\u00eam com um estojo de transporte para facilitar o transporte e o armazenamento.<\/li>\n<li>Ergonomia: Al\u00e7as confort\u00e1veis e ferramentas bem projetadas podem fazer a diferen\u00e7a durante longas sess\u00f5es de grelhados.<\/li>\n<li>N\u00famero de pe\u00e7as: Dependendo de seus h\u00e1bitos de grelhar, considere quantas ferramentas s\u00e3o necess\u00e1rias.<\/li>\n<\/ul>\n<table class=\"all magic-3\">\n<tbody>\n<tr>\n<td colspan=\"1\" rowspan=\"1\">\n<div class=\"magic-4\" data-spm-anchor-id=\"a2700.details.0.i37.6b594a004vlN25\">Marca<\/div>\n<\/td>\n<td colspan=\"1\" rowspan=\"1\">\n<div class=\"magic-5\">SHKW<\/div>\n<\/td>\n<td colspan=\"1\" rowspan=\"1\">\n<div class=\"magic-4\">Certifica\u00e7\u00e3o<\/div>\n<\/td>\n<td colspan=\"1\" rowspan=\"1\">\n<div class=\"magic-6\">LFGB, CE, SGS, BSCI, ISO9001:2015<\/div>\n<\/td>\n<\/tr>\n<tr>\n<td colspan=\"1\" rowspan=\"1\">\n<div class=\"magic-4\">OEM<\/div>\n<\/td>\n<td colspan=\"1\" rowspan=\"1\">\n<div class=\"magic-5\">Dispon\u00edvel<\/div>\n<\/td>\n<td colspan=\"1\" rowspan=\"1\">\n<div class=\"magic-4\">Pacote<\/div>\n<\/td>\n<td colspan=\"1\" rowspan=\"1\">\n<div class=\"magic-6\">conforme sua solicita\u00e7\u00e3o<\/div>\n<\/td>\n<\/tr>\n<tr>\n<td colspan=\"1\" rowspan=\"1\">\n<div class=\"magic-4\">ODM<\/div>\n<\/td>\n<td colspan=\"1\" rowspan=\"1\">\n<div class=\"magic-5\">Dispon\u00edvel<\/div>\n<\/td>\n<td colspan=\"1\" rowspan=\"1\">\n<div class=\"magic-4\">Servi\u00e7o de amostra<\/div>\n<\/td>\n<td colspan=\"1\" rowspan=\"1\">\n<div class=\"magic-6\">Dispon\u00edvel em 5 dias<\/div>\n<\/td>\n<\/tr>\n<tr>\n<td colspan=\"1\" rowspan=\"1\">\n<div class=\"magic-4\">MOQ<\/div>\n<\/td>\n<td colspan=\"1\" rowspan=\"1\">\n<div class=\"magic-5\">500 conjuntos<\/div>\n<\/td>\n<td colspan=\"1\" rowspan=\"1\">\n<div class=\"magic-4\">Logotipo<\/div>\n<\/td>\n<td colspan=\"1\" rowspan=\"1\">\n<div class=\"magic-6\">Grava\u00e7\u00e3o\/laser personalizada<\/div>\n<\/td>\n<\/tr>\n<tr>\n<td colspan=\"1\" rowspan=\"1\">\n<div class=\"magic-4\">M\u00e9todo de pagamento<\/div>\n<\/td>\n<td colspan=\"1\" rowspan=\"1\">\n<div class=\"magic-5\">Garantia de com\u00e9rcio, T\/T, PayPal, L\/C<\/div>\n<\/td>\n<td colspan=\"1\" rowspan=\"1\">\n<div class=\"magic-4\">Prazo de entrega<\/div>\n<\/td>\n<td colspan=\"1\" rowspan=\"1\">\n<div class=\"magic-6\">30 a 40 dias para produ\u00e7\u00e3o em massa<\/div>\n<\/td>\n<\/tr>\n<\/tbody>\n<\/table>\n<p>&nbsp;<\/p>\n<p><a href=\"https:\/\/keweicorten.com\/pt\/entre-em-contato-conosco\/\"><img fetchpriority=\"high\" decoding=\"async\" class=\"alignnone\" title=\"Ferramenta para churrasco\" src=\"https:\/\/sc04.alicdn.com\/kf\/H9b17e89c59f247e6beb1bcc143827a07d\/272223269\/H9b17e89c59f247e6beb1bcc143827a07d.jpg\" alt=\"Ferramenta para churrasco no atacado, barata, para venda, em estoque.\" width=\"700\" height=\"700\" \/><\/a><\/p>\n<p><img decoding=\"async\" class=\"alignnone\" title=\"Ferramenta para churrasco\" src=\"https:\/\/s.alicdn.com\/@sc04\/kf\/H1dcdec7f57db4c42a12201a3b50f443fd.jpg_720x720q50.jpg\" alt=\"Ferramenta para churrasco no atacado, barata, para venda, em estoque.\" width=\"700\" height=\"761\" \/><\/p>","protected":false},"excerpt":{"rendered":"<p>Um bom conjunto de ferramentas para grelhar vem com todas as ferramentas necess\u00e1rias para grelhar, incluindo uma esp\u00e1tula, pin\u00e7a, escova para grelhar, garfo e muito mais. Esses utens\u00edlios s\u00e3o feitos de materiais de alta qualidade que s\u00e3o dur\u00e1veis, f\u00e1ceis de limpar e podem suportar altas temperaturas. Com os utens\u00edlios certos, voc\u00ea pode facilmente virar, virar e servir os alimentos sem problemas.<\/p>","protected":false},"featured_media":1503,"comment_status":"open","ping_status":"closed","template":"","meta":{"_eb_attr":"","_monsterinsights_skip_tracking":false,"_monsterinsights_sitenote_active":false,"_monsterinsights_sitenote_note":"","_monsterinsights_sitenote_category":0,"_uf_show_specific_survey":0,"_uf_disable_surveys":false},"product_brand":[],"product_cat":[49],"product_tag":[],"class_list":{"0":"post-1502","1":"product","2":"type-product","3":"status-publish","4":"has-post-thumbnail","6":"product_cat-bbq-accessories","8":"first","9":"instock","10":"shipping-taxable","11":"product-type-simple"},"_links":{"self":[{"href":"https:\/\/keweicorten.com\/pt\/wp-json\/wp\/v2\/product\/1502"}],"collection":[{"href":"https:\/\/keweicorten.com\/pt\/wp-json\/wp\/v2\/product"}],"about":[{"href":"https:\/\/keweicorten.com\/pt\/wp-json\/wp\/v2\/types\/product"}],"replies":[{"embeddable":true,"href":"https:\/\/keweicorten.com\/pt\/wp-json\/wp\/v2\/comments?post=1502"}],"version-history":[{"count":1,"href":"https:\/\/keweicorten.com\/pt\/wp-json\/wp\/v2\/product\/1502\/revisions"}],"predecessor-version":[{"id":1504,"href":"https:\/\/keweicorten.com\/pt\/wp-json\/wp\/v2\/product\/1502\/revisions\/1504"}],"wp:featuredmedia":[{"embeddable":true,"href":"https:\/\/keweicorten.com\/pt\/wp-json\/wp\/v2\/media\/1503"}],"wp:attachment":[{"href":"https:\/\/keweicorten.com\/pt\/wp-json\/wp\/v2\/media?parent=1502"}],"wp:term":[{"taxonomy":"product_brand","embeddable":true,"href":"https:\/\/keweicorten.com\/pt\/wp-json\/wp\/v2\/product_brand?post=1502"},{"taxonomy":"product_cat","embeddable":true,"href":"https:\/\/keweicorten.com\/pt\/wp-json\/wp\/v2\/product_cat?post=1502"},{"taxonomy":"product_tag","embeddable":true,"href":"https:\/\/keweicorten.com\/pt\/wp-json\/wp\/v2\/product_tag?post=1502"}],"curies":[{"name":"wp","href":"https:\/\/api.w.org\/{rel}","templated":true}]}}