{"id":1538,"date":"2024-09-26T08:58:30","date_gmt":"2024-09-26T08:58:30","guid":{"rendered":"https:\/\/keweicorten.com\/?post_type=product&#038;p=1538"},"modified":"2025-01-15T06:22:11","modified_gmt":"2025-01-15T06:22:11","slug":"kit-de-jardinagem-domestica","status":"publish","type":"product","link":"https:\/\/keweicorten.com\/pt\/kit-de-jardinagem-domestica\/","title":{"rendered":"kit de jardinagem dom\u00e9stica"},"content":{"rendered":"<p>A jardinagem dom\u00e9stica pode ser uma experi\u00eancia divertida e gratificante, mas \u00e0s vezes pode ser dif\u00edcil saber por onde come\u00e7ar ou quais materiais usar. \u00c9 por isso que um kit de jardinagem dom\u00e9stica pode ser um \u00f3timo investimento. Esses kits geralmente v\u00eam com todas as ferramentas e materiais necess\u00e1rios para come\u00e7ar a cultivar sua horta dom\u00e9stica, facilitando o trabalho dos iniciantes.<\/p>\n<p>Uma das vantagens de usar um kit de jardinagem dom\u00e9stica \u00e9 que ele pode ajud\u00e1-lo a economizar dinheiro no longo prazo. Em vez de comprar cada ferramenta separadamente, o kit geralmente vem com um conjunto de ferramentas b\u00e1sicas, como esp\u00e1tula, podador e regador, que s\u00e3o essenciais para qualquer jardim. Al\u00e9m disso, esses kits geralmente v\u00eam com sementes ou plantas iniciais, para que voc\u00ea n\u00e3o precise gastar dinheiro extra com plantas ou sementes de um viveiro.<\/p>\n<p><b data-spm-anchor-id=\"a2700.details.0.i35.79516fccEpXinR\">JARDIM COMO UM PROFISSIONAL, LOGO QUE SAI DA CAIXA: <\/b>A jardinagem fica mais divertida com as ferramentas certas. Preenchemos esse estojo pronto para quando voc\u00ea estiver com nossas ferramentas de alum\u00ednio mais inovadoras e altamente dur\u00e1veis que combatem a ferrugem. Cada pe\u00e7a foi projetada para acompanhar sua programa\u00e7\u00e3o de jardinagem e paisagismo mais \u00e1vida, sendo leve o suficiente para trabalhar o dia todo.<\/p>\n<div class=\"J_module\">\n<div class=\"detail-decorate-json-renderer-container\">\n<div class=\"magic-1\">\n<div class=\"magic-6\" data-spm-anchor-id=\"a2700.details.0.i43.79516fccEpXinR\">\n<div class=\"magic-7\">\n<div class=\"magic-8\" data-spm-anchor-id=\"a2700.details.0.i46.79516fccEpXinR\"><span class=\"magic-9\" style=\"font-family: Arial;\"><span data-spm-anchor-id=\"a2700.details.0.i42.79516fccEpXinR\"><b data-spm-anchor-id=\"a2700.details.0.i45.79516fccEpXinR\">PROTEJA SUAS M\u00c3OS: <\/b>Gostamos de trabalhar com nossas m\u00e3os, mas n\u00e3o queremos que elas sofram por isso. \u00c9 por isso que usamos materiais que duram. A Sleek Series adere \u00e0s nossas novas luvas de bambu para jardinagem e oferece prote\u00e7\u00e3o avan\u00e7ada contra ferimentos na pele, cortes e sujeira. Pare de usar aquelas luvas grandes e desajeitadas ao fazer suas tarefas. Com conforto e estilo de alta tecnologia, cada tarefa se torna mais f\u00e1cil: De trabalho em garagem interna a jardinagem externa e muito mais! Essas s\u00e3o as luvas de jardinagem que as mulheres adoram, e o papai tamb\u00e9m! O melhor presente! <\/span><\/span><span class=\"magic-9\" style=\"font-family: Arial;\"><br \/>\n<\/span><\/div>\n<\/div>\n<\/div>\n<\/div>\n<\/div>\n<\/div>\n<div class=\"J_module\">\n<div class=\"icbu-pc-detailManyImage magic-10\"><\/div>\n<\/div>\n<p><img fetchpriority=\"high\" decoding=\"async\" class=\"\" src=\"https:\/\/sc04.alicdn.com\/kf\/Hbc2591bcee4745e0b4aabf3538f8f051r\/277646274\/Hbc2591bcee4745e0b4aabf3538f8f051r.jpg\" width=\"694\" height=\"694\" \/><\/p>","protected":false},"excerpt":{"rendered":"<p>Outra vantagem de usar um kit de jardinagem dom\u00e9stica \u00e9 que ele pode ajud\u00e1-lo a se organizar. Com todas as ferramentas e materiais em um s\u00f3 lugar, voc\u00ea n\u00e3o precisar\u00e1 se preocupar em perd\u00ea-los ou coloc\u00e1-los no lugar errado. Al\u00e9m disso, muitos kits de jardinagem dom\u00e9stica v\u00eam com instru\u00e7\u00f5es detalhadas ou dicas sobre como plantar e cuidar do seu jardim, para que voc\u00ea possa se sentir confiante em sua capacidade de cultivar plantas saud\u00e1veis.<\/p>","protected":false},"featured_media":1539,"comment_status":"open","ping_status":"closed","template":"","meta":{"_eb_attr":"","_monsterinsights_skip_tracking":false,"_monsterinsights_sitenote_active":false,"_monsterinsights_sitenote_note":"","_monsterinsights_sitenote_category":0,"_uf_show_specific_survey":0,"_uf_disable_surveys":false},"product_brand":[],"product_cat":[50],"product_tag":[],"class_list":{"0":"post-1538","1":"product","2":"type-product","3":"status-publish","4":"has-post-thumbnail","6":"product_cat-flower-assessories","8":"first","9":"instock","10":"shipping-taxable","11":"product-type-simple"},"_links":{"self":[{"href":"https:\/\/keweicorten.com\/pt\/wp-json\/wp\/v2\/product\/1538"}],"collection":[{"href":"https:\/\/keweicorten.com\/pt\/wp-json\/wp\/v2\/product"}],"about":[{"href":"https:\/\/keweicorten.com\/pt\/wp-json\/wp\/v2\/types\/product"}],"replies":[{"embeddable":true,"href":"https:\/\/keweicorten.com\/pt\/wp-json\/wp\/v2\/comments?post=1538"}],"version-history":[{"count":1,"href":"https:\/\/keweicorten.com\/pt\/wp-json\/wp\/v2\/product\/1538\/revisions"}],"predecessor-version":[{"id":1542,"href":"https:\/\/keweicorten.com\/pt\/wp-json\/wp\/v2\/product\/1538\/revisions\/1542"}],"wp:featuredmedia":[{"embeddable":true,"href":"https:\/\/keweicorten.com\/pt\/wp-json\/wp\/v2\/media\/1539"}],"wp:attachment":[{"href":"https:\/\/keweicorten.com\/pt\/wp-json\/wp\/v2\/media?parent=1538"}],"wp:term":[{"taxonomy":"product_brand","embeddable":true,"href":"https:\/\/keweicorten.com\/pt\/wp-json\/wp\/v2\/product_brand?post=1538"},{"taxonomy":"product_cat","embeddable":true,"href":"https:\/\/keweicorten.com\/pt\/wp-json\/wp\/v2\/product_cat?post=1538"},{"taxonomy":"product_tag","embeddable":true,"href":"https:\/\/keweicorten.com\/pt\/wp-json\/wp\/v2\/product_tag?post=1538"}],"curies":[{"name":"wp","href":"https:\/\/api.w.org\/{rel}","templated":true}]}}