{"id":1553,"date":"2024-09-27T02:16:32","date_gmt":"2024-09-27T02:16:32","guid":{"rendered":"https:\/\/keweicorten.com\/?post_type=product&#038;p=1553"},"modified":"2024-09-27T02:16:32","modified_gmt":"2024-09-27T02:16:32","slug":"placa-q235nh","status":"publish","type":"product","link":"https:\/\/keweicorten.com\/pt\/placa-q235nh\/","title":{"rendered":"Placa Q235NH"},"content":{"rendered":"<p>A placa Q235NH \u00e9 um a\u00e7o de lamina\u00e7\u00e3o cont\u00ednua a quente resistente \u00e0 corros\u00e3o atmosf\u00e9rica, tamb\u00e9m conhecido como a\u00e7o Cowden, a\u00e7o resistente \u00e0 corros\u00e3o<\/p>\n<p>Status de entrega da chapa de a\u00e7o Q235NH: lamina\u00e7\u00e3o a quente, lamina\u00e7\u00e3o controlada ou estado de normaliza\u00e7\u00e3o<\/p>\n<p>As especifica\u00e7\u00f5es:<br \/>\nEspessura: 3mm-150mm<br \/>\nLargura: 30mm-4000mm<br \/>\nComprimento: 1000mm-12000mm<br \/>\nPadr\u00e3o: ASTM EN10025 JIS GB<\/p>\n<h2>Composi\u00e7\u00e3o qu\u00edmica da placa Q235NH:<\/h2>\n<table data-draft-node=\"block\" data-draft-type=\"table\" data-size=\"normal\" data-row-style=\"normal\">\n<tbody>\n<tr>\n<td>Marca<\/td>\n<td>C<\/td>\n<td>Si<\/td>\n<td>Mn<\/td>\n<td>P<\/td>\n<td>S<\/td>\n<td>Cu<\/td>\n<td>Cr<\/td>\n<td>Ni<\/td>\n<\/tr>\n<tr>\n<td>Q235NH<\/td>\n<td>\u22640.13<\/td>\n<td>0.10-0.40<\/td>\n<td>0.20-0.60<\/td>\n<td>\u22640.030<\/td>\n<td>\u22640.030<\/td>\n<td>0.25-0.55<\/td>\n<td>0.40-0.80<\/td>\n<td>\u22640.65<\/td>\n<\/tr>\n<\/tbody>\n<\/table>\n<p>Propriedades mec\u00e2nicas da placa Q235NH:<\/p>\n<table style=\"height: 64px;\" width=\"592\" data-draft-node=\"block\" data-draft-type=\"table\" data-size=\"normal\" data-row-style=\"normal\">\n<tbody>\n<tr>\n<td>Marca<\/td>\n<td>Resist\u00eancia ao escoamento<\/td>\n<td>Resist\u00eancia \u00e0 tra\u00e7\u00e3o Rm<\/td>\n<td>Alongamento ap\u00f3s fratura A50mm%<\/td>\n<\/tr>\n<tr>\n<td>Q235NH<\/td>\n<td>\u2265235MPa<\/td>\n<td>360-510<\/td>\n<td>\u226525<\/td>\n<\/tr>\n<\/tbody>\n<\/table>\n<p>&nbsp;<\/p>\n<p><a href=\"https:\/\/keweicorten.com\/pt\"><img fetchpriority=\"high\" decoding=\"async\" class=\"alignnone\" title=\"Q235nh Resist\u00eancia \u00e0s intemp\u00e9ries\" src=\"https:\/\/th.bing.com\/th\/id\/OIP.e_2IU6yvCMdIJAM39GeUXwHaHa?rs=1&amp;pid=ImgDetMain\" alt=\"Placa de fibrocimento ranhurada com resist\u00eancia a intemp\u00e9ries Q235nh\" width=\"550\" height=\"550\" \/><\/a><\/p>\n<p><a href=\"https:\/\/keweicorten.com\/pt\/entre-em-contato-conosco\/\"><img decoding=\"async\" class=\"alignnone\" title=\"chapa de a\u00e7o corten\" src=\"https:\/\/th.bing.com\/th\/id\/OIP.F6D_oA8vdxqhLeEMwnmSIQHaHa?rs=1&amp;pid=ImgDetMain\" alt=\"Q235nh Weather Resistence Grooved Fiber Cement Board Weathering (placa de fibrocimento com ranhuras)\" width=\"549\" height=\"549\" \/><\/a><\/p>","protected":false},"excerpt":{"rendered":"<p>O a\u00e7o Q235NH Weathering oferece solu\u00e7\u00f5es de qualidade para o setor de constru\u00e7\u00e3o com excelente resist\u00eancia \u00e0 corros\u00e3o e for\u00e7a. Saiba mais para ajudar seu projeto a ser bem-sucedido.<\/p>","protected":false},"featured_media":1554,"comment_status":"open","ping_status":"closed","template":"","meta":{"_eb_attr":"","_monsterinsights_skip_tracking":false,"_monsterinsights_sitenote_active":false,"_monsterinsights_sitenote_note":"","_monsterinsights_sitenote_category":0,"_uf_show_specific_survey":0,"_uf_disable_surveys":false},"product_brand":[],"product_cat":[21],"product_tag":[],"class_list":{"0":"post-1553","1":"product","2":"type-product","3":"status-publish","4":"has-post-thumbnail","6":"product_cat-weather-resistant-steel-plate","8":"first","9":"instock","10":"shipping-taxable","11":"product-type-simple"},"_links":{"self":[{"href":"https:\/\/keweicorten.com\/pt\/wp-json\/wp\/v2\/product\/1553"}],"collection":[{"href":"https:\/\/keweicorten.com\/pt\/wp-json\/wp\/v2\/product"}],"about":[{"href":"https:\/\/keweicorten.com\/pt\/wp-json\/wp\/v2\/types\/product"}],"replies":[{"embeddable":true,"href":"https:\/\/keweicorten.com\/pt\/wp-json\/wp\/v2\/comments?post=1553"}],"version-history":[{"count":1,"href":"https:\/\/keweicorten.com\/pt\/wp-json\/wp\/v2\/product\/1553\/revisions"}],"predecessor-version":[{"id":1555,"href":"https:\/\/keweicorten.com\/pt\/wp-json\/wp\/v2\/product\/1553\/revisions\/1555"}],"wp:featuredmedia":[{"embeddable":true,"href":"https:\/\/keweicorten.com\/pt\/wp-json\/wp\/v2\/media\/1554"}],"wp:attachment":[{"href":"https:\/\/keweicorten.com\/pt\/wp-json\/wp\/v2\/media?parent=1553"}],"wp:term":[{"taxonomy":"product_brand","embeddable":true,"href":"https:\/\/keweicorten.com\/pt\/wp-json\/wp\/v2\/product_brand?post=1553"},{"taxonomy":"product_cat","embeddable":true,"href":"https:\/\/keweicorten.com\/pt\/wp-json\/wp\/v2\/product_cat?post=1553"},{"taxonomy":"product_tag","embeddable":true,"href":"https:\/\/keweicorten.com\/pt\/wp-json\/wp\/v2\/product_tag?post=1553"}],"curies":[{"name":"wp","href":"https:\/\/api.w.org\/{rel}","templated":true}]}}