{"id":1556,"date":"2024-09-27T02:43:16","date_gmt":"2024-09-27T02:43:16","guid":{"rendered":"https:\/\/keweicorten.com\/?post_type=product&#038;p=1556"},"modified":"2024-09-27T02:45:40","modified_gmt":"2024-09-27T02:45:40","slug":"a588-aco-para-intemperies","status":"publish","type":"product","link":"https:\/\/keweicorten.com\/pt\/a588-aco-para-intemperies\/","title":{"rendered":"a588 a\u00e7o para intemp\u00e9ries"},"content":{"rendered":"<div class=\"layui-field-box\">\n<p>O a\u00e7o A588 para intemperismo \u00e9 um tipo de a\u00e7o muito popular e amplamente utilizado em v\u00e1rios setores devido \u00e0s suas propriedades de alta resist\u00eancia, durabilidade e resist\u00eancia \u00e0 corros\u00e3o. \u00c9 um a\u00e7o de baixa liga que cont\u00e9m cobre, cromo, n\u00edquel e outros elementos que proporcionam excelente resist\u00eancia \u00e0s intemp\u00e9ries. Esse a\u00e7o \u00e9 frequentemente usado em aplica\u00e7\u00f5es de constru\u00e7\u00e3o externa, como pontes, edif\u00edcios e outras estruturas.<\/p>\n<table class=\"all magic-1\" style=\"height: 234px;\" width=\"989\">\n<tbody>\n<tr>\n<td colspan=\"1\" rowspan=\"1\">\n<div class=\"magic-2\" data-spm-anchor-id=\"a2700.details.0.i41.6deeb7e3IgOhEQ\"><span style=\"font-family: Times New Roman, Times; font-size: large;\">Item<\/span><\/div>\n<\/td>\n<td colspan=\"3\" rowspan=\"1\">\n<div class=\"magic-3\"><span style=\"font-family: Times New Roman, Times; font-size: large;\">Placa de a\u00e7o resistente a intemp\u00e9ries A588 garde<\/span><\/div>\n<\/td>\n<\/tr>\n<tr>\n<td colspan=\"1\" rowspan=\"1\">\n<div class=\"magic-2\"><span style=\"font-family: Times New Roman, Times; font-size: large;\">Grau<\/span><\/div>\n<\/td>\n<td colspan=\"3\" rowspan=\"1\">\n<div class=\"magic-3\"><span style=\"font-family: Times New Roman, Times; font-size: large;\">09CuPCrNi-A,09CuP, 09CuPCrNiA, 09CrCuSb Q355NH,Q460NH,Q345GNHL,Q355GNH,Q345GNH,Q295NH,Q310GNH,Q345NH,Q235NH,Q500NH,Q235GNH,Q550NH<br \/>\n<\/span><\/div>\n<div class=\"magic-3\"><span style=\"font-family: Times New Roman, Times; font-size: large;\">,Q265GNH,Q295GNH,Q450NQR1A,S355J0W,S355J2WP,S355J2W,S235J0W,SPA-H<br \/>\nB480GNQR<\/span><\/p>\n<div><span style=\"font-family: Times New Roman, Times; font-size: large;\">CortenA,CortenB<\/span><\/div>\n<\/div>\n<\/td>\n<\/tr>\n<tr>\n<td colspan=\"1\" rowspan=\"1\">\n<div class=\"magic-2\"><span style=\"font-family: Times New Roman, Times; font-size: large;\">Aplicativo<\/span><\/div>\n<\/td>\n<td colspan=\"3\" rowspan=\"1\">\n<div class=\"magic-3\"><span style=\"font-family: Times New Roman, Times; font-size: large;\">Pode ser usado em t\u00e1buas de assoalho, cont\u00eaineres, chamin\u00e9s de usinas de energia, engenharia ferrovi\u00e1ria e outros tipos de a\u00e7o para ambientes externos, como grandes esculturas de a\u00e7o para ambientes externos.<\/span><\/div>\n<\/td>\n<\/tr>\n<tr>\n<td colspan=\"1\" rowspan=\"1\">\n<div class=\"magic-2\"><span style=\"font-family: Times New Roman, Times; font-size: large;\">Amostra<\/span><\/div>\n<\/td>\n<td colspan=\"3\" rowspan=\"1\">\n<div class=\"magic-5\"><span style=\"font-family: Times New Roman, Times; font-size: large;\">A amostra est\u00e1 dispon\u00edvel<\/span><\/div>\n<\/td>\n<\/tr>\n<\/tbody>\n<\/table>\n<h2>Benef\u00edcios da chapa de a\u00e7o para intemp\u00e9ries A588<\/h2>\n<p>H\u00e1 v\u00e1rios benef\u00edcios associados \u00e0 chapa de a\u00e7o Corten A588 que permitem que ela seja usada em aplica\u00e7\u00f5es industriais em todo o mundo. Os benef\u00edcios da chapa de a\u00e7o para intemp\u00e9ries A588 incluem:<\/p>\n<ul>\n<li>Baixa manuten\u00e7\u00e3o<\/li>\n<li>Economia de custos<\/li>\n<li>Velocidade de constru\u00e7\u00e3o<\/li>\n<li>Seguro<\/li>\n<li>Favor\u00e1vel ao meio ambiente<\/li>\n<li>Esteticamente atraente<\/li>\n<\/ul>\n<table style=\"font-weight: 400;\">\n<tbody>\n<tr>\n<td style=\"font-weight: 400;\" colspan=\"1\" rowspan=\"1\">\n<p data-spm-anchor-id=\"a2700.pc-decorate.0.i44.8e343333yaYbbo\">Nome do produto<\/p>\n<\/td>\n<td style=\"font-weight: 400;\" colspan=\"1\" rowspan=\"1\">Placa de a\u00e7o resistente a intemp\u00e9ries<\/td>\n<\/tr>\n<tr>\n<td style=\"font-weight: 400;\" colspan=\"1\" rowspan=\"3\">\n<p data-spm-anchor-id=\"a2700.pc-decorate.0.i26.8e343333yaYbbo\">Especifica\u00e7\u00e3o<\/p>\n<\/td>\n<td style=\"font-weight: 400;\" colspan=\"1\" rowspan=\"1\">\n<p data-spm-anchor-id=\"0.0.0.i10.3e8c4f05UxthN7\">Espessura: 1 mm a 100 mm<\/p>\n<\/td>\n<\/tr>\n<tr>\n<td style=\"font-weight: 400;\" colspan=\"1\" rowspan=\"1\">Largura: \u22643000 mm<\/td>\n<\/tr>\n<tr>\n<td style=\"font-weight: 400;\" colspan=\"1\" rowspan=\"1\">Comprimento: \u226412000mm<\/td>\n<\/tr>\n<tr>\n<td style=\"font-weight: 400;\" colspan=\"1\" rowspan=\"1\">\n<p data-spm-anchor-id=\"0.0.0.i16.3e8c4f05UxthN7\">T\u00e9cnica<\/p>\n<\/td>\n<td style=\"font-weight: 400;\" colspan=\"1\" rowspan=\"1\">Laminado a quente<\/td>\n<\/tr>\n<tr>\n<td style=\"font-weight: 400;\" colspan=\"1\" rowspan=\"1\">Superf\u00edcie<\/td>\n<td style=\"font-weight: 400;\" colspan=\"1\" rowspan=\"1\">Tratamento contra ferrugem, limpeza, jateamento ou de acordo com a necessidade do cliente<\/td>\n<\/tr>\n<\/tbody>\n<\/table>\n<p><a href=\"https:\/\/keweicorten.com\/pt\/products\/\"><img fetchpriority=\"high\" decoding=\"async\" class=\"alignnone\" title=\"Personalizado ASTM A588 \" src=\"https:\/\/www.shipbuilding-plate.com\/uploads\/202230316\/astm-a588-steel-plate33020225533.jpg\" alt=\"Fornecedores de chapas de a\u00e7o ASTM A588 personalizadas - Pre\u00e7o por atacado -keweicorten\" width=\"650\" height=\"650\" \/><\/a><\/p>\n<p><img decoding=\"async\" class=\"alignnone\" title=\"Placa de a\u00e7o resistente a intemp\u00e9ries A588 garde\" src=\"https:\/\/sc04.alicdn.com\/kf\/H9a942ed341824d248078e5b222d679c6J\/267682295\/H9a942ed341824d248078e5b222d679c6J.jpg\" alt=\"A588 garde Weather Resistant Steel Plate pre\u00e7o, fabricantes, fornecedores, personalizado-keweicorten\" width=\"650\" height=\"390\" \/><\/p>\n<\/div>","protected":false},"excerpt":{"rendered":"<p>O a\u00e7o A588 \u00e9 um material confi\u00e1vel e dur\u00e1vel que oferece excelente for\u00e7a e resist\u00eancia a fatores ambientais. \u00c9 um material vers\u00e1til que pode ser usado em uma variedade de aplica\u00e7\u00f5es e oferece benef\u00edcios duradouros para aqueles que o utilizam. Por isso, \u00e9 uma excelente op\u00e7\u00e3o para quem procura um material confi\u00e1vel e econ\u00f4mico para seus projetos de constru\u00e7\u00e3o.<\/p>","protected":false},"featured_media":1557,"comment_status":"open","ping_status":"closed","template":"","meta":{"_eb_attr":"","_monsterinsights_skip_tracking":false,"_monsterinsights_sitenote_active":false,"_monsterinsights_sitenote_note":"","_monsterinsights_sitenote_category":0,"_uf_show_specific_survey":0,"_uf_disable_surveys":false},"product_brand":[],"product_cat":[21],"product_tag":[],"class_list":{"0":"post-1556","1":"product","2":"type-product","3":"status-publish","4":"has-post-thumbnail","6":"product_cat-weather-resistant-steel-plate","8":"first","9":"instock","10":"shipping-taxable","11":"product-type-simple"},"_links":{"self":[{"href":"https:\/\/keweicorten.com\/pt\/wp-json\/wp\/v2\/product\/1556"}],"collection":[{"href":"https:\/\/keweicorten.com\/pt\/wp-json\/wp\/v2\/product"}],"about":[{"href":"https:\/\/keweicorten.com\/pt\/wp-json\/wp\/v2\/types\/product"}],"replies":[{"embeddable":true,"href":"https:\/\/keweicorten.com\/pt\/wp-json\/wp\/v2\/comments?post=1556"}],"version-history":[{"count":2,"href":"https:\/\/keweicorten.com\/pt\/wp-json\/wp\/v2\/product\/1556\/revisions"}],"predecessor-version":[{"id":1559,"href":"https:\/\/keweicorten.com\/pt\/wp-json\/wp\/v2\/product\/1556\/revisions\/1559"}],"wp:featuredmedia":[{"embeddable":true,"href":"https:\/\/keweicorten.com\/pt\/wp-json\/wp\/v2\/media\/1557"}],"wp:attachment":[{"href":"https:\/\/keweicorten.com\/pt\/wp-json\/wp\/v2\/media?parent=1556"}],"wp:term":[{"taxonomy":"product_brand","embeddable":true,"href":"https:\/\/keweicorten.com\/pt\/wp-json\/wp\/v2\/product_brand?post=1556"},{"taxonomy":"product_cat","embeddable":true,"href":"https:\/\/keweicorten.com\/pt\/wp-json\/wp\/v2\/product_cat?post=1556"},{"taxonomy":"product_tag","embeddable":true,"href":"https:\/\/keweicorten.com\/pt\/wp-json\/wp\/v2\/product_tag?post=1556"}],"curies":[{"name":"wp","href":"https:\/\/api.w.org\/{rel}","templated":true}]}}