{"id":1575,"date":"2024-09-27T07:50:11","date_gmt":"2024-09-27T07:50:11","guid":{"rendered":"https:\/\/keweicorten.com\/?post_type=product&#038;p=1575"},"modified":"2024-09-27T07:50:11","modified_gmt":"2024-09-27T07:50:11","slug":"placa-astm-a588","status":"publish","type":"product","link":"https:\/\/keweicorten.com\/pt\/placa-astm-a588\/","title":{"rendered":"placa astm A588"},"content":{"rendered":"<p>Caracter\u00edsticas da chapa de a\u00e7o ASTM A588:<\/p>\n<p>Resist\u00eancia \u00e0s intemp\u00e9ries: O a\u00e7o A588 tem excelente resist\u00eancia \u00e0 corros\u00e3o e pode formar uma camada protetora de ferrugem no ambiente externo, retardando assim a corros\u00e3o.<\/p>\n<p>Alta resist\u00eancia: O material tem alta resist\u00eancia \u00e0 tra\u00e7\u00e3o e ao escoamento, o que o torna adequado para suportar grandes cargas.<\/p>\n<p>Soldabilidade: A chapa de a\u00e7o A588 tem boa soldabilidade e pode ser usada em uma variedade de m\u00e9todos de soldagem.<\/p>\n<p>Usinabilidade: O material \u00e9 f\u00e1cil de cortar, moldar e processar, sendo adequado para diferentes processos de fabrica\u00e7\u00e3o.<\/p>\n<p>Resist\u00eancia ao calor: Ele pode manter boas propriedades mec\u00e2nicas em ambientes de alta temperatura.<\/p>\n<p>Est\u00e9tica: Sua apar\u00eancia naturalmente enferrujada proporciona um efeito est\u00e9tico exclusivo para a arquitetura e o projeto paisag\u00edstico.<\/p>\n<p>&nbsp;<\/p>\n<p>Normas ASTM:<\/p>\n<p>A6\/A6M Specification for General Requirements for Rolled Structural Steel Bars, Plates, Shapes, and Sheet Piling (Especifica\u00e7\u00e3o A6\/A6M para Requisitos Gerais para Barras, Placas, Formas e Estacas de A\u00e7o Estrutural Laminadas)<\/p>\n<p>G101 Guide for Estimating the Atmospheric Corrosion Resistance of Low-Alloy Steels (Guia para estimar a resist\u00eancia \u00e0 corros\u00e3o atmosf\u00e9rica de a\u00e7os de baixa liga)<\/p>\n<p><a href=\"https:\/\/keweicorten.com\/pt\/entre-em-contato-conosco\/\"><img fetchpriority=\"high\" decoding=\"async\" class=\"alignnone\" title=\"Placa de a\u00e7o corten ASTM A588 \" src=\"https:\/\/www.gescosteel.com\/photo\/ps32365646-astm_a588_corten_steel_plate.jpg\" alt=\"Placa de a\u00e7o corten ASTM A588 F\u00e1brica, China, pre\u00e7o, fabricantes-keweicorten\" width=\"700\" height=\"499\" \/><\/a><\/p>\n<p><a href=\"https:\/\/keweicorten.com\/pt\/entre-em-contato-conosco\/\"><img decoding=\"async\" class=\"alignnone\" title=\"Placas ASTM A588\" src=\"https:\/\/www.cortensteels.com\/uploads\/202130314\/weather-resistance-astm-a588-plates33271787318.jpg\" alt=\"Fabricantes e fornecedores de placas ASTM A588 resistentes a intemp\u00e9ries na China -keweicorten\" width=\"700\" height=\"700\" \/><\/a><\/p>","protected":false},"excerpt":{"rendered":"<p>A ASTM A588 \u00e9 uma chapa de a\u00e7o estrutural de alta resist\u00eancia e baixa liga que \u00e9 comumente usada em aplica\u00e7\u00f5es externas, como pontes e edif\u00edcios. Essa chapa \u00e9 altamente resistente \u00e0 corros\u00e3o e tem uma excelente rela\u00e7\u00e3o resist\u00eancia\/peso, o que a torna ideal para ambientes agressivos e condi\u00e7\u00f5es clim\u00e1ticas extremas.<\/p>","protected":false},"featured_media":1576,"comment_status":"open","ping_status":"closed","template":"","meta":{"_eb_attr":"","_monsterinsights_skip_tracking":false,"_monsterinsights_sitenote_active":false,"_monsterinsights_sitenote_note":"","_monsterinsights_sitenote_category":0,"_uf_show_specific_survey":0,"_uf_disable_surveys":false},"product_brand":[],"product_cat":[21],"product_tag":[],"class_list":{"0":"post-1575","1":"product","2":"type-product","3":"status-publish","4":"has-post-thumbnail","6":"product_cat-weather-resistant-steel-plate","8":"first","9":"instock","10":"shipping-taxable","11":"product-type-simple"},"_links":{"self":[{"href":"https:\/\/keweicorten.com\/pt\/wp-json\/wp\/v2\/product\/1575"}],"collection":[{"href":"https:\/\/keweicorten.com\/pt\/wp-json\/wp\/v2\/product"}],"about":[{"href":"https:\/\/keweicorten.com\/pt\/wp-json\/wp\/v2\/types\/product"}],"replies":[{"embeddable":true,"href":"https:\/\/keweicorten.com\/pt\/wp-json\/wp\/v2\/comments?post=1575"}],"version-history":[{"count":1,"href":"https:\/\/keweicorten.com\/pt\/wp-json\/wp\/v2\/product\/1575\/revisions"}],"predecessor-version":[{"id":1577,"href":"https:\/\/keweicorten.com\/pt\/wp-json\/wp\/v2\/product\/1575\/revisions\/1577"}],"wp:featuredmedia":[{"embeddable":true,"href":"https:\/\/keweicorten.com\/pt\/wp-json\/wp\/v2\/media\/1576"}],"wp:attachment":[{"href":"https:\/\/keweicorten.com\/pt\/wp-json\/wp\/v2\/media?parent=1575"}],"wp:term":[{"taxonomy":"product_brand","embeddable":true,"href":"https:\/\/keweicorten.com\/pt\/wp-json\/wp\/v2\/product_brand?post=1575"},{"taxonomy":"product_cat","embeddable":true,"href":"https:\/\/keweicorten.com\/pt\/wp-json\/wp\/v2\/product_cat?post=1575"},{"taxonomy":"product_tag","embeddable":true,"href":"https:\/\/keweicorten.com\/pt\/wp-json\/wp\/v2\/product_tag?post=1575"}],"curies":[{"name":"wp","href":"https:\/\/api.w.org\/{rel}","templated":true}]}}