{"id":1578,"date":"2024-09-27T08:16:43","date_gmt":"2024-09-27T08:16:43","guid":{"rendered":"https:\/\/keweicorten.com\/?post_type=product&#038;p=1578"},"modified":"2024-09-27T08:16:43","modified_gmt":"2024-09-27T08:16:43","slug":"aco-astm-a242","status":"publish","type":"product","link":"https:\/\/keweicorten.com\/pt\/aco-astm-a242\/","title":{"rendered":"A\u00e7o ASTM A242"},"content":{"rendered":"<div class=\"rich-text-table\">\n<div>\n<p>O a\u00e7o ASTM A242 \u00e9 um a\u00e7o de alta resist\u00eancia e baixa liga para intemp\u00e9ries, comumente usado na fabrica\u00e7\u00e3o de chapas de a\u00e7o, tubos de a\u00e7o e outros produtos. Caracteriza-se pela boa prote\u00e7\u00e3o contra oxida\u00e7\u00e3o e pode ser usado em ambientes naturais adversos por um longo per\u00edodo sem ser afetado pela corros\u00e3o.<\/p>\n<p>O excelente desempenho da chapa corten tamb\u00e9m se reflete em sua boa usinabilidade e estabilidade de resist\u00eancia. Ela \u00e9 frequentemente usada na fabrica\u00e7\u00e3o de estruturas de a\u00e7o, pontes, edif\u00edcios pr\u00e9-fabricados, navios e cont\u00eaineres.<\/p>\n<p>O padr\u00e3o de a\u00e7o foi desenvolvido pela American Society for Materials and Testing para fornecer um material que possa ser usado por muito tempo em ambientes externos sem corros\u00e3o.<\/p>\n<\/div>\n<div class=\"rich-text-table\"><strong>Propriedades mec\u00e2nicas das chapas e folhas de a\u00e7o corten ASTM A242 Tipo 1<\/strong><\/p>\n<div class=\"pro_page_table\">\n<table>\n<tbody>\n<tr>\n<td><\/td>\n<td>Resist\u00eancia \u00e0 tra\u00e7\u00e3o<\/td>\n<td>M\u00edn. Ponto de rendimento<\/td>\n<td>Alongamento<\/td>\n<\/tr>\n<tr>\n<td>CORTEN A<\/td>\n<td>[470 - 630 MPa]<\/td>\n<td>[355 MPa]<\/td>\n<td>20 % min<\/td>\n<\/tr>\n<tr>\n<td>ASTM 588 GR. A<\/td>\n<td>[485 MPa]<\/td>\n<td>[345 MPa]<\/td>\n<td>21% min<\/td>\n<\/tr>\n<tr>\n<td>ASTM 242 TIPO -1<\/td>\n<td>[480 MPa]<\/td>\n<td>[345 MPa]<\/td>\n<td>16% min<\/td>\n<\/tr>\n<tr>\n<td>IRSM 41- 97<\/td>\n<td>[480 MPa]<\/td>\n<td>[340 MPa]<\/td>\n<td>21% min<\/td>\n<\/tr>\n<\/tbody>\n<\/table>\n<p><strong>Aplica\u00e7\u00f5es do a\u00e7o corten<\/strong><\/p>\n<p>Estrutura do edif\u00edcio<br \/>\nInstala\u00e7\u00f5es externas<br \/>\nInstala\u00e7\u00f5es de tr\u00e1fego<br \/>\nInstala\u00e7\u00e3o de arte<\/p>\n<p><strong>Propriedades mec\u00e2nicas do a\u00e7o ASTM A242\uff1a<\/strong><\/p>\n<p>Resist\u00eancia ao escoamento: cerca de 345 MPa<br \/>\nResist\u00eancia \u00e0 tra\u00e7\u00e3o: cerca de 480 MPa<br \/>\nAlongamento: cerca de 20%<\/p>\n<p><a href=\"https:\/\/keweicorten.com\/pt\/products\/\"><img fetchpriority=\"high\" decoding=\"async\" class=\"alignnone\" title=\"A\u00e7o ASTM A242\" src=\"https:\/\/www.cortensteels.com\/uploads\/202130314\/astm-a242-steel-corrosion-plate12339760574.jpg\" alt=\"Fabricantes e fornecedores de chapas de a\u00e7o ASTM A242 para corros\u00e3o na China -keweicorten\" width=\"650\" height=\"650\" \/><\/a><\/p>\n<p><a href=\"https:\/\/keweicorten.com\/pt\"><img decoding=\"async\" class=\"alignnone\" title=\"Fabricantes e fornecedores de chapas de a\u00e7o ASTM A242 para corros\u00e3o na China -keweicorten\" src=\"https:\/\/www.cortensteels.com\/uploads\/202130314\/small\/astm-steel-a24243487747222.png\" alt=\"China ASTM STEEL A242 Fabricantes, fornecedores - Pre\u00e7o direto da f\u00e1brica -keweicorten\" width=\"647\" height=\"647\" \/><\/a><\/p>\n<p><a href=\"https:\/\/keweicorten.com\/pt\"><img decoding=\"async\" class=\"alignnone\" title=\"A\u00e7o ASTM A242\" src=\"https:\/\/www.cortensteels.com\/uploads\/202130314\/astm-a242-steel-corrosion-plate12218865305.jpg\" alt=\"Fabricantes e fornecedores de chapas de a\u00e7o ASTM A242 para corros\u00e3o na China keweicorten\" width=\"649\" height=\"649\" \/><\/a><\/p>\n<\/div>\n<\/div>\n<\/div>","protected":false},"excerpt":{"rendered":"<p>O a\u00e7o ASTM A242 \u00e9 um importante a\u00e7o estrutural, com excelente prote\u00e7\u00e3o contra oxida\u00e7\u00e3o e resist\u00eancia \u00e0 corros\u00e3o, podendo ser amplamente utilizado na fabrica\u00e7\u00e3o de uma variedade de pe\u00e7as estruturais pesadas e edif\u00edcios pr\u00e9-fabricados, seu desempenho est\u00e1vel, em uma variedade de ambientes adversos, pode ser usado por um longo tempo.<\/p>","protected":false},"featured_media":1579,"comment_status":"open","ping_status":"closed","template":"","meta":{"_eb_attr":"","_monsterinsights_skip_tracking":false,"_monsterinsights_sitenote_active":false,"_monsterinsights_sitenote_note":"","_monsterinsights_sitenote_category":0,"_uf_show_specific_survey":0,"_uf_disable_surveys":false},"product_brand":[],"product_cat":[21],"product_tag":[],"class_list":{"0":"post-1578","1":"product","2":"type-product","3":"status-publish","4":"has-post-thumbnail","6":"product_cat-weather-resistant-steel-plate","8":"first","9":"instock","10":"shipping-taxable","11":"product-type-simple"},"_links":{"self":[{"href":"https:\/\/keweicorten.com\/pt\/wp-json\/wp\/v2\/product\/1578"}],"collection":[{"href":"https:\/\/keweicorten.com\/pt\/wp-json\/wp\/v2\/product"}],"about":[{"href":"https:\/\/keweicorten.com\/pt\/wp-json\/wp\/v2\/types\/product"}],"replies":[{"embeddable":true,"href":"https:\/\/keweicorten.com\/pt\/wp-json\/wp\/v2\/comments?post=1578"}],"version-history":[{"count":1,"href":"https:\/\/keweicorten.com\/pt\/wp-json\/wp\/v2\/product\/1578\/revisions"}],"predecessor-version":[{"id":1580,"href":"https:\/\/keweicorten.com\/pt\/wp-json\/wp\/v2\/product\/1578\/revisions\/1580"}],"wp:featuredmedia":[{"embeddable":true,"href":"https:\/\/keweicorten.com\/pt\/wp-json\/wp\/v2\/media\/1579"}],"wp:attachment":[{"href":"https:\/\/keweicorten.com\/pt\/wp-json\/wp\/v2\/media?parent=1578"}],"wp:term":[{"taxonomy":"product_brand","embeddable":true,"href":"https:\/\/keweicorten.com\/pt\/wp-json\/wp\/v2\/product_brand?post=1578"},{"taxonomy":"product_cat","embeddable":true,"href":"https:\/\/keweicorten.com\/pt\/wp-json\/wp\/v2\/product_cat?post=1578"},{"taxonomy":"product_tag","embeddable":true,"href":"https:\/\/keweicorten.com\/pt\/wp-json\/wp\/v2\/product_tag?post=1578"}],"curies":[{"name":"wp","href":"https:\/\/api.w.org\/{rel}","templated":true}]}}