{"id":1619,"date":"2024-09-29T07:14:27","date_gmt":"2024-09-29T07:14:27","guid":{"rendered":"https:\/\/keweicorten.com\/?post_type=product&#038;p=1619"},"modified":"2024-09-29T07:14:28","modified_gmt":"2024-09-29T07:14:28","slug":"chapa-de-aco-laminada-a-frio","status":"publish","type":"product","link":"https:\/\/keweicorten.com\/pt\/chapa-de-aco-laminada-a-frio\/","title":{"rendered":"chapa de a\u00e7o laminada a frio"},"content":{"rendered":"<p><strong>A chapa de a\u00e7o laminada a frio tem as seguintes propriedades:<\/strong><\/p>\n<ul>\n<li>Superf\u00edcie lisa: A chapa de a\u00e7o laminada a frio tem uma superf\u00edcie lisa e uma bela apar\u00eancia, o que \u00e9 adequado para aplica\u00e7\u00f5es que exigem boa qualidade de superf\u00edcie.<\/li>\n<li>Alta precis\u00e3o: Devido \u00e0 deforma\u00e7\u00e3o pl\u00e1stica do material durante o processo de lamina\u00e7\u00e3o a frio, a precis\u00e3o da espessura e a precis\u00e3o dimensional da chapa de a\u00e7o laminada a frio s\u00e3o altas.<\/li>\n<li>Alta resist\u00eancia: As chapas de a\u00e7o laminadas a frio s\u00e3o deformadas pelo frio durante o processamento e geralmente t\u00eam maior resist\u00eancia e dureza do que as chapas de a\u00e7o laminadas a quente.<\/li>\n<li>Boa resist\u00eancia: Embora a resist\u00eancia seja alta, a placa ainda tem uma certa resist\u00eancia e \u00e9 adequada para suportar cargas de impacto.<\/li>\n<li>F\u00e1cil de processar: as chapas de a\u00e7o laminadas a frio podem ser soldadas, estampadas, dobradas e submetidas a outros processos subsequentes, para atender a uma variedade de necessidades industriais.<\/li>\n<li>Resist\u00eancia \u00e0 corros\u00e3o: A superf\u00edcie da chapa de a\u00e7o geralmente \u00e9 tratada com preven\u00e7\u00e3o de ferrugem, e algumas variedades podem melhorar a resist\u00eancia \u00e0 corros\u00e3o.<\/li>\n<li>Resist\u00eancia \u00e0 fadiga: As chapas de a\u00e7o laminadas a frio geralmente t\u00eam alta resist\u00eancia \u00e0 fadiga e s\u00e3o adequadas para aplica\u00e7\u00f5es que exigem durabilidade.<\/li>\n<\/ul>\n<p><strong>Tabela de especifica\u00e7\u00f5es comuns para chapas de a\u00e7o laminadas a frio\uff1a<\/strong><\/p>\n<table style=\"height: 50px;\" width=\"603\">\n<thead>\n<tr>\n<th>Espessura\uff08mm\uff09<\/th>\n<th>largura\uff08mm\uff09<\/th>\n<th>Comprimento\uff08mm\uff09<\/th>\n<th>Qualidade\uff08kg\/m\u00b2\uff09<\/th>\n<\/tr>\n<\/thead>\n<\/table>\n<div>\n<table style=\"height: 34px;\" width=\"602\">\n<tbody>\n<tr>\n<td>0.3<\/td>\n<td>1000<\/td>\n<td>2000<\/td>\n<td>2.3<\/td>\n<\/tr>\n<\/tbody>\n<\/table>\n<\/div>\n<div>\n<table style=\"height: 32px;\" width=\"602\">\n<tbody>\n<tr>\n<td>0.5<\/td>\n<td>1000<\/td>\n<td>2000<\/td>\n<td>3.9<\/td>\n<\/tr>\n<\/tbody>\n<\/table>\n<\/div>\n<div>\n<table style=\"height: 35px;\" width=\"602\">\n<tbody>\n<tr>\n<td>0.8<\/td>\n<td>1000<\/td>\n<td>2000<\/td>\n<td>6.2<\/td>\n<\/tr>\n<\/tbody>\n<\/table>\n<\/div>\n<div>\n<table style=\"height: 38px;\" width=\"600\">\n<tbody>\n<tr>\n<td>1.0<\/td>\n<td>1000<\/td>\n<td>2000<\/td>\n<td>7.85<\/td>\n<\/tr>\n<\/tbody>\n<\/table>\n<\/div>\n<div>\n<table style=\"height: 39px;\" width=\"600\">\n<tbody>\n<tr>\n<td>1.5<\/td>\n<td>1000<\/td>\n<td>2000<\/td>\n<td>11.8<\/td>\n<\/tr>\n<\/tbody>\n<\/table>\n<\/div>\n<div>\n<table style=\"height: 13px;\" width=\"600\">\n<tbody>\n<tr>\n<td>2.0<\/td>\n<td>1000<\/td>\n<td>2000<\/td>\n<td>15.7<\/td>\n<\/tr>\n<\/tbody>\n<\/table>\n<\/div>\n<div>\n<table style=\"height: 32px;\" width=\"600\">\n<tbody>\n<tr>\n<td>3.0<\/td>\n<td>1000<\/td>\n<td>2000<\/td>\n<td>23.4<\/td>\n<\/tr>\n<\/tbody>\n<\/table>\n<p><a href=\"https:\/\/keweicorten.com\/pt\/products\/\"><img fetchpriority=\"high\" decoding=\"async\" class=\"alignnone\" title=\"Chapa de a\u00e7o corten laminada a frio e resistente a intemp\u00e9ries\" src=\"https:\/\/th.bing.com\/th\/id\/R.7d3d96359760168a62b545d7a34dec4c?rik=UIQkD29QgLt3Ew&amp;pid=ImgRaw&amp;r=0\" alt=\"Chapa de a\u00e7o corten laminada a frio resistente a intemp\u00e9ries| keweicorten\" width=\"608\" height=\"355\" \/><\/a><\/p>\n<p><a href=\"https:\/\/keweicorten.com\/pt\/products\/\"><img decoding=\"async\" class=\"alignnone\" title=\"Chapa de a\u00e7o corten laminada a frio e resistente a intemp\u00e9ries\" src=\"https:\/\/th.bing.com\/th\/id\/R.b047684d38961f37ec21afb9ea1a92ce?rik=oeK6kzxpnhIvpA&amp;pid=ImgRaw&amp;r=0\" alt=\"Placa de a\u00e7o inoxid\u00e1vel laminada a frio -keweicorten \" width=\"606\" height=\"606\" \/><\/a><\/p>\n<\/div>","protected":false},"excerpt":{"rendered":"<p>As chapas de a\u00e7o laminadas a frio s\u00e3o processadas pelo processo de lamina\u00e7\u00e3o a frio e geralmente t\u00eam alta resist\u00eancia e bom acabamento superficial. S\u00e3o laminadas por lamina\u00e7\u00e3o em temperatura normal e podem melhorar efetivamente as propriedades mec\u00e2nicas do a\u00e7o.<\/p>","protected":false},"featured_media":1620,"comment_status":"open","ping_status":"closed","template":"","meta":{"_eb_attr":"","_monsterinsights_skip_tracking":false,"_monsterinsights_sitenote_active":false,"_monsterinsights_sitenote_note":"","_monsterinsights_sitenote_category":0,"_uf_show_specific_survey":0,"_uf_disable_surveys":false},"product_brand":[],"product_cat":[21],"product_tag":[],"class_list":{"0":"post-1619","1":"product","2":"type-product","3":"status-publish","4":"has-post-thumbnail","6":"product_cat-weather-resistant-steel-plate","8":"first","9":"instock","10":"shipping-taxable","11":"product-type-simple"},"_links":{"self":[{"href":"https:\/\/keweicorten.com\/pt\/wp-json\/wp\/v2\/product\/1619"}],"collection":[{"href":"https:\/\/keweicorten.com\/pt\/wp-json\/wp\/v2\/product"}],"about":[{"href":"https:\/\/keweicorten.com\/pt\/wp-json\/wp\/v2\/types\/product"}],"replies":[{"embeddable":true,"href":"https:\/\/keweicorten.com\/pt\/wp-json\/wp\/v2\/comments?post=1619"}],"version-history":[{"count":1,"href":"https:\/\/keweicorten.com\/pt\/wp-json\/wp\/v2\/product\/1619\/revisions"}],"predecessor-version":[{"id":1621,"href":"https:\/\/keweicorten.com\/pt\/wp-json\/wp\/v2\/product\/1619\/revisions\/1621"}],"wp:featuredmedia":[{"embeddable":true,"href":"https:\/\/keweicorten.com\/pt\/wp-json\/wp\/v2\/media\/1620"}],"wp:attachment":[{"href":"https:\/\/keweicorten.com\/pt\/wp-json\/wp\/v2\/media?parent=1619"}],"wp:term":[{"taxonomy":"product_brand","embeddable":true,"href":"https:\/\/keweicorten.com\/pt\/wp-json\/wp\/v2\/product_brand?post=1619"},{"taxonomy":"product_cat","embeddable":true,"href":"https:\/\/keweicorten.com\/pt\/wp-json\/wp\/v2\/product_cat?post=1619"},{"taxonomy":"product_tag","embeddable":true,"href":"https:\/\/keweicorten.com\/pt\/wp-json\/wp\/v2\/product_tag?post=1619"}],"curies":[{"name":"wp","href":"https:\/\/api.w.org\/{rel}","templated":true}]}}