{"id":1622,"date":"2024-09-29T08:36:56","date_gmt":"2024-09-29T08:36:56","guid":{"rendered":"https:\/\/keweicorten.com\/?post_type=product&#038;p=1622"},"modified":"2025-10-15T07:02:51","modified_gmt":"2025-10-15T07:02:51","slug":"telas-de-jardim-de-corten-2","status":"publish","type":"product","link":"https:\/\/keweicorten.com\/pt\/telas-de-jardim-de-corten-2\/","title":{"rendered":"telas de jardim de corten"},"content":{"rendered":"<p style=\"text-align: center;\"><strong>As telas de jardim Corten v\u00eam em v\u00e1rias especifica\u00e7\u00f5es:<\/strong><\/p>\n<ol>\n<li><strong>Espessura do material<\/strong>: Normalmente, varia de 2 mm a 6 mm, dependendo da durabilidade e da est\u00e9tica desejadas.<\/li>\n<li><strong>Dimens\u00f5es<\/strong>: Os tamanhos padr\u00e3o podem incluir pain\u00e9is de 1m x 2m, 1,5m x 3m ou tamanhos personalizados para atender a projetos espec\u00edficos de jardins.<\/li>\n<li><strong>Design<\/strong>: Dispon\u00edvel em pain\u00e9is s\u00f3lidos, padr\u00f5es perfurados ou recortes decorativos para privacidade e apelo est\u00e9tico.<\/li>\n<li><strong>Acabamento<\/strong>: O acabamento natural de ferrugem se desenvolve com o tempo, proporcionando uma apar\u00eancia exclusiva que varia de acordo com as condi\u00e7\u00f5es ambientais.<\/li>\n<li><strong>Instala\u00e7\u00e3o<\/strong>: Geralmente projetado para facilitar a instala\u00e7\u00e3o, com op\u00e7\u00f5es para aplica\u00e7\u00f5es independentes ou montadas.<\/li>\n<\/ol>\n<p><iframe title=\"YouTube video player\" src=\"https:\/\/www.youtube.com\/embed\/q2R3RdexYNE?si=_bYZaV0LabZu30Z-\" width=\"560\" height=\"315\" frameborder=\"0\" allowfullscreen=\"allowfullscreen\"><\/iframe><\/p>\n<table class=\"has-title all magic-11\" style=\"height: 154px;\" width=\"599\">\n<tbody>\n<tr>\n<td>\n<div class=\"magic-12\"><span style=\"font-size: medium;\">Nome do produto<\/span><\/div>\n<\/td>\n<td>\n<div class=\"magic-13\">Pain\u00e9is modernos de cerca met\u00e1lica para p\u00e1tio em a\u00e7o corten com pre\u00e7o barato<\/div>\n<\/td>\n<\/tr>\n<tr>\n<td>\n<div class=\"magic-14\"><span style=\"font-size: medium;\">Material<\/span><\/div>\n<\/td>\n<td>\n<div class=\"magic-15\"><span style=\"font-size: medium;\">A\u00e7o corten<\/span><\/div>\n<\/td>\n<\/tr>\n<tr>\n<td>\n<div class=\"magic-14\"><span style=\"font-size: medium;\">Cor<\/span><\/div>\n<\/td>\n<td>\n<div class=\"magic-15\"><span style=\"font-size: medium;\">Vermelho original ou enferrujado<\/span><\/div>\n<\/td>\n<\/tr>\n<tr>\n<td>\n<div class=\"magic-14\"><span style=\"font-size: medium;\">Tamanho<\/span><\/div>\n<\/td>\n<td>\n<div class=\"magic-15\"><span style=\"font-size: medium;\">1500mm*100mm*10mm ou conforme exig\u00eancia personalizada<\/span><\/div>\n<\/td>\n<\/tr>\n<tr>\n<td>\n<div class=\"magic-14\"><span style=\"font-size: medium;\">Aplicativo<\/span><\/div>\n<\/td>\n<td>\n<div class=\"magic-15\"><span style=\"font-size: medium;\">Cortina de parede, tela de jardim, pain\u00e9is de cerca<\/span><\/div>\n<\/td>\n<\/tr>\n<\/tbody>\n<\/table>\n<p>Tamanhos dispon\u00edveis: 60x120cm,80x160cm,90x180cm<\/p>\n<p>V\u00e1rios designs modernos<\/p>\n<p>Detalhes do material: A\u00e7o corten, a\u00e7o galvanizado ou material personalizado<\/p>\n<p>Acabamento: Desenvolve acabamento em p\u00e1tina enferrujada, acabamento com revestimento em p\u00f3, pintura etc.<\/p>\n<p>A p\u00e1tina protege contra corros\u00e3o adicional<\/p>\n<p>Pode ser usado em ambientes residenciais e comerciais<\/p>\n<p>&nbsp;<\/p>\n<p><a href=\"https:\/\/keweicorten.com\/pt\"><img fetchpriority=\"high\" decoding=\"async\" class=\"aligncenter\" title=\"Tela de jardim externa\" src=\"https:\/\/sc04.alicdn.com\/kf\/H5339dbfd65f6487d81d45d921c42d7874\/252624420\/H5339dbfd65f6487d81d45d921c42d7874.jpg\" alt=\"Fabricantes de telas de jardim externas, fornecedores, personalizados\" width=\"599\" height=\"447\" \/><\/a><\/p>","protected":false},"excerpt":{"rendered":"<p>O biombo Corten Garden combina perfeitamente arte e fun\u00e7\u00e3o para real\u00e7ar a beleza do seu jardim, proporcionando privacidade e prote\u00e7\u00e3o duradouras e mostrando um design personalizado.<\/p>","protected":false},"featured_media":1623,"comment_status":"open","ping_status":"closed","template":"","meta":{"_eb_attr":"","_monsterinsights_skip_tracking":false,"_monsterinsights_sitenote_active":false,"_monsterinsights_sitenote_note":"","_monsterinsights_sitenote_category":0,"_uf_show_specific_survey":0,"_uf_disable_surveys":false},"product_brand":[],"product_cat":[57],"product_tag":[],"class_list":{"0":"post-1622","1":"product","2":"type-product","3":"status-publish","4":"has-post-thumbnail","6":"product_cat-screen-panel","8":"first","9":"instock","10":"shipping-taxable","11":"product-type-simple"},"_links":{"self":[{"href":"https:\/\/keweicorten.com\/pt\/wp-json\/wp\/v2\/product\/1622"}],"collection":[{"href":"https:\/\/keweicorten.com\/pt\/wp-json\/wp\/v2\/product"}],"about":[{"href":"https:\/\/keweicorten.com\/pt\/wp-json\/wp\/v2\/types\/product"}],"replies":[{"embeddable":true,"href":"https:\/\/keweicorten.com\/pt\/wp-json\/wp\/v2\/comments?post=1622"}],"version-history":[{"count":2,"href":"https:\/\/keweicorten.com\/pt\/wp-json\/wp\/v2\/product\/1622\/revisions"}],"predecessor-version":[{"id":5680,"href":"https:\/\/keweicorten.com\/pt\/wp-json\/wp\/v2\/product\/1622\/revisions\/5680"}],"wp:featuredmedia":[{"embeddable":true,"href":"https:\/\/keweicorten.com\/pt\/wp-json\/wp\/v2\/media\/1623"}],"wp:attachment":[{"href":"https:\/\/keweicorten.com\/pt\/wp-json\/wp\/v2\/media?parent=1622"}],"wp:term":[{"taxonomy":"product_brand","embeddable":true,"href":"https:\/\/keweicorten.com\/pt\/wp-json\/wp\/v2\/product_brand?post=1622"},{"taxonomy":"product_cat","embeddable":true,"href":"https:\/\/keweicorten.com\/pt\/wp-json\/wp\/v2\/product_cat?post=1622"},{"taxonomy":"product_tag","embeddable":true,"href":"https:\/\/keweicorten.com\/pt\/wp-json\/wp\/v2\/product_tag?post=1622"}],"curies":[{"name":"wp","href":"https:\/\/api.w.org\/{rel}","templated":true}]}}