{"id":1747,"date":"2024-10-18T07:48:03","date_gmt":"2024-10-18T07:48:03","guid":{"rendered":"https:\/\/keweicorten.com\/?post_type=product&#038;p=1747"},"modified":"2025-01-15T06:20:00","modified_gmt":"2025-01-15T06:20:00","slug":"grelha-para-churrasco-de-aco-corten-de-alta-qualidade","status":"publish","type":"product","link":"https:\/\/keweicorten.com\/pt\/grelha-para-churrasco-de-aco-corten-de-alta-qualidade\/","title":{"rendered":"Churrasqueira de a\u00e7o corten de alta qualidade"},"content":{"rendered":"<div style=\"width: 800px;\" class=\"wp-video\"><!--[if lt IE 9]><script>document.createElement('video');<\/script><![endif]-->\n<video class=\"wp-video-shortcode\" id=\"video-1747-1\" width=\"800\" height=\"450\" loop=\"1\" preload=\"metadata\" controls=\"controls\"><source type=\"video\/mp4\" src=\"https:\/\/keweicorten.com\/wp-content\/uploads\/2024\/10\/corten-steel-BBQ-grill.mp4?_=1\" \/><a href=\"https:\/\/keweicorten.com\/wp-content\/uploads\/2024\/10\/corten-steel-BBQ-grill.mp4\">https:\/\/keweicorten.com\/wp-content\/uploads\/2024\/10\/corten-steel-BBQ-grill.mp4<\/a><\/video><\/div>\n<p>Em busca de alta qualidade de vida, ter uma churrasqueira de a\u00e7o corten de alta qualidade, dur\u00e1vel e de f\u00e1cil manuten\u00e7\u00e3o, tornou-se a primeira op\u00e7\u00e3o para muitas fam\u00edlias. Nossas churrasqueiras de a\u00e7o corten oferecem uma experi\u00eancia inigual\u00e1vel de grelhar gra\u00e7as \u00e0 sua excelente resist\u00eancia \u00e0 corros\u00e3o, design f\u00e1cil de limpar e f\u00e1cil instala\u00e7\u00e3o.<\/p>\n<ol>\n<li>Caracter\u00edsticas do produto<br \/>\nA\u00e7o resistente a intemp\u00e9ries, forte e dur\u00e1vel<br \/>\nO uso de material de a\u00e7o de alta qualidade com excelente resist\u00eancia \u00e0 corros\u00e3o, mesmo em condi\u00e7\u00f5es clim\u00e1ticas adversas, pode manter a boa apar\u00eancia e a fun\u00e7\u00e3o. Seja para churrasco ao ar livre ou para uso interno, ela resistir\u00e1 ao teste do tempo.<\/li>\n<li>Design f\u00e1cil de limpar, economiza tempo e esfor\u00e7o<br \/>\nO design exclusivo torna a limpeza extremamente f\u00e1cil. Voc\u00ea pode limpar sua grelha em apenas alguns minutos, dizer adeus ao tedioso processo de limpeza e ter mais tempo para saborear sua comida.<\/li>\n<li>F\u00e1cil de instalar, conveniente e r\u00e1pido<br \/>\nA instala\u00e7\u00e3o \u00e9 f\u00e1cil para qualquer pessoa sem ferramentas complexas e conhecimento especializado. As etapas simples de montagem permitem que voc\u00ea comece a grelhar e desfrute de refei\u00e7\u00f5es deliciosas no menor tempo poss\u00edvel.<\/li>\n<\/ol>\n<p>Por que nos escolher?<br \/>\nMaterial de alta qualidade: o a\u00e7o resistente a intemp\u00e9ries garante uma longa vida \u00fatil do produto.<br \/>\nDesign f\u00e1cil de limpar: Permite que voc\u00ea aprecie a comida ao mesmo tempo, reduzindo o trabalho de limpeza.<br \/>\nF\u00e1cil instala\u00e7\u00e3o: Montagem r\u00e1pida para divers\u00e3o instant\u00e2nea no churrasco.<\/p>\n<p><a href=\"https:\/\/keweicorten.com\/pt\"><img fetchpriority=\"high\" decoding=\"async\" class=\"alignnone\" title=\"Churrasqueira de a\u00e7o corten\" src=\"https:\/\/sc04.alicdn.com\/kf\/H4a94e032d1814121892c0ee8ba904035Y\/230328874\/H4a94e032d1814121892c0ee8ba904035Y.jpg\" alt=\"churrasqueira de a\u00e7o corten personalizada, atacado, barata, para venda keweicorten\" width=\"650\" height=\"433\" \/><\/a><\/p>\n<p><a href=\"https:\/\/keweicorten.com\/pt\/produto\/telas-de-jardim-de-corten\/\"><img decoding=\"async\" class=\"alignnone\" src=\"https:\/\/sc04.alicdn.com\/kf\/Hb286da351b8f4b9b9b3970b3a8a63625w\/230328874\/Hb286da351b8f4b9b9b3970b3a8a63625w.jpg\" alt=\"churrasqueira de a\u00e7o corten personalizada, atacado, barata, para venda\" width=\"650\" height=\"650\" \/><\/a><\/p>\n<p>A churrasqueira Fire BBQ Grill \u00e9 feita de a\u00e7o Corten (ou a\u00e7o para intemp\u00e9ries), uma liga que forma naturalmente uma camada de ferrugem nos primeiros nove meses de exposi\u00e7\u00e3o ao clima. O interessante \u00e9 que, devido \u00e0 composi\u00e7\u00e3o dessa liga especial, esse revestimento de ferrugem forma uma camada protetora que impede a oxida\u00e7\u00e3o adicional. O a\u00e7o por baixo permanece intacto, pois a camada externa continua a proteger e a se regenerar \u00e0 medida que \u00e9 exposto \u00e0 \u00e1gua e ao oxig\u00eanio.<\/p>\n<p><a href=\"https:\/\/keweicorten.com\/pt\"><img decoding=\"async\" class=\"alignnone\" title=\"Churrasqueira de corten\" src=\"https:\/\/sc04.alicdn.com\/kf\/Hf12500ad95134ae791d1dd097784240aV\/230328874\/Hf12500ad95134ae791d1dd097784240aV.jpg\" alt=\"churrasqueira de corten F\u00e1brica, China, pre\u00e7o, fabricantes keweicorten\" width=\"650\" height=\"487\" \/><\/a><\/p>\n<p class=\"magic-28\" data-spm-anchor-id=\"a2700.details.0.i45.9c387fd44v8MUV\"><b><span class=\"magic-29\"><br \/>\nPor que nos escolher para cooperar?<\/span><\/b><b><\/b><\/p>\n<p class=\"magic-28\"><span class=\"magic-31\"><span class=\"magic-19\" style=\"color: #48916c;\">1. Quantos designs voc\u00ea tem?<\/span><\/span><\/p>\n<div class=\"magic-28\">\n<p><span class=\"magic-31\"><span class=\"magic-19\">Atualmente, temos mais de dez estilos de grelhas de a\u00e7o corten para churrasco. Se voc\u00ea precisar, h\u00e1 <\/span><\/span><span class=\"magic-19\">N\u00e3o h\u00e1 problema em personalizar os fogos de artif\u00edcio de acordo com suas necessidades.<\/span><\/p>\n<p class=\"magic-30\"><span class=\"magic-31\"><span style=\"color: #48916c;\">2. H\u00e1 quantos anos voc\u00ea fabrica fogueiras? <\/span><\/span><\/p>\n<p class=\"magic-30\"><span class=\"magic-31\">Os fogos de artif\u00edcio s\u00e3o produzidos h\u00e1 mais de 4 anos.<\/span><\/p>\n<p class=\"magic-30\"><span style=\"color: #48916c;\"><span class=\"magic-31\">3. Voc\u00ea pode fazer o design? <\/span>para n\u00f3s?<\/span><\/p>\n<p class=\"magic-30\"><span class=\"magic-31\">Sim, \u00e9 claro. Temos uma equipe de profissionais com vasta experi\u00eancia em design e fabrica\u00e7\u00e3o. Basta nos enviar o <span style=\"color: #000000;\">desenhos de <\/span><\/span><span style=\"color: #000000;\">os fogos de artif\u00edcio de que voc\u00ea precisa ou as fotos com o tamanho.<\/span><\/p>\n<p class=\"magic-30\"><span class=\"magic-31\"><span style=\"color: #48916c;\">4. Qual \u00e9 a embalagem dos fogos de artif\u00edcio?<\/span><\/span><\/p>\n<p class=\"magic-30\"><span class=\"magic-31\">Caixa de madeira compensada, palete de ferro, palete de madeira compensada e de acordo com as exig\u00eancias do cliente.<\/span><\/p>\n<\/div>","protected":false},"excerpt":{"rendered":"<p>Ao escolher nossas churrasqueiras de a\u00e7o resistente \u00e0s intemp\u00e9ries, voc\u00ea n\u00e3o est\u00e1 apenas escolhendo uma alta qualidade de vida, mas tamb\u00e9m a combina\u00e7\u00e3o perfeita de conveni\u00eancia e durabilidade. Vamos aproveitar a divers\u00e3o do churrasco juntos, compre agora e comece sua jornada culin\u00e1ria!<\/p>","protected":false},"featured_media":1748,"comment_status":"open","ping_status":"closed","template":"","meta":{"_eb_attr":"","_monsterinsights_skip_tracking":false,"_monsterinsights_sitenote_active":false,"_monsterinsights_sitenote_note":"","_monsterinsights_sitenote_category":0,"_uf_show_specific_survey":0,"_uf_disable_surveys":false},"product_brand":[],"product_cat":[63],"product_tag":[],"class_list":{"0":"post-1747","1":"product","2":"type-product","3":"status-publish","4":"has-post-thumbnail","6":"product_cat-steel-bbq-grill","8":"first","9":"instock","10":"shipping-taxable","11":"product-type-simple"},"_links":{"self":[{"href":"https:\/\/keweicorten.com\/pt\/wp-json\/wp\/v2\/product\/1747"}],"collection":[{"href":"https:\/\/keweicorten.com\/pt\/wp-json\/wp\/v2\/product"}],"about":[{"href":"https:\/\/keweicorten.com\/pt\/wp-json\/wp\/v2\/types\/product"}],"replies":[{"embeddable":true,"href":"https:\/\/keweicorten.com\/pt\/wp-json\/wp\/v2\/comments?post=1747"}],"version-history":[{"count":2,"href":"https:\/\/keweicorten.com\/pt\/wp-json\/wp\/v2\/product\/1747\/revisions"}],"predecessor-version":[{"id":1756,"href":"https:\/\/keweicorten.com\/pt\/wp-json\/wp\/v2\/product\/1747\/revisions\/1756"}],"wp:featuredmedia":[{"embeddable":true,"href":"https:\/\/keweicorten.com\/pt\/wp-json\/wp\/v2\/media\/1748"}],"wp:attachment":[{"href":"https:\/\/keweicorten.com\/pt\/wp-json\/wp\/v2\/media?parent=1747"}],"wp:term":[{"taxonomy":"product_brand","embeddable":true,"href":"https:\/\/keweicorten.com\/pt\/wp-json\/wp\/v2\/product_brand?post=1747"},{"taxonomy":"product_cat","embeddable":true,"href":"https:\/\/keweicorten.com\/pt\/wp-json\/wp\/v2\/product_cat?post=1747"},{"taxonomy":"product_tag","embeddable":true,"href":"https:\/\/keweicorten.com\/pt\/wp-json\/wp\/v2\/product_tag?post=1747"}],"curies":[{"name":"wp","href":"https:\/\/api.w.org\/{rel}","templated":true}]}}