{"id":1817,"date":"2024-10-25T06:37:18","date_gmt":"2024-10-25T06:37:18","guid":{"rendered":"https:\/\/keweicorten.com\/?post_type=product&#038;p=1817"},"modified":"2025-01-15T06:20:14","modified_gmt":"2025-01-15T06:20:14","slug":"plantadeira-de-corten","status":"publish","type":"product","link":"https:\/\/keweicorten.com\/pt\/plantadeira-de-corten\/","title":{"rendered":"vaso de flores de corten"},"content":{"rendered":"<div data-elementor-type=\"product-post\" data-elementor-id=\"1817\" class=\"elementor elementor-1817\" data-elementor-post-type=\"product\">\n\t\t\t\t<div class=\"elementor-element elementor-element-458aff07 e-flex e-con-boxed e-con e-parent\" data-id=\"458aff07\" data-element_type=\"container\">\n\t\t\t\t\t<div class=\"e-con-inner\">\n\t\t\t\t<div class=\"elementor-element elementor-element-7189a10 elementor-widget__width-initial elementor-widget elementor-widget-video\" data-id=\"7189a10\" data-element_type=\"widget\" data-settings=\"{&quot;youtube_url&quot;:&quot;https:\\\/\\\/www.youtube.com\\\/watch?v=XHOmBV4js_E&quot;,&quot;video_type&quot;:&quot;youtube&quot;,&quot;controls&quot;:&quot;yes&quot;}\" data-widget_type=\"video.default\">\n\t\t\t\t<div class=\"elementor-widget-container\">\n\t\t\t\t\t\t\t<div class=\"elementor-wrapper elementor-open-inline\">\n\t\t\t<div class=\"elementor-video\"><\/div>\t\t<\/div>\n\t\t\t\t\t\t<\/div>\n\t\t\t\t<\/div>\n\t\t\t\t<div class=\"elementor-element elementor-element-adaf943 elementor-widget elementor-widget-video\" data-id=\"adaf943\" data-element_type=\"widget\" data-settings=\"{&quot;youtube_url&quot;:&quot;https:\\\/\\\/www.youtube.com\\\/watch?v=of5nKoMGgLE&quot;,&quot;autoplay&quot;:&quot;yes&quot;,&quot;play_on_mobile&quot;:&quot;yes&quot;,&quot;loop&quot;:&quot;yes&quot;,&quot;video_type&quot;:&quot;youtube&quot;,&quot;controls&quot;:&quot;yes&quot;}\" data-widget_type=\"video.default\">\n\t\t\t\t<div class=\"elementor-widget-container\">\n\t\t\t\t\t\t\t<div class=\"elementor-wrapper elementor-open-inline\">\n\t\t\t<div class=\"elementor-video\"><\/div>\t\t<\/div>\n\t\t\t\t\t\t<\/div>\n\t\t\t\t<\/div>\n\t\t\t\t<div class=\"elementor-element elementor-element-2a730689 elementor-widget elementor-widget-text-editor\" data-id=\"2a730689\" data-element_type=\"widget\" data-widget_type=\"text-editor.default\">\n\t\t\t\t<div class=\"elementor-widget-container\">\n\t\t\t\t\t\t\t\t\t<h2 style=\"text-align: center;\">Caixa para plantas de corten Caixa para plantas de a\u00e7o retangular grande e moderna<\/h2><div>\u00a0<\/div><p style=\"text-align: center;\"><a href=\"https:\/\/keweicorten.com\/pt\"><img fetchpriority=\"high\" decoding=\"async\" class=\"alignnone\" title=\"plantadeira de corten\" src=\"https:\/\/sc04.alicdn.com\/kf\/H86a52c3fadb744d0affd725582820c2fO\/235950374\/H86a52c3fadb744d0affd725582820c2fO.jpg\" alt=\"plantador de corten atacado, barato, para venda, em estoque keweicorten\" width=\"750\" height=\"384\" \/><\/a><\/p><p style=\"text-align: center;\">Resist\u00eancia \u00e0s intemp\u00e9ries: os vasos de flores de corten t\u00eam excelente resist\u00eancia \u00e0 corros\u00e3o e s\u00e3o adequados para uso em v\u00e1rios ambientes externos.<\/p><p style=\"text-align: center;\">Apar\u00eancia e cor: a superf\u00edcie do vaso de flores tem uma cor vermelha enferrujada natural, o que lhe confere uma beleza \u00fanica.<\/p><p style=\"text-align: center;\">Espessura e peso: O vaso de flores \u00e9 feito de chapa de a\u00e7o resistente a intemp\u00e9ries de espessura apropriada, que \u00e9 forte e f\u00e1cil de manusear e usar.<\/p><p style=\"text-align: center;\">Pre\u00e7o: O pre\u00e7o de um vaso de flores de corten \u00e9 relativamente alto, mas sua durabilidade e est\u00e9tica fazem dele um investimento de longo prazo.<\/p><p style=\"text-align: center;\">Tamanhos e formatos: os vasos de flores de corten est\u00e3o dispon\u00edveis em uma variedade de tamanhos e formatos para atender a diferentes plantas e necessidades decorativas.<\/p><p style=\"text-align: center;\">Tratamento da superf\u00edcie: A superf\u00edcie do vaso de flores \u00e9 tratada especialmente para formar uma camada protetora de \u00f3xido, o que aumenta sua resist\u00eancia \u00e0s intemp\u00e9ries e sua est\u00e9tica.<\/p><p style=\"text-align: center;\">\u00a0<\/p><p style=\"text-align: center;\">\u00a0<\/p><p style=\"text-align: left;\">\u00a0<\/p>\t\t\t\t\t\t\t\t<\/div>\n\t\t\t\t<\/div>\n\t\t<div class=\"elementor-element elementor-element-ab532f1 e-con-full e-flex e-con e-child\" data-id=\"ab532f1\" data-element_type=\"container\">\n\t\t\t\t<div class=\"elementor-element elementor-element-9769c36 elementor-widget__width-initial elementor-widget elementor-widget-text-editor\" data-id=\"9769c36\" data-element_type=\"widget\" data-widget_type=\"text-editor.default\">\n\t\t\t\t<div class=\"elementor-widget-container\">\n\t\t\t\t\t\t\t\t\t<div>Design simples e limpo.<\/div><div>\u00a0<\/div><div>\u00a0<\/div><div><span style=\"color: #000000;\">Constru\u00eddo com 12 GA Cor-<\/span><span style=\"color: #000000;\">Ten Steel.<\/span><\/div><div>\u00a0<\/div><div>\u00a0<\/div><div><span style=\"color: #000000;\">Dispon\u00edvel com ou sem furos de drenagem.<\/span><\/div><div>\u00a0<\/div><div>\u00a0<\/div><div><span style=\"color: #000000;\">Excelente durabilidade em ambientes externos.<\/span><\/div><div><span style=\"color: #000000;\"> Enviado em sua condi\u00e7\u00e3o original.<\/span><\/div><div>\u00a0<\/div><div>\u00a0<\/div><div><span style=\"color: #000000;\">Tamanhos personalizados est\u00e3o dispon\u00edveis.<\/span><\/div>\t\t\t\t\t\t\t\t<\/div>\n\t\t\t\t<\/div>\n\t\t\t\t<div class=\"elementor-element elementor-element-87b57e3 elementor-widget elementor-widget-image\" data-id=\"87b57e3\" data-element_type=\"widget\" data-widget_type=\"image.default\">\n\t\t\t\t<div class=\"elementor-widget-container\">\n\t\t\t\t\t\t\t\t\t\t\t\t\t\t\t<img decoding=\"async\" width=\"750\" height=\"750\" src=\"https:\/\/keweicorten.com\/wp-content\/uploads\/2024\/10\/\u5fae\u4fe1\u56fe\u7247_20230707153408.jpg\" class=\"attachment-large size-large wp-image-1822\" alt=\"\" srcset=\"https:\/\/keweicorten.com\/wp-content\/uploads\/2024\/10\/\u5fae\u4fe1\u56fe\u7247_20230707153408.jpg 750w, https:\/\/keweicorten.com\/wp-content\/uploads\/2024\/10\/\u5fae\u4fe1\u56fe\u7247_20230707153408-300x300.jpg 300w, https:\/\/keweicorten.com\/wp-content\/uploads\/2024\/10\/\u5fae\u4fe1\u56fe\u7247_20230707153408-150x150.jpg 150w, https:\/\/keweicorten.com\/wp-content\/uploads\/2024\/10\/\u5fae\u4fe1\u56fe\u7247_20230707153408-12x12.jpg 12w, https:\/\/keweicorten.com\/wp-content\/uploads\/2024\/10\/\u5fae\u4fe1\u56fe\u7247_20230707153408-600x600.jpg 600w, https:\/\/keweicorten.com\/wp-content\/uploads\/2024\/10\/\u5fae\u4fe1\u56fe\u7247_20230707153408-100x100.jpg 100w\" sizes=\"(max-width: 750px) 100vw, 750px\" \/>\t\t\t\t\t\t\t\t\t\t\t\t\t\t\t<\/div>\n\t\t\t\t<\/div>\n\t\t\t\t<\/div>\n\t\t<div class=\"elementor-element elementor-element-bb75c07 e-con-full e-flex e-con e-child\" data-id=\"bb75c07\" data-element_type=\"container\">\n\t\t\t\t<div class=\"elementor-element elementor-element-e8f5e39 elementor-widget__width-initial elementor-widget elementor-widget-image\" data-id=\"e8f5e39\" data-element_type=\"widget\" data-widget_type=\"image.default\">\n\t\t\t\t<div class=\"elementor-widget-container\">\n\t\t\t\t\t\t\t\t\t\t\t\t<figure class=\"wp-caption\">\n\t\t\t\t\t\t\t\t\t\t<img decoding=\"async\" width=\"564\" height=\"564\" src=\"https:\/\/keweicorten.com\/wp-content\/uploads\/2024\/10\/a2df.jpg\" class=\"attachment-large size-large wp-image-1821\" alt=\"\" srcset=\"https:\/\/keweicorten.com\/wp-content\/uploads\/2024\/10\/a2df.jpg 564w, https:\/\/keweicorten.com\/wp-content\/uploads\/2024\/10\/a2df-300x300.jpg 300w, https:\/\/keweicorten.com\/wp-content\/uploads\/2024\/10\/a2df-150x150.jpg 150w, https:\/\/keweicorten.com\/wp-content\/uploads\/2024\/10\/a2df-12x12.jpg 12w, https:\/\/keweicorten.com\/wp-content\/uploads\/2024\/10\/a2df-100x100.jpg 100w\" sizes=\"(max-width: 564px) 100vw, 564px\" \/>\t\t\t\t\t\t\t\t\t\t\t<figcaption class=\"widget-image-caption wp-caption-text\"><\/figcaption>\n\t\t\t\t\t\t\t\t\t\t<\/figure>\n\t\t\t\t\t\t\t\t\t<\/div>\n\t\t\t\t<\/div>\n\t\t\t\t<div class=\"elementor-element elementor-element-0c0063a elementor-widget__width-initial elementor-widget elementor-widget-text-editor\" data-id=\"0c0063a\" data-element_type=\"widget\" data-widget_type=\"text-editor.default\">\n\t\t\t\t<div class=\"elementor-widget-container\">\n\t\t\t\t\t\t\t\t\t<p><b data-spm-anchor-id=\"a2700.details.0.i41.5cc33fd8mJPIfQ\">5 anos de garantia do fabricante<\/b> - Proporcionando-lhe tranquilidade<\/p><p>\u00a0<\/p><p><b>Altamente resistente \u00e0 corros\u00e3o<\/b> - O a\u00e7o corten resiste a todas as condi\u00e7\u00f5es clim\u00e1ticas sem manuten\u00e7\u00e3o. Uma vez desgastado at\u00e9 a cor marrom alaranjada, essa fina camada de oxida\u00e7\u00e3o protege o a\u00e7o de qualquer corros\u00e3o adicional.<\/p><p>\u00a0<\/p><p><b>Aplicativo<\/b> - Ideal para uso residencial e comercial<\/p>\t\t\t\t\t\t\t\t<\/div>\n\t\t\t\t<\/div>\n\t\t\t\t<\/div>\n\t\t\t\t\t<\/div>\n\t\t\t\t<\/div>\n\t\t\t\t<\/div>","protected":false},"excerpt":{"rendered":"<p>Vasos de flores de a\u00e7o corten, com design moderno e estilo natural, dur\u00e1veis e bonitos, ideais para aprimorar seu ambiente externo.<\/p>","protected":false},"featured_media":1816,"comment_status":"open","ping_status":"closed","template":"","meta":{"_eb_attr":"","_monsterinsights_skip_tracking":false,"_monsterinsights_sitenote_active":false,"_monsterinsights_sitenote_note":"","_monsterinsights_sitenote_category":0,"_uf_show_specific_survey":0,"_uf_disable_surveys":false},"product_brand":[],"product_cat":[59],"product_tag":[],"class_list":{"0":"post-1817","1":"product","2":"type-product","3":"status-publish","4":"has-post-thumbnail","6":"product_cat-flower-pot","8":"first","9":"instock","10":"shipping-taxable","11":"product-type-simple"},"_links":{"self":[{"href":"https:\/\/keweicorten.com\/pt\/wp-json\/wp\/v2\/product\/1817"}],"collection":[{"href":"https:\/\/keweicorten.com\/pt\/wp-json\/wp\/v2\/product"}],"about":[{"href":"https:\/\/keweicorten.com\/pt\/wp-json\/wp\/v2\/types\/product"}],"replies":[{"embeddable":true,"href":"https:\/\/keweicorten.com\/pt\/wp-json\/wp\/v2\/comments?post=1817"}],"version-history":[{"count":9,"href":"https:\/\/keweicorten.com\/pt\/wp-json\/wp\/v2\/product\/1817\/revisions"}],"predecessor-version":[{"id":1866,"href":"https:\/\/keweicorten.com\/pt\/wp-json\/wp\/v2\/product\/1817\/revisions\/1866"}],"wp:featuredmedia":[{"embeddable":true,"href":"https:\/\/keweicorten.com\/pt\/wp-json\/wp\/v2\/media\/1816"}],"wp:attachment":[{"href":"https:\/\/keweicorten.com\/pt\/wp-json\/wp\/v2\/media?parent=1817"}],"wp:term":[{"taxonomy":"product_brand","embeddable":true,"href":"https:\/\/keweicorten.com\/pt\/wp-json\/wp\/v2\/product_brand?post=1817"},{"taxonomy":"product_cat","embeddable":true,"href":"https:\/\/keweicorten.com\/pt\/wp-json\/wp\/v2\/product_cat?post=1817"},{"taxonomy":"product_tag","embeddable":true,"href":"https:\/\/keweicorten.com\/pt\/wp-json\/wp\/v2\/product_tag?post=1817"}],"curies":[{"name":"wp","href":"https:\/\/api.w.org\/{rel}","templated":true}]}}