{"id":1867,"date":"2024-10-29T02:29:39","date_gmt":"2024-10-29T02:29:39","guid":{"rendered":"https:\/\/keweicorten.com\/?post_type=product&#038;p=1867"},"modified":"2024-10-29T02:31:51","modified_gmt":"2024-10-29T02:31:51","slug":"placa-de-aco-corten-a-astm-a606-a588-para-intemperies","status":"publish","type":"product","link":"https:\/\/keweicorten.com\/pt\/placa-de-aco-corten-a-astm-a606-a588-para-intemperies\/","title":{"rendered":"Placa de a\u00e7o corten a ASTM A606 A588 para intemp\u00e9ries"},"content":{"rendered":"<table>\n<thead>\n<tr>\n<th><strong>Propriedade<\/strong><\/th>\n<th><strong>ASTM A606<\/strong><\/th>\n<th><strong>ASTM A588 (Corten A)<\/strong><\/th>\n<\/tr>\n<\/thead>\n<tbody>\n<tr>\n<td><strong>Padr\u00e3o<\/strong><\/td>\n<td>ASTM A606-4<\/td>\n<td>ASTM A588 Grau A<\/td>\n<\/tr>\n<tr>\n<td><strong>Tipo<\/strong><\/td>\n<td>A\u00e7o de baixa liga de alta resist\u00eancia<\/td>\n<td>A\u00e7o para intemp\u00e9ries<\/td>\n<\/tr>\n<tr>\n<td><strong>Resist\u00eancia \u00e0 corros\u00e3o<\/strong><\/td>\n<td>Bom<\/td>\n<td>Excelente; resistente \u00e0 corros\u00e3o atmosf\u00e9rica<\/td>\n<\/tr>\n<tr>\n<td><strong>Resist\u00eancia \u00e0 tra\u00e7\u00e3o<\/strong><\/td>\n<td>M\u00ednimo de 70 ksi (485 MPa)<\/td>\n<td>M\u00ednimo de 70 ksi (485 MPa)<\/td>\n<\/tr>\n<tr>\n<td><strong>Resist\u00eancia ao rendimento<\/strong><\/td>\n<td>M\u00ednimo de 50 ksi (345 MPa)<\/td>\n<td>M\u00ednimo de 50 ksi (345 MPa)<\/td>\n<\/tr>\n<tr>\n<td><strong>Alongamento<\/strong><\/td>\n<td>Varia de acordo com a espessura<\/td>\n<td>Varia de acordo com a espessura<\/td>\n<\/tr>\n<tr>\n<td><strong>Faixa de espessura<\/strong><\/td>\n<td>Normalmente, at\u00e9 2 polegadas (50 mm)<\/td>\n<td>Normalmente, at\u00e9 2 polegadas (50 mm)<\/td>\n<\/tr>\n<tr>\n<td><strong>Formabilidade<\/strong><\/td>\n<td>Bom<\/td>\n<td>Bom<\/td>\n<\/tr>\n<tr>\n<td><strong>Soldabilidade<\/strong><\/td>\n<td>Bom, com as devidas precau\u00e7\u00f5es<\/td>\n<td>Bom, com as devidas precau\u00e7\u00f5es<\/td>\n<\/tr>\n<tr>\n<td><strong>Aplicativos<\/strong><\/td>\n<td>Constru\u00e7\u00e3o, pontes, suportes estruturais<\/td>\n<td>Pontes, constru\u00e7\u00e3o, aplica\u00e7\u00f5es mar\u00edtimas<\/td>\n<\/tr>\n<tr>\n<td><strong>Acabamento da superf\u00edcie<\/strong><\/td>\n<td>Acabamento de fresagem ou conforme especificado<\/td>\n<td>Acabamento de fresagem ou conforme especificado<\/td>\n<\/tr>\n<tr>\n<td><strong>Composi\u00e7\u00e3o qu\u00edmica<\/strong><\/td>\n<td>Varia ligeiramente de acordo com os requisitos espec\u00edficos<\/td>\n<td>Cont\u00e9m elementos como o cobre para aumentar a resist\u00eancia \u00e0s intemp\u00e9ries<\/td>\n<\/tr>\n<\/tbody>\n<\/table>\n<p><a href=\"https:\/\/keweicorten.com\/pt\"><img fetchpriority=\"high\" decoding=\"async\" class=\"alignnone\" title=\"Placa de a\u00e7o ASTM A588 \" src=\"https:\/\/i.ytimg.com\/vi\/5OTJne5mkO0\/maxresdefault.jpg\" alt=\"Placa de a\u00e7o ASTM A588 \" width=\"556\" height=\"313\" \/><\/a><\/p>\n<p><a href=\"https:\/\/keweicorten.com\/pt\"><img decoding=\"async\" class=\"alignnone\" title=\"Placa de a\u00e7o corten ASTM A588 ASTM A606 4 \" src=\"https:\/\/image.made-in-china.com\/2f0j00rkpiaVFIheYJ\/ASTM-A588-ASTM-A606-4-Corten-Steel-Plate-Gr-a-Gr-B-Corrosion-Resistance-Weathering-Steel-Sheet-for-Outdoor-Metal-Sheet.jpg\" alt=\"Placa de a\u00e7o corten ASTM A588 ASTM A606 4 \" width=\"556\" height=\"556\" \/><\/a><\/p>\n<p><a href=\"https:\/\/keweicorten.com\/pt\"><img decoding=\"async\" class=\"alignnone\" title=\"Placas de a\u00e7o corten ASTM A588 Gr.B \" src=\"https:\/\/www.csteelindia.com\/images\/astm-588-type2-steel-plates.jpg\" alt=\"Placas de a\u00e7o corten ASTM A588 Gr.B pre\u00e7o na China | keweicorten\" width=\"559\" height=\"315\" \/><\/a><\/p>","protected":false},"excerpt":{"rendered":"<p>Uma compreens\u00e3o clara das principais caracter\u00edsticas e dos cen\u00e1rios de aplica\u00e7\u00e3o das chapas de a\u00e7o para intemp\u00e9ries ASTM A606 e A588 da China ajuda a selecionar o material certo para suas necessidades espec\u00edficas de engenharia.<\/p>","protected":false},"featured_media":1868,"comment_status":"open","ping_status":"closed","template":"","meta":{"_eb_attr":"","_monsterinsights_skip_tracking":false,"_monsterinsights_sitenote_active":false,"_monsterinsights_sitenote_note":"","_monsterinsights_sitenote_category":0,"_uf_show_specific_survey":0,"_uf_disable_surveys":false},"product_brand":[],"product_cat":[21],"product_tag":[],"class_list":{"0":"post-1867","1":"product","2":"type-product","3":"status-publish","4":"has-post-thumbnail","6":"product_cat-weather-resistant-steel-plate","8":"first","9":"instock","10":"shipping-taxable","11":"product-type-simple"},"_links":{"self":[{"href":"https:\/\/keweicorten.com\/pt\/wp-json\/wp\/v2\/product\/1867"}],"collection":[{"href":"https:\/\/keweicorten.com\/pt\/wp-json\/wp\/v2\/product"}],"about":[{"href":"https:\/\/keweicorten.com\/pt\/wp-json\/wp\/v2\/types\/product"}],"replies":[{"embeddable":true,"href":"https:\/\/keweicorten.com\/pt\/wp-json\/wp\/v2\/comments?post=1867"}],"version-history":[{"count":2,"href":"https:\/\/keweicorten.com\/pt\/wp-json\/wp\/v2\/product\/1867\/revisions"}],"predecessor-version":[{"id":1870,"href":"https:\/\/keweicorten.com\/pt\/wp-json\/wp\/v2\/product\/1867\/revisions\/1870"}],"wp:featuredmedia":[{"embeddable":true,"href":"https:\/\/keweicorten.com\/pt\/wp-json\/wp\/v2\/media\/1868"}],"wp:attachment":[{"href":"https:\/\/keweicorten.com\/pt\/wp-json\/wp\/v2\/media?parent=1867"}],"wp:term":[{"taxonomy":"product_brand","embeddable":true,"href":"https:\/\/keweicorten.com\/pt\/wp-json\/wp\/v2\/product_brand?post=1867"},{"taxonomy":"product_cat","embeddable":true,"href":"https:\/\/keweicorten.com\/pt\/wp-json\/wp\/v2\/product_cat?post=1867"},{"taxonomy":"product_tag","embeddable":true,"href":"https:\/\/keweicorten.com\/pt\/wp-json\/wp\/v2\/product_tag?post=1867"}],"curies":[{"name":"wp","href":"https:\/\/api.w.org\/{rel}","templated":true}]}}