{"id":1882,"date":"2024-11-01T06:47:16","date_gmt":"2024-11-01T06:47:16","guid":{"rendered":"https:\/\/keweicorten.com\/?post_type=product&#038;p=1882"},"modified":"2024-11-01T06:47:16","modified_gmt":"2024-11-01T06:47:16","slug":"aco-para-intemperies-q310gnh","status":"publish","type":"product","link":"https:\/\/keweicorten.com\/pt\/aco-para-intemperies-q310gnh\/","title":{"rendered":"A\u00e7o para intemp\u00e9ries Q310GNH"},"content":{"rendered":"<p><strong>Especifica\u00e7\u00e3o da placa de a\u00e7o Q310GNH:<\/strong><\/p>\n<table style=\"height: 110px;\" width=\"747\">\n<tbody>\n<tr class=\"firstRow\">\n<td valign=\"top\" width=\"374\">Grau: Q310GNH<\/p>\n<p>Padr\u00e3o: China GB\/T 4171<\/p>\n<p>Espessura: 1 mm a 100 mm, suporte aberto<\/td>\n<td valign=\"top\" width=\"374\">Ampla: 1000 mm a 4100 mm, suporte aberto<\/p>\n<p>Comprimento: 1000 mm a 12000 mm, suporte aberto<\/td>\n<\/tr>\n<\/tbody>\n<\/table>\n<p><strong>Aplica\u00e7\u00e3o do a\u00e7o para intemp\u00e9ries Q310GNH:<\/strong><br \/>\nA chapa de a\u00e7o Q310GNH \u00e9 amplamente utilizada em ve\u00edculos, pontes, torres, cont\u00eaineres e assim por diante.<br \/>\nPropriedades mec\u00e2nicas da chapa de a\u00e7o para intemp\u00e9ries GB\/T 4171 Q310GNH<br \/>\nResist\u00eancia \u00e0 tra\u00e7\u00e3o Mpa M\u00ednimo: 450 Resist\u00eancia ao escoamento Mpa M\u00ednimo: 310<\/p>\n<p><strong>\u00a0Status de entrega do a\u00e7o para intemp\u00e9ries Q310GNH:<\/strong><br \/>\nTipo de a\u00e7o: A\u00e7o para intemp\u00e9ries Q310GNH<br \/>\nEspessura: Conjunto de suporte aberto<br \/>\nLargura: Suporte aberto<br \/>\nComprimento: pode ser definido de acordo com suas necessidades reais<br \/>\nMarca: Baosteel, Angang Steel, etc.<\/p>\n<p><a href=\"https:\/\/keweicorten.com\/pt\"><img fetchpriority=\"high\" decoding=\"async\" class=\"alignnone\" title=\"Placa de a\u00e7o resistente a intemp\u00e9ries Q310GNH,\" src=\"https:\/\/5.imimg.com\/data5\/DB\/BS\/QS\/SELLER-101088024\/gb-t-4171-q310gnh-weather-resistant-steel-plate-500x500.jpg\" alt=\"Placa de a\u00e7o resistente a intemp\u00e9ries Q310GNH,\" width=\"500\" height=\"417\" \/><\/a><\/p>\n<p>&nbsp;<\/p>","protected":false},"excerpt":{"rendered":"<p>Material do produto da chapa de a\u00e7o resistente \u00e0s intemp\u00e9ries:<\/p>\n<p>A\u00e7o de alta resist\u00eancia a intemp\u00e9ries: Q295GNH, Q355GNH, Q265GNH, Q310GNH<\/p>\n<p>A\u00e7o soldado para intemp\u00e9ries: Q235NH, Q295NH Q355NH, Q415NH, Q460NH, Q500NH, Q550NH<\/p>","protected":false},"featured_media":1883,"comment_status":"open","ping_status":"closed","template":"","meta":{"_eb_attr":"","_monsterinsights_skip_tracking":false,"_monsterinsights_sitenote_active":false,"_monsterinsights_sitenote_note":"","_monsterinsights_sitenote_category":0,"_uf_show_specific_survey":0,"_uf_disable_surveys":false},"product_brand":[],"product_cat":[21],"product_tag":[],"class_list":{"0":"post-1882","1":"product","2":"type-product","3":"status-publish","4":"has-post-thumbnail","6":"product_cat-weather-resistant-steel-plate","8":"first","9":"instock","10":"shipping-taxable","11":"product-type-simple"},"_links":{"self":[{"href":"https:\/\/keweicorten.com\/pt\/wp-json\/wp\/v2\/product\/1882"}],"collection":[{"href":"https:\/\/keweicorten.com\/pt\/wp-json\/wp\/v2\/product"}],"about":[{"href":"https:\/\/keweicorten.com\/pt\/wp-json\/wp\/v2\/types\/product"}],"replies":[{"embeddable":true,"href":"https:\/\/keweicorten.com\/pt\/wp-json\/wp\/v2\/comments?post=1882"}],"version-history":[{"count":1,"href":"https:\/\/keweicorten.com\/pt\/wp-json\/wp\/v2\/product\/1882\/revisions"}],"predecessor-version":[{"id":1884,"href":"https:\/\/keweicorten.com\/pt\/wp-json\/wp\/v2\/product\/1882\/revisions\/1884"}],"wp:featuredmedia":[{"embeddable":true,"href":"https:\/\/keweicorten.com\/pt\/wp-json\/wp\/v2\/media\/1883"}],"wp:attachment":[{"href":"https:\/\/keweicorten.com\/pt\/wp-json\/wp\/v2\/media?parent=1882"}],"wp:term":[{"taxonomy":"product_brand","embeddable":true,"href":"https:\/\/keweicorten.com\/pt\/wp-json\/wp\/v2\/product_brand?post=1882"},{"taxonomy":"product_cat","embeddable":true,"href":"https:\/\/keweicorten.com\/pt\/wp-json\/wp\/v2\/product_cat?post=1882"},{"taxonomy":"product_tag","embeddable":true,"href":"https:\/\/keweicorten.com\/pt\/wp-json\/wp\/v2\/product_tag?post=1882"}],"curies":[{"name":"wp","href":"https:\/\/api.w.org\/{rel}","templated":true}]}}