{"id":1885,"date":"2024-11-01T07:23:46","date_gmt":"2024-11-01T07:23:46","guid":{"rendered":"https:\/\/keweicorten.com\/?post_type=product&#038;p=1885"},"modified":"2025-01-15T06:20:28","modified_gmt":"2025-01-15T06:20:28","slug":"paineis-de-tela-de-jardim-de-corten","status":"publish","type":"product","link":"https:\/\/keweicorten.com\/pt\/paineis-de-tela-de-jardim-de-corten\/","title":{"rendered":"Pain\u00e9is de tela de jardim em corten"},"content":{"rendered":"<h3>Aplicativos:<\/h3>\n<ol>\n<li><strong>Decora\u00e7\u00e3o de jardins<\/strong>: Melhore o apelo est\u00e9tico de jardins e espa\u00e7os externos.<\/li>\n<li><strong>Telas de privacidade<\/strong>: Proporciona privacidade em \u00e1reas externas, como quintais e p\u00e1tios.<\/li>\n<li><strong>Divis\u00f3rias de ambientes<\/strong>: Usado em ambientes internos para dividir c\u00f4modos grandes em espa\u00e7os menores e mais \u00edntimos.<\/li>\n<li><strong>Pain\u00e9is de veda\u00e7\u00e3o<\/strong>: Servem como pain\u00e9is decorativos para dar estilo \u00e0s cercas de divisa.<\/li>\n<li><strong>Espa\u00e7os p\u00fablicos<\/strong>: Usado em parques, hot\u00e9is e outras \u00e1reas p\u00fablicas, tanto para decora\u00e7\u00e3o quanto para funcionalidade.<\/li>\n<\/ol>\n<div style=\"width: 800px;\" class=\"wp-video\"><!--[if lt IE 9]><script>document.createElement('video');<\/script><![endif]-->\n<video class=\"wp-video-shortcode\" id=\"video-1885-1\" width=\"800\" height=\"450\" preload=\"metadata\" controls=\"controls\"><source type=\"video\/mp4\" src=\"https:\/\/keweicorten.com\/wp-content\/uploads\/2024\/11\/K0GAlx1UoclzZBzXNrz_355554522488_mp4_264_hd_unlimit_taobao.mp4?_=1\" \/><a href=\"https:\/\/keweicorten.com\/wp-content\/uploads\/2024\/11\/K0GAlx1UoclzZBzXNrz_355554522488_mp4_264_hd_unlimit_taobao.mp4\">https:\/\/keweicorten.com\/wp-content\/uploads\/2024\/11\/K0GAlx1UoclzZBzXNrz_355554522488_mp4_264_hd_unlimit_taobao.mp4<\/a><\/video><\/div>\n<ul>\n<li>\u00a0Espessura: as espessuras comuns s\u00e3o 8 mm, 10 mm, 12 mm, 14 mm, 16 mm, 18 mm, 20 mm, 22 mm, 25 mm, 30 mm, 40 mm, 50 mm, 60 mm, etc.<\/li>\n<li>\u00a0Tamanho: a largura geralmente n\u00e3o ultrapassa 5 metros e a altura geralmente n\u00e3o ultrapassa 4 metros. Se esse tamanho for excedido, geralmente \u00e9 necess\u00e1rio cortar o objeto, revesti-lo com cor e, em seguida, emend\u00e1-lo.<\/li>\n<li>Processo de soldagem: H\u00e1 dois processos principais de soldagem para telas de a\u00e7o resistentes a intemp\u00e9ries:<br \/>\n- Soldagem completa: todos os locais de contato das duas pe\u00e7as de trabalho prontas para serem soldadas juntas s\u00e3o soldados por fus\u00e3o, de modo que a superf\u00edcie n\u00e3o possa ver a solda e a transi\u00e7\u00e3o natural entre as duas pe\u00e7as soldadas.<br \/>\n- Soldagem por pontos: as juntas de solda s\u00e3o adicionadas na lateral da pe\u00e7a para conectar as duas partes, e o espa\u00e7o entre as duas partes \u00e9 vis\u00edvel na frente.<\/li>\n<li>Tratamento de superf\u00edcie: As telas de a\u00e7o para intemp\u00e9ries geralmente precisam de tratamento de superf\u00edcie, como galvaniza\u00e7\u00e3o a v\u00e1cuo ou galvaniza\u00e7\u00e3o a \u00e1gua (m\u00e9todo tradicional de galvaniza\u00e7\u00e3o), para melhorar sua resist\u00eancia \u00e0s intemp\u00e9ries e sua beleza.<\/li>\n<li>Material: a\u00e7o comum resistente a intemp\u00e9ries.<\/li>\n<\/ul>\n<p><a href=\"https:\/\/keweicorten.com\/pt\"><img fetchpriority=\"high\" decoding=\"async\" class=\"alignnone wp-image-1892 size-full\" title=\"painel de tela corten\" src=\"https:\/\/keweicorten.com\/wp-content\/uploads\/2024\/11\/\u5fae\u4fe1\u56fe\u7247_20231012150619.jpg\" alt=\"painel de tela corten\" width=\"750\" height=\"624\" srcset=\"https:\/\/keweicorten.com\/wp-content\/uploads\/2024\/11\/\u5fae\u4fe1\u56fe\u7247_20231012150619.jpg 750w, https:\/\/keweicorten.com\/wp-content\/uploads\/2024\/11\/\u5fae\u4fe1\u56fe\u7247_20231012150619-300x250.jpg 300w, https:\/\/keweicorten.com\/wp-content\/uploads\/2024\/11\/\u5fae\u4fe1\u56fe\u7247_20231012150619-14x12.jpg 14w, https:\/\/keweicorten.com\/wp-content\/uploads\/2024\/11\/\u5fae\u4fe1\u56fe\u7247_20231012150619-600x499.jpg 600w\" sizes=\"(max-width: 750px) 100vw, 750px\" \/><\/a><\/p>","protected":false},"excerpt":{"rendered":"<p>As especifica\u00e7\u00f5es espec\u00edficas podem ser ajustadas e personalizadas de acordo com as necessidades do projeto real. Se tiver necessidades especiais, \u00e9 recomend\u00e1vel entrar em contato diretamente com o fabricante para uma consulta detalhada.<\/p>","protected":false},"featured_media":1886,"comment_status":"open","ping_status":"closed","template":"","meta":{"_eb_attr":"","_monsterinsights_skip_tracking":false,"_monsterinsights_sitenote_active":false,"_monsterinsights_sitenote_note":"","_monsterinsights_sitenote_category":0,"_uf_show_specific_survey":0,"_uf_disable_surveys":false},"product_brand":[],"product_cat":[57],"product_tag":[],"class_list":{"0":"post-1885","1":"product","2":"type-product","3":"status-publish","4":"has-post-thumbnail","6":"product_cat-screen-panel","8":"first","9":"instock","10":"shipping-taxable","11":"product-type-simple"},"_links":{"self":[{"href":"https:\/\/keweicorten.com\/pt\/wp-json\/wp\/v2\/product\/1885"}],"collection":[{"href":"https:\/\/keweicorten.com\/pt\/wp-json\/wp\/v2\/product"}],"about":[{"href":"https:\/\/keweicorten.com\/pt\/wp-json\/wp\/v2\/types\/product"}],"replies":[{"embeddable":true,"href":"https:\/\/keweicorten.com\/pt\/wp-json\/wp\/v2\/comments?post=1885"}],"version-history":[{"count":1,"href":"https:\/\/keweicorten.com\/pt\/wp-json\/wp\/v2\/product\/1885\/revisions"}],"predecessor-version":[{"id":1894,"href":"https:\/\/keweicorten.com\/pt\/wp-json\/wp\/v2\/product\/1885\/revisions\/1894"}],"wp:featuredmedia":[{"embeddable":true,"href":"https:\/\/keweicorten.com\/pt\/wp-json\/wp\/v2\/media\/1886"}],"wp:attachment":[{"href":"https:\/\/keweicorten.com\/pt\/wp-json\/wp\/v2\/media?parent=1885"}],"wp:term":[{"taxonomy":"product_brand","embeddable":true,"href":"https:\/\/keweicorten.com\/pt\/wp-json\/wp\/v2\/product_brand?post=1885"},{"taxonomy":"product_cat","embeddable":true,"href":"https:\/\/keweicorten.com\/pt\/wp-json\/wp\/v2\/product_cat?post=1885"},{"taxonomy":"product_tag","embeddable":true,"href":"https:\/\/keweicorten.com\/pt\/wp-json\/wp\/v2\/product_tag?post=1885"}],"curies":[{"name":"wp","href":"https:\/\/api.w.org\/{rel}","templated":true}]}}