{"id":1910,"date":"2024-11-05T07:46:19","date_gmt":"2024-11-05T07:46:19","guid":{"rendered":"https:\/\/keweicorten.com\/?post_type=product&#038;p=1910"},"modified":"2025-01-15T06:20:40","modified_gmt":"2025-01-15T06:20:40","slug":"churrasqueira-de-corten-para-uso-externo","status":"publish","type":"product","link":"https:\/\/keweicorten.com\/pt\/churrasqueira-de-corten-para-uso-externo\/","title":{"rendered":"Churrasqueira externa Corten BBQ"},"content":{"rendered":"<p>A churrasqueira Outdoor Grill Corten BBQ tem uma mesa de cozimento de 10 mm de espessura e pode ter 1000 mm ou 850 mm de di\u00e2metro. Aque\u00e7a a t\u00e1bua a cerca de 300\u02daC por meio de um fogo de lenha na panela quente (carv\u00e3o tamb\u00e9m \u00e9 poss\u00edvel, mas menos interessante porque n\u00e3o d\u00e1 a chama e n\u00e3o tem cheiro de fuma\u00e7a). Comece a t\u00e1bua com \u00f3leo e cozimento. Grande superf\u00edcie de cozimento.<\/p>\n<table>\n<tbody>\n<tr>\n<td>Marca registrada<\/td>\n<td>Jardim SHKW<\/td>\n<td>Aplicativo<\/td>\n<td>Tigela de mesa para fogueira externa<\/td>\n<\/tr>\n<tr>\n<td>Capacidade de produ\u00e7\u00e3o<\/td>\n<td>10000 conjuntos por m\u00eas<\/td>\n<td>Palavras-chave<\/td>\n<td>Churrasqueira a carv\u00e3o<\/td>\n<\/tr>\n<tr>\n<td>Origem<\/td>\n<td>China<\/td>\n<td>Tipo de grelha<\/td>\n<td>Churrasqueiras a carv\u00e3o<\/td>\n<\/tr>\n<tr>\n<td>Nome do produto<\/td>\n<td>Churrasqueira externa Corten BBQ<\/td>\n<td>Dispositivo de seguran\u00e7a<\/td>\n<td>Dispositivo de seguran\u00e7a contra chamas<\/td>\n<\/tr>\n<tr>\n<td>Tipo de metal<\/td>\n<td>A\u00e7o<\/td>\n<td>Material<\/td>\n<td>Corten<\/td>\n<\/tr>\n<tr>\n<td>Recurso<\/td>\n<td>F\u00e1cil de montar, f\u00e1cil de limpar, carrinho<\/td>\n<td>Uso<\/td>\n<td>Cozimento na cozinha\\Cozimento\\BBQ<\/td>\n<\/tr>\n<tr>\n<td>Combust\u00edvel<\/td>\n<td>Madeira Carv\u00e3o Vegetal<\/td>\n<td>Descri\u00e7\u00e3o<\/td>\n<td>Churrasqueira a carv\u00e3o Churrasqueira a carv\u00e3o<\/td>\n<\/tr>\n<\/tbody>\n<\/table>\n<p><a href=\"https:\/\/keweicorten.com\/pt\/categoria-produto\/fogueira\/\"><img fetchpriority=\"high\" decoding=\"async\" class=\"alignnone\" title=\"Churrasqueira externa Corten BBQ\" src=\"https:\/\/sc04.alicdn.com\/kf\/Habd862920bd5488eab74e502cd481a56f\/276463663\/Habd862920bd5488eab74e502cd481a56f.jpg\" alt=\"Churrasqueira externa Corten BBQ personalizada, atacado, barata-keweicorten\" width=\"517\" height=\"517\" \/><\/a><\/p>\n<p>Uma churrasqueira com legumes frescos, cercada por cascalho, proporciona um belo cen\u00e1rio para um churrasco ao ar livre.<\/p>\n<div class=\"sr-txt-title\">\n<p class=\"sr-txt-h2\">Embalagem e entrega<\/p>\n<\/div>\n<div class=\"sr-layout-content\">\n<div class=\"basic-info-list\">\n<div class=\"bsc-item full cf\">\n<div class=\"bac-item-label fl\">Tamanho da embalagem: 100,00 cm * 100,00 cm * 100,00 cm<\/div>\n<\/div>\n<div class=\"bsc-item full cf\">\n<div class=\"bac-item-label fl\">Peso bruto da embalagem: 50.000 kg<\/div>\n<div><a href=\"https:\/\/keweicorten.com\/pt\/categoria-produto\/fogueira\/\"><img decoding=\"async\" class=\"alignnone wp-image-1914 size-full\" title=\" Churrasqueira de corten\" src=\"https:\/\/keweicorten.com\/wp-content\/uploads\/2024\/11\/\u5fae\u4fe1\u56fe\u7247_20241105154209.jpg\" alt=\" churrasqueira de corten no atacado, barata, para venda, em estoque.\" width=\"700\" height=\"300\" srcset=\"https:\/\/keweicorten.com\/wp-content\/uploads\/2024\/11\/\u5fae\u4fe1\u56fe\u7247_20241105154209.jpg 700w, https:\/\/keweicorten.com\/wp-content\/uploads\/2024\/11\/\u5fae\u4fe1\u56fe\u7247_20241105154209-300x129.jpg 300w, https:\/\/keweicorten.com\/wp-content\/uploads\/2024\/11\/\u5fae\u4fe1\u56fe\u7247_20241105154209-18x8.jpg 18w, https:\/\/keweicorten.com\/wp-content\/uploads\/2024\/11\/\u5fae\u4fe1\u56fe\u7247_20241105154209-600x257.jpg 600w\" sizes=\"(max-width: 700px) 100vw, 700px\" \/><\/a><\/div>\n<p><strong>Churrasqueira externa Corten BBQ Principais recursos:<\/strong><\/p>\n<p>A\u00e7o resistente a intemp\u00e9ries<br \/>\nDesign port\u00e1til<br \/>\nEstrutura compacta<br \/>\nF\u00e1cil de limpar<br \/>\nAlta seguran\u00e7a<br \/>\nAlta durabilidade<br \/>\nBaixo custo de manuten\u00e7\u00e3o<br \/>\nProte\u00e7\u00e3o ambiental e economia de energia<br \/>\nUso multifuncional<\/p>\n<p><a href=\"https:\/\/keweicorten.com\/pt\/categoria-produto\/fogueira\/\"><img decoding=\"async\" class=\"alignnone wp-image-1915 size-full\" title=\"Churrasqueira externa Corten BBQ\" src=\"https:\/\/keweicorten.com\/wp-content\/uploads\/2024\/11\/\u5fae\u4fe1\u56fe\u7247_20241105154214.jpg\" alt=\" Churrasqueira externa Corten BBQ no atacado, barato, para venda, em estoque -keweicorten\" width=\"700\" height=\"300\" srcset=\"https:\/\/keweicorten.com\/wp-content\/uploads\/2024\/11\/\u5fae\u4fe1\u56fe\u7247_20241105154214.jpg 700w, https:\/\/keweicorten.com\/wp-content\/uploads\/2024\/11\/\u5fae\u4fe1\u56fe\u7247_20241105154214-300x129.jpg 300w, https:\/\/keweicorten.com\/wp-content\/uploads\/2024\/11\/\u5fae\u4fe1\u56fe\u7247_20241105154214-18x8.jpg 18w, https:\/\/keweicorten.com\/wp-content\/uploads\/2024\/11\/\u5fae\u4fe1\u56fe\u7247_20241105154214-600x257.jpg 600w\" sizes=\"(max-width: 700px) 100vw, 700px\" \/><\/a><\/p>\n<\/div>\n<\/div>\n<\/div>","protected":false},"excerpt":{"rendered":"<p>A churrasqueira port\u00e1til para uso externo Corten BBQ \u00e9 um dispositivo de churrasco projetado para uso externo. O a\u00e7o corten \u00e9 amplamente utilizado na fabrica\u00e7\u00e3o de equipamentos para uso externo devido \u00e0 sua resist\u00eancia \u00e0 corros\u00e3o e \u00e0s intemp\u00e9ries.<\/p>","protected":false},"featured_media":1912,"comment_status":"open","ping_status":"closed","template":"","meta":{"_eb_attr":"","_monsterinsights_skip_tracking":false,"_monsterinsights_sitenote_active":false,"_monsterinsights_sitenote_note":"","_monsterinsights_sitenote_category":0,"_uf_show_specific_survey":0,"_uf_disable_surveys":false},"product_brand":[],"product_cat":[63],"product_tag":[],"class_list":{"0":"post-1910","1":"product","2":"type-product","3":"status-publish","4":"has-post-thumbnail","6":"product_cat-steel-bbq-grill","8":"first","9":"instock","10":"shipping-taxable","11":"product-type-simple"},"_links":{"self":[{"href":"https:\/\/keweicorten.com\/pt\/wp-json\/wp\/v2\/product\/1910"}],"collection":[{"href":"https:\/\/keweicorten.com\/pt\/wp-json\/wp\/v2\/product"}],"about":[{"href":"https:\/\/keweicorten.com\/pt\/wp-json\/wp\/v2\/types\/product"}],"replies":[{"embeddable":true,"href":"https:\/\/keweicorten.com\/pt\/wp-json\/wp\/v2\/comments?post=1910"}],"version-history":[{"count":1,"href":"https:\/\/keweicorten.com\/pt\/wp-json\/wp\/v2\/product\/1910\/revisions"}],"predecessor-version":[{"id":1916,"href":"https:\/\/keweicorten.com\/pt\/wp-json\/wp\/v2\/product\/1910\/revisions\/1916"}],"wp:featuredmedia":[{"embeddable":true,"href":"https:\/\/keweicorten.com\/pt\/wp-json\/wp\/v2\/media\/1912"}],"wp:attachment":[{"href":"https:\/\/keweicorten.com\/pt\/wp-json\/wp\/v2\/media?parent=1910"}],"wp:term":[{"taxonomy":"product_brand","embeddable":true,"href":"https:\/\/keweicorten.com\/pt\/wp-json\/wp\/v2\/product_brand?post=1910"},{"taxonomy":"product_cat","embeddable":true,"href":"https:\/\/keweicorten.com\/pt\/wp-json\/wp\/v2\/product_cat?post=1910"},{"taxonomy":"product_tag","embeddable":true,"href":"https:\/\/keweicorten.com\/pt\/wp-json\/wp\/v2\/product_tag?post=1910"}],"curies":[{"name":"wp","href":"https:\/\/api.w.org\/{rel}","templated":true}]}}