{"id":2182,"date":"2024-11-20T02:57:43","date_gmt":"2024-11-20T02:57:43","guid":{"rendered":"https:\/\/keweicorten.com\/?post_type=product&#038;p=2182"},"modified":"2024-11-20T02:57:44","modified_gmt":"2024-11-20T02:57:44","slug":"aco-corten-a588-grk","status":"publish","type":"product","link":"https:\/\/keweicorten.com\/pt\/aco-corten-a588-grk\/","title":{"rendered":"A\u00e7o Corten A588 GrK"},"content":{"rendered":"<p>Caracter\u00edsticas e benef\u00edcios do a\u00e7o Corten A588 GrK:<br \/>\nResist\u00eancia \u00e0s intemp\u00e9ries: O a\u00e7o Corten A588 GrK tem alta resist\u00eancia a intemp\u00e9ries e pode resistir \u00e0 corros\u00e3o atmosf\u00e9rica, o que \u00e9 adequado para componentes estruturais em ambientes externos expostos.<br \/>\nPropriedades mec\u00e2nicas: O a\u00e7o tem alta resist\u00eancia \u00e0 tra\u00e7\u00e3o e resist\u00eancia ao escoamento em temperatura ambiente, al\u00e9m de boas propriedades de alongamento.<br \/>\nAmplamente utilizado: Frequentemente usado em pontes, grandes cont\u00eaineres, chamin\u00e9s e outras estruturas, especialmente em ambientes que exigem alta resist\u00eancia a intemp\u00e9ries.<\/p>\n<p>Pedido e embalagem:<br \/>\nTamanho m\u00ednimo do pedido: Normalmente, 1 tonelada ou mais, dependendo dos requisitos do fornecedor.<br \/>\nEmbalagem: A embalagem pl\u00e1stica \u00e0 prova d'\u00e1gua, a embalagem de empacotamento ou o transporte a granel s\u00e3o geralmente usados para garantir a seguran\u00e7a durante o transporte.<\/p>\n<table style=\"height: 411px;\" width=\"555\">\n<thead>\n<tr>\n<th>Propriedade<\/th>\n<th>Valor<\/th>\n<\/tr>\n<\/thead>\n<tbody>\n<tr>\n<td><strong>Composi\u00e7\u00e3o qu\u00edmica<\/strong><\/td>\n<td><\/td>\n<\/tr>\n<tr>\n<td>- Carbono (C)<\/td>\n<td>\u2264 0,27%<\/td>\n<\/tr>\n<tr>\n<td>- Mangan\u00eas (Mn)<\/td>\n<td>0.65-1.30%<\/td>\n<\/tr>\n<tr>\n<td>- F\u00f3sforo (P)<\/td>\n<td>\u2264 0,04%<\/td>\n<\/tr>\n<tr>\n<td>- Enxofre (S)<\/td>\n<td>\u2264 0,05%<\/td>\n<\/tr>\n<tr>\n<td>- Sil\u00edcio (Si)<\/td>\n<td>0.20-0.60%<\/td>\n<\/tr>\n<tr>\n<td>- Cobre (Cu)<\/td>\n<td>0.20-0.40%<\/td>\n<\/tr>\n<tr>\n<td>- N\u00edquel (Ni)<\/td>\n<td>0.20-0.50%<\/td>\n<\/tr>\n<tr>\n<td>- Cromo (Cr)<\/td>\n<td>0.40-0.70%<\/td>\n<\/tr>\n<tr>\n<td><strong>Propriedades mec\u00e2nicas<\/strong><\/td>\n<td><\/td>\n<\/tr>\n<tr>\n<td>- Resist\u00eancia \u00e0 tra\u00e7\u00e3o<\/td>\n<td>450-630 MPa<\/td>\n<\/tr>\n<tr>\n<td>- Resist\u00eancia ao rendimento<\/td>\n<td>\u2265 345 MPa<\/td>\n<\/tr>\n<tr>\n<td>- Alongamento<\/td>\n<td>\u2265 20%<\/td>\n<\/tr>\n<\/tbody>\n<\/table>\n<p><a href=\"https:\/\/keweicorten.com\/pt\"><img fetchpriority=\"high\" decoding=\"async\" class=\"alignnone wp-image-2183\" title=\"A\u00e7o Corten A588 GrK\" src=\"https:\/\/keweicorten.com\/wp-content\/uploads\/2024\/11\/\u8010\u5019\u94a2\u677f\u666f\u89c2\u5899\u5546\u6d1b@\u89c4\u683c\u9f50\u5168-\u5efa\u6750\u7f51_782f696a.jpg\" alt=\"A\u00e7o Corten A588 GrK personalizado, atacado, barato, para venda, em estoque -keweicorten\" width=\"558\" height=\"558\" srcset=\"https:\/\/keweicorten.com\/wp-content\/uploads\/2024\/11\/\u8010\u5019\u94a2\u677f\u666f\u89c2\u5899\u5546\u6d1b@\u89c4\u683c\u9f50\u5168-\u5efa\u6750\u7f51_782f696a.jpg 700w, https:\/\/keweicorten.com\/wp-content\/uploads\/2024\/11\/\u8010\u5019\u94a2\u677f\u666f\u89c2\u5899\u5546\u6d1b@\u89c4\u683c\u9f50\u5168-\u5efa\u6750\u7f51_782f696a-300x300.jpg 300w, https:\/\/keweicorten.com\/wp-content\/uploads\/2024\/11\/\u8010\u5019\u94a2\u677f\u666f\u89c2\u5899\u5546\u6d1b@\u89c4\u683c\u9f50\u5168-\u5efa\u6750\u7f51_782f696a-150x150.jpg 150w, https:\/\/keweicorten.com\/wp-content\/uploads\/2024\/11\/\u8010\u5019\u94a2\u677f\u666f\u89c2\u5899\u5546\u6d1b@\u89c4\u683c\u9f50\u5168-\u5efa\u6750\u7f51_782f696a-12x12.jpg 12w, https:\/\/keweicorten.com\/wp-content\/uploads\/2024\/11\/\u8010\u5019\u94a2\u677f\u666f\u89c2\u5899\u5546\u6d1b@\u89c4\u683c\u9f50\u5168-\u5efa\u6750\u7f51_782f696a-600x600.jpg 600w, https:\/\/keweicorten.com\/wp-content\/uploads\/2024\/11\/\u8010\u5019\u94a2\u677f\u666f\u89c2\u5899\u5546\u6d1b@\u89c4\u683c\u9f50\u5168-\u5efa\u6750\u7f51_782f696a-100x100.jpg 100w\" sizes=\"(max-width: 558px) 100vw, 558px\" \/><\/a><\/p>\n<table style=\"height: 72px;\" width=\"699\">\n<tbody>\n<tr>\n<td><strong>Aplicativos<\/strong><\/td>\n<td>Pontes, cont\u00eaineres grandes, chamin\u00e9s, estruturas externas<\/td>\n<\/tr>\n<tr>\n<td><strong>Resist\u00eancia \u00e0 corros\u00e3o<\/strong><\/td>\n<td>Excelente resist\u00eancia \u00e0 corros\u00e3o atmosf\u00e9rica<\/td>\n<\/tr>\n<\/tbody>\n<\/table>\n<p>&nbsp;<\/p>","protected":false},"excerpt":{"rendered":"<p>O a\u00e7o Corten A588 GrK \u00e9 um a\u00e7o para intemp\u00e9ries projetado para oferecer excelente resist\u00eancia \u00e0 corros\u00e3o e propriedades mec\u00e2nicas quando exposto a ambientes atmosf\u00e9ricos. Esse a\u00e7o \u00e9 um a\u00e7o de baixa liga de alta resist\u00eancia, composto principalmente de ferro, carbono, sil\u00edcio, mangan\u00eas e cobre, e cont\u00e9m pequenas quantidades de f\u00f3sforo, enxofre, n\u00edquel e cromo.<\/p>","protected":false},"featured_media":2183,"comment_status":"open","ping_status":"closed","template":"","meta":{"_eb_attr":"","_monsterinsights_skip_tracking":false,"_monsterinsights_sitenote_active":false,"_monsterinsights_sitenote_note":"","_monsterinsights_sitenote_category":0,"_uf_show_specific_survey":0,"_uf_disable_surveys":false},"product_brand":[],"product_cat":[21],"product_tag":[],"class_list":{"0":"post-2182","1":"product","2":"type-product","3":"status-publish","4":"has-post-thumbnail","6":"product_cat-weather-resistant-steel-plate","8":"first","9":"instock","10":"shipping-taxable","11":"product-type-simple"},"_links":{"self":[{"href":"https:\/\/keweicorten.com\/pt\/wp-json\/wp\/v2\/product\/2182"}],"collection":[{"href":"https:\/\/keweicorten.com\/pt\/wp-json\/wp\/v2\/product"}],"about":[{"href":"https:\/\/keweicorten.com\/pt\/wp-json\/wp\/v2\/types\/product"}],"replies":[{"embeddable":true,"href":"https:\/\/keweicorten.com\/pt\/wp-json\/wp\/v2\/comments?post=2182"}],"version-history":[{"count":1,"href":"https:\/\/keweicorten.com\/pt\/wp-json\/wp\/v2\/product\/2182\/revisions"}],"predecessor-version":[{"id":2186,"href":"https:\/\/keweicorten.com\/pt\/wp-json\/wp\/v2\/product\/2182\/revisions\/2186"}],"wp:featuredmedia":[{"embeddable":true,"href":"https:\/\/keweicorten.com\/pt\/wp-json\/wp\/v2\/media\/2183"}],"wp:attachment":[{"href":"https:\/\/keweicorten.com\/pt\/wp-json\/wp\/v2\/media?parent=2182"}],"wp:term":[{"taxonomy":"product_brand","embeddable":true,"href":"https:\/\/keweicorten.com\/pt\/wp-json\/wp\/v2\/product_brand?post=2182"},{"taxonomy":"product_cat","embeddable":true,"href":"https:\/\/keweicorten.com\/pt\/wp-json\/wp\/v2\/product_cat?post=2182"},{"taxonomy":"product_tag","embeddable":true,"href":"https:\/\/keweicorten.com\/pt\/wp-json\/wp\/v2\/product_tag?post=2182"}],"curies":[{"name":"wp","href":"https:\/\/api.w.org\/{rel}","templated":true}]}}