{"id":2644,"date":"2024-12-02T02:50:12","date_gmt":"2024-12-02T02:50:12","guid":{"rendered":"https:\/\/keweicorten.com\/?post_type=product&#038;p=2644"},"modified":"2025-01-15T06:14:19","modified_gmt":"2025-01-15T06:14:19","slug":"tourch-de-pellets","status":"publish","type":"product","link":"https:\/\/keweicorten.com\/pt\/tourch-de-pellets\/","title":{"rendered":"tourch de pellets"},"content":{"rendered":"<p>Os fog\u00f5es Rocket Pellet s\u00e3o dispositivos de combust\u00e3o eficientes e ecologicamente corretos, comumente usados para aquecimento dom\u00e9stico e uso externo. Ele combina a efici\u00eancia de combust\u00e3o de um forno a foguete com a economia e a sustentabilidade do combust\u00edvel de pellets.<\/p>\n<h2>Quais s\u00e3o as caracter\u00edsticas de um forno de pellets de foguete\uff1f<\/h2>\n<ul>\n<li>Combust\u00e3o eficiente:<br \/>\nCom o projeto do forno-foguete, a c\u00e2mara de combust\u00e3o pode produzir temperaturas extremamente altas, de modo que o combust\u00edvel seja totalmente queimado e a emiss\u00e3o de g\u00e1s de combust\u00e3o seja reduzida.<\/li>\n<li>Uso de combust\u00edvel de pellets:<br \/>\nCombust\u00edveis de biomassa renov\u00e1veis, como pellets de madeira e gr\u00e3os, podem ser queimados, o que \u00e9 econ\u00f4mico e ecologicamente correto.<\/li>\n<li>Baixa emiss\u00e3o:<br \/>\nReduzem as emiss\u00f5es de di\u00f3xido de carbono e subst\u00e2ncias nocivas, o que \u00e9 muito adequado para \u00e1reas com altos requisitos de prote\u00e7\u00e3o ambiental.<\/li>\n<li>Portabilidade:<br \/>\nAlguns modelos s\u00e3o pequenos, f\u00e1ceis de transportar e instalar, adequados para acampamentos ao ar livre e uso emergencial.<\/li>\n<li>Multiuso:<br \/>\nPode ser usado para aquecimento, cozimento, \u00e1gua fervente, etc.<\/li>\n<\/ul>\n<p><a href=\"https:\/\/keweicorten.com\/pt\/entre-em-contato-conosco\/\"><img fetchpriority=\"high\" decoding=\"async\" class=\"alignnone wp-image-2645\" title=\"tourch de pellets\" src=\"https:\/\/keweicorten.com\/wp-content\/uploads\/2024\/12\/Pellet-torch-.jpg\" alt=\"F\u00e1brica de pellet tourch, china, pre\u00e7o, fabricantes, fornecedores, personalizado, atacado, barato, para venda, em estoque -keweicorten \" width=\"678\" height=\"678\" srcset=\"https:\/\/keweicorten.com\/wp-content\/uploads\/2024\/12\/Pellet-torch-.jpg 899w, https:\/\/keweicorten.com\/wp-content\/uploads\/2024\/12\/Pellet-torch--300x300.jpg 300w, https:\/\/keweicorten.com\/wp-content\/uploads\/2024\/12\/Pellet-torch--150x150.jpg 150w, https:\/\/keweicorten.com\/wp-content\/uploads\/2024\/12\/Pellet-torch--768x768.jpg 768w, https:\/\/keweicorten.com\/wp-content\/uploads\/2024\/12\/Pellet-torch--12x12.jpg 12w, https:\/\/keweicorten.com\/wp-content\/uploads\/2024\/12\/Pellet-torch--600x600.jpg 600w, https:\/\/keweicorten.com\/wp-content\/uploads\/2024\/12\/Pellet-torch--100x100.jpg 100w\" sizes=\"(max-width: 678px) 100vw, 678px\" \/><\/a><\/p>\n<p>Cen\u00e1rio de aplica\u00e7\u00e3o<br \/>\nAquecimento dom\u00e9stico: Adequado para casas pequenas, casas de madeira ou garagens durante a esta\u00e7\u00e3o fria.<br \/>\nAtividades ao ar livre: acampamento, churrasco, etc.<\/p>\n<p>Sugest\u00e3o de compra<br \/>\nCompatibilidade de combust\u00edvel: Selecione o modelo adequado para combust\u00edveis de biomassa locais.<br \/>\nMaterial do forno: o material de a\u00e7o resistente a altas temperaturas ou a\u00e7o inoxid\u00e1vel de alta qualidade \u00e9 mais dur\u00e1vel.<br \/>\nSeguro para uso: Verifique a filtragem de fuma\u00e7a e o controle da chama.<br \/>\nMarca e servi\u00e7o p\u00f3s-venda: Escolha um fabricante ou fornecedor de boa reputa\u00e7\u00e3o.<\/p>\n<p><a href=\"https:\/\/keweicorten.com\/pt\/entre-em-contato-conosco\/\"><img decoding=\"async\" class=\"alignnone wp-image-2646 size-full\" title=\"aquecedor a pellets de madeira\" src=\"https:\/\/keweicorten.com\/wp-content\/uploads\/2024\/12\/s-l500.jpg\" alt=\"Pre\u00e7o do aquecedor de pellets de madeira, fabricantes, fornecedores, personalizado, atacado, barato, para venda, em estoque -keweicorten\" width=\"375\" height=\"500\" srcset=\"https:\/\/keweicorten.com\/wp-content\/uploads\/2024\/12\/s-l500.jpg 375w, https:\/\/keweicorten.com\/wp-content\/uploads\/2024\/12\/s-l500-225x300.jpg 225w, https:\/\/keweicorten.com\/wp-content\/uploads\/2024\/12\/s-l500-9x12.jpg 9w\" sizes=\"(max-width: 375px) 100vw, 375px\" \/><\/a><\/p>","protected":false},"excerpt":{"rendered":"<p>Os fog\u00f5es a pellets s\u00e3o dispositivos de combust\u00e3o modernos que usam combust\u00edveis de pellets de biomassa (como pellets de madeira) e s\u00e3o amplamente usados em aquecimento dom\u00e9stico e em locais comerciais<\/p>","protected":false},"featured_media":2647,"comment_status":"open","ping_status":"closed","template":"","meta":{"_eb_attr":"","_monsterinsights_skip_tracking":false,"_monsterinsights_sitenote_active":false,"_monsterinsights_sitenote_note":"","_monsterinsights_sitenote_category":0,"_uf_show_specific_survey":0,"_uf_disable_surveys":false},"product_brand":[],"product_cat":[52],"product_tag":[],"class_list":{"0":"post-2644","1":"product","2":"type-product","3":"status-publish","4":"has-post-thumbnail","6":"product_cat-wood-pellet-tourch","8":"first","9":"instock","10":"shipping-taxable","11":"product-type-simple"},"_links":{"self":[{"href":"https:\/\/keweicorten.com\/pt\/wp-json\/wp\/v2\/product\/2644"}],"collection":[{"href":"https:\/\/keweicorten.com\/pt\/wp-json\/wp\/v2\/product"}],"about":[{"href":"https:\/\/keweicorten.com\/pt\/wp-json\/wp\/v2\/types\/product"}],"replies":[{"embeddable":true,"href":"https:\/\/keweicorten.com\/pt\/wp-json\/wp\/v2\/comments?post=2644"}],"version-history":[{"count":1,"href":"https:\/\/keweicorten.com\/pt\/wp-json\/wp\/v2\/product\/2644\/revisions"}],"predecessor-version":[{"id":2650,"href":"https:\/\/keweicorten.com\/pt\/wp-json\/wp\/v2\/product\/2644\/revisions\/2650"}],"wp:featuredmedia":[{"embeddable":true,"href":"https:\/\/keweicorten.com\/pt\/wp-json\/wp\/v2\/media\/2647"}],"wp:attachment":[{"href":"https:\/\/keweicorten.com\/pt\/wp-json\/wp\/v2\/media?parent=2644"}],"wp:term":[{"taxonomy":"product_brand","embeddable":true,"href":"https:\/\/keweicorten.com\/pt\/wp-json\/wp\/v2\/product_brand?post=2644"},{"taxonomy":"product_cat","embeddable":true,"href":"https:\/\/keweicorten.com\/pt\/wp-json\/wp\/v2\/product_cat?post=2644"},{"taxonomy":"product_tag","embeddable":true,"href":"https:\/\/keweicorten.com\/pt\/wp-json\/wp\/v2\/product_tag?post=2644"}],"curies":[{"name":"wp","href":"https:\/\/api.w.org\/{rel}","templated":true}]}}