{"id":2675,"date":"2024-12-09T07:59:41","date_gmt":"2024-12-09T07:59:41","guid":{"rendered":"https:\/\/keweicorten.com\/?post_type=product&#038;p=2675"},"modified":"2025-01-15T06:13:47","modified_gmt":"2025-01-15T06:13:47","slug":"lareira-suspensa-e-duravel","status":"publish","type":"product","link":"https:\/\/keweicorten.com\/pt\/lareira-suspensa-e-duravel\/","title":{"rendered":"Lareira suspensa dur\u00e1vel e suspensa"},"content":{"rendered":"<h3><strong>Caracter\u00edsticas da lareira suspensa:<\/strong><\/h3>\n<ol>\n<li><strong>Materiais dur\u00e1veis:<\/strong>\n<ul>\n<li><strong>A\u00e7o corten<\/strong>: Resistente \u00e0s intemp\u00e9ries e desenvolve uma p\u00e1tina semelhante \u00e0 ferrugem com o tempo, ideal para uso externo.<\/li>\n<li><strong>A\u00e7o inoxid\u00e1vel<\/strong>: Resistente \u00e0 corros\u00e3o e elegante, perfeito para interiores modernos.<\/li>\n<li><strong>Ferro fundido<\/strong>: Robusto e ret\u00e9m bem o calor para um aquecimento eficiente.<\/li>\n<li><strong>A\u00e7o revestido para alta temperatura<\/strong>: Garante a longevidade mesmo com uso frequente.<\/li>\n<\/ul>\n<\/li>\n<li><strong>Projeto da suspens\u00e3o:<\/strong>\n<ul>\n<li>O teto \u00e9 montado para proporcionar uma est\u00e9tica flutuante.<\/li>\n<li>Modelos girat\u00f3rios (360\u00b0) est\u00e3o dispon\u00edveis para melhor distribui\u00e7\u00e3o do calor.<\/li>\n<li>Adequado para tetos altos e espa\u00e7os abertos.<\/li>\n<\/ul>\n<\/li>\n<li><strong>Tipos de lareira:<\/strong>\n<ul>\n<li><strong>Queimador de madeira<\/strong>: Charme tradicional com fogo de verdade e sons de crepita\u00e7\u00e3o.<\/li>\n<li><strong>Bioetanol<\/strong>: Queima limpa, sem necessidade de chamin\u00e9, manuten\u00e7\u00e3o m\u00ednima.<\/li>\n<li><strong>El\u00e9trica<\/strong>: Efeitos de chama baseados em LED e aquecimento opcional, altamente vers\u00e1teis.<\/li>\n<li><strong>G\u00e1s<\/strong>: Chamas realistas, aquecimento eficiente e opera\u00e7\u00e3o mais limpa do que a madeira.<\/li>\n<\/ul>\n<\/li>\n<li><strong>Op\u00e7\u00f5es de personaliza\u00e7\u00e3o:<\/strong>\n<ul>\n<li>Forma: Desenhos redondos, ovais ou angulares.<\/li>\n<li>Tamanho: Compacto para c\u00f4modos pequenos ou grande para espa\u00e7os amplos.<\/li>\n<li>Acabamento Preto fosco, metal escovado ou corten com acabamento enferrujado.<\/li>\n<\/ul>\n<\/li>\n<\/ol>\n<p><img fetchpriority=\"high\" decoding=\"async\" class=\"alignnone wp-image-2676 size-medium\" title=\"Lareira a lenha interna de luxo\" src=\"https:\/\/keweicorten.com\/wp-content\/uploads\/2024\/12\/\u60ac\u6302\u98de\u789f\u58c1\u7089\u5ba2\u5385\u58c1\u7089\u7535\u5b50\u60ac\u6302\u9152\u7cbe3d\u96fe\u5316\u540a\u7089\u771f\u706b\u71c3\u6728\u67f4\u98de\u789f\u522b\u5885-300x300.jpg\" alt=\"Pre\u00e7o da lareira a lenha interna de luxo, fabricantes, fornecedores - keweicorten\" width=\"300\" height=\"300\" srcset=\"https:\/\/keweicorten.com\/wp-content\/uploads\/2024\/12\/\u60ac\u6302\u98de\u789f\u58c1\u7089\u5ba2\u5385\u58c1\u7089\u7535\u5b50\u60ac\u6302\u9152\u7cbe3d\u96fe\u5316\u540a\u7089\u771f\u706b\u71c3\u6728\u67f4\u98de\u789f\u522b\u5885-300x300.jpg 300w, https:\/\/keweicorten.com\/wp-content\/uploads\/2024\/12\/\u60ac\u6302\u98de\u789f\u58c1\u7089\u5ba2\u5385\u58c1\u7089\u7535\u5b50\u60ac\u6302\u9152\u7cbe3d\u96fe\u5316\u540a\u7089\u771f\u706b\u71c3\u6728\u67f4\u98de\u789f\u522b\u5885-150x150.jpg 150w, https:\/\/keweicorten.com\/wp-content\/uploads\/2024\/12\/\u60ac\u6302\u98de\u789f\u58c1\u7089\u5ba2\u5385\u58c1\u7089\u7535\u5b50\u60ac\u6302\u9152\u7cbe3d\u96fe\u5316\u540a\u7089\u771f\u706b\u71c3\u6728\u67f4\u98de\u789f\u522b\u5885-12x12.jpg 12w, https:\/\/keweicorten.com\/wp-content\/uploads\/2024\/12\/\u60ac\u6302\u98de\u789f\u58c1\u7089\u5ba2\u5385\u58c1\u7089\u7535\u5b50\u60ac\u6302\u9152\u7cbe3d\u96fe\u5316\u540a\u7089\u771f\u706b\u71c3\u6728\u67f4\u98de\u789f\u522b\u5885-600x600.jpg 600w, https:\/\/keweicorten.com\/wp-content\/uploads\/2024\/12\/\u60ac\u6302\u98de\u789f\u58c1\u7089\u5ba2\u5385\u58c1\u7089\u7535\u5b50\u60ac\u6302\u9152\u7cbe3d\u96fe\u5316\u540a\u7089\u771f\u706b\u71c3\u6728\u67f4\u98de\u789f\u522b\u5885-100x100.jpg 100w, https:\/\/keweicorten.com\/wp-content\/uploads\/2024\/12\/\u60ac\u6302\u98de\u789f\u58c1\u7089\u5ba2\u5385\u58c1\u7089\u7535\u5b50\u60ac\u6302\u9152\u7cbe3d\u96fe\u5316\u540a\u7089\u771f\u706b\u71c3\u6728\u67f4\u98de\u789f\u522b\u5885.jpg 750w\" sizes=\"(max-width: 300px) 100vw, 300px\" \/> <a href=\"https:\/\/keweicorten.com\/pt\/entre-em-contato-conosco\/\"><img decoding=\"async\" class=\"alignnone wp-image-2677 size-medium\" title=\"Lareira a lenha interna de luxo\" src=\"https:\/\/keweicorten.com\/wp-content\/uploads\/2024\/12\/\u60ac\u6302\u5f0f\u58c1\u7089\u771f\u706b\u71c3\u6728\u67f4\u9152\u7cbe\u53d6\u6696\u7535\u5b50\u96fe\u5316\u5bb6\u7528\u522b\u5885\u7f51\u7ea2\u98de\u789f\u540a\u7089-300x300.jpg\" alt=\"Pre\u00e7o da lareira a lenha interna de luxo, fabricantes, fornecedores - keweicorten\" width=\"300\" height=\"300\" srcset=\"https:\/\/keweicorten.com\/wp-content\/uploads\/2024\/12\/\u60ac\u6302\u5f0f\u58c1\u7089\u771f\u706b\u71c3\u6728\u67f4\u9152\u7cbe\u53d6\u6696\u7535\u5b50\u96fe\u5316\u5bb6\u7528\u522b\u5885\u7f51\u7ea2\u98de\u789f\u540a\u7089-300x300.jpg 300w, https:\/\/keweicorten.com\/wp-content\/uploads\/2024\/12\/\u60ac\u6302\u5f0f\u58c1\u7089\u771f\u706b\u71c3\u6728\u67f4\u9152\u7cbe\u53d6\u6696\u7535\u5b50\u96fe\u5316\u5bb6\u7528\u522b\u5885\u7f51\u7ea2\u98de\u789f\u540a\u7089-150x150.jpg 150w, https:\/\/keweicorten.com\/wp-content\/uploads\/2024\/12\/\u60ac\u6302\u5f0f\u58c1\u7089\u771f\u706b\u71c3\u6728\u67f4\u9152\u7cbe\u53d6\u6696\u7535\u5b50\u96fe\u5316\u5bb6\u7528\u522b\u5885\u7f51\u7ea2\u98de\u789f\u540a\u7089-12x12.jpg 12w, https:\/\/keweicorten.com\/wp-content\/uploads\/2024\/12\/\u60ac\u6302\u5f0f\u58c1\u7089\u771f\u706b\u71c3\u6728\u67f4\u9152\u7cbe\u53d6\u6696\u7535\u5b50\u96fe\u5316\u5bb6\u7528\u522b\u5885\u7f51\u7ea2\u98de\u789f\u540a\u7089-600x600.jpg 600w, https:\/\/keweicorten.com\/wp-content\/uploads\/2024\/12\/\u60ac\u6302\u5f0f\u58c1\u7089\u771f\u706b\u71c3\u6728\u67f4\u9152\u7cbe\u53d6\u6696\u7535\u5b50\u96fe\u5316\u5bb6\u7528\u522b\u5885\u7f51\u7ea2\u98de\u789f\u540a\u7089-100x100.jpg 100w, https:\/\/keweicorten.com\/wp-content\/uploads\/2024\/12\/\u60ac\u6302\u5f0f\u58c1\u7089\u771f\u706b\u71c3\u6728\u67f4\u9152\u7cbe\u53d6\u6696\u7535\u5b50\u96fe\u5316\u5bb6\u7528\u522b\u5885\u7f51\u7ea2\u98de\u789f\u540a\u7089.jpg 750w\" sizes=\"(max-width: 300px) 100vw, 300px\" \/><\/a> <a href=\"https:\/\/keweicorten.com\/pt\/products\/\"><img decoding=\"async\" class=\"alignnone wp-image-2678 size-medium\" title=\" lareira a lenha \" src=\"https:\/\/keweicorten.com\/wp-content\/uploads\/2024\/12\/\u827a\u672f\u60ac\u6302\u5f0f\u5bb6\u7528\u71c3\u6728\u67f4\u706b\u9152\u7cbe\u58c1\u7089\u88c5\u9970\u91d1\u5c5e\u5706\u5f62\u522b\u58853D\u96fe\u5316\u58c1\u7089\u82af_55ec10e0-300x300.jpg\" alt=\"Pre\u00e7o da lareira a lenha para uso interno, fabricantes, fornecedores - Keweicorten\" width=\"300\" height=\"300\" srcset=\"https:\/\/keweicorten.com\/wp-content\/uploads\/2024\/12\/\u827a\u672f\u60ac\u6302\u5f0f\u5bb6\u7528\u71c3\u6728\u67f4\u706b\u9152\u7cbe\u58c1\u7089\u88c5\u9970\u91d1\u5c5e\u5706\u5f62\u522b\u58853D\u96fe\u5316\u58c1\u7089\u82af_55ec10e0-300x300.jpg 300w, https:\/\/keweicorten.com\/wp-content\/uploads\/2024\/12\/\u827a\u672f\u60ac\u6302\u5f0f\u5bb6\u7528\u71c3\u6728\u67f4\u706b\u9152\u7cbe\u58c1\u7089\u88c5\u9970\u91d1\u5c5e\u5706\u5f62\u522b\u58853D\u96fe\u5316\u58c1\u7089\u82af_55ec10e0-150x150.jpg 150w, https:\/\/keweicorten.com\/wp-content\/uploads\/2024\/12\/\u827a\u672f\u60ac\u6302\u5f0f\u5bb6\u7528\u71c3\u6728\u67f4\u706b\u9152\u7cbe\u58c1\u7089\u88c5\u9970\u91d1\u5c5e\u5706\u5f62\u522b\u58853D\u96fe\u5316\u58c1\u7089\u82af_55ec10e0-12x12.jpg 12w, https:\/\/keweicorten.com\/wp-content\/uploads\/2024\/12\/\u827a\u672f\u60ac\u6302\u5f0f\u5bb6\u7528\u71c3\u6728\u67f4\u706b\u9152\u7cbe\u58c1\u7089\u88c5\u9970\u91d1\u5c5e\u5706\u5f62\u522b\u58853D\u96fe\u5316\u58c1\u7089\u82af_55ec10e0-600x600.jpg 600w, https:\/\/keweicorten.com\/wp-content\/uploads\/2024\/12\/\u827a\u672f\u60ac\u6302\u5f0f\u5bb6\u7528\u71c3\u6728\u67f4\u706b\u9152\u7cbe\u58c1\u7089\u88c5\u9970\u91d1\u5c5e\u5706\u5f62\u522b\u58853D\u96fe\u5316\u58c1\u7089\u82af_55ec10e0-100x100.jpg 100w, https:\/\/keweicorten.com\/wp-content\/uploads\/2024\/12\/\u827a\u672f\u60ac\u6302\u5f0f\u5bb6\u7528\u71c3\u6728\u67f4\u706b\u9152\u7cbe\u58c1\u7089\u88c5\u9970\u91d1\u5c5e\u5706\u5f62\u522b\u58853D\u96fe\u5316\u58c1\u7089\u82af_55ec10e0.jpg 750w\" sizes=\"(max-width: 300px) 100vw, 300px\" \/><img loading=\"lazy\" decoding=\"async\" class=\"alignnone wp-image-2686 size-medium\" title=\" lareira suspensa no quarto\" src=\"https:\/\/keweicorten.com\/wp-content\/uploads\/2024\/12\/room-hanging-fireplace-300x300.jpg\" alt=\" Sala de lareira suspensa pre\u00e7o-keweicorten\" width=\"300\" height=\"300\" srcset=\"https:\/\/keweicorten.com\/wp-content\/uploads\/2024\/12\/room-hanging-fireplace-300x300.jpg 300w, https:\/\/keweicorten.com\/wp-content\/uploads\/2024\/12\/room-hanging-fireplace-150x150.jpg 150w, https:\/\/keweicorten.com\/wp-content\/uploads\/2024\/12\/room-hanging-fireplace-12x12.jpg 12w, https:\/\/keweicorten.com\/wp-content\/uploads\/2024\/12\/room-hanging-fireplace-100x100.jpg 100w, https:\/\/keweicorten.com\/wp-content\/uploads\/2024\/12\/room-hanging-fireplace.jpg 564w\" sizes=\"(max-width: 300px) 100vw, 300px\" \/><\/a><\/p>\n<hr \/>\n<h3><strong>Vantagens:<\/strong><\/h3>\n<ul>\n<li><strong>Est\u00e9tica moderna<\/strong>: Aprimora os designs contempor\u00e2neos ou r\u00fasticos de interiores e exteriores.<\/li>\n<li><strong>Economia de espa\u00e7o<\/strong>: A instala\u00e7\u00e3o suspensa mant\u00e9m o piso livre.<\/li>\n<li><strong>Aquecimento eficiente<\/strong>: Oferece calor e ambiente, com op\u00e7\u00f5es de aquecimento direcional.<\/li>\n<li><strong>Versatilidade<\/strong>: Adequado para espa\u00e7os residenciais e comerciais.<\/li>\n<\/ul>\n<p><img loading=\"lazy\" decoding=\"async\" class=\"\" title=\"produto-324-243\" src=\"https:\/\/www.hiflame-stove.com\/Content\/uploads\/2023175255\/20231211151637b3c8fc20a2974e7ea1c59a43402177b3.jpg\" alt=\"produto-324-243\" width=\"299\" height=\"224\" \/><img loading=\"lazy\" decoding=\"async\" class=\"\" title=\"produto-926-694\" src=\"https:\/\/www.hiflame-stove.com\/Content\/uploads\/2023175255\/20231211151645199476a2f4a44456ac67002af98aaad3.jpg\" alt=\"produto-926-694\" width=\"301\" height=\"226\" \/><img loading=\"lazy\" decoding=\"async\" class=\"\" title=\"produto-404-303\" src=\"https:\/\/www.hiflame-stove.com\/Content\/uploads\/2023175255\/20231211151657a6fa1ae05927450eafd2c2a811001603.jpg\" alt=\"produto-404-303\" width=\"300\" height=\"225\" \/><img loading=\"lazy\" decoding=\"async\" class=\"alignnone size-medium wp-image-2684\" src=\"https:\/\/keweicorten.com\/wp-content\/uploads\/2024\/12\/\u5fae\u4fe1\u56fe\u7247_20240411141839-300x225.jpg\" alt=\"\" width=\"300\" height=\"225\" srcset=\"https:\/\/keweicorten.com\/wp-content\/uploads\/2024\/12\/\u5fae\u4fe1\u56fe\u7247_20240411141839-300x225.jpg 300w, https:\/\/keweicorten.com\/wp-content\/uploads\/2024\/12\/\u5fae\u4fe1\u56fe\u7247_20240411141839-1024x768.jpg 1024w, https:\/\/keweicorten.com\/wp-content\/uploads\/2024\/12\/\u5fae\u4fe1\u56fe\u7247_20240411141839-768x576.jpg 768w, https:\/\/keweicorten.com\/wp-content\/uploads\/2024\/12\/\u5fae\u4fe1\u56fe\u7247_20240411141839-1536x1152.jpg 1536w, https:\/\/keweicorten.com\/wp-content\/uploads\/2024\/12\/\u5fae\u4fe1\u56fe\u7247_20240411141839-16x12.jpg 16w, https:\/\/keweicorten.com\/wp-content\/uploads\/2024\/12\/\u5fae\u4fe1\u56fe\u7247_20240411141839-600x450.jpg 600w, https:\/\/keweicorten.com\/wp-content\/uploads\/2024\/12\/\u5fae\u4fe1\u56fe\u7247_20240411141839.jpg 1706w\" sizes=\"(max-width: 300px) 100vw, 300px\" \/><\/p>","protected":false},"excerpt":{"rendered":"<h3><strong>Aplicativos:<\/strong><\/h3>\n<ul>\n<li><strong>Dentro de casa<\/strong>: Salas de estar, salas de jantar e espa\u00e7os abertos.<\/li>\n<li><strong>Ao ar livre<\/strong>: P\u00e1tios, jardins e lounges \u00e0 beira da piscina.<\/li>\n<li><strong>Comercial<\/strong>: Hot\u00e9is, restaurantes e resorts de luxo.<\/li>\n<\/ul>","protected":false},"featured_media":2679,"comment_status":"open","ping_status":"closed","template":"","meta":{"_eb_attr":"","_monsterinsights_skip_tracking":false,"_monsterinsights_sitenote_active":false,"_monsterinsights_sitenote_note":"","_monsterinsights_sitenote_category":0,"_uf_show_specific_survey":0,"_uf_disable_surveys":false},"product_brand":[],"product_cat":[51],"product_tag":[],"class_list":{"0":"post-2675","1":"product","2":"type-product","3":"status-publish","4":"has-post-thumbnail","6":"product_cat-hanging-fireplace","8":"first","9":"instock","10":"shipping-taxable","11":"product-type-simple"},"_links":{"self":[{"href":"https:\/\/keweicorten.com\/pt\/wp-json\/wp\/v2\/product\/2675"}],"collection":[{"href":"https:\/\/keweicorten.com\/pt\/wp-json\/wp\/v2\/product"}],"about":[{"href":"https:\/\/keweicorten.com\/pt\/wp-json\/wp\/v2\/types\/product"}],"replies":[{"embeddable":true,"href":"https:\/\/keweicorten.com\/pt\/wp-json\/wp\/v2\/comments?post=2675"}],"version-history":[{"count":3,"href":"https:\/\/keweicorten.com\/pt\/wp-json\/wp\/v2\/product\/2675\/revisions"}],"predecessor-version":[{"id":2687,"href":"https:\/\/keweicorten.com\/pt\/wp-json\/wp\/v2\/product\/2675\/revisions\/2687"}],"wp:featuredmedia":[{"embeddable":true,"href":"https:\/\/keweicorten.com\/pt\/wp-json\/wp\/v2\/media\/2679"}],"wp:attachment":[{"href":"https:\/\/keweicorten.com\/pt\/wp-json\/wp\/v2\/media?parent=2675"}],"wp:term":[{"taxonomy":"product_brand","embeddable":true,"href":"https:\/\/keweicorten.com\/pt\/wp-json\/wp\/v2\/product_brand?post=2675"},{"taxonomy":"product_cat","embeddable":true,"href":"https:\/\/keweicorten.com\/pt\/wp-json\/wp\/v2\/product_cat?post=2675"},{"taxonomy":"product_tag","embeddable":true,"href":"https:\/\/keweicorten.com\/pt\/wp-json\/wp\/v2\/product_tag?post=2675"}],"curies":[{"name":"wp","href":"https:\/\/api.w.org\/{rel}","templated":true}]}}