{"id":2959,"date":"2024-12-18T08:36:47","date_gmt":"2024-12-18T08:36:47","guid":{"rendered":"https:\/\/keweicorten.com\/?post_type=product&#038;p=2959"},"modified":"2025-01-15T06:13:19","modified_gmt":"2025-01-15T06:13:19","slug":"kit-de-fogueira-de-propano","status":"publish","type":"product","link":"https:\/\/keweicorten.com\/pt\/kit-de-fogueira-de-propano\/","title":{"rendered":"Kit de fogueira de propano"},"content":{"rendered":"<h2 data-pm-slice=\"1 3 []\"><strong>Kits de fogueiras a propano: O guia definitivo para aprimorar seu espa\u00e7o ao ar livre<\/strong><\/h2>\n<p>Quando se trata de criar um espa\u00e7o externo aconchegante e convidativo, poucas coisas rivalizam com o charme de uma fogueira de propano. Um kit de fogueira a propano \u00e9 a solu\u00e7\u00e3o perfeita para propriet\u00e1rios de casas e entusiastas de \u00e1reas externas que desejam construir sua pr\u00f3pria fogueira personalizada sem o inc\u00f4modo de come\u00e7ar do zero. Neste guia, abordaremos tudo o que voc\u00ea precisa saber sobre os kits de fogueiras a propano, seus benef\u00edcios, dicas de instala\u00e7\u00e3o e como escolher o mais adequado \u00e0s suas necessidades.<\/p>\n<div style=\"width: 800px;\" class=\"wp-video\"><!--[if lt IE 9]><script>document.createElement('video');<\/script><![endif]-->\n<video class=\"wp-video-shortcode\" id=\"video-2959-1\" width=\"800\" height=\"453\" preload=\"metadata\" controls=\"controls\"><source type=\"video\/mp4\" src=\"https:\/\/keweicorten.com\/wp-content\/uploads\/2024\/12\/WeChat_20241210164550.mp4?_=1\" \/><a href=\"https:\/\/keweicorten.com\/wp-content\/uploads\/2024\/12\/WeChat_20241210164550.mp4\">https:\/\/keweicorten.com\/wp-content\/uploads\/2024\/12\/WeChat_20241210164550.mp4<\/a><\/video><\/div>\n<h3><strong>O que \u00e9 um kit de fogueira a propano?<\/strong><\/h3>\n<p>Um kit de fogueira de propano inclui todos os componentes essenciais necess\u00e1rios para montar uma fogueira funcional e elegante. Esses kits geralmente cont\u00eam:<\/p>\n<ul data-spread=\"false\">\n<li><strong>Anel ou panela do queimador<\/strong>: A pe\u00e7a central que distribui o g\u00e1s propano uniformemente para obter uma chama bonita.<\/li>\n<li><strong>Painel de controle<\/strong>: Permite ajustar a altura da chama e ligar ou desligar o braseiro.<\/li>\n<li><strong>Sistema de igni\u00e7\u00e3o<\/strong>: Garante uma igni\u00e7\u00e3o segura e confi\u00e1vel, seja manual ou eletr\u00f4nica.<\/li>\n<li><strong>Mangueira de g\u00e1s e regulador<\/strong>: Conecta a fogueira a um tanque de propano para uma opera\u00e7\u00e3o segura.<\/li>\n<li><strong>Acess\u00f3rios opcionais<\/strong>: Itens como pedras de lava, vidro de fogo ou coberturas para aumentar a funcionalidade e a est\u00e9tica.<\/li>\n<\/ul>\n<p>Os kits de fogueira de propano s\u00e3o projetados para serem f\u00e1ceis de usar e vers\u00e1teis, tornando-os adequados para projetos DIY (fa\u00e7a voc\u00ea mesmo) ou instala\u00e7\u00f5es profissionais.<\/p>\n<p><a href=\"https:\/\/keweicorten.com\/pt\/entre-em-contato-conosco\/\"><img fetchpriority=\"high\" decoding=\"async\" class=\"alignnone wp-image-2965\" title=\"Kit de fogueira de propano\" src=\"https:\/\/keweicorten.com\/wp-content\/uploads\/2024\/12\/Gas-fire-pit-pan-3-300x225.jpg\" alt=\"Kit de fogueira de propano\" width=\"368\" height=\"276\" srcset=\"https:\/\/keweicorten.com\/wp-content\/uploads\/2024\/12\/Gas-fire-pit-pan-3-300x225.jpg 300w, https:\/\/keweicorten.com\/wp-content\/uploads\/2024\/12\/Gas-fire-pit-pan-3-768x576.jpg 768w, https:\/\/keweicorten.com\/wp-content\/uploads\/2024\/12\/Gas-fire-pit-pan-3-16x12.jpg 16w, https:\/\/keweicorten.com\/wp-content\/uploads\/2024\/12\/Gas-fire-pit-pan-3-600x450.jpg 600w, https:\/\/keweicorten.com\/wp-content\/uploads\/2024\/12\/Gas-fire-pit-pan-3.jpg 960w\" sizes=\"(max-width: 368px) 100vw, 368px\" \/><\/a> <a href=\"https:\/\/keweicorten.com\/pt\/entre-em-contato-conosco\/\"><img decoding=\"async\" class=\"alignnone wp-image-2966\" title=\"Kit de fogueira de propano\" src=\"https:\/\/keweicorten.com\/wp-content\/uploads\/2024\/12\/Gas-fire-pit-pan-4-300x225.jpg\" alt=\"Kit de fogueira de propano\" width=\"364\" height=\"273\" srcset=\"https:\/\/keweicorten.com\/wp-content\/uploads\/2024\/12\/Gas-fire-pit-pan-4-300x225.jpg 300w, https:\/\/keweicorten.com\/wp-content\/uploads\/2024\/12\/Gas-fire-pit-pan-4-768x576.jpg 768w, https:\/\/keweicorten.com\/wp-content\/uploads\/2024\/12\/Gas-fire-pit-pan-4-16x12.jpg 16w, https:\/\/keweicorten.com\/wp-content\/uploads\/2024\/12\/Gas-fire-pit-pan-4-600x450.jpg 600w, https:\/\/keweicorten.com\/wp-content\/uploads\/2024\/12\/Gas-fire-pit-pan-4.jpg 960w\" sizes=\"(max-width: 364px) 100vw, 364px\" \/><\/a><\/p>\n<h3><strong>Benef\u00edcios de um kit de fogueira a propano<\/strong><\/h3>\n<ol start=\"1\" data-spread=\"false\">\n<li><strong>Facilidade de uso<\/strong>: As fogueiras de propano acendem com o apertar de um bot\u00e3o, eliminando a necessidade de lenha ou gravetos.<\/li>\n<li><strong>Queima limpa<\/strong>: O propano \u00e9 um combust\u00edvel de queima limpa, produzindo o m\u00ednimo de fuma\u00e7a e cinzas.<\/li>\n<li><strong>Designs personaliz\u00e1veis<\/strong>: Os kits oferecem flexibilidade para criar uma fogueira que combine com sua decora\u00e7\u00e3o externa.<\/li>\n<li><strong>Portabilidade<\/strong>: Muitos kits s\u00e3o compat\u00edveis com designs port\u00e1teis, o que os torna ideais para p\u00e1tios, decks ou viagens de acampamento.<\/li>\n<li><strong>Efici\u00eancia energ\u00e9tica<\/strong>: O propano \u00e9 uma fonte de combust\u00edvel eficiente, que fornece uma sa\u00edda de calor consistente.<\/li>\n<\/ol>","protected":false},"excerpt":{"rendered":"<p data-pm-slice=\"1 1 []\">Os kits de fogueira de propano oferecem uma maneira descomplicada de aproveitar o calor e o ambiente de uma fogueira.<\/p>","protected":false},"featured_media":2960,"comment_status":"open","ping_status":"closed","template":"","meta":{"_eb_attr":"","_monsterinsights_skip_tracking":false,"_monsterinsights_sitenote_active":false,"_monsterinsights_sitenote_note":"","_monsterinsights_sitenote_category":0,"_uf_show_specific_survey":0,"_uf_disable_surveys":false},"product_brand":[],"product_cat":[53],"product_tag":[],"class_list":{"0":"post-2959","1":"product","2":"type-product","3":"status-publish","4":"has-post-thumbnail","6":"product_cat-gas-fire-pit-burner","8":"first","9":"instock","10":"shipping-taxable","11":"product-type-simple"},"_links":{"self":[{"href":"https:\/\/keweicorten.com\/pt\/wp-json\/wp\/v2\/product\/2959"}],"collection":[{"href":"https:\/\/keweicorten.com\/pt\/wp-json\/wp\/v2\/product"}],"about":[{"href":"https:\/\/keweicorten.com\/pt\/wp-json\/wp\/v2\/types\/product"}],"replies":[{"embeddable":true,"href":"https:\/\/keweicorten.com\/pt\/wp-json\/wp\/v2\/comments?post=2959"}],"version-history":[{"count":1,"href":"https:\/\/keweicorten.com\/pt\/wp-json\/wp\/v2\/product\/2959\/revisions"}],"predecessor-version":[{"id":2967,"href":"https:\/\/keweicorten.com\/pt\/wp-json\/wp\/v2\/product\/2959\/revisions\/2967"}],"wp:featuredmedia":[{"embeddable":true,"href":"https:\/\/keweicorten.com\/pt\/wp-json\/wp\/v2\/media\/2960"}],"wp:attachment":[{"href":"https:\/\/keweicorten.com\/pt\/wp-json\/wp\/v2\/media?parent=2959"}],"wp:term":[{"taxonomy":"product_brand","embeddable":true,"href":"https:\/\/keweicorten.com\/pt\/wp-json\/wp\/v2\/product_brand?post=2959"},{"taxonomy":"product_cat","embeddable":true,"href":"https:\/\/keweicorten.com\/pt\/wp-json\/wp\/v2\/product_cat?post=2959"},{"taxonomy":"product_tag","embeddable":true,"href":"https:\/\/keweicorten.com\/pt\/wp-json\/wp\/v2\/product_tag?post=2959"}],"curies":[{"name":"wp","href":"https:\/\/api.w.org\/{rel}","templated":true}]}}