{"id":2986,"date":"2024-12-23T07:47:35","date_gmt":"2024-12-23T07:47:35","guid":{"rendered":"https:\/\/keweicorten.com\/?post_type=product&#038;p=2986"},"modified":"2025-01-15T06:09:55","modified_gmt":"2025-01-15T06:09:55","slug":"fogueira-de-aco-corten","status":"publish","type":"product","link":"https:\/\/keweicorten.com\/pt\/fogueira-de-aco-corten\/","title":{"rendered":"fogueira de a\u00e7o corten"},"content":{"rendered":"<h3>Fogueira de a\u00e7o corten: A combina\u00e7\u00e3o perfeita de durabilidade e estilo para seu espa\u00e7o ao ar livre<\/h3>\n<p>As lareiras de a\u00e7o corten est\u00e3o se tornando uma das principais op\u00e7\u00f5es para propriet\u00e1rios de casas e entusiastas de atividades ao ar livre que buscam uma pe\u00e7a central funcional e visualmente marcante para seus jardins ou p\u00e1tios. Com sua apar\u00eancia \u00fanica de ferrugem e durabilidade impressionante, as lareiras de a\u00e7o corten combinam apelo est\u00e9tico e praticidade, tornando-as indispens\u00e1veis para quem valoriza a vida ao ar livre.<\/p>\n<h4>O que \u00e9 uma fogueira de a\u00e7o corten?<\/h4>\n<p>O a\u00e7o corten, tamb\u00e9m conhecido como a\u00e7o para intemp\u00e9ries, \u00e9 um material de alta resist\u00eancia projetado para resistir \u00e0s intemp\u00e9ries. Com o passar do tempo, ele desenvolve uma p\u00e1tina natural e protetora que lhe confere um acabamento caracter\u00edstico semelhante \u00e0 ferrugem. Essa camada aumenta o charme visual da fogueira e a protege de corros\u00e3o adicional, garantindo uma longa vida \u00fatil com manuten\u00e7\u00e3o m\u00ednima.<\/p>\n<p><img fetchpriority=\"high\" decoding=\"async\" class=\"alignnone size-medium wp-image-2988\" src=\"https:\/\/keweicorten.com\/wp-content\/uploads\/2024\/12\/2-300x300.jpg\" alt=\"\" width=\"300\" height=\"300\" srcset=\"https:\/\/keweicorten.com\/wp-content\/uploads\/2024\/12\/2-300x300.jpg 300w, https:\/\/keweicorten.com\/wp-content\/uploads\/2024\/12\/2-150x150.jpg 150w, https:\/\/keweicorten.com\/wp-content\/uploads\/2024\/12\/2-12x12.jpg 12w, https:\/\/keweicorten.com\/wp-content\/uploads\/2024\/12\/2-600x600.jpg 600w, https:\/\/keweicorten.com\/wp-content\/uploads\/2024\/12\/2-100x100.jpg 100w, https:\/\/keweicorten.com\/wp-content\/uploads\/2024\/12\/2.jpg 750w\" sizes=\"(max-width: 300px) 100vw, 300px\" \/> <img decoding=\"async\" class=\"alignnone size-medium wp-image-2989\" src=\"https:\/\/keweicorten.com\/wp-content\/uploads\/2024\/12\/4-1-300x294.jpg\" alt=\"\" width=\"300\" height=\"294\" srcset=\"https:\/\/keweicorten.com\/wp-content\/uploads\/2024\/12\/4-1-300x294.jpg 300w, https:\/\/keweicorten.com\/wp-content\/uploads\/2024\/12\/4-1-12x12.jpg 12w, https:\/\/keweicorten.com\/wp-content\/uploads\/2024\/12\/4-1-600x587.jpg 600w, https:\/\/keweicorten.com\/wp-content\/uploads\/2024\/12\/4-1.jpg 743w\" sizes=\"(max-width: 300px) 100vw, 300px\" \/><\/p>\n<h4>Benef\u00edcios de uma fogueira de a\u00e7o corten<\/h4>\n<ol>\n<li><strong>Dur\u00e1vel e de longa dura\u00e7\u00e3o<\/strong><br \/>\nAs lareiras de a\u00e7o corten s\u00e3o constru\u00eddas para resistir a condi\u00e7\u00f5es clim\u00e1ticas extremas. A p\u00e1tina protetora evita danos causados pela chuva, neve e calor, tornando-as ideais para uso durante todo o ano.<\/li>\n<li><strong>Baixa manuten\u00e7\u00e3o<\/strong><br \/>\nAo contr\u00e1rio das fogueiras tradicionais, o a\u00e7o corten requer pouca manuten\u00e7\u00e3o. O acabamento de ferrugem natural elimina a necessidade de pintura ou retoque, permitindo que voc\u00ea aproveite sua fogueira sem se preocupar com a manuten\u00e7\u00e3o.<\/li>\n<li><strong>Apelo est\u00e9tico atemporal<\/strong><br \/>\nOs tons quentes e terrosos da p\u00e1tina do a\u00e7o corten combinam perfeitamente com ambientes externos, criando uma atmosfera aconchegante e convidativa. Seja em um ambiente moderno ou r\u00fastico, uma fogueira de a\u00e7o corten acrescenta um toque de sofistica\u00e7\u00e3o ao seu espa\u00e7o.<\/li>\n<li><strong>Escolha ecologicamente correta<\/strong><br \/>\nO a\u00e7o corten \u00e9 100% recicl\u00e1vel, o que o torna um material ambientalmente respons\u00e1vel. Sua longevidade reduz ainda mais a necessidade de substitui\u00e7\u00f5es, contribuindo para uma vida sustent\u00e1vel.<\/li>\n<\/ol>\n<p><img decoding=\"async\" class=\"alignnone wp-image-2979\" src=\"https:\/\/keweicorten.com\/wp-content\/uploads\/2024\/12\/photobank-3-300x134.png\" alt=\"\" width=\"604\" height=\"270\" srcset=\"https:\/\/keweicorten.com\/wp-content\/uploads\/2024\/12\/photobank-3-300x134.png 300w, https:\/\/keweicorten.com\/wp-content\/uploads\/2024\/12\/photobank-3-18x8.png 18w, https:\/\/keweicorten.com\/wp-content\/uploads\/2024\/12\/photobank-3.png 437w\" sizes=\"(max-width: 604px) 100vw, 604px\" \/><\/p>\n<h4>Usos populares para fogueiras de a\u00e7o corten<\/h4>\n<ul>\n<li><strong>Pe\u00e7a central de jardim<\/strong>: Use uma fogueira de a\u00e7o corten como ponto focal no projeto de seu jardim, complementando as plantas e o paisagismo.<\/li>\n<li><strong>Aquecimento de p\u00e1tio<\/strong>: Amplie a capacidade de uso de seus espa\u00e7os ao ar livre nos meses mais frios com uma fogueira que proporciona calor e ambiente.<\/li>\n<li><strong>Reuni\u00f5es sociais<\/strong>: Crie um local aconchegante para os amigos e a fam\u00edlia se reunirem, perfeito para assar marshmallows ou desfrutar de um bate-papo \u00e0 noite.<\/li>\n<\/ul>\n<h4>Escolhendo a fogueira de a\u00e7o corten certa<\/h4>\n<p>Ao escolher uma fogueira de a\u00e7o corten, considere o tamanho e o formato que melhor se adaptam ao seu espa\u00e7o externo. Os designs redondos e quadrados s\u00e3o populares por sua versatilidade, enquanto as fogueiras em forma de tigela acrescentam um toque art\u00edstico. Certifique-se de que a fogueira seja feita de a\u00e7o corten aut\u00eantico para obter o m\u00e1ximo de durabilidade e qualidade est\u00e9tica.<\/p>\n<p><a href=\"https:\/\/keweicorten.com\/pt\/entre-em-contato-conosco\/\"><img loading=\"lazy\" decoding=\"async\" class=\"alignnone wp-image-2865 size-medium\" title=\"fogueira de corten\" src=\"https:\/\/keweicorten.com\/wp-content\/uploads\/2024\/12\/25-300x300.jpg\" alt=\" comprar descontocorten firepit price\u3001corten firepit Pricelist \u3001corten firepit quotation -keweicorten\" width=\"300\" height=\"300\" srcset=\"https:\/\/keweicorten.com\/wp-content\/uploads\/2024\/12\/25-300x300.jpg 300w, https:\/\/keweicorten.com\/wp-content\/uploads\/2024\/12\/25-150x150.jpg 150w, https:\/\/keweicorten.com\/wp-content\/uploads\/2024\/12\/25-12x12.jpg 12w, https:\/\/keweicorten.com\/wp-content\/uploads\/2024\/12\/25-100x100.jpg 100w, https:\/\/keweicorten.com\/wp-content\/uploads\/2024\/12\/25.jpg 500w\" sizes=\"(max-width: 300px) 100vw, 300px\" \/><\/a> <a href=\"https:\/\/keweicorten.com\/pt\/products\/\"><img loading=\"lazy\" decoding=\"async\" class=\"alignnone wp-image-2862 size-medium\" title=\"fogueira de corten\" src=\"https:\/\/keweicorten.com\/wp-content\/uploads\/2024\/12\/15-300x300.jpg\" alt=\" comprar descontocorten firepit price\u3001corten firepit Pricelist \u3001corten firepit quotation -keweicorten\" width=\"300\" height=\"300\" srcset=\"https:\/\/keweicorten.com\/wp-content\/uploads\/2024\/12\/15-300x300.jpg 300w, https:\/\/keweicorten.com\/wp-content\/uploads\/2024\/12\/15-150x150.jpg 150w, https:\/\/keweicorten.com\/wp-content\/uploads\/2024\/12\/15-12x12.jpg 12w, https:\/\/keweicorten.com\/wp-content\/uploads\/2024\/12\/15-600x600.jpg 600w, https:\/\/keweicorten.com\/wp-content\/uploads\/2024\/12\/15-100x100.jpg 100w, https:\/\/keweicorten.com\/wp-content\/uploads\/2024\/12\/15.jpg 750w\" sizes=\"(max-width: 300px) 100vw, 300px\" \/><\/a><\/p>\n<h4>Por que investir em uma fogueira de a\u00e7o corten?<\/h4>\n<p>Uma fogueira de a\u00e7o corten \u00e9 mais do que apenas um acess\u00f3rio para ambientes externos; \u00e9 um investimento na cria\u00e7\u00e3o de um ambiente externo elegante e funcional. Sua durabilidade, baixa manuten\u00e7\u00e3o e apelo atemporal fazem dela um destaque em qualquer quintal ou p\u00e1tio.<\/p>\n<p><a href=\"https:\/\/keweicorten.com\/pt\"><img loading=\"lazy\" decoding=\"async\" class=\"alignnone wp-image-2990 size-full\" title=\"fogueira de corten\" src=\"https:\/\/keweicorten.com\/wp-content\/uploads\/2024\/12\/\u5fae\u4fe1\u56fe\u7247_20240717104820.jpg\" alt=\" comprar descontocorten firepit price\u3001corten firepit Pricelist \u3001corten firepit quotation -keweicorten\" width=\"600\" height=\"338\" srcset=\"https:\/\/keweicorten.com\/wp-content\/uploads\/2024\/12\/\u5fae\u4fe1\u56fe\u7247_20240717104820.jpg 600w, https:\/\/keweicorten.com\/wp-content\/uploads\/2024\/12\/\u5fae\u4fe1\u56fe\u7247_20240717104820-300x169.jpg 300w, https:\/\/keweicorten.com\/wp-content\/uploads\/2024\/12\/\u5fae\u4fe1\u56fe\u7247_20240717104820-18x10.jpg 18w\" sizes=\"(max-width: 600px) 100vw, 600px\" \/><\/a><\/p>","protected":false},"excerpt":{"rendered":"<p>Descubra os benef\u00edcios das lareiras de a\u00e7o corten. Dur\u00e1veis, elegantes e de baixa manuten\u00e7\u00e3o, elas s\u00e3o o complemento perfeito para qualquer espa\u00e7o ao ar livre. Saiba mais agora!<\/p>","protected":false},"featured_media":2987,"comment_status":"open","ping_status":"closed","template":"","meta":{"_eb_attr":"","_monsterinsights_skip_tracking":false,"_monsterinsights_sitenote_active":false,"_monsterinsights_sitenote_note":"","_monsterinsights_sitenote_category":0,"_uf_show_specific_survey":0,"_uf_disable_surveys":false},"product_brand":[],"product_cat":[54],"product_tag":[],"class_list":{"0":"post-2986","1":"product","2":"type-product","3":"status-publish","4":"has-post-thumbnail","6":"product_cat-wood-fire-pit","8":"first","9":"instock","10":"shipping-taxable","11":"product-type-simple"},"_links":{"self":[{"href":"https:\/\/keweicorten.com\/pt\/wp-json\/wp\/v2\/product\/2986"}],"collection":[{"href":"https:\/\/keweicorten.com\/pt\/wp-json\/wp\/v2\/product"}],"about":[{"href":"https:\/\/keweicorten.com\/pt\/wp-json\/wp\/v2\/types\/product"}],"replies":[{"embeddable":true,"href":"https:\/\/keweicorten.com\/pt\/wp-json\/wp\/v2\/comments?post=2986"}],"version-history":[{"count":1,"href":"https:\/\/keweicorten.com\/pt\/wp-json\/wp\/v2\/product\/2986\/revisions"}],"predecessor-version":[{"id":2991,"href":"https:\/\/keweicorten.com\/pt\/wp-json\/wp\/v2\/product\/2986\/revisions\/2991"}],"wp:featuredmedia":[{"embeddable":true,"href":"https:\/\/keweicorten.com\/pt\/wp-json\/wp\/v2\/media\/2987"}],"wp:attachment":[{"href":"https:\/\/keweicorten.com\/pt\/wp-json\/wp\/v2\/media?parent=2986"}],"wp:term":[{"taxonomy":"product_brand","embeddable":true,"href":"https:\/\/keweicorten.com\/pt\/wp-json\/wp\/v2\/product_brand?post=2986"},{"taxonomy":"product_cat","embeddable":true,"href":"https:\/\/keweicorten.com\/pt\/wp-json\/wp\/v2\/product_cat?post=2986"},{"taxonomy":"product_tag","embeddable":true,"href":"https:\/\/keweicorten.com\/pt\/wp-json\/wp\/v2\/product_tag?post=2986"}],"curies":[{"name":"wp","href":"https:\/\/api.w.org\/{rel}","templated":true}]}}