{"id":2999,"date":"2024-12-25T07:01:12","date_gmt":"2024-12-25T07:01:12","guid":{"rendered":"https:\/\/keweicorten.com\/?post_type=product&#038;p=2999"},"modified":"2025-01-15T06:12:44","modified_gmt":"2025-01-15T06:12:44","slug":"churrasco-corten","status":"publish","type":"product","link":"https:\/\/keweicorten.com\/pt\/churrasco-corten\/","title":{"rendered":"churrasco corten"},"content":{"rendered":"<h2 data-pm-slice=\"1 3 []\">A\u00e7o corten para churrasco: A escolha perfeita para os entusiastas da culin\u00e1ria ao ar livre<\/h2>\n<p>Se voc\u00ea \u00e9 apaixonado por cozinhar ao ar livre e deseja elevar sua experi\u00eancia com churrasco, uma churrasqueira feita de a\u00e7o corten \u00e9 um divisor de \u00e1guas. Combinando funcionalidade, durabilidade e apelo est\u00e9tico, as churrasqueiras de a\u00e7o corten t\u00eam se tornado cada vez mais populares entre os entusiastas da culin\u00e1ria ao ar livre. Esse material \u00e9 uma excelente op\u00e7\u00e3o para sua pr\u00f3xima configura\u00e7\u00e3o de churrasqueira.<\/p>\n<h4>O que \u00e9 o a\u00e7o corten?<\/h4>\n<p>O a\u00e7o Corten, tamb\u00e9m conhecido como a\u00e7o para intemp\u00e9ries, \u00e9 um tipo de liga de a\u00e7o projetado para formar uma apar\u00eancia est\u00e1vel de ferrugem ap\u00f3s a exposi\u00e7\u00e3o ao clima. Essa propriedade exclusiva o torna visualmente impressionante e altamente resistente \u00e0 corros\u00e3o. Ao contr\u00e1rio do a\u00e7o tradicional, o a\u00e7o corten desenvolve uma p\u00e1tina protetora ao longo do tempo, que protege o material contra danos adicionais, garantindo um desempenho duradouro.<\/p>\n<h4>Benef\u00edcios de uma churrasqueira de a\u00e7o corten<\/h4>\n<ol start=\"1\" data-spread=\"true\">\n<li><strong>Durabilidade e longevidade<\/strong> O a\u00e7o corten foi projetado para resistir a condi\u00e7\u00f5es clim\u00e1ticas adversas, o que o torna ideal para uso externo. Suas propriedades de resist\u00eancia \u00e0 corros\u00e3o significam que sua churrasqueira permanecer\u00e1 funcional e bonita por muitos anos.<\/li>\n<li><strong>Baixa manuten\u00e7\u00e3o<\/strong> A p\u00e1tina natural que se forma no a\u00e7o corten elimina a necessidade de manuten\u00e7\u00e3o frequente. Ao contr\u00e1rio de outros materiais que requerem pintura ou veda\u00e7\u00e3o, as churrasqueiras de a\u00e7o corten praticamente n\u00e3o precisam de manuten\u00e7\u00e3o.<\/li>\n<li><strong>Apelo est\u00e9tico<\/strong> Os tons ricos e terrosos do a\u00e7o corten d\u00e3o um toque moderno e sofisticado a qualquer espa\u00e7o externo. Quer voc\u00ea prefira um design minimalista ou um visual mais r\u00fastico, o a\u00e7o corten complementa v\u00e1rios estilos de \u00e1reas externas.<\/li>\n<li><strong>Reten\u00e7\u00e3o e distribui\u00e7\u00e3o de calor<\/strong> O a\u00e7o corten \u00e9 um excelente condutor de calor, garantindo temperaturas de cozimento uniformes. Esse recurso aprimora a qualidade dos alimentos grelhados, proporcionando sempre resultados perfeitos.<\/li>\n<\/ol>\n<p><a href=\"https:\/\/keweicorten.com\/pt\"><img fetchpriority=\"high\" decoding=\"async\" class=\"alignnone wp-image-3004 size-medium\" title=\"Churrasqueira de corten\u00a0\" src=\"https:\/\/keweicorten.com\/wp-content\/uploads\/2024\/12\/IMG20220916175214-300x300.jpg\" alt=\"comprar corten bbq grill com desconto Amostra gr\u00e1tis -keweicorten\" width=\"300\" height=\"300\" srcset=\"https:\/\/keweicorten.com\/wp-content\/uploads\/2024\/12\/IMG20220916175214-300x300.jpg 300w, https:\/\/keweicorten.com\/wp-content\/uploads\/2024\/12\/IMG20220916175214-150x150.jpg 150w, https:\/\/keweicorten.com\/wp-content\/uploads\/2024\/12\/IMG20220916175214-12x12.jpg 12w, https:\/\/keweicorten.com\/wp-content\/uploads\/2024\/12\/IMG20220916175214-600x600.jpg 600w, https:\/\/keweicorten.com\/wp-content\/uploads\/2024\/12\/IMG20220916175214-100x100.jpg 100w, https:\/\/keweicorten.com\/wp-content\/uploads\/2024\/12\/IMG20220916175214.jpg 750w\" sizes=\"(max-width: 300px) 100vw, 300px\" \/><\/a><a href=\"https:\/\/keweicorten.com\/pt\/entre-em-contato-conosco\/\"><img decoding=\"async\" class=\"alignnone wp-image-3001 size-medium\" title=\"Churrasqueira de corten\u00a0\" src=\"https:\/\/keweicorten.com\/wp-content\/uploads\/2024\/12\/IMG20220916161902-300x300.jpg\" alt=\"comprar corten bbq grill com desconto Amostra gr\u00e1tis -keweicorten\" width=\"300\" height=\"300\" srcset=\"https:\/\/keweicorten.com\/wp-content\/uploads\/2024\/12\/IMG20220916161902-300x300.jpg 300w, https:\/\/keweicorten.com\/wp-content\/uploads\/2024\/12\/IMG20220916161902-150x150.jpg 150w, https:\/\/keweicorten.com\/wp-content\/uploads\/2024\/12\/IMG20220916161902-12x12.jpg 12w, https:\/\/keweicorten.com\/wp-content\/uploads\/2024\/12\/IMG20220916161902-600x600.jpg 600w, https:\/\/keweicorten.com\/wp-content\/uploads\/2024\/12\/IMG20220916161902-100x100.jpg 100w, https:\/\/keweicorten.com\/wp-content\/uploads\/2024\/12\/IMG20220916161902.jpg 750w\" sizes=\"(max-width: 300px) 100vw, 300px\" \/><\/a> <a href=\"https:\/\/keweicorten.com\/pt\/categoria-produto\/fogueira\/\"><img decoding=\"async\" class=\"alignnone wp-image-3002 size-medium\" title=\"Churrasqueira de corten\" src=\"https:\/\/keweicorten.com\/wp-content\/uploads\/2024\/12\/IMG20220916161905-300x300.jpg\" alt=\"comprar corten bbq grill com desconto Amostra gr\u00e1tis -keweicorten\" width=\"300\" height=\"300\" srcset=\"https:\/\/keweicorten.com\/wp-content\/uploads\/2024\/12\/IMG20220916161905-300x300.jpg 300w, https:\/\/keweicorten.com\/wp-content\/uploads\/2024\/12\/IMG20220916161905-150x150.jpg 150w, https:\/\/keweicorten.com\/wp-content\/uploads\/2024\/12\/IMG20220916161905-12x12.jpg 12w, https:\/\/keweicorten.com\/wp-content\/uploads\/2024\/12\/IMG20220916161905-600x600.jpg 600w, https:\/\/keweicorten.com\/wp-content\/uploads\/2024\/12\/IMG20220916161905-100x100.jpg 100w, https:\/\/keweicorten.com\/wp-content\/uploads\/2024\/12\/IMG20220916161905.jpg 750w\" sizes=\"(max-width: 300px) 100vw, 300px\" \/><\/a><\/p>\n<h4>Projetos populares de churrasqueiras de a\u00e7o corten<\/h4>\n<ol start=\"1\" data-spread=\"true\">\n<li><strong>Churrasqueiras aut\u00f4nomas<\/strong> Elas s\u00e3o perfeitas para quem deseja uma op\u00e7\u00e3o vers\u00e1til e port\u00e1til. Elas v\u00eam em v\u00e1rios formatos e tamanhos para atender a diferentes necessidades de cozimento.<\/li>\n<li><strong>Churrasqueiras<\/strong> Combinando a funcionalidade de uma churrasqueira e o ambiente de uma fogueira, esses designs s\u00e3o perfeitos para entreter os convidados e criar uma atmosfera aconchegante.<\/li>\n<li><strong>Esta\u00e7\u00f5es de churrasco embutidas<\/strong> Para uma configura\u00e7\u00e3o mais permanente, as churrasqueiras embutidas em a\u00e7o corten s\u00e3o uma excelente op\u00e7\u00e3o. Elas podem ser personalizadas para se adaptarem perfeitamente \u00e0 sua cozinha externa.<\/li>\n<\/ol>\n<p><a href=\"https:\/\/keweicorten.com\/pt\"><img loading=\"lazy\" decoding=\"async\" class=\"alignnone wp-image-2981 size-full\" title=\"churrasco corten\" src=\"https:\/\/keweicorten.com\/wp-content\/uploads\/2024\/12\/\u672a\u547d\u540d.jpg\" alt=\"comprar corten barbecue com desconto \" width=\"750\" height=\"750\" srcset=\"https:\/\/keweicorten.com\/wp-content\/uploads\/2024\/12\/\u672a\u547d\u540d.jpg 750w, https:\/\/keweicorten.com\/wp-content\/uploads\/2024\/12\/\u672a\u547d\u540d-300x300.jpg 300w, https:\/\/keweicorten.com\/wp-content\/uploads\/2024\/12\/\u672a\u547d\u540d-150x150.jpg 150w, https:\/\/keweicorten.com\/wp-content\/uploads\/2024\/12\/\u672a\u547d\u540d-12x12.jpg 12w, https:\/\/keweicorten.com\/wp-content\/uploads\/2024\/12\/\u672a\u547d\u540d-600x600.jpg 600w, https:\/\/keweicorten.com\/wp-content\/uploads\/2024\/12\/\u672a\u547d\u540d-100x100.jpg 100w\" sizes=\"(max-width: 750px) 100vw, 750px\" \/><\/a><\/p>\n<h4>Por que escolher o a\u00e7o corten para sua churrasqueira?<\/h4>\n<ul data-spread=\"false\">\n<li><strong>Ecologicamente correto:<\/strong> O a\u00e7o corten \u00e9 recicl\u00e1vel, o que o torna uma op\u00e7\u00e3o sustent\u00e1vel para consumidores preocupados com o meio ambiente.<\/li>\n<li><strong>Processo de envelhecimento exclusivo:<\/strong> Com o tempo, a apar\u00eancia do a\u00e7o melhora, acrescentando personalidade ao seu espa\u00e7o externo.<\/li>\n<li><strong>Resist\u00eancia \u00e0s intemp\u00e9ries:<\/strong> Sua capacidade de resistir a condi\u00e7\u00f5es extremas garante que ele permane\u00e7a funcional e visualmente atraente durante todo o ano.<\/li>\n<\/ul>\n<p><a href=\"https:\/\/keweicorten.com\/pt\"><img loading=\"lazy\" decoding=\"async\" class=\"alignnone wp-image-2979 size-full\" title=\"Churrasqueira de a\u00e7o corten \" src=\"https:\/\/keweicorten.com\/wp-content\/uploads\/2024\/12\/photobank-3.png\" alt=\"comprar churrasqueira de a\u00e7o corten com desconto -keweicorten\" width=\"437\" height=\"195\" srcset=\"https:\/\/keweicorten.com\/wp-content\/uploads\/2024\/12\/photobank-3.png 437w, https:\/\/keweicorten.com\/wp-content\/uploads\/2024\/12\/photobank-3-300x134.png 300w, https:\/\/keweicorten.com\/wp-content\/uploads\/2024\/12\/photobank-3-18x8.png 18w\" sizes=\"(max-width: 437px) 100vw, 437px\" \/><\/a><\/p>\n<h4>Dicas para a manuten\u00e7\u00e3o de sua churrasqueira de a\u00e7o corten<\/h4>\n<ul data-spread=\"false\">\n<li>Evite coloc\u00e1-lo em \u00e1reas com umidade constante para evitar ferrugem excessiva.<\/li>\n<li>Limpe a superf\u00edcie da churrasqueira regularmente para remover res\u00edduos de alimentos.<\/li>\n<li>Use uma capa protetora se voc\u00ea mora em regi\u00f5es com chuvas fortes ou neve<\/li>\n<\/ul>","protected":false},"excerpt":{"rendered":"<p data-pm-slice=\"1 1 []\">A churrasqueira de a\u00e7o corten n\u00e3o se trata apenas de funcionalidade; trata-se de aprimorar seu espa\u00e7o ao ar livre com uma pe\u00e7a central dur\u00e1vel, de baixa manuten\u00e7\u00e3o e visualmente impressionante.<\/p>","protected":false},"featured_media":3005,"comment_status":"open","ping_status":"closed","template":"","meta":{"_eb_attr":"","_monsterinsights_skip_tracking":false,"_monsterinsights_sitenote_active":false,"_monsterinsights_sitenote_note":"","_monsterinsights_sitenote_category":0,"_uf_show_specific_survey":0,"_uf_disable_surveys":false},"product_brand":[],"product_cat":[63],"product_tag":[],"class_list":{"0":"post-2999","1":"product","2":"type-product","3":"status-publish","4":"has-post-thumbnail","6":"product_cat-steel-bbq-grill","8":"first","9":"instock","10":"shipping-taxable","11":"product-type-simple"},"_links":{"self":[{"href":"https:\/\/keweicorten.com\/pt\/wp-json\/wp\/v2\/product\/2999"}],"collection":[{"href":"https:\/\/keweicorten.com\/pt\/wp-json\/wp\/v2\/product"}],"about":[{"href":"https:\/\/keweicorten.com\/pt\/wp-json\/wp\/v2\/types\/product"}],"replies":[{"embeddable":true,"href":"https:\/\/keweicorten.com\/pt\/wp-json\/wp\/v2\/comments?post=2999"}],"version-history":[{"count":1,"href":"https:\/\/keweicorten.com\/pt\/wp-json\/wp\/v2\/product\/2999\/revisions"}],"predecessor-version":[{"id":3007,"href":"https:\/\/keweicorten.com\/pt\/wp-json\/wp\/v2\/product\/2999\/revisions\/3007"}],"wp:featuredmedia":[{"embeddable":true,"href":"https:\/\/keweicorten.com\/pt\/wp-json\/wp\/v2\/media\/3005"}],"wp:attachment":[{"href":"https:\/\/keweicorten.com\/pt\/wp-json\/wp\/v2\/media?parent=2999"}],"wp:term":[{"taxonomy":"product_brand","embeddable":true,"href":"https:\/\/keweicorten.com\/pt\/wp-json\/wp\/v2\/product_brand?post=2999"},{"taxonomy":"product_cat","embeddable":true,"href":"https:\/\/keweicorten.com\/pt\/wp-json\/wp\/v2\/product_cat?post=2999"},{"taxonomy":"product_tag","embeddable":true,"href":"https:\/\/keweicorten.com\/pt\/wp-json\/wp\/v2\/product_tag?post=2999"}],"curies":[{"name":"wp","href":"https:\/\/api.w.org\/{rel}","templated":true}]}}