{"id":3040,"date":"2024-12-26T06:45:28","date_gmt":"2024-12-26T06:45:28","guid":{"rendered":"https:\/\/keweicorten.com\/?post_type=product&#038;p=3040"},"modified":"2025-01-15T06:09:07","modified_gmt":"2025-01-15T06:09:07","slug":"luzes-solares-para-o-quintal","status":"publish","type":"product","link":"https:\/\/keweicorten.com\/pt\/luzes-solares-para-o-quintal\/","title":{"rendered":"luzes solares para o quintal"},"content":{"rendered":"<h3 data-pm-slice=\"1 1 []\">Luzes solares para quintais: Um guia abrangente<\/h3>\n<p>As luzes solares s\u00e3o uma maneira fant\u00e1stica de iluminar seu quintal e, ao mesmo tempo, s\u00e3o ecologicamente corretas e econ\u00f4micas. Elas usam energia solar renov\u00e1vel, reduzem as contas de eletricidade e oferecem op\u00e7\u00f5es vers\u00e1teis de design para v\u00e1rios estilos de quintal. Aqui est\u00e1 tudo o que voc\u00ea precisa saber sobre como escolher e usar luzes solares em seu espa\u00e7o externo.<\/p>\n<div>\n<hr \/>\n<\/div>\n<h3><strong>Benef\u00edcios das luzes solares<\/strong><\/h3>\n<ol start=\"1\" data-spread=\"true\">\n<li><strong>Efici\u00eancia energ\u00e9tica<\/strong><br \/>\nAs luzes solares convertem a luz do sol em eletricidade, reduzindo significativamente o consumo e os custos de energia. Elas s\u00e3o ideais para propriet\u00e1rios que se preocupam com o meio ambiente.<\/li>\n<li><strong>F\u00e1cil instala\u00e7\u00e3o<\/strong><br \/>\nA maioria das luzes solares \u00e9 sem fio e vem com componentes f\u00e1ceis de instalar, o que as torna uma op\u00e7\u00e3o conveniente para os entusiastas da bricolagem.<\/li>\n<li><strong>Baixa manuten\u00e7\u00e3o<\/strong><br \/>\nAs luzes solares requerem manuten\u00e7\u00e3o m\u00ednima com materiais dur\u00e1veis e opera\u00e7\u00f5es autom\u00e1ticas, proporcionando ilumina\u00e7\u00e3o sem complica\u00e7\u00f5es durante anos.<\/li>\n<li><strong>Design vers\u00e1til<\/strong><br \/>\nDispon\u00edveis em v\u00e1rios estilos, as luzes solares podem se adequar \u00e0 est\u00e9tica moderna, r\u00fastica ou tradicional do quintal.<\/li>\n<\/ol>\n<div>\n<hr \/>\n<\/div>\n<h3><a href=\"https:\/\/keweicorten.com\/pt\/produto\/corten-lamp\/\"><img fetchpriority=\"high\" decoding=\"async\" class=\"alignnone wp-image-3045\" title=\"luzes externas para p\u00e1tio\" src=\"https:\/\/keweicorten.com\/wp-content\/uploads\/2024\/12\/\u5fae\u4fe1\u56fe\u7247_20241226134154.jpg\" alt=\"luzes externas para p\u00e1tio\" width=\"850\" height=\"1031\" srcset=\"https:\/\/keweicorten.com\/wp-content\/uploads\/2024\/12\/\u5fae\u4fe1\u56fe\u7247_20241226134154.jpg 1080w, https:\/\/keweicorten.com\/wp-content\/uploads\/2024\/12\/\u5fae\u4fe1\u56fe\u7247_20241226134154-247x300.jpg 247w, https:\/\/keweicorten.com\/wp-content\/uploads\/2024\/12\/\u5fae\u4fe1\u56fe\u7247_20241226134154-844x1024.jpg 844w, https:\/\/keweicorten.com\/wp-content\/uploads\/2024\/12\/\u5fae\u4fe1\u56fe\u7247_20241226134154-768x932.jpg 768w, https:\/\/keweicorten.com\/wp-content\/uploads\/2024\/12\/\u5fae\u4fe1\u56fe\u7247_20241226134154-10x12.jpg 10w, https:\/\/keweicorten.com\/wp-content\/uploads\/2024\/12\/\u5fae\u4fe1\u56fe\u7247_20241226134154-600x728.jpg 600w\" sizes=\"(max-width: 850px) 100vw, 850px\" \/><\/a><\/h3>","protected":false},"excerpt":{"rendered":"<p>Descubra luzes solares vers\u00e1teis para o seu quintal, desde luzes decorativas para cordas at\u00e9 holofotes pr\u00e1ticos, para uma transforma\u00e7\u00e3o ecol\u00f3gica e elegante ao ar livre.<\/p>","protected":false},"featured_media":3041,"comment_status":"open","ping_status":"closed","template":"","meta":{"_eb_attr":"","_monsterinsights_skip_tracking":false,"_monsterinsights_sitenote_active":false,"_monsterinsights_sitenote_note":"","_monsterinsights_sitenote_category":0,"_uf_show_specific_survey":0,"_uf_disable_surveys":false},"product_brand":[],"product_cat":[61],"product_tag":[],"class_list":{"0":"post-3040","1":"product","2":"type-product","3":"status-publish","4":"has-post-thumbnail","6":"product_cat-light-post","8":"first","9":"instock","10":"shipping-taxable","11":"product-type-simple"},"_links":{"self":[{"href":"https:\/\/keweicorten.com\/pt\/wp-json\/wp\/v2\/product\/3040"}],"collection":[{"href":"https:\/\/keweicorten.com\/pt\/wp-json\/wp\/v2\/product"}],"about":[{"href":"https:\/\/keweicorten.com\/pt\/wp-json\/wp\/v2\/types\/product"}],"replies":[{"embeddable":true,"href":"https:\/\/keweicorten.com\/pt\/wp-json\/wp\/v2\/comments?post=3040"}],"version-history":[{"count":1,"href":"https:\/\/keweicorten.com\/pt\/wp-json\/wp\/v2\/product\/3040\/revisions"}],"predecessor-version":[{"id":3046,"href":"https:\/\/keweicorten.com\/pt\/wp-json\/wp\/v2\/product\/3040\/revisions\/3046"}],"wp:featuredmedia":[{"embeddable":true,"href":"https:\/\/keweicorten.com\/pt\/wp-json\/wp\/v2\/media\/3041"}],"wp:attachment":[{"href":"https:\/\/keweicorten.com\/pt\/wp-json\/wp\/v2\/media?parent=3040"}],"wp:term":[{"taxonomy":"product_brand","embeddable":true,"href":"https:\/\/keweicorten.com\/pt\/wp-json\/wp\/v2\/product_brand?post=3040"},{"taxonomy":"product_cat","embeddable":true,"href":"https:\/\/keweicorten.com\/pt\/wp-json\/wp\/v2\/product_cat?post=3040"},{"taxonomy":"product_tag","embeddable":true,"href":"https:\/\/keweicorten.com\/pt\/wp-json\/wp\/v2\/product_tag?post=3040"}],"curies":[{"name":"wp","href":"https:\/\/api.w.org\/{rel}","templated":true}]}}