{"id":3047,"date":"2024-12-26T06:53:53","date_gmt":"2024-12-26T06:53:53","guid":{"rendered":"https:\/\/keweicorten.com\/?post_type=product&#038;p=3047"},"modified":"2025-01-15T06:08:57","modified_gmt":"2025-01-15T06:08:57","slug":"luzes-solares-decorativas-para-jardim","status":"publish","type":"product","link":"https:\/\/keweicorten.com\/pt\/luzes-solares-decorativas-para-jardim\/","title":{"rendered":"luzes solares decorativas para jardim"},"content":{"rendered":"<p>As luzes de espig\u00e3o de jardim s\u00e3o solu\u00e7\u00f5es de ilumina\u00e7\u00e3o externa vers\u00e1teis e pr\u00e1ticas, perfeitas para iluminar caminhos, paisagismo e caracter\u00edsticas arquitet\u00f4nicas. Aqui est\u00e1 um guia r\u00e1pido para ajud\u00e1-lo a entender seus benef\u00edcios e usos:<\/p>\n<h3><strong>O que s\u00e3o luzes de espig\u00e3o de jardim?<\/strong><\/h3>\n<ul>\n<li><strong>Design<\/strong>: Luzes compactas montadas em estacas (espig\u00f5es) que podem ser inseridas diretamente no solo.<\/li>\n<li><strong>Ilumina\u00e7\u00e3o<\/strong>: Normalmente, s\u00e3o alimentados por LEDs para proporcionar efici\u00eancia energ\u00e9tica e longa vida \u00fatil.<\/li>\n<li><strong>Mobilidade<\/strong>: F\u00e1cil de reposicionar, o que os torna adapt\u00e1veis a layouts de jardim em constante mudan\u00e7a.<\/li>\n<\/ul>\n<p><a href=\"https:\/\/keweicorten.com\/pt\"><img fetchpriority=\"high\" decoding=\"async\" class=\"alignnone wp-image-3053\" title=\"luzes solares para caminhos externos\" src=\"https:\/\/keweicorten.com\/wp-content\/uploads\/2024\/12\/H46b4bc64fd584a30aac992017855337fC.jpg_960x960.jpg\" alt=\"luzes solares para caminhos ao ar livre F\u00e1brica, China, pre\u00e7o, fabricantes, fornecedores, personalizado, atacado, barato, para venda, em estoque -keweicorten\" width=\"782\" height=\"782\" srcset=\"https:\/\/keweicorten.com\/wp-content\/uploads\/2024\/12\/H46b4bc64fd584a30aac992017855337fC.jpg_960x960.jpg 700w, https:\/\/keweicorten.com\/wp-content\/uploads\/2024\/12\/H46b4bc64fd584a30aac992017855337fC.jpg_960x960-300x300.jpg 300w, https:\/\/keweicorten.com\/wp-content\/uploads\/2024\/12\/H46b4bc64fd584a30aac992017855337fC.jpg_960x960-150x150.jpg 150w, https:\/\/keweicorten.com\/wp-content\/uploads\/2024\/12\/H46b4bc64fd584a30aac992017855337fC.jpg_960x960-12x12.jpg 12w, https:\/\/keweicorten.com\/wp-content\/uploads\/2024\/12\/H46b4bc64fd584a30aac992017855337fC.jpg_960x960-600x600.jpg 600w, https:\/\/keweicorten.com\/wp-content\/uploads\/2024\/12\/H46b4bc64fd584a30aac992017855337fC.jpg_960x960-100x100.jpg 100w\" sizes=\"(max-width: 782px) 100vw, 782px\" \/><\/a><\/p>\n<h3><strong>Recursos de\u00a0 <\/strong><strong>Luzes de espig\u00e3o para jardim<\/strong><\/h3>\n<ol>\n<li><strong>\u00c2ngulos ajust\u00e1veis<\/strong>: Direcione a luz para destacar plantas, \u00e1rvores ou estruturas.<\/li>\n<li><strong>Materiais \u00e0 prova de intemp\u00e9ries<\/strong>: Feito para resistir \u00e0 chuva, ao vento e \u00e0 exposi\u00e7\u00e3o aos raios UV.<\/li>\n<li><strong>Op\u00e7\u00f5es de energia<\/strong>: Escolha entre modelos alimentados por energia solar, de baixa tens\u00e3o ou conectados \u00e0 rede el\u00e9trica.<\/li>\n<li><strong>Durabilidade<\/strong>: Fabricado com materiais robustos, como a\u00e7o inoxid\u00e1vel ou alum\u00ednio.<\/li>\n<\/ol>\n<h3><strong>Usos das luzes de espig\u00e3o de jardim<\/strong><\/h3>\n<ol>\n<li><strong>Ilumina\u00e7\u00e3o de caminhos<\/strong>: Alinhe passarelas ou entradas de garagem para seguran\u00e7a e estilo.<\/li>\n<li><strong>Ilumina\u00e7\u00e3o de destaque<\/strong>: Destaque caracter\u00edsticas espec\u00edficas do jardim, como fontes, esculturas ou canteiros de flores.<\/li>\n<li><strong>Ilumina\u00e7\u00e3o ambiente<\/strong>: Adicione uma ilumina\u00e7\u00e3o suave para criar uma atmosfera calorosa e convidativa.<\/li>\n<li><strong>Decora\u00e7\u00e3o sazonal<\/strong>: Use para exibi\u00e7\u00f5es festivas ou de fim de ano.<\/li>\n<\/ol>\n<p><a href=\"https:\/\/keweicorten.com\/pt\"><img decoding=\"async\" class=\"alignnone wp-image-3054\" title=\"luzes solares para caminhos externos\" src=\"https:\/\/keweicorten.com\/wp-content\/uploads\/2024\/12\/Hotel-Decoration-Wall-Lamp-2.jpg\" alt=\"luzes solares para caminhos ao ar livre F\u00e1brica, China, pre\u00e7o, fabricantes, fornecedores, personalizado, atacado, barato, para venda, em estoque -keweicorten\" width=\"765\" height=\"765\" srcset=\"https:\/\/keweicorten.com\/wp-content\/uploads\/2024\/12\/Hotel-Decoration-Wall-Lamp-2.jpg 700w, https:\/\/keweicorten.com\/wp-content\/uploads\/2024\/12\/Hotel-Decoration-Wall-Lamp-2-300x300.jpg 300w, https:\/\/keweicorten.com\/wp-content\/uploads\/2024\/12\/Hotel-Decoration-Wall-Lamp-2-150x150.jpg 150w, https:\/\/keweicorten.com\/wp-content\/uploads\/2024\/12\/Hotel-Decoration-Wall-Lamp-2-12x12.jpg 12w, https:\/\/keweicorten.com\/wp-content\/uploads\/2024\/12\/Hotel-Decoration-Wall-Lamp-2-600x600.jpg 600w, https:\/\/keweicorten.com\/wp-content\/uploads\/2024\/12\/Hotel-Decoration-Wall-Lamp-2-100x100.jpg 100w\" sizes=\"(max-width: 765px) 100vw, 765px\" \/><\/a><\/p>\n<h3><strong>Vantagens<\/strong><\/h3>\n<ul>\n<li><strong>Efici\u00eancia energ\u00e9tica<\/strong>: Frequentemente equipados com l\u00e2mpadas de LED para uso m\u00ednimo de energia.<\/li>\n<li><strong>Posicionamento personaliz\u00e1vel<\/strong>: Facilmente desloc\u00e1vel para atender \u00e0s necessidades de mudan\u00e7a.<\/li>\n<li><strong>Custo-benef\u00edcio<\/strong>: Acess\u00edvel e de longa dura\u00e7\u00e3o.<\/li>\n<\/ul>\n<p><a href=\"https:\/\/keweicorten.com\/pt\"><img decoding=\"async\" class=\"alignnone wp-image-3055\" title=\"luzes solares decorativas para jardim\" src=\"https:\/\/keweicorten.com\/wp-content\/uploads\/2024\/12\/\u5fae\u4fe1\u56fe\u7247_20241226134154-1.jpg\" alt=\"luzes solares decorativas para jardim F\u00e1brica, china, pre\u00e7o, fabricantes, fornecedores, personalizado, atacado, barato, para venda, em estoque -keweicorten\" width=\"797\" height=\"967\" srcset=\"https:\/\/keweicorten.com\/wp-content\/uploads\/2024\/12\/\u5fae\u4fe1\u56fe\u7247_20241226134154-1.jpg 1080w, https:\/\/keweicorten.com\/wp-content\/uploads\/2024\/12\/\u5fae\u4fe1\u56fe\u7247_20241226134154-1-247x300.jpg 247w, https:\/\/keweicorten.com\/wp-content\/uploads\/2024\/12\/\u5fae\u4fe1\u56fe\u7247_20241226134154-1-844x1024.jpg 844w, https:\/\/keweicorten.com\/wp-content\/uploads\/2024\/12\/\u5fae\u4fe1\u56fe\u7247_20241226134154-1-768x932.jpg 768w, https:\/\/keweicorten.com\/wp-content\/uploads\/2024\/12\/\u5fae\u4fe1\u56fe\u7247_20241226134154-1-10x12.jpg 10w, https:\/\/keweicorten.com\/wp-content\/uploads\/2024\/12\/\u5fae\u4fe1\u56fe\u7247_20241226134154-1-600x728.jpg 600w\" sizes=\"(max-width: 797px) 100vw, 797px\" \/><\/a><\/p>","protected":false},"excerpt":{"rendered":"<p>Descubra luzes solares vers\u00e1teis para o seu quintal, desde luzes decorativas para cordas at\u00e9 holofotes pr\u00e1ticos, para uma transforma\u00e7\u00e3o ecol\u00f3gica e elegante ao ar livre.<\/p>","protected":false},"featured_media":3048,"comment_status":"open","ping_status":"closed","template":"","meta":{"_eb_attr":"","_monsterinsights_skip_tracking":false,"_monsterinsights_sitenote_active":false,"_monsterinsights_sitenote_note":"","_monsterinsights_sitenote_category":0,"_uf_show_specific_survey":0,"_uf_disable_surveys":false},"product_brand":[],"product_cat":[61],"product_tag":[],"class_list":{"0":"post-3047","1":"product","2":"type-product","3":"status-publish","4":"has-post-thumbnail","6":"product_cat-light-post","8":"first","9":"instock","10":"shipping-taxable","11":"product-type-simple"},"_links":{"self":[{"href":"https:\/\/keweicorten.com\/pt\/wp-json\/wp\/v2\/product\/3047"}],"collection":[{"href":"https:\/\/keweicorten.com\/pt\/wp-json\/wp\/v2\/product"}],"about":[{"href":"https:\/\/keweicorten.com\/pt\/wp-json\/wp\/v2\/types\/product"}],"replies":[{"embeddable":true,"href":"https:\/\/keweicorten.com\/pt\/wp-json\/wp\/v2\/comments?post=3047"}],"version-history":[{"count":1,"href":"https:\/\/keweicorten.com\/pt\/wp-json\/wp\/v2\/product\/3047\/revisions"}],"predecessor-version":[{"id":3056,"href":"https:\/\/keweicorten.com\/pt\/wp-json\/wp\/v2\/product\/3047\/revisions\/3056"}],"wp:featuredmedia":[{"embeddable":true,"href":"https:\/\/keweicorten.com\/pt\/wp-json\/wp\/v2\/media\/3048"}],"wp:attachment":[{"href":"https:\/\/keweicorten.com\/pt\/wp-json\/wp\/v2\/media?parent=3047"}],"wp:term":[{"taxonomy":"product_brand","embeddable":true,"href":"https:\/\/keweicorten.com\/pt\/wp-json\/wp\/v2\/product_brand?post=3047"},{"taxonomy":"product_cat","embeddable":true,"href":"https:\/\/keweicorten.com\/pt\/wp-json\/wp\/v2\/product_cat?post=3047"},{"taxonomy":"product_tag","embeddable":true,"href":"https:\/\/keweicorten.com\/pt\/wp-json\/wp\/v2\/product_tag?post=3047"}],"curies":[{"name":"wp","href":"https:\/\/api.w.org\/{rel}","templated":true}]}}