{"id":3057,"date":"2024-12-30T07:11:54","date_gmt":"2024-12-30T07:11:54","guid":{"rendered":"https:\/\/keweicorten.com\/?post_type=product&#038;p=3057"},"modified":"2025-01-15T06:08:48","modified_gmt":"2025-01-15T06:08:48","slug":"iluminacao-paisagistica-com-pilaretes","status":"publish","type":"product","link":"https:\/\/keweicorten.com\/pt\/iluminacao-paisagistica-com-pilaretes\/","title":{"rendered":"ilumina\u00e7\u00e3o paisag\u00edstica com pilaretes"},"content":{"rendered":"<p><a href=\"https:\/\/keweicorten.com\/pt\/produto\/luzes-solares-decorativas-para-jardim\/\">Ilumina\u00e7\u00e3o de paisagem com pilaretes<\/a> \u00e9 uma excelente maneira de aprimorar a est\u00e9tica e a funcionalidade dos espa\u00e7os externos. Essas lumin\u00e1rias proporcionam ilumina\u00e7\u00e3o ambiente de baixo n\u00edvel que destaca caminhos, jardins e entradas de garagem, al\u00e9m de dar um toque moderno ao projeto paisag\u00edstico.<\/p>\n<p><img fetchpriority=\"high\" decoding=\"async\" class=\"alignnone  wp-image-3063\" src=\"https:\/\/keweicorten.com\/wp-content\/uploads\/2024\/12\/H0f063b61be3a421db180f62d434bd931U.jpg_960x960-300x300.webp\" alt=\"\" width=\"315\" height=\"315\" srcset=\"https:\/\/keweicorten.com\/wp-content\/uploads\/2024\/12\/H0f063b61be3a421db180f62d434bd931U.jpg_960x960-300x300.webp 300w, https:\/\/keweicorten.com\/wp-content\/uploads\/2024\/12\/H0f063b61be3a421db180f62d434bd931U.jpg_960x960-150x150.webp 150w, https:\/\/keweicorten.com\/wp-content\/uploads\/2024\/12\/H0f063b61be3a421db180f62d434bd931U.jpg_960x960-768x768.webp 768w, https:\/\/keweicorten.com\/wp-content\/uploads\/2024\/12\/H0f063b61be3a421db180f62d434bd931U.jpg_960x960-12x12.webp 12w, https:\/\/keweicorten.com\/wp-content\/uploads\/2024\/12\/H0f063b61be3a421db180f62d434bd931U.jpg_960x960-600x600.webp 600w, https:\/\/keweicorten.com\/wp-content\/uploads\/2024\/12\/H0f063b61be3a421db180f62d434bd931U.jpg_960x960-100x100.webp 100w, https:\/\/keweicorten.com\/wp-content\/uploads\/2024\/12\/H0f063b61be3a421db180f62d434bd931U.jpg_960x960.webp 960w\" sizes=\"(max-width: 315px) 100vw, 315px\" \/> <img decoding=\"async\" class=\"alignnone  wp-image-3064\" src=\"https:\/\/keweicorten.com\/wp-content\/uploads\/2024\/12\/Camping-Lantern-LED-Light-1-293x300.webp\" alt=\"\" width=\"307\" height=\"314\" srcset=\"https:\/\/keweicorten.com\/wp-content\/uploads\/2024\/12\/Camping-Lantern-LED-Light-1-293x300.webp 293w, https:\/\/keweicorten.com\/wp-content\/uploads\/2024\/12\/Camping-Lantern-LED-Light-1-768x785.webp 768w, https:\/\/keweicorten.com\/wp-content\/uploads\/2024\/12\/Camping-Lantern-LED-Light-1-12x12.webp 12w, https:\/\/keweicorten.com\/wp-content\/uploads\/2024\/12\/Camping-Lantern-LED-Light-1-600x614.webp 600w, https:\/\/keweicorten.com\/wp-content\/uploads\/2024\/12\/Camping-Lantern-LED-Light-1.webp 790w\" sizes=\"(max-width: 307px) 100vw, 307px\" \/><\/p>\n<p><a href=\"https:\/\/keweicorten.com\/pt\"><img decoding=\"async\" class=\"alignnone wp-image-3066 size-full\" title=\"pilaretes externos\" src=\"https:\/\/keweicorten.com\/wp-content\/uploads\/2024\/12\/Decoration-Metal-Hanging-Lantern-Light-6.jpg\" alt=\"cabe\u00e7os de amarra\u00e7\u00e3o externos na China, pre\u00e7o, fabricantes, fornecedores, personalizados, atacado, baratos, para venda, em estoque -keweicorten\" width=\"500\" height=\"500\" srcset=\"https:\/\/keweicorten.com\/wp-content\/uploads\/2024\/12\/Decoration-Metal-Hanging-Lantern-Light-6.jpg 500w, https:\/\/keweicorten.com\/wp-content\/uploads\/2024\/12\/Decoration-Metal-Hanging-Lantern-Light-6-300x300.jpg 300w, https:\/\/keweicorten.com\/wp-content\/uploads\/2024\/12\/Decoration-Metal-Hanging-Lantern-Light-6-150x150.jpg 150w, https:\/\/keweicorten.com\/wp-content\/uploads\/2024\/12\/Decoration-Metal-Hanging-Lantern-Light-6-12x12.jpg 12w, https:\/\/keweicorten.com\/wp-content\/uploads\/2024\/12\/Decoration-Metal-Hanging-Lantern-Light-6-100x100.jpg 100w\" sizes=\"(max-width: 500px) 100vw, 500px\" \/><\/a><\/p>\n<h3><strong>Principais recursos do <a href=\"https:\/\/keweicorten.com\/pt\/produto\/luzes-solares-para-o-quintal\/\">Ilumina\u00e7\u00e3o de paisagem com pilaretes<\/a>\uff1a<\/strong><\/h3>\n<ol>\n<li><strong>Ilumina\u00e7\u00e3o direcional<\/strong>\n<ul>\n<li>Alguns designs permitem feixes ajust\u00e1veis para direcionar a luz para onde for necess\u00e1rio.<\/li>\n<\/ul>\n<\/li>\n<li><strong>Ilumina\u00e7\u00e3o difusa ou focalizada<\/strong>\n<ul>\n<li>As lentes foscas proporcionam uma ilumina\u00e7\u00e3o suave e uniforme, enquanto as lentes claras focalizam a luz em \u00e1reas espec\u00edficas.<\/li>\n<\/ul>\n<\/li>\n<li><strong>Op\u00e7\u00f5es de materiais<\/strong>\n<ul>\n<li><strong>A\u00e7o corten:<\/strong> Desenvolve uma p\u00e1tina natural semelhante \u00e0 ferrugem, perfeita para paisagens r\u00fasticas ou modernas.<\/li>\n<li><strong>A\u00e7o inoxid\u00e1vel:<\/strong> Elegante, dur\u00e1vel e resistente \u00e0 corros\u00e3o.<\/li>\n<li><strong>Alum\u00ednio com revestimento em p\u00f3:<\/strong> Leve e dispon\u00edvel em v\u00e1rias cores.<\/li>\n<\/ul>\n<\/li>\n<li><strong>Tecnologia de ilumina\u00e7\u00e3o<\/strong>\n<ul>\n<li>LED: Eficiente em termos de energia e de longa dura\u00e7\u00e3o.<\/li>\n<li>Solar: Autossustent\u00e1vel, ecol\u00f3gico e n\u00e3o requer fia\u00e7\u00e3o el\u00e9trica.<\/li>\n<li>Baixa tens\u00e3o: Seguro e eficiente para sistemas com fio.<\/li>\n<\/ul>\n<\/li>\n<li><strong>Designs e estilos<\/strong>\n<ul>\n<li>Formas geom\u00e9tricas modernas, postes de amarra\u00e7\u00e3o tradicionais em estilo de lanterna ou designs decorativos recortados.<\/li>\n<\/ul>\n<\/li>\n<li><strong>Varia\u00e7\u00f5es de altura<\/strong>\n<ul>\n<li>Postes de amarra\u00e7\u00e3o curtos (12-24 polegadas): Ideal para jardins ou ilumina\u00e7\u00e3o de destaque de baixo n\u00edvel.<\/li>\n<li>Postes de amarra\u00e7\u00e3o altos (24 a 48 polegadas): Melhor para iluminar caminhos e \u00e1reas maiores.<\/li>\n<\/ul>\n<\/li>\n<\/ol>\n<p><a href=\"https:\/\/keweicorten.com\/pt\"><img loading=\"lazy\" decoding=\"async\" class=\"alignnone wp-image-3061 size-full\" title=\"luzes de cabe\u00e7o modernas\" src=\"https:\/\/keweicorten.com\/wp-content\/uploads\/2024\/12\/Decoration-Metal-Hanging-Lantern-Light-5.jpg\" alt=\"luzes de poste de amarra\u00e7\u00e3o modernas F\u00e1brica, China, pre\u00e7o, fabricantes, fornecedores, personalizado, atacado, barato, para venda, em estoque -keweicorten\" width=\"500\" height=\"482\" srcset=\"https:\/\/keweicorten.com\/wp-content\/uploads\/2024\/12\/Decoration-Metal-Hanging-Lantern-Light-5.jpg 500w, https:\/\/keweicorten.com\/wp-content\/uploads\/2024\/12\/Decoration-Metal-Hanging-Lantern-Light-5-300x289.jpg 300w, https:\/\/keweicorten.com\/wp-content\/uploads\/2024\/12\/Decoration-Metal-Hanging-Lantern-Light-5-12x12.jpg 12w\" sizes=\"(max-width: 500px) 100vw, 500px\" \/><\/a><\/p>\n<hr \/>\n<h3><strong>Benef\u00edcios de <a href=\"https:\/\/keweicorten.com\/pt\/produto\/luzes-de-poste-de-amarracao-de-led-para-ambientes-externos\/\">Ilumina\u00e7\u00e3o de pilaretes para paisagismo<\/a>\uff1a<\/strong><\/h3>\n<ol>\n<li><strong>Seguran\u00e7a aprimorada<\/strong>\n<ul>\n<li>Ilumina os caminhos, reduzindo os riscos de trope\u00e7os e garantindo a visibilidade.<\/li>\n<\/ul>\n<\/li>\n<li><strong>Est\u00e9tica aprimorada<\/strong>\n<ul>\n<li>Destaca caracter\u00edsticas importantes como canteiros, \u00e1rvores ou esculturas.<\/li>\n<\/ul>\n<\/li>\n<li><strong>Efici\u00eancia energ\u00e9tica<\/strong>\n<ul>\n<li>As op\u00e7\u00f5es de LED e solar reduzem o uso de eletricidade e a manuten\u00e7\u00e3o.<\/li>\n<\/ul>\n<\/li>\n<li><strong>Baixa manuten\u00e7\u00e3o<\/strong>\n<ul>\n<li>Os materiais resistentes \u00e0s intemp\u00e9ries e a tecnologia de ilumina\u00e7\u00e3o avan\u00e7ada exigem manuten\u00e7\u00e3o m\u00ednima.<\/li>\n<\/ul>\n<\/li>\n<\/ol>\n<p><a href=\"https:\/\/keweicorten.com\/pt\"><img loading=\"lazy\" decoding=\"async\" class=\"alignnone wp-image-3058 size-full\" title=\"pilaretes externos\" src=\"https:\/\/keweicorten.com\/wp-content\/uploads\/2024\/12\/Courtyard-Antique-Hanging-Metal-Lantern-1.jpg\" alt=\"F\u00e1brica de pilaretes externos, China, pre\u00e7o, fabricantes, fornecedores, personalizados, atacado, barato, para venda, em estoque.\" width=\"498\" height=\"500\" srcset=\"https:\/\/keweicorten.com\/wp-content\/uploads\/2024\/12\/Courtyard-Antique-Hanging-Metal-Lantern-1.jpg 498w, https:\/\/keweicorten.com\/wp-content\/uploads\/2024\/12\/Courtyard-Antique-Hanging-Metal-Lantern-1-300x300.jpg 300w, https:\/\/keweicorten.com\/wp-content\/uploads\/2024\/12\/Courtyard-Antique-Hanging-Metal-Lantern-1-150x150.jpg 150w, https:\/\/keweicorten.com\/wp-content\/uploads\/2024\/12\/Courtyard-Antique-Hanging-Metal-Lantern-1-12x12.jpg 12w, https:\/\/keweicorten.com\/wp-content\/uploads\/2024\/12\/Courtyard-Antique-Hanging-Metal-Lantern-1-100x100.jpg 100w\" sizes=\"(max-width: 498px) 100vw, 498px\" \/><\/a><\/p>\n<hr \/>\n<h3><strong>Aplicativos de <a href=\"https:\/\/keweicorten.com\/pt\/produto\/corten-lamp\/\">Ilumina\u00e7\u00e3o de pilaretes<\/a>\uff1a<\/strong><\/h3>\n<ol>\n<li><strong>Caminhos e passarelas<\/strong>\n<ul>\n<li>Guie os pedestres com pilaretes uniformemente espa\u00e7ados para obter um brilho uniforme.<\/li>\n<\/ul>\n<\/li>\n<li><strong>Estradas de rodagem<\/strong>\n<ul>\n<li>Marque as bordas para uma navega\u00e7\u00e3o segura do ve\u00edculo.<\/li>\n<\/ul>\n<\/li>\n<li><strong>Jardins e recursos de paisagismo<\/strong>\n<ul>\n<li>Acentue canteiros de flores, arbustos ou recursos h\u00eddricos.<\/li>\n<\/ul>\n<\/li>\n<li><strong>Espa\u00e7os comerciais<\/strong>\n<ul>\n<li>Ideal para resorts, parques ou cal\u00e7adas p\u00fablicas.<\/li>\n<\/ul>\n<\/li>\n<\/ol>","protected":false},"excerpt":{"rendered":"<p>A Bollard Landscape Lighting oferece solu\u00e7\u00f5es modernas e elegantes de ilumina\u00e7\u00e3o externa para caminhos, jardins e entradas de garagem que combinam funcionalidade e beleza para aumentar a seguran\u00e7a e o paisagismo noturno.<\/p>","protected":false},"featured_media":3058,"comment_status":"open","ping_status":"closed","template":"","meta":{"_eb_attr":"","_monsterinsights_skip_tracking":false,"_monsterinsights_sitenote_active":false,"_monsterinsights_sitenote_note":"","_monsterinsights_sitenote_category":0,"_uf_show_specific_survey":0,"_uf_disable_surveys":false},"product_brand":[],"product_cat":[61],"product_tag":[],"class_list":{"0":"post-3057","1":"product","2":"type-product","3":"status-publish","4":"has-post-thumbnail","6":"product_cat-light-post","8":"first","9":"instock","10":"shipping-taxable","11":"product-type-simple"},"_links":{"self":[{"href":"https:\/\/keweicorten.com\/pt\/wp-json\/wp\/v2\/product\/3057"}],"collection":[{"href":"https:\/\/keweicorten.com\/pt\/wp-json\/wp\/v2\/product"}],"about":[{"href":"https:\/\/keweicorten.com\/pt\/wp-json\/wp\/v2\/types\/product"}],"replies":[{"embeddable":true,"href":"https:\/\/keweicorten.com\/pt\/wp-json\/wp\/v2\/comments?post=3057"}],"version-history":[{"count":1,"href":"https:\/\/keweicorten.com\/pt\/wp-json\/wp\/v2\/product\/3057\/revisions"}],"predecessor-version":[{"id":3067,"href":"https:\/\/keweicorten.com\/pt\/wp-json\/wp\/v2\/product\/3057\/revisions\/3067"}],"wp:featuredmedia":[{"embeddable":true,"href":"https:\/\/keweicorten.com\/pt\/wp-json\/wp\/v2\/media\/3058"}],"wp:attachment":[{"href":"https:\/\/keweicorten.com\/pt\/wp-json\/wp\/v2\/media?parent=3057"}],"wp:term":[{"taxonomy":"product_brand","embeddable":true,"href":"https:\/\/keweicorten.com\/pt\/wp-json\/wp\/v2\/product_brand?post=3057"},{"taxonomy":"product_cat","embeddable":true,"href":"https:\/\/keweicorten.com\/pt\/wp-json\/wp\/v2\/product_cat?post=3057"},{"taxonomy":"product_tag","embeddable":true,"href":"https:\/\/keweicorten.com\/pt\/wp-json\/wp\/v2\/product_tag?post=3057"}],"curies":[{"name":"wp","href":"https:\/\/api.w.org\/{rel}","templated":true}]}}