{"id":3091,"date":"2025-01-07T07:19:24","date_gmt":"2025-01-07T07:19:24","guid":{"rendered":"https:\/\/keweicorten.com\/?post_type=product&#038;p=3091"},"modified":"2025-01-15T03:58:27","modified_gmt":"2025-01-15T03:58:27","slug":"macarico-de-pelotas-de-foguete","status":"publish","type":"product","link":"https:\/\/keweicorten.com\/pt\/macarico-de-pelotas-de-foguete\/","title":{"rendered":"Tocha de pelotas de foguete"},"content":{"rendered":"<h3 data-pm-slice=\"1 1 []\">Tocha a pellets Rocket: A solu\u00e7\u00e3o definitiva para o ambiente externo<\/h3>\n<p>Se voc\u00ea deseja transformar seu espa\u00e7o externo em um ref\u00fagio aconchegante e convidativo, um foguete <strong>tocha de pellets<\/strong> pode ser o complemento perfeito. Esses inovadores aquecedores externos e elementos decorativos proporcionam calor, eleg\u00e2ncia e uma alternativa ecol\u00f3gica \u00e0s tradicionais tochas de p\u00e1tio. Neste artigo, vamos nos aprofundar no motivo pelo qual as tochas de pellets est\u00e3o se tornando um item obrigat\u00f3rio para jardins, p\u00e1tios e eventos ao ar livre.<\/p>\n<h4>O que \u00e9 um <a href=\"https:\/\/keweicorten.com\/pt\/produto\/tourch-de-pellets\/\">Tocha de pelotas de foguete<\/a>?<\/h4>\n<p>Uma tocha de pellets \u00e9 um tipo de aquecedor externo que usa pellets de madeira como combust\u00edvel. Diferentemente das tochas tradicionais que dependem de g\u00e1s ou combust\u00edveis l\u00edquidos, as tochas de pellets s\u00e3o alimentadas por pellets de madeira comprimidos, que s\u00e3o renov\u00e1veis, econ\u00f4micos e produzem emiss\u00f5es m\u00ednimas. Essas tochas s\u00e3o projetadas para fornecer calor e uma bela chama, o que as torna uma excelente op\u00e7\u00e3o para fins funcionais e est\u00e9ticos.<\/p>\n<p><a href=\"https:\/\/keweicorten.com\/pt\"><img fetchpriority=\"high\" decoding=\"async\" class=\"alignnone wp-image-2656 size-full\" title=\"aquecedor de p\u00e1tio a pellets \" src=\"https:\/\/keweicorten.com\/wp-content\/uploads\/2024\/12\/\u5fae\u4fe1\u56fe\u7247_20241204151140.jpg\" alt=\"Aquecedor de p\u00e1tio a pellets F\u00e1brica, China, pre\u00e7o, fabricantes, fornecedores, personalizado, atacado, barato, para venda, em estoque -keweicorten\" width=\"750\" height=\"750\" srcset=\"https:\/\/keweicorten.com\/wp-content\/uploads\/2024\/12\/\u5fae\u4fe1\u56fe\u7247_20241204151140.jpg 750w, https:\/\/keweicorten.com\/wp-content\/uploads\/2024\/12\/\u5fae\u4fe1\u56fe\u7247_20241204151140-300x300.jpg 300w, https:\/\/keweicorten.com\/wp-content\/uploads\/2024\/12\/\u5fae\u4fe1\u56fe\u7247_20241204151140-150x150.jpg 150w, https:\/\/keweicorten.com\/wp-content\/uploads\/2024\/12\/\u5fae\u4fe1\u56fe\u7247_20241204151140-12x12.jpg 12w, https:\/\/keweicorten.com\/wp-content\/uploads\/2024\/12\/\u5fae\u4fe1\u56fe\u7247_20241204151140-600x600.jpg 600w, https:\/\/keweicorten.com\/wp-content\/uploads\/2024\/12\/\u5fae\u4fe1\u56fe\u7247_20241204151140-100x100.jpg 100w\" sizes=\"(max-width: 750px) 100vw, 750px\" \/><\/a><\/p>\n<h4>Benef\u00edcios das tochas de pellets de foguete<\/h4>\n<ol start=\"1\" data-spread=\"true\">\n<li><strong>Aquecimento ecologicamente correto<\/strong> As tochas de pellets s\u00e3o uma op\u00e7\u00e3o ambientalmente consciente, pois os pellets de madeira s\u00e3o feitos de res\u00edduos de madeira reciclada. Eles queimam de forma limpa, emitindo muito menos di\u00f3xido de carbono do que os combust\u00edveis f\u00f3sseis, ajudando a reduzir sua pegada de carbono.<\/li>\n<li><strong>Custo-benef\u00edcio<\/strong> Os pellets de madeira s\u00e3o amplamente dispon\u00edveis e econ\u00f4micos em compara\u00e7\u00e3o com os combust\u00edveis l\u00edquidos ou a g\u00e1s. Com sua combust\u00e3o eficiente, as tochas de pellets proporcionam tempos de queima prolongados, o que lhe d\u00e1 mais valor pelo seu dinheiro.<\/li>\n<li><strong>Apelo est\u00e9tico<\/strong> A chama natural de uma tocha de pellets acrescenta um toque de eleg\u00e2ncia e calor a qualquer ambiente externo. Seja em uma festa no jardim ou em uma noite tranquila no p\u00e1tio, a chama bruxuleante cria um ambiente cativante.<\/li>\n<li><strong>Versatilidade<\/strong> As tochas de pellets s\u00e3o adequadas para v\u00e1rios ambientes externos, incluindo jardins, p\u00e1tios, acampamentos e at\u00e9 mesmo espa\u00e7os comerciais, como restaurantes e locais de eventos. Sua portabilidade e facilidade de uso fazem delas uma excelente op\u00e7\u00e3o para qualquer ocasi\u00e3o.<\/li>\n<li><strong>F\u00e1cil manuten\u00e7\u00e3o<\/strong> Diferentemente das op\u00e7\u00f5es de combust\u00edvel l\u00edquido ou a g\u00e1s, os ma\u00e7aricos de pellets exigem manuten\u00e7\u00e3o m\u00ednima. Basta reabastecer a c\u00e2mara de pellets e limpar as cinzas ocasionalmente para obter um desempenho consistente.<\/li>\n<\/ol>\n<p><a href=\"https:\/\/keweicorten.com\/pt\"><img decoding=\"async\" class=\"alignnone wp-image-2645\" title=\"aquecedor de p\u00e1tio a pellets\" src=\"https:\/\/keweicorten.com\/wp-content\/uploads\/2024\/12\/Pellet-torch--300x300.jpg\" alt=\"Aquecedor de p\u00e1tio a pellets F\u00e1brica, China, pre\u00e7o, fabricantes, fornecedores, personalizado, atacado, barato, para venda, em estoque -keweicorten\" width=\"439\" height=\"439\" srcset=\"https:\/\/keweicorten.com\/wp-content\/uploads\/2024\/12\/Pellet-torch--300x300.jpg 300w, https:\/\/keweicorten.com\/wp-content\/uploads\/2024\/12\/Pellet-torch--150x150.jpg 150w, https:\/\/keweicorten.com\/wp-content\/uploads\/2024\/12\/Pellet-torch--768x768.jpg 768w, https:\/\/keweicorten.com\/wp-content\/uploads\/2024\/12\/Pellet-torch--12x12.jpg 12w, https:\/\/keweicorten.com\/wp-content\/uploads\/2024\/12\/Pellet-torch--600x600.jpg 600w, https:\/\/keweicorten.com\/wp-content\/uploads\/2024\/12\/Pellet-torch--100x100.jpg 100w, https:\/\/keweicorten.com\/wp-content\/uploads\/2024\/12\/Pellet-torch-.jpg 899w\" sizes=\"(max-width: 439px) 100vw, 439px\" \/><\/a> <a href=\"https:\/\/keweicorten.com\/pt\"><img decoding=\"async\" class=\"alignnone wp-image-2646\" title=\"aquecedor de p\u00e1tio a pellets\" src=\"https:\/\/keweicorten.com\/wp-content\/uploads\/2024\/12\/s-l500-225x300.jpg\" alt=\"Aquecedor de p\u00e1tio a pellets F\u00e1brica, China, pre\u00e7o, fabricantes, fornecedores, personalizado, atacado, barato, para venda, em estoque -keweicorten\" width=\"325\" height=\"433\" srcset=\"https:\/\/keweicorten.com\/wp-content\/uploads\/2024\/12\/s-l500-225x300.jpg 225w, https:\/\/keweicorten.com\/wp-content\/uploads\/2024\/12\/s-l500-9x12.jpg 9w, https:\/\/keweicorten.com\/wp-content\/uploads\/2024\/12\/s-l500.jpg 375w\" sizes=\"(max-width: 325px) 100vw, 325px\" \/><\/a><\/p>\n<h4>Como escolher o ma\u00e7arico de pelotas certo para foguetes<\/h4>\n<p>Ao selecionar uma tocha de pellets, considere os seguintes fatores:<\/p>\n<ul data-spread=\"true\">\n<li><strong>Tamanho e design<\/strong>: Escolha uma tocha que complemente seu espa\u00e7o ao ar livre e se adapte \u00e0s suas prefer\u00eancias est\u00e9ticas. Os designs modernos variam de elegantes e minimalistas a r\u00fasticos e tradicionais.<\/li>\n<li><strong>Tempo de queima<\/strong>: Procure modelos com c\u00e2maras de pellets maiores se voc\u00ea precisar de tempos de queima prolongados para eventos ou noites longas.<\/li>\n<li><strong>Facilidade de uso<\/strong>: Opte por uma tocha com mecanismos simples de igni\u00e7\u00e3o e carregamento de pellets para uma opera\u00e7\u00e3o descomplicada.<\/li>\n<li><strong>Qualidade do material<\/strong>: Certifique-se de que a tocha seja feita de materiais dur\u00e1veis, como a\u00e7o inoxid\u00e1vel ou a\u00e7o corten, para resistir \u00e0s condi\u00e7\u00f5es externas.<\/li>\n<\/ul>\n<p><a href=\"https:\/\/keweicorten.com\/pt\"><img loading=\"lazy\" decoding=\"async\" class=\"alignnone wp-image-2657\" title=\"aquecedor de p\u00e1tio a pellets\" src=\"https:\/\/keweicorten.com\/wp-content\/uploads\/2024\/12\/Pellet_Fackel_Heros_von_Stahlsein-225x300.webp\" alt=\"Aquecedor de p\u00e1tio a pellets F\u00e1brica, China, pre\u00e7o, fabricantes, fornecedores, personalizado, atacado, barato, para venda, em estoque -keweicorten\" width=\"316\" height=\"421\" srcset=\"https:\/\/keweicorten.com\/wp-content\/uploads\/2024\/12\/Pellet_Fackel_Heros_von_Stahlsein-225x300.webp 225w, https:\/\/keweicorten.com\/wp-content\/uploads\/2024\/12\/Pellet_Fackel_Heros_von_Stahlsein-768x1024.webp 768w, https:\/\/keweicorten.com\/wp-content\/uploads\/2024\/12\/Pellet_Fackel_Heros_von_Stahlsein-1152x1536.webp 1152w, https:\/\/keweicorten.com\/wp-content\/uploads\/2024\/12\/Pellet_Fackel_Heros_von_Stahlsein-9x12.webp 9w, https:\/\/keweicorten.com\/wp-content\/uploads\/2024\/12\/Pellet_Fackel_Heros_von_Stahlsein-600x800.webp 600w, https:\/\/keweicorten.com\/wp-content\/uploads\/2024\/12\/Pellet_Fackel_Heros_von_Stahlsein.webp 1200w\" sizes=\"(max-width: 316px) 100vw, 316px\" \/><\/a> <a href=\"https:\/\/keweicorten.com\/pt\"><img loading=\"lazy\" decoding=\"async\" class=\"alignnone wp-image-2655\" title=\"aquecedor de p\u00e1tio a pellets\" src=\"https:\/\/keweicorten.com\/wp-content\/uploads\/2024\/12\/\u5fae\u4fe1\u56fe\u7247_20241204151135-300x300.jpg\" alt=\"Aquecedor de p\u00e1tio a pellets F\u00e1brica, China, pre\u00e7o, fabricantes, fornecedores, personalizado, atacado, barato, para venda, em estoque -keweicorten\" width=\"427\" height=\"427\" srcset=\"https:\/\/keweicorten.com\/wp-content\/uploads\/2024\/12\/\u5fae\u4fe1\u56fe\u7247_20241204151135-300x300.jpg 300w, https:\/\/keweicorten.com\/wp-content\/uploads\/2024\/12\/\u5fae\u4fe1\u56fe\u7247_20241204151135-150x150.jpg 150w, https:\/\/keweicorten.com\/wp-content\/uploads\/2024\/12\/\u5fae\u4fe1\u56fe\u7247_20241204151135-12x12.jpg 12w, https:\/\/keweicorten.com\/wp-content\/uploads\/2024\/12\/\u5fae\u4fe1\u56fe\u7247_20241204151135-600x600.jpg 600w, https:\/\/keweicorten.com\/wp-content\/uploads\/2024\/12\/\u5fae\u4fe1\u56fe\u7247_20241204151135-100x100.jpg 100w, https:\/\/keweicorten.com\/wp-content\/uploads\/2024\/12\/\u5fae\u4fe1\u56fe\u7247_20241204151135.jpg 750w\" sizes=\"(max-width: 427px) 100vw, 427px\" \/><\/a><\/p>\n<h4>Usos populares para tochas de pelotas de foguete<\/h4>\n<ol start=\"1\" data-spread=\"false\">\n<li><strong>Ilumina\u00e7\u00e3o de jardim<\/strong>: Crie uma atmosfera m\u00e1gica em seu jardim com tochas de pellets estrategicamente posicionadas.<\/li>\n<li><strong>Aquecimento de p\u00e1tio<\/strong>: Mantenha-se aquecido e confort\u00e1vel nas noites frias enquanto aprecia a chama hipnotizante.<\/li>\n<li><strong>Decora\u00e7\u00e3o de eventos<\/strong>: D\u00ea um toque de sofistica\u00e7\u00e3o a casamentos, festas e eventos ao ar livre.<\/li>\n<li><strong>Espa\u00e7os comerciais<\/strong>: Melhore o ambiente de \u00e1reas de jantar ao ar livre ou terra\u00e7os com bar.<\/li>\n<\/ol>\n<h4>Por que escolher tochas de pellets em vez das op\u00e7\u00f5es tradicionais?<\/h4>\n<p>Em compara\u00e7\u00e3o com os ma\u00e7aricos tradicionais a g\u00e1s ou a l\u00edquido, os ma\u00e7aricos de pellets se destacam por sua sustentabilidade, economia e charme est\u00e9tico. Elas s\u00e3o mais seguras para o meio ambiente e oferecem um padr\u00e3o de chama exclusivo que as diferencia.<\/p>","protected":false},"excerpt":{"rendered":"<p data-pm-slice=\"1 1 []\">Explore a ampla variedade de tochas de pellets dispon\u00edveis atualmente e descubra a combina\u00e7\u00e3o perfeita para suas necessidades. Ilumine suas noites e crie mem\u00f3rias inesquec\u00edveis com essa solu\u00e7\u00e3o inovadora para ambientes externos.<\/p>","protected":false},"featured_media":2659,"comment_status":"open","ping_status":"closed","template":"","meta":{"_eb_attr":"","_monsterinsights_skip_tracking":false,"_monsterinsights_sitenote_active":false,"_monsterinsights_sitenote_note":"","_monsterinsights_sitenote_category":0,"_uf_show_specific_survey":0,"_uf_disable_surveys":false},"product_brand":[],"product_cat":[52],"product_tag":[],"class_list":{"0":"post-3091","1":"product","2":"type-product","3":"status-publish","4":"has-post-thumbnail","6":"product_cat-wood-pellet-tourch","8":"first","9":"instock","10":"shipping-taxable","11":"product-type-simple"},"_links":{"self":[{"href":"https:\/\/keweicorten.com\/pt\/wp-json\/wp\/v2\/product\/3091"}],"collection":[{"href":"https:\/\/keweicorten.com\/pt\/wp-json\/wp\/v2\/product"}],"about":[{"href":"https:\/\/keweicorten.com\/pt\/wp-json\/wp\/v2\/types\/product"}],"replies":[{"embeddable":true,"href":"https:\/\/keweicorten.com\/pt\/wp-json\/wp\/v2\/comments?post=3091"}],"version-history":[{"count":1,"href":"https:\/\/keweicorten.com\/pt\/wp-json\/wp\/v2\/product\/3091\/revisions"}],"predecessor-version":[{"id":3092,"href":"https:\/\/keweicorten.com\/pt\/wp-json\/wp\/v2\/product\/3091\/revisions\/3092"}],"wp:featuredmedia":[{"embeddable":true,"href":"https:\/\/keweicorten.com\/pt\/wp-json\/wp\/v2\/media\/2659"}],"wp:attachment":[{"href":"https:\/\/keweicorten.com\/pt\/wp-json\/wp\/v2\/media?parent=3091"}],"wp:term":[{"taxonomy":"product_brand","embeddable":true,"href":"https:\/\/keweicorten.com\/pt\/wp-json\/wp\/v2\/product_brand?post=3091"},{"taxonomy":"product_cat","embeddable":true,"href":"https:\/\/keweicorten.com\/pt\/wp-json\/wp\/v2\/product_cat?post=3091"},{"taxonomy":"product_tag","embeddable":true,"href":"https:\/\/keweicorten.com\/pt\/wp-json\/wp\/v2\/product_tag?post=3091"}],"curies":[{"name":"wp","href":"https:\/\/api.w.org\/{rel}","templated":true}]}}