{"id":3093,"date":"2025-01-07T07:43:43","date_gmt":"2025-01-07T07:43:43","guid":{"rendered":"https:\/\/keweicorten.com\/?post_type=product&#038;p=3093"},"modified":"2025-01-15T06:08:30","modified_gmt":"2025-01-15T06:08:30","slug":"h-estaca-marrom-para-bordas-de-paisagismo","status":"publish","type":"product","link":"https:\/\/keweicorten.com\/pt\/h-estaca-marrom-para-bordas-de-paisagismo\/","title":{"rendered":"Estaca de borda para paisagismo H Brown"},"content":{"rendered":"<p>O <strong>Estaca de borda para paisagismo H Brown<\/strong> \u00e9 comumente usado para fixar e estabilizar as bordas da paisagem. Essas estacas geralmente s\u00e3o feitas de materiais dur\u00e1veis, como a\u00e7o, projetadas para uso duradouro em ambientes externos.<\/p>\n<h3>Recursos<\/h3>\n<ol>\n<li><strong>Material<\/strong>: Normalmente feito de a\u00e7o com um revestimento marrom resistente a intemp\u00e9ries para evitar ferrugem e combinar com a paisagem.<\/li>\n<li><strong>Design<\/strong>: Extremidades c\u00f4nicas para facilitar a inser\u00e7\u00e3o no solo.<\/li>\n<li><strong>Compatibilidade<\/strong>: Funciona com a maioria dos tipos de bordas de paisagens, como pl\u00e1stico, metal ou materiais compostos.<\/li>\n<li><strong>Durabilidade<\/strong>: Resistente o suficiente para segurar a borda com seguran\u00e7a, mesmo em \u00e1reas com tr\u00e1fego intenso de pedestres ou manuten\u00e7\u00e3o do gramado.<\/li>\n<\/ol>\n<p><a href=\"https:\/\/keweicorten.com\/pt\"><img fetchpriority=\"high\" decoding=\"async\" class=\"alignnone\" title=\"Estacas de Corten para bordas de paisagens\" src=\"https:\/\/i.pinimg.com\/736x\/3b\/73\/b8\/3b73b8534444f9329565e210aaff22f0.jpg\" alt=\"Corten Stakes Landscape Edging Factory, china, pre\u00e7o, fabricantes, fornecedores, personalizado, atacado, barato, para venda, em estoque -keweicorten\" width=\"736\" height=\"736\" \/><\/a><\/p>\n<h3>Benef\u00edcios<\/h3>\n<ul>\n<li><strong>Estabilidade<\/strong>: Evita que a borda da paisagem se desloque ou se curve com o tempo.<\/li>\n<li><strong>Est\u00e9tica<\/strong>: O revestimento marrom combina bem com solo, cobertura vegetal ou cascalho.<\/li>\n<li><strong>Facilidade de instala\u00e7\u00e3o<\/strong>: As extremidades afiadas e a constru\u00e7\u00e3o robusta tornam a instala\u00e7\u00e3o r\u00e1pida e eficiente.<\/li>\n<\/ul>\n<h3>Aplicativos<\/h3>\n<ul>\n<li>Bordas de caminhos ou canteiros de jardim.<\/li>\n<li>Reten\u00e7\u00e3o de cobertura vegetal, cascalho ou solo.<\/li>\n<li>Cercar \u00e1rvores ou canteiros de flores.<\/li>\n<\/ul>\n<p><a href=\"https:\/\/keweicorten.com\/pt\"><img decoding=\"async\" class=\"alignnone\" title=\"Estacas de Corten para bordas de paisagens\" src=\"https:\/\/i.pinimg.com\/736x\/f1\/70\/ce\/f170cee0c26b90209595bb9fe110bbe3.jpg\" alt=\"Corten Stakes Landscape Edging Factory, china, pre\u00e7o, fabricantes, fornecedores, personalizado, atacado, barato, para venda, em estoque -keweicorten\" width=\"736\" height=\"736\" \/><\/a><\/p>","protected":false},"excerpt":{"rendered":"<p>Pregos marrons dur\u00e1veis para bordas de paisagens para fixar as bordas e manter a paisagem limpa e bonita, adequados para uma variedade de projetos de quintais e jardins.<\/p>","protected":false},"featured_media":3094,"comment_status":"open","ping_status":"closed","template":"","meta":{"_eb_attr":"","_monsterinsights_skip_tracking":false,"_monsterinsights_sitenote_active":false,"_monsterinsights_sitenote_note":"","_monsterinsights_sitenote_category":0,"_uf_show_specific_survey":0,"_uf_disable_surveys":false},"product_brand":[],"product_cat":[58],"product_tag":[],"class_list":{"0":"post-3093","1":"product","2":"type-product","3":"status-publish","4":"has-post-thumbnail","6":"product_cat-garden-edging","8":"first","9":"instock","10":"shipping-taxable","11":"product-type-simple"},"_links":{"self":[{"href":"https:\/\/keweicorten.com\/pt\/wp-json\/wp\/v2\/product\/3093"}],"collection":[{"href":"https:\/\/keweicorten.com\/pt\/wp-json\/wp\/v2\/product"}],"about":[{"href":"https:\/\/keweicorten.com\/pt\/wp-json\/wp\/v2\/types\/product"}],"replies":[{"embeddable":true,"href":"https:\/\/keweicorten.com\/pt\/wp-json\/wp\/v2\/comments?post=3093"}],"version-history":[{"count":1,"href":"https:\/\/keweicorten.com\/pt\/wp-json\/wp\/v2\/product\/3093\/revisions"}],"predecessor-version":[{"id":3095,"href":"https:\/\/keweicorten.com\/pt\/wp-json\/wp\/v2\/product\/3093\/revisions\/3095"}],"wp:featuredmedia":[{"embeddable":true,"href":"https:\/\/keweicorten.com\/pt\/wp-json\/wp\/v2\/media\/3094"}],"wp:attachment":[{"href":"https:\/\/keweicorten.com\/pt\/wp-json\/wp\/v2\/media?parent=3093"}],"wp:term":[{"taxonomy":"product_brand","embeddable":true,"href":"https:\/\/keweicorten.com\/pt\/wp-json\/wp\/v2\/product_brand?post=3093"},{"taxonomy":"product_cat","embeddable":true,"href":"https:\/\/keweicorten.com\/pt\/wp-json\/wp\/v2\/product_cat?post=3093"},{"taxonomy":"product_tag","embeddable":true,"href":"https:\/\/keweicorten.com\/pt\/wp-json\/wp\/v2\/product_tag?post=3093"}],"curies":[{"name":"wp","href":"https:\/\/api.w.org\/{rel}","templated":true}]}}