{"id":3845,"date":"2025-03-03T07:28:51","date_gmt":"2025-03-03T07:28:51","guid":{"rendered":"https:\/\/keweicorten.com\/?post_type=product&#038;p=3845"},"modified":"2025-03-03T07:28:51","modified_gmt":"2025-03-03T07:28:51","slug":"queimador-de-fogueira-a-gas","status":"publish","type":"product","link":"https:\/\/keweicorten.com\/pt\/queimador-de-fogueira-a-gas\/","title":{"rendered":"queimador de fogueira a g\u00e1s"},"content":{"rendered":"<h2 data-pm-slice=\"1 1 []\">O que \u00e9 um kit de fogueira a g\u00e1s?<\/h2>\n<p>Um kit de fogueira a g\u00e1s \u00e9 uma solu\u00e7\u00e3o de aquecimento para ambientes externos eficiente, segura e f\u00e1cil de instalar. Ele usa g\u00e1s natural ou propano l\u00edquido como combust\u00edvel para adicionar calor e ambiente ao seu p\u00e1tio, deck ou jardim.<\/p>\n<h2>Por que escolher um kit de fogueira a g\u00e1s?<\/h2>\n<h3>1. Limpo e ecologicamente correto<\/h3>\n<p>Ao contr\u00e1rio das tradicionais lareiras a lenha, as lareiras a g\u00e1s n\u00e3o produzem fuma\u00e7a, cinzas ou odores desagrad\u00e1veis, o que as torna uma op\u00e7\u00e3o ambientalmente correta e mais segura.<\/p>\n<h3>2. F\u00e1cil de usar<\/h3>\n<p>N\u00e3o h\u00e1 necessidade de processos de igni\u00e7\u00e3o complicados - basta acender com um bot\u00e3o. Alguns kits v\u00eam at\u00e9 com recursos de igni\u00e7\u00e3o autom\u00e1tica e controle de temperatura.<\/p>\n<h3>3. Adequado para v\u00e1rios ambientes externos<\/h3>\n<p>Um kit de fogueira a g\u00e1s aprimora a est\u00e9tica e a funcionalidade do espa\u00e7o, seja no quintal de uma casa, no p\u00e1tio, no jardim de um hotel ou na \u00e1rea externa de um restaurante.<\/p>\n<table style=\"height: 225px;\" border=\"2\" width=\"751\">\n<tbody>\n<tr>\n<td data-spm-anchor-id=\"a2700.details.0.i69.a1316c55K69Hkr\">Nome<\/td>\n<td>Kit de montagem de queimador de fogueira Diy<\/td>\n<\/tr>\n<tr>\n<td>Marterial<\/td>\n<td>A\u00e7o<\/td>\n<\/tr>\n<tr>\n<td>Uso<\/td>\n<td>Uso em fogueiras externas<\/td>\n<\/tr>\n<tr>\n<td>Sistema de igni\u00e7\u00e3o<\/td>\n<td data-spm-anchor-id=\"a2700.details.0.i70.a1316c55K69Hkr\">Uso de sistema de igni\u00e7\u00e3o mec\u00e2nica ou eletr\u00f4nica para o Fire Pit<\/td>\n<\/tr>\n<tr>\n<td>Montar<\/td>\n<td>\u00a0Montado<\/td>\n<\/tr>\n<tr>\n<td>Garantia<\/td>\n<td>5 anos<\/td>\n<\/tr>\n<tr>\n<td>Tipos apropriados<\/td>\n<td>Qualquer grelha<\/td>\n<\/tr>\n<\/tbody>\n<\/table>\n<p><a href=\"https:\/\/keweicorten.com\/pt\/kit-de-queimador-para-fogueira-a-gas\/\"><img fetchpriority=\"high\" decoding=\"async\" class=\"alignnone wp-image-3846 size-full\" title=\"anel para fogueira a g\u00e1s\" src=\"https:\/\/keweicorten.com\/wp-content\/uploads\/2025\/03\/gas-firepit-kit-pan.jpg\" alt=\"anel de fogueira a g\u00e1s F\u00e1brica, China, pre\u00e7o, fabricantes, fornecedores, personalizado, atacado, barato, para venda, em estoque.\" width=\"750\" height=\"750\" srcset=\"https:\/\/keweicorten.com\/wp-content\/uploads\/2025\/03\/gas-firepit-kit-pan.jpg 750w, https:\/\/keweicorten.com\/wp-content\/uploads\/2025\/03\/gas-firepit-kit-pan-300x300.jpg 300w, https:\/\/keweicorten.com\/wp-content\/uploads\/2025\/03\/gas-firepit-kit-pan-150x150.jpg 150w, https:\/\/keweicorten.com\/wp-content\/uploads\/2025\/03\/gas-firepit-kit-pan-12x12.jpg 12w, https:\/\/keweicorten.com\/wp-content\/uploads\/2025\/03\/gas-firepit-kit-pan-600x600.jpg 600w, https:\/\/keweicorten.com\/wp-content\/uploads\/2025\/03\/gas-firepit-kit-pan-100x100.jpg 100w\" sizes=\"(max-width: 750px) 100vw, 750px\" \/><\/a><\/p>\n<p><a href=\"https:\/\/keweicorten.com\/pt\/kit-de-queimador-para-fogueira-a-gas\/\"><img decoding=\"async\" class=\"alignnone wp-image-3847\" title=\"queimador de fogueira a g\u00e1s \" src=\"https:\/\/keweicorten.com\/wp-content\/uploads\/2025\/03\/Gas-fire-pit-pan-9-\u526f\u672c-scaled.jpg\" alt=\"queimador de fogueira a g\u00e1s F\u00e1brica, China, pre\u00e7o, fabricantes, fornecedores, personalizado, atacado, barato, para venda, em estoque.\" width=\"751\" height=\"563\" srcset=\"https:\/\/keweicorten.com\/wp-content\/uploads\/2025\/03\/Gas-fire-pit-pan-9-\u526f\u672c-scaled.jpg 2560w, https:\/\/keweicorten.com\/wp-content\/uploads\/2025\/03\/Gas-fire-pit-pan-9-\u526f\u672c-300x225.jpg 300w, https:\/\/keweicorten.com\/wp-content\/uploads\/2025\/03\/Gas-fire-pit-pan-9-\u526f\u672c-1024x768.jpg 1024w, https:\/\/keweicorten.com\/wp-content\/uploads\/2025\/03\/Gas-fire-pit-pan-9-\u526f\u672c-768x576.jpg 768w, https:\/\/keweicorten.com\/wp-content\/uploads\/2025\/03\/Gas-fire-pit-pan-9-\u526f\u672c-1536x1152.jpg 1536w, https:\/\/keweicorten.com\/wp-content\/uploads\/2025\/03\/Gas-fire-pit-pan-9-\u526f\u672c-2048x1536.jpg 2048w, https:\/\/keweicorten.com\/wp-content\/uploads\/2025\/03\/Gas-fire-pit-pan-9-\u526f\u672c-16x12.jpg 16w, https:\/\/keweicorten.com\/wp-content\/uploads\/2025\/03\/Gas-fire-pit-pan-9-\u526f\u672c-600x450.jpg 600w\" sizes=\"(max-width: 751px) 100vw, 751px\" \/><\/a><\/p>\n<h2>Como escolher o kit certo de fogueira a g\u00e1s<\/h2>\n<h3>1. Tipo de combust\u00edvel: G\u00e1s natural vs. propano l\u00edquido<\/h3>\n<ul data-spread=\"false\">\n<li><strong>G\u00e1s natural<\/strong>: Requer uma instala\u00e7\u00e3o fixa, ideal para uso prolongado.<\/li>\n<li><strong>Propano l\u00edquido<\/strong>: Port\u00e1til e flex\u00edvel para coloca\u00e7\u00e3o em diferentes locais.<\/li>\n<\/ul>\n<h3>2. Tamanho e forma<\/h3>\n<p>Os kits de fogueira a g\u00e1s s\u00e3o fornecidos em v\u00e1rios tamanhos e formatos, incluindo <strong>redondo, quadrado, retangular e linear<\/strong>-Escolha um com base nas dimens\u00f5es de seu espa\u00e7o externo.<\/p>\n<h3>3. Sele\u00e7\u00e3o de materiais<\/h3>\n<ul data-spread=\"false\">\n<li><strong>A\u00e7o inoxid\u00e1vel<\/strong>: Resistente \u00e0 corros\u00e3o e de longa dura\u00e7\u00e3o.<\/li>\n<li><strong>A\u00e7o corten<\/strong>: Desenvolve uma p\u00e1tina de ferrugem natural com o tempo, ideal para projetos modernos ou de estilo industrial.<\/li>\n<li><strong>Cer\u00e2mica ou fibra de vidro<\/strong>: Leve e esteticamente \u00fanico.<\/li>\n<\/ul>\n<p><a href=\"https:\/\/keweicorten.com\/pt\/kit-de-queimador-para-fogueira-a-gas\/\"><img decoding=\"async\" class=\"alignnone wp-image-3848\" title=\"queimador de fogueira a g\u00e1s\" src=\"https:\/\/keweicorten.com\/wp-content\/uploads\/2025\/03\/\u5fae\u4fe1\u56fe\u7247_20240105111424.jpg\" alt=\"queimador de fogueira a g\u00e1s F\u00e1brica, China, pre\u00e7o, fabricantes, fornecedores, personalizado, atacado, barato, para venda, em estoque.\" width=\"751\" height=\"751\" srcset=\"https:\/\/keweicorten.com\/wp-content\/uploads\/2025\/03\/\u5fae\u4fe1\u56fe\u7247_20240105111424.jpg 1600w, https:\/\/keweicorten.com\/wp-content\/uploads\/2025\/03\/\u5fae\u4fe1\u56fe\u7247_20240105111424-300x300.jpg 300w, https:\/\/keweicorten.com\/wp-content\/uploads\/2025\/03\/\u5fae\u4fe1\u56fe\u7247_20240105111424-1024x1024.jpg 1024w, https:\/\/keweicorten.com\/wp-content\/uploads\/2025\/03\/\u5fae\u4fe1\u56fe\u7247_20240105111424-150x150.jpg 150w, https:\/\/keweicorten.com\/wp-content\/uploads\/2025\/03\/\u5fae\u4fe1\u56fe\u7247_20240105111424-768x768.jpg 768w, https:\/\/keweicorten.com\/wp-content\/uploads\/2025\/03\/\u5fae\u4fe1\u56fe\u7247_20240105111424-1536x1536.jpg 1536w, https:\/\/keweicorten.com\/wp-content\/uploads\/2025\/03\/\u5fae\u4fe1\u56fe\u7247_20240105111424-12x12.jpg 12w, https:\/\/keweicorten.com\/wp-content\/uploads\/2025\/03\/\u5fae\u4fe1\u56fe\u7247_20240105111424-600x600.jpg 600w, https:\/\/keweicorten.com\/wp-content\/uploads\/2025\/03\/\u5fae\u4fe1\u56fe\u7247_20240105111424-100x100.jpg 100w\" sizes=\"(max-width: 751px) 100vw, 751px\" \/><\/a><\/p>\n<h2>Como instalar um kit de fogueira a g\u00e1s<\/h2>\n<h3>1. Escolha o local de instala\u00e7\u00e3o<\/h3>\n<p>Selecione uma \u00e1rea bem ventilada, longe de materiais inflam\u00e1veis, para garantir a seguran\u00e7a.<\/p>\n<h3>2. Conectar a linha de g\u00e1s<\/h3>\n<p>Siga as instru\u00e7\u00f5es do fabricante para conectar corretamente a linha de g\u00e1s e realizar um teste de vazamento.<\/p>\n<h3>3. Adicionar m\u00eddia de inc\u00eandio<\/h3>\n<p>Melhore a apar\u00eancia usando <strong>Pedras de lava, vidro de fogo ou toras de cer\u00e2mica<\/strong>.<\/p>\n<h3>4. Teste e ajuste<\/h3>\n<p>Acenda o braseiro, ajuste a altura da chama e garanta a opera\u00e7\u00e3o adequada.<\/p>\n<p><a href=\"https:\/\/keweicorten.com\/pt\/kit-de-queimador-para-fogueira-a-gas\/\"><img loading=\"lazy\" decoding=\"async\" class=\"alignnone wp-image-3539\" title=\"fogueira de lenha para fazer\" src=\"https:\/\/keweicorten.com\/wp-content\/uploads\/2025\/02\/Gas-fire-pit-pan-11.jpg\" alt=\"diy lp fire pit \\Factory,china,price,manufacturers,suppliers, customized, wholesale, cheap, for sale, in stock.\" width=\"751\" height=\"751\" srcset=\"https:\/\/keweicorten.com\/wp-content\/uploads\/2025\/02\/Gas-fire-pit-pan-11.jpg 960w, https:\/\/keweicorten.com\/wp-content\/uploads\/2025\/02\/Gas-fire-pit-pan-11-300x300.jpg 300w, https:\/\/keweicorten.com\/wp-content\/uploads\/2025\/02\/Gas-fire-pit-pan-11-150x150.jpg 150w, https:\/\/keweicorten.com\/wp-content\/uploads\/2025\/02\/Gas-fire-pit-pan-11-768x768.jpg 768w, https:\/\/keweicorten.com\/wp-content\/uploads\/2025\/02\/Gas-fire-pit-pan-11-12x12.jpg 12w, https:\/\/keweicorten.com\/wp-content\/uploads\/2025\/02\/Gas-fire-pit-pan-11-600x600.jpg 600w, https:\/\/keweicorten.com\/wp-content\/uploads\/2025\/02\/Gas-fire-pit-pan-11-100x100.jpg 100w\" sizes=\"(max-width: 751px) 100vw, 751px\" \/><\/a><\/p>\n<h2>Manuten\u00e7\u00e3o e cuidados<\/h2>\n<h3>1. Limpe regularmente o queimador<\/h3>\n<p>Evite que poeira ou detritos obstruam os orif\u00edcios do queimador para manter a efici\u00eancia.<\/p>\n<h3>2. Prote\u00e7\u00e3o contra elementos clim\u00e1ticos<\/h3>\n<p>Use um <strong>cobertura \u00e0 prova de intemp\u00e9ries<\/strong> quando n\u00e3o estiver em uso para prolongar a vida \u00fatil da fogueira.<\/p>\n<h3>3. Verifique as conex\u00f5es de g\u00e1s<\/h3>\n<p>Inspecione periodicamente as linhas e v\u00e1lvulas de g\u00e1s para evitar vazamentos.<\/p>","protected":false},"excerpt":{"rendered":"<p>A <strong data-start=\"265\" data-end=\"285\">Kit de fogueira a g\u00e1s<\/strong> acrescenta calor, estilo e conveni\u00eancia a qualquer espa\u00e7o externo. Escolha entre v\u00e1rios tamanhos e materiais para um ajuste perfeito. F\u00e1cil de instalar e manter - ideal para uso dom\u00e9stico e comercial!<\/p>","protected":false},"featured_media":3849,"comment_status":"open","ping_status":"closed","template":"","meta":{"_eb_attr":"","_monsterinsights_skip_tracking":false,"_monsterinsights_sitenote_active":false,"_monsterinsights_sitenote_note":"","_monsterinsights_sitenote_category":0,"_uf_show_specific_survey":0,"_uf_disable_surveys":false},"product_brand":[],"product_cat":[53],"product_tag":[],"class_list":{"0":"post-3845","1":"product","2":"type-product","3":"status-publish","4":"has-post-thumbnail","6":"product_cat-gas-fire-pit-burner","8":"first","9":"instock","10":"shipping-taxable","11":"product-type-simple"},"_links":{"self":[{"href":"https:\/\/keweicorten.com\/pt\/wp-json\/wp\/v2\/product\/3845"}],"collection":[{"href":"https:\/\/keweicorten.com\/pt\/wp-json\/wp\/v2\/product"}],"about":[{"href":"https:\/\/keweicorten.com\/pt\/wp-json\/wp\/v2\/types\/product"}],"replies":[{"embeddable":true,"href":"https:\/\/keweicorten.com\/pt\/wp-json\/wp\/v2\/comments?post=3845"}],"version-history":[{"count":1,"href":"https:\/\/keweicorten.com\/pt\/wp-json\/wp\/v2\/product\/3845\/revisions"}],"predecessor-version":[{"id":3853,"href":"https:\/\/keweicorten.com\/pt\/wp-json\/wp\/v2\/product\/3845\/revisions\/3853"}],"wp:featuredmedia":[{"embeddable":true,"href":"https:\/\/keweicorten.com\/pt\/wp-json\/wp\/v2\/media\/3849"}],"wp:attachment":[{"href":"https:\/\/keweicorten.com\/pt\/wp-json\/wp\/v2\/media?parent=3845"}],"wp:term":[{"taxonomy":"product_brand","embeddable":true,"href":"https:\/\/keweicorten.com\/pt\/wp-json\/wp\/v2\/product_brand?post=3845"},{"taxonomy":"product_cat","embeddable":true,"href":"https:\/\/keweicorten.com\/pt\/wp-json\/wp\/v2\/product_cat?post=3845"},{"taxonomy":"product_tag","embeddable":true,"href":"https:\/\/keweicorten.com\/pt\/wp-json\/wp\/v2\/product_tag?post=3845"}],"curies":[{"name":"wp","href":"https:\/\/api.w.org\/{rel}","templated":true}]}}