{"id":3862,"date":"2025-03-05T06:54:48","date_gmt":"2025-03-05T06:54:48","guid":{"rendered":"https:\/\/keweicorten.com\/?post_type=product&#038;p=3862"},"modified":"2025-03-05T06:54:48","modified_gmt":"2025-03-05T06:54:48","slug":"tubo-de-aco-q235nh","status":"publish","type":"product","link":"https:\/\/keweicorten.com\/pt\/tubo-de-aco-q235nh\/","title":{"rendered":"Tubo de a\u00e7o q235nh"},"content":{"rendered":"<p>Q235NH Weathering board - faixa de uso:<\/p>\n<p>Cont\u00eaineres, usinas de energia, chamin\u00e9s, engenharia ferrovi\u00e1ria, a\u00e7o externo (como a\u00e7o para grandes esculturas externas), pontes, edif\u00edcios e outras estruturas para pe\u00e7as estruturais soldadas<\/p>\n<p><a href=\"https:\/\/keweicorten.com\/pt\/products\/\"><img fetchpriority=\"high\" decoding=\"async\" class=\"alignnone\" title=\"Tubo de a\u00e7o q235nh\" src=\"https:\/\/www.qianhongsteel.com\/upLoad\/image\/20190614\/15604830043451017.jpg\" alt=\"q235nh steel pipe Factory, china, pre\u00e7o, fabricantes, fornecedores, personalizado, atacado, barato, para venda, em estoque.\" width=\"790\" height=\"263\" \/><\/a><\/p>\n<p>Composi\u00e7\u00e3o qu\u00edmica do a\u00e7o para intemperismo Q235NH:<\/p>\n<p><a href=\"https:\/\/keweicorten.com\/pt\/products\/\"><img decoding=\"async\" class=\"alignnone wp-image-3863 size-full\" src=\"https:\/\/keweicorten.com\/wp-content\/uploads\/2025\/03\/translated_table.png\" alt=\"\" width=\"800\" height=\"80\" srcset=\"https:\/\/keweicorten.com\/wp-content\/uploads\/2025\/03\/translated_table.png 800w, https:\/\/keweicorten.com\/wp-content\/uploads\/2025\/03\/translated_table-300x30.png 300w, https:\/\/keweicorten.com\/wp-content\/uploads\/2025\/03\/translated_table-768x77.png 768w, https:\/\/keweicorten.com\/wp-content\/uploads\/2025\/03\/translated_table-18x2.png 18w, https:\/\/keweicorten.com\/wp-content\/uploads\/2025\/03\/translated_table-600x60.png 600w\" sizes=\"(max-width: 800px) 100vw, 800px\" \/><\/a><\/p>\n<p>Q235NH Weathering steel Propriedades mec\u00e2nicas:<\/p>\n<p><img decoding=\"async\" src=\"https:\/\/www.qianhongsteel.com\/upLoad\/image\/20190613\/15604395151999311.jpg\" alt=\"2.jpg\" \/><\/p>\n<p>As marcas novas e antigas de t\u00e1buas de madeira:<\/p>\n<p><img decoding=\"async\" src=\"https:\/\/www.qianhongsteel.com\/upLoad\/image\/20190613\/15604395612447278.jpg\" alt=\"3.jpg\" \/><\/p>\n<p>Q235NH Square Tube\/RectangulaTubebe Especifica\u00e7\u00f5es do produto:<\/p>\n<p>As especifica\u00e7\u00f5es de di\u00e2metro e espessura do tubo quadrado\/retangular Q235NH s\u00e3o completas, e uma certa quantidade tamb\u00e9m pode ser personalizada de acordo com os requisitos da produ\u00e7\u00e3o.<\/p>","protected":false},"excerpt":{"rendered":"<p>O Q295NH \u00e9 um a\u00e7o estrutural resistente \u00e0s intemp\u00e9ries com excelente resist\u00eancia \u00e0 corros\u00e3o e alta resist\u00eancia. \u00c9 amplamente utilizado em estruturas externas, pontes e decora\u00e7\u00f5es de jardins devido \u00e0 sua camada de ferrugem autoprotetora, que aumenta a durabilidade e reduz os custos de manuten\u00e7\u00e3o.<\/p>","protected":false},"featured_media":3864,"comment_status":"open","ping_status":"closed","template":"","meta":{"_eb_attr":"","_monsterinsights_skip_tracking":false,"_monsterinsights_sitenote_active":false,"_monsterinsights_sitenote_note":"","_monsterinsights_sitenote_category":0,"_uf_show_specific_survey":0,"_uf_disable_surveys":false},"product_brand":[],"product_cat":[21],"product_tag":[],"class_list":{"0":"post-3862","1":"product","2":"type-product","3":"status-publish","4":"has-post-thumbnail","6":"product_cat-weather-resistant-steel-plate","8":"first","9":"instock","10":"shipping-taxable","11":"product-type-simple"},"_links":{"self":[{"href":"https:\/\/keweicorten.com\/pt\/wp-json\/wp\/v2\/product\/3862"}],"collection":[{"href":"https:\/\/keweicorten.com\/pt\/wp-json\/wp\/v2\/product"}],"about":[{"href":"https:\/\/keweicorten.com\/pt\/wp-json\/wp\/v2\/types\/product"}],"replies":[{"embeddable":true,"href":"https:\/\/keweicorten.com\/pt\/wp-json\/wp\/v2\/comments?post=3862"}],"version-history":[{"count":1,"href":"https:\/\/keweicorten.com\/pt\/wp-json\/wp\/v2\/product\/3862\/revisions"}],"predecessor-version":[{"id":3868,"href":"https:\/\/keweicorten.com\/pt\/wp-json\/wp\/v2\/product\/3862\/revisions\/3868"}],"wp:featuredmedia":[{"embeddable":true,"href":"https:\/\/keweicorten.com\/pt\/wp-json\/wp\/v2\/media\/3864"}],"wp:attachment":[{"href":"https:\/\/keweicorten.com\/pt\/wp-json\/wp\/v2\/media?parent=3862"}],"wp:term":[{"taxonomy":"product_brand","embeddable":true,"href":"https:\/\/keweicorten.com\/pt\/wp-json\/wp\/v2\/product_brand?post=3862"},{"taxonomy":"product_cat","embeddable":true,"href":"https:\/\/keweicorten.com\/pt\/wp-json\/wp\/v2\/product_cat?post=3862"},{"taxonomy":"product_tag","embeddable":true,"href":"https:\/\/keweicorten.com\/pt\/wp-json\/wp\/v2\/product_tag?post=3862"}],"curies":[{"name":"wp","href":"https:\/\/api.w.org\/{rel}","templated":true}]}}