{"id":3887,"date":"2025-03-07T06:03:46","date_gmt":"2025-03-07T06:03:46","guid":{"rendered":"https:\/\/keweicorten.com\/?post_type=product&#038;p=3887"},"modified":"2025-03-07T06:03:47","modified_gmt":"2025-03-07T06:03:47","slug":"chapa-de-aco-inoxidavel-4x8-304","status":"publish","type":"product","link":"https:\/\/keweicorten.com\/pt\/chapa-de-aco-inoxidavel-4x8-304\/","title":{"rendered":"Chapa de a\u00e7o inoxid\u00e1vel 4\u00d78 304"},"content":{"rendered":"<h2><strong>T\u00edtulo: Chapa de a\u00e7o inoxid\u00e1vel 4\u00d78 304: Caracter\u00edsticas, especifica\u00e7\u00f5es, vantagens e solu\u00e7\u00f5es para suas necessidades<\/strong><\/h2>\n<p>Quando se trata de escolher o material certo para aplica\u00e7\u00f5es industriais e comerciais, o <strong>Chapa de a\u00e7o inoxid\u00e1vel 4\u00d78 304<\/strong> destaca-se por sua excelente durabilidade, versatilidade e resist\u00eancia \u00e0 corros\u00e3o. Esse tipo de chapa de a\u00e7o inoxid\u00e1vel \u00e9 amplamente utilizado em v\u00e1rios setores, incluindo constru\u00e7\u00e3o, manufatura e design, devido ao seu excelente desempenho. Neste artigo, vamos nos aprofundar nos principais recursos, especifica\u00e7\u00f5es, vantagens e em como o nosso produto resolve os problemas comuns dos clientes.<\/p>\n<h2><strong>Caracter\u00edsticas da chapa de a\u00e7o inoxid\u00e1vel 4\u00d78 304<\/strong><\/h2>\n<ul>\n<li><strong>Composi\u00e7\u00e3o do material<\/strong>: A chapa de a\u00e7o inoxid\u00e1vel 304 \u00e9 feita principalmente de ferro, cromo (18%) e n\u00edquel (8%), oferecendo uma liga forte e resistente \u00e0 ferrugem, adequada para uma ampla gama de aplica\u00e7\u00f5es.<\/li>\n<li><strong>Acabamento da superf\u00edcie<\/strong>: Geralmente vem com um acabamento escovado ou espelhado, proporcionando um apelo est\u00e9tico, al\u00e9m de oferecer f\u00e1cil manuten\u00e7\u00e3o e limpeza.<\/li>\n<li><strong>Tamanho e espessura<\/strong>: As dimens\u00f5es padr\u00e3o das folhas 4\u00d78 (48 polegadas por 96 polegadas) s\u00e3o ideais para v\u00e1rios projetos. Est\u00e1 dispon\u00edvel em diferentes espessuras, de 0,02\" a 0,25\" ou mais, dependendo dos requisitos.<\/li>\n<li><strong>Resist\u00eancia \u00e0 corros\u00e3o<\/strong>: A chapa de a\u00e7o inoxid\u00e1vel 304 \u00e9 altamente resistente \u00e0 corros\u00e3o, \u00e0 oxida\u00e7\u00e3o e \u00e0 ferrugem, o que a torna perfeita para ambientes internos e externos, especialmente em \u00e1reas expostas a elementos agressivos.<\/li>\n<li><strong>Toler\u00e2ncia de temperatura<\/strong>: Pode suportar uma ampla gama de temperaturas sem perder sua integridade estrutural, o que o torna adequado para uso em aplica\u00e7\u00f5es de alta temperatura.<a href=\"https:\/\/keweicorten.com\/pt\/products\/\"><img fetchpriority=\"high\" decoding=\"async\" class=\"alignnone\" title=\"Pre\u00e7o da chapa 304 SS304 4X8\" src=\"https:\/\/image.made-in-china.com\/2f0j00ASclVDJBQwgr\/China-304-Sheet-Price-SS304-4X8-201-Circle-0-6mm-Thick-Steel-Sheets-Stainless-Steel-Sheet.jpg\" alt=\"China 304 Sheet Price SS304 4X8 201 Circle 0.6mm Thick Steel Sheets price-keweicorten\" width=\"730\" height=\"548\" \/><\/a><\/li>\n<\/ul>\n<h2><strong>Especifica\u00e7\u00f5es da chapa de a\u00e7o inoxid\u00e1vel 4\u00d78 304<\/strong><\/h2>\n<ul>\n<li><strong>Dimens\u00f5es<\/strong>: 4 p\u00e9s por 8 p\u00e9s (1200 mm x 2400 mm)<\/li>\n<li><strong>Espessura<\/strong>: Dispon\u00edvel de 0,02\u2033 (0,5 mm) a 0,25\u2033 (6,35 mm) ou espessuras personalizadas<\/li>\n<li><strong>Peso<\/strong>: Varia de acordo com a espessura, mas normalmente fica em torno de 6,5 a 10 kg por folha.<\/li>\n<li><strong>Grau<\/strong>: 304 \u00e9 o tipo de a\u00e7o inoxid\u00e1vel mais comumente usado, conhecido por sua excelente conformabilidade e resist\u00eancia \u00e0 corros\u00e3o.<\/li>\n<li><strong>Op\u00e7\u00f5es de acabamento<\/strong>: Os acabamentos comuns incluem 2B, No. 1, No. 4 e Mirror Finish.<\/li>\n<li>Aqui est\u00e1 o <strong>Chapa de a\u00e7o inoxid\u00e1vel 4\u00d78 304<\/strong> par\u00e2metro<\/li>\n<\/ul>\n<table>\n<thead>\n<tr>\n<th><strong>Par\u00e2metro<\/strong><\/th>\n<th><strong>Descri\u00e7\u00e3o<\/strong><\/th>\n<\/tr>\n<\/thead>\n<tbody>\n<tr>\n<td><strong>Material<\/strong><\/td>\n<td>A\u00e7o inoxid\u00e1vel 304 (18% Cromo, 8% N\u00edquel)<\/td>\n<\/tr>\n<tr>\n<td><strong>Dimens\u00f5es<\/strong><\/td>\n<td>Tamanho padr\u00e3o: 1200 mm x 2400 mm (4'x8\u2032)<\/td>\n<\/tr>\n<tr>\n<td><strong>Espessura<\/strong><\/td>\n<td>0,3 mm a 6 mm (tamanhos personalizados dispon\u00edveis)<\/td>\n<\/tr>\n<tr>\n<td><strong>Acabamento da superf\u00edcie<\/strong><\/td>\n<td>2B (liso), n\u00ba 1 (\u00e1spero), n\u00ba 4 (escovado), acabamento espelhado<\/td>\n<\/tr>\n<tr>\n<td><strong>Resist\u00eancia \u00e0 corros\u00e3o<\/strong><\/td>\n<td>Excelente resist\u00eancia \u00e0 corros\u00e3o, adequado para ambientes \u00famidos, qu\u00edmicos e de alta temperatura<\/td>\n<\/tr>\n<tr>\n<td><strong>Resist\u00eancia \u00e0 tra\u00e7\u00e3o<\/strong><\/td>\n<td>520 - 720 MPa<\/td>\n<\/tr>\n<tr>\n<td><strong>Resist\u00eancia ao rendimento<\/strong><\/td>\n<td>215 MPa<\/td>\n<\/tr>\n<tr>\n<td><strong>Alongamento<\/strong><\/td>\n<td>40%<\/td>\n<\/tr>\n<tr>\n<td><strong>Densidade<\/strong><\/td>\n<td>8,0 g\/cm\u00b3<\/td>\n<\/tr>\n<tr>\n<td><strong>Resist\u00eancia ao calor<\/strong><\/td>\n<td>Faixa de temperatura: -196\u00b0C a 870\u00b0C<\/td>\n<\/tr>\n<tr>\n<td><strong>Soldabilidade<\/strong><\/td>\n<td>Boa soldabilidade, adequado para TIG, MIG e soldagem a arco<\/td>\n<\/tr>\n<tr>\n<td><strong>Propriedades magn\u00e9ticas<\/strong><\/td>\n<td>N\u00e3o magn\u00e9tico, adequado para aplica\u00e7\u00f5es que exigem baixo magnetismo<\/td>\n<\/tr>\n<tr>\n<td><strong>Qualidade da superf\u00edcie<\/strong><\/td>\n<td>Dispon\u00edvel em diferentes acabamentos de superf\u00edcie para atender a aplica\u00e7\u00f5es decorativas, na ind\u00fastria aliment\u00edcia e qu\u00edmica<\/td>\n<\/tr>\n<\/tbody>\n<\/table>\n<p><a href=\"https:\/\/keweicorten.com\/pt\/products\/\"><img decoding=\"async\" class=\"alignnone\" title=\"1mm 0.8mm de espessura 4x8 aisi 304 Stainless Steel Sheet Price \" src=\"https:\/\/ts1.tc.mm.bing.net\/th\/id\/R-C.1d94e5fc7d93d7e8e4893f03447e48b9?rik=weqVghXE7QJ4sw&amp;riu=http%3a%2f%2fg02.s.alicdn.com%2fkf%2fHTB1qDm4IVXXXXa0XVXXq6xXFXXXu%2f222252506%2fHTB1qDm4IVXXXXa0XVXXq6xXFXXXu.jpg&amp;ehk=THQ%2fN0FaOqebkqTIwLN%2bkM16Uh04%2bseg2wa3T%2b52JQM%3d&amp;risl=&amp;pid=ImgRaw&amp;r=0\" alt=\"Chapa de a\u00e7o inoxid\u00e1vel 1mm 0,8mm de espessura 4x8 aisi 304 Pre\u00e7o por kg - keweicorten\" width=\"750\" height=\"600\" \/><\/a><\/p>\n<h2><strong>Vantagens da chapa de a\u00e7o inoxid\u00e1vel 4\u00d78 304<\/strong><\/h2>\n<ol>\n<li><strong>Alta durabilidade e longevidade<\/strong>: A natureza robusta do a\u00e7o inoxid\u00e1vel 304 garante que as chapas mantenham sua integridade mesmo ap\u00f3s anos de exposi\u00e7\u00e3o a v\u00e1rios fatores ambientais, incluindo umidade e temperaturas extremas.<\/li>\n<li><strong>F\u00e1cil manuten\u00e7\u00e3o<\/strong>: Com uma superf\u00edcie lisa, as chapas de a\u00e7o inoxid\u00e1vel s\u00e3o f\u00e1ceis de limpar, manter e evitar o crescimento de bact\u00e9rias, o que as torna ideais para ambientes higi\u00eanicos, como cozinhas e hospitais.<\/li>\n<li><strong>Flexibilidade est\u00e9tica<\/strong>: Dispon\u00edvel em uma variedade de acabamentos, a chapa de a\u00e7o inoxid\u00e1vel 304 pode ser usada em aplica\u00e7\u00f5es industriais e decorativas, oferecendo uma apar\u00eancia elegante e moderna.<\/li>\n<li><strong>N\u00e3o magn\u00e9tico<\/strong>: \u00c9 um material n\u00e3o magn\u00e9tico, o que o torna \u00fatil em aplica\u00e7\u00f5es em que o magnetismo \u00e9 uma preocupa\u00e7\u00e3o, como em eletr\u00f4nicos sens\u00edveis ou dispositivos m\u00e9dicos.<\/li>\n<li><strong>Altamente resistente \u00e0 corros\u00e3o<\/strong>: O alto teor de cromo oferece resist\u00eancia superior \u00e0 corros\u00e3o, especialmente contra produtos qu\u00edmicos agressivos, \u00e1cidos e \u00e1gua salgada, o que o torna ideal para ambientes marinhos.<\/li>\n<li><strong>Excelente formabilidade<\/strong>: A chapa de a\u00e7o inoxid\u00e1vel 304 \u00e9 f\u00e1cil de cortar, dobrar e moldar, o que permite que ela seja usada em projetos personalizados, desde componentes industriais at\u00e9 eletrodom\u00e9sticos e m\u00f3veis.<\/li>\n<\/ol>\n<h3>Ponto de venda do produto<\/h3>\n<ul>\n<li><strong>\u00a01: Requisitos de alta manuten\u00e7\u00e3o<\/strong>\n<ul>\n<li><em>Solu\u00e7\u00e3o<\/em>: A chapa de a\u00e7o inoxid\u00e1vel 304 requer manuten\u00e7\u00e3o m\u00ednima devido \u00e0 sua superf\u00edcie lisa e resistente \u00e0 corros\u00e3o. A limpeza regular \u00e9 simples e n\u00e3o requer ferramentas caras ou complicadas, economizando tempo e dinheiro para o cliente.<\/li>\n<\/ul>\n<\/li>\n<li><strong>\u00a02: Preocupa\u00e7\u00f5es com a durabilidade em ambientes adversos<\/strong>\n<ul>\n<li><em>Solu\u00e7\u00e3o<\/em>: Gra\u00e7as \u00e0 sua excelente resist\u00eancia \u00e0 corros\u00e3o, a chapa de a\u00e7o inoxid\u00e1vel 304 \u00e9 perfeita para ambientes expostos a umidade, produtos qu\u00edmicos e temperaturas extremas. Seja usado em cozinhas, f\u00e1bricas ou instala\u00e7\u00f5es externas, esse material resistir\u00e1, evitando reparos e substitui\u00e7\u00f5es dispendiosas.<\/li>\n<\/ul>\n<\/li>\n<li><strong>\u00a03: Qualidade inconsistente no mercado<\/strong>\n<ul>\n<li><em>Solu\u00e7\u00e3o<\/em>: Nosso <strong>Chapas de a\u00e7o inoxid\u00e1vel 4\u00d78 304<\/strong> s\u00e3o adquiridos de fabricantes de primeira linha e passam por rigorosas verifica\u00e7\u00f5es de controle de qualidade, garantindo que voc\u00ea sempre receba um produto de alta qualidade. Fornecemos uma gama completa de especifica\u00e7\u00f5es para atender \u00e0s necessidades exclusivas de nossos clientes.<\/li>\n<\/ul>\n<\/li>\n<li><strong>4: Inflexibilidade no dimensionamento e na personaliza\u00e7\u00e3o<\/strong>\n<ul>\n<li><em>Solu\u00e7\u00e3o<\/em>: Oferecemos op\u00e7\u00f5es de corte e dimensionamento personalizados para a chapa de a\u00e7o inoxid\u00e1vel 4\u00d78 304. Se voc\u00ea precisar de dimens\u00f5es menores, espessuras espec\u00edficas ou acabamentos exclusivos, podemos adaptar o produto \u00e0s suas necessidades exatas.<\/li>\n<\/ul>\n<\/li>\n<\/ul>\n<h3><strong>Nossos pontos de venda<\/strong><\/h3>\n<ol>\n<li><strong>Garantia de qualidade premium<\/strong>: Priorizamos materiais de alta qualidade e um rigoroso controle de qualidade para garantir que nossas chapas de a\u00e7o inoxid\u00e1vel 304 atendam aos mais altos padr\u00f5es do setor.<\/li>\n<li><strong>Pre\u00e7os competitivos<\/strong>: Apesar da qualidade premium, nossos pre\u00e7os permanecem competitivos, oferecendo solu\u00e7\u00f5es econ\u00f4micas sem comprometer o desempenho.<\/li>\n<li><strong>Solu\u00e7\u00f5es personalizadas<\/strong>: Oferecemos produtos personalizados para atender aos requisitos exclusivos do projeto, desde diferentes espessuras at\u00e9 acabamentos e dimens\u00f5es especiais.<\/li>\n<li><strong>Entrega r\u00e1pida e confi\u00e1vel<\/strong>: Entendemos a import\u00e2ncia de entregas pontuais. Com nossa log\u00edstica eficiente, seu pedido chegar\u00e1 prontamente, garantindo que os prazos do seu projeto sejam cumpridos.<\/li>\n<li><strong>Suporte especializado<\/strong>: Nossa equipe est\u00e1 sempre pronta para ajudar na sele\u00e7\u00e3o de produtos, na orienta\u00e7\u00e3o sobre aplica\u00e7\u00f5es e no suporte p\u00f3s-compra, proporcionando-lhe uma experi\u00eancia perfeita.<\/li>\n<\/ol>\n<h3><strong>Conclus\u00e3o<\/strong><\/h3>\n<p>O <strong>Chapa de a\u00e7o inoxid\u00e1vel 4\u00d78 304<\/strong> \u00e9 um material vers\u00e1til, dur\u00e1vel e econ\u00f4mico, ideal para uma ampla variedade de aplica\u00e7\u00f5es. Se estiver trabalhando em um projeto de constru\u00e7\u00e3o, design de cozinha ou equipamento mar\u00edtimo, a chapa de a\u00e7o inoxid\u00e1vel 304 oferece solu\u00e7\u00f5es duradouras. Com nossas op\u00e7\u00f5es personalizadas e compromisso com a qualidade, fornecemos produtos que atendem \u00e0s suas necessidades exatas e resolvem os desafios comuns do setor. Escolha nossa <strong>Chapas de a\u00e7o inoxid\u00e1vel 304<\/strong> para desempenho superior, durabilidade e valor.<\/p>","protected":false},"excerpt":{"rendered":"<div class=\"flex max-w-full flex-col flex-grow\">\n<div class=\"min-h-8 text-message relative flex w-full flex-col items-end gap-2 whitespace-normal break-words text-start [.text-message+&amp;]:mt-5\" dir=\"auto\" data-message-author-role=\"assistant\" data-message-id=\"a7210d0d-b6a3-498d-a09c-d926ca0c436e\" data-message-model-slug=\"gpt-4o-mini\">\n<div class=\"flex w-full flex-col gap-1 empty:hidden first:pt-[3px]\">\n<div class=\"markdown prose w-full break-words dark:prose-invert light\">\n<p data-start=\"91\" data-end=\"386\" data-is-last-node=\"\" data-is-only-node=\"\"><strong data-start=\"91\" data-end=\"124\">Chapa de a\u00e7o inoxid\u00e1vel 4\u00d78 304<\/strong> - Dur\u00e1vel, resistente \u00e0 corros\u00e3o e vers\u00e1til, \u00e9 ideal para aplica\u00e7\u00f5es industriais, arquitet\u00f4nicas e decorativas. Com f\u00e1cil manuten\u00e7\u00e3o e resist\u00eancia a altas temperaturas, \u00e9 perfeito para cozinhas, m\u00f3veis e muito mais. Dispon\u00edvel em tamanhos e acabamentos personaliz\u00e1veis.<\/p>\n<\/div>\n<\/div>\n<\/div>\n<\/div>","protected":false},"featured_media":3888,"comment_status":"open","ping_status":"closed","template":"","meta":{"_eb_attr":"","_monsterinsights_skip_tracking":false,"_monsterinsights_sitenote_active":false,"_monsterinsights_sitenote_note":"","_monsterinsights_sitenote_category":0,"_uf_show_specific_survey":0,"_uf_disable_surveys":false},"product_brand":[],"product_cat":[21],"product_tag":[],"class_list":{"0":"post-3887","1":"product","2":"type-product","3":"status-publish","4":"has-post-thumbnail","6":"product_cat-weather-resistant-steel-plate","8":"first","9":"instock","10":"shipping-taxable","11":"product-type-simple"},"_links":{"self":[{"href":"https:\/\/keweicorten.com\/pt\/wp-json\/wp\/v2\/product\/3887"}],"collection":[{"href":"https:\/\/keweicorten.com\/pt\/wp-json\/wp\/v2\/product"}],"about":[{"href":"https:\/\/keweicorten.com\/pt\/wp-json\/wp\/v2\/types\/product"}],"replies":[{"embeddable":true,"href":"https:\/\/keweicorten.com\/pt\/wp-json\/wp\/v2\/comments?post=3887"}],"version-history":[{"count":1,"href":"https:\/\/keweicorten.com\/pt\/wp-json\/wp\/v2\/product\/3887\/revisions"}],"predecessor-version":[{"id":3890,"href":"https:\/\/keweicorten.com\/pt\/wp-json\/wp\/v2\/product\/3887\/revisions\/3890"}],"wp:featuredmedia":[{"embeddable":true,"href":"https:\/\/keweicorten.com\/pt\/wp-json\/wp\/v2\/media\/3888"}],"wp:attachment":[{"href":"https:\/\/keweicorten.com\/pt\/wp-json\/wp\/v2\/media?parent=3887"}],"wp:term":[{"taxonomy":"product_brand","embeddable":true,"href":"https:\/\/keweicorten.com\/pt\/wp-json\/wp\/v2\/product_brand?post=3887"},{"taxonomy":"product_cat","embeddable":true,"href":"https:\/\/keweicorten.com\/pt\/wp-json\/wp\/v2\/product_cat?post=3887"},{"taxonomy":"product_tag","embeddable":true,"href":"https:\/\/keweicorten.com\/pt\/wp-json\/wp\/v2\/product_tag?post=3887"}],"curies":[{"name":"wp","href":"https:\/\/api.w.org\/{rel}","templated":true}]}}