{"id":491,"date":"2024-07-15T02:29:11","date_gmt":"2024-07-15T02:29:11","guid":{"rendered":"https:\/\/keweicorten.com\/?post_type=product&#038;p=491"},"modified":"2025-01-15T06:29:12","modified_gmt":"2025-01-15T06:29:12","slug":"grelha-de-aco-corten","status":"publish","type":"product","link":"https:\/\/keweicorten.com\/pt\/grelha-de-aco-corten\/","title":{"rendered":"Grelha de a\u00e7o corten"},"content":{"rendered":"<h2>Quais s\u00e3o as caracter\u00edsticas da churrasqueira\uff1f<\/h2>\n<ul>\n<li><strong>Durabilidade:<\/strong> Uma churrasqueira de a\u00e7o corten de alta qualidade feita de materiais resistentes, como a\u00e7o inoxid\u00e1vel ou ferro fundido, pode atrair pessoas que procuram um investimento duradouro que possa suportar o uso frequente e uma variedade de condi\u00e7\u00f5es clim\u00e1ticas.<\/li>\n<li><strong>Versatilidade:<\/strong>\u00a0As churrasqueiras que oferecem v\u00e1rias op\u00e7\u00f5es de cozimento, como fun\u00e7\u00f5es de grelhar, defumar ou at\u00e9 mesmo assar, podem agradar \u00e0queles que gostam de experimentar diferentes t\u00e9cnicas e sabores de cozimento.<\/li>\n<li><strong>F\u00e1cil de usar:<\/strong> Um design intuitivo e f\u00e1cil de usar, juntamente com recursos como sistemas de igni\u00e7\u00e3o f\u00e1ceis, configura\u00e7\u00f5es de calor ajust\u00e1veis e mecanismos de limpeza convenientes, podem tornar uma churrasqueira de a\u00e7o corten mais atraente para pessoas que buscam uma experi\u00eancia de grelhar sem complica\u00e7\u00f5es.<\/li>\n<li><strong>Tamanho e \u00e1rea de cozimento:<\/strong>\u00a0As churrasqueiras com amplo espa\u00e7o de cozimento, v\u00e1rios queimadores e recursos adicionais, como mesas laterais ou compartimentos de armazenamento, podem ser atraentes para quem gosta de organizar reuni\u00f5es ou cozinhar para um grupo maior de pessoas.<\/li>\n<\/ul>\n<p><strong>Est\u00e9tica:<\/strong> O design e a apar\u00eancia de uma churrasqueira de a\u00e7o corten, incluindo acabamentos elegantes, estilos modernos ou cl\u00e1ssicos e op\u00e7\u00f5es de cores, podem desempenhar um papel significativo na atra\u00e7\u00e3o de compradores que valorizam o apelo visual de seus equipamentos de cozinha ao ar livre.<\/p>\n<h2>Usando a grelha de a\u00e7o Corten:<\/h2>\n<ul>\n<li>Uso sazonal: As churrasqueiras de a\u00e7o corten s\u00e3o ideais para uso externo devido \u00e0 superf\u00edcie enferrujada exclusiva que se forma em condi\u00e7\u00f5es clim\u00e1ticas. Quando n\u00e3o estiver em uso, recomenda-se guardar a churrasqueira em um local seco e ventilado.<\/li>\n<li>Prepara\u00e7\u00e3o do grill: Antes de usar, limpe e pr\u00e9-aque\u00e7a a grelha para remover qualquer res\u00edduo ou sujeira e certifique-se de que a superf\u00edcie da grelha esteja seca.<\/li>\n<li>Alimentos para churrasco: Durante o processo de grelhar, ajuste o calor e a \u00e1rea de aquecimento de acordo com os diferentes ingredientes e necessidades de cozimento. Evite arranhar a grelha com ferramentas de metal para n\u00e3o danificar a superf\u00edcie.<\/li>\n<li>Limpeza e manuten\u00e7\u00e3o: Depois de grelhar, limpe a churrasqueira com ferramentas de limpeza adequadas para garantir que a superf\u00edcie esteja limpa e mantenha sua apar\u00eancia. A manuten\u00e7\u00e3o e a conserva\u00e7\u00e3o regulares podem prolongar a vida \u00fatil de sua churrasqueira.<\/li>\n<\/ul>\n<p>&nbsp;<\/p>","protected":false},"excerpt":{"rendered":"<p>Uma churrasqueira de a\u00e7o Corten seria uma op\u00e7\u00e3o dur\u00e1vel e visualmente atraente para cozinhar ao ar livre, pois o processo de envelhecimento aumenta seu apelo est\u00e9tico. No entanto, \u00e9 importante observar que o a\u00e7o Corten pode enferrujar e manchar as superf\u00edcies ao redor, portanto, recomenda-se coloc\u00e1-lo em \u00e1reas onde isso n\u00e3o seja uma preocupa\u00e7\u00e3o.<\/p>","protected":false},"featured_media":492,"comment_status":"open","ping_status":"closed","template":"","meta":{"_eb_attr":"","_monsterinsights_skip_tracking":false,"_monsterinsights_sitenote_active":false,"_monsterinsights_sitenote_note":"","_monsterinsights_sitenote_category":0,"_uf_show_specific_survey":0,"_uf_disable_surveys":false},"product_brand":[],"product_cat":[63],"product_tag":[],"class_list":{"0":"post-491","1":"product","2":"type-product","3":"status-publish","4":"has-post-thumbnail","6":"product_cat-steel-bbq-grill","8":"first","9":"instock","10":"featured","11":"shipping-taxable","12":"product-type-simple"},"_links":{"self":[{"href":"https:\/\/keweicorten.com\/pt\/wp-json\/wp\/v2\/product\/491"}],"collection":[{"href":"https:\/\/keweicorten.com\/pt\/wp-json\/wp\/v2\/product"}],"about":[{"href":"https:\/\/keweicorten.com\/pt\/wp-json\/wp\/v2\/types\/product"}],"replies":[{"embeddable":true,"href":"https:\/\/keweicorten.com\/pt\/wp-json\/wp\/v2\/comments?post=491"}],"version-history":[{"count":1,"href":"https:\/\/keweicorten.com\/pt\/wp-json\/wp\/v2\/product\/491\/revisions"}],"predecessor-version":[{"id":3238,"href":"https:\/\/keweicorten.com\/pt\/wp-json\/wp\/v2\/product\/491\/revisions\/3238"}],"wp:featuredmedia":[{"embeddable":true,"href":"https:\/\/keweicorten.com\/pt\/wp-json\/wp\/v2\/media\/492"}],"wp:attachment":[{"href":"https:\/\/keweicorten.com\/pt\/wp-json\/wp\/v2\/media?parent=491"}],"wp:term":[{"taxonomy":"product_brand","embeddable":true,"href":"https:\/\/keweicorten.com\/pt\/wp-json\/wp\/v2\/product_brand?post=491"},{"taxonomy":"product_cat","embeddable":true,"href":"https:\/\/keweicorten.com\/pt\/wp-json\/wp\/v2\/product_cat?post=491"},{"taxonomy":"product_tag","embeddable":true,"href":"https:\/\/keweicorten.com\/pt\/wp-json\/wp\/v2\/product_tag?post=491"}],"curies":[{"name":"wp","href":"https:\/\/api.w.org\/{rel}","templated":true}]}}