{"id":663,"date":"2024-07-16T06:51:20","date_gmt":"2024-07-16T06:51:20","guid":{"rendered":"https:\/\/keweicorten.com\/?post_type=product&#038;p=663"},"modified":"2025-01-15T06:29:01","modified_gmt":"2025-01-15T06:29:01","slug":"vaso-de-flores-de-corten","status":"publish","type":"product","link":"https:\/\/keweicorten.com\/pt\/vaso-de-flores-de-corten\/","title":{"rendered":"vaso de flores de corten"},"content":{"rendered":"<h2>As vantagens do vaso de flores de corten e os cen\u00e1rios aplic\u00e1veis para compartilhar:<\/h2>\n<p>Os vasos de Corten s\u00e3o a escolha favorita de muitos entusiastas de jardins, com as seguintes vantagens e cen\u00e1rios de aplica\u00e7\u00e3o:<\/p>\n<p>Vantagens:<br \/>\n1. Resist\u00eancia \u00e0 corros\u00e3o: O a\u00e7o para intemp\u00e9ries tem excelente resist\u00eancia a intemp\u00e9ries, pode resistir ao vento e \u00e0 chuva no ambiente externo, ao sol e \u00e0 chuva, n\u00e3o \u00e9 f\u00e1cil de enferrujar, corros\u00e3o e mant\u00e9m uma bela apar\u00eancia a longo prazo.<br \/>\n2. Forte e dur\u00e1vel: o vaso de a\u00e7o resistente \u00e0s intemp\u00e9ries \u00e9 dur\u00e1vel, n\u00e3o se deforma nem quebra facilmente e pode suportar o teste de uso prolongado e v\u00e1rias condi\u00e7\u00f5es clim\u00e1ticas.<br \/>\n3. Apar\u00eancia \u00fanica: Quando combinado com plantas, o vaso de a\u00e7o resistente \u00e0s intemp\u00e9ries apresenta uma est\u00e9tica moderna e de estilo industrial, acrescentando car\u00e1ter e personalidade ao espa\u00e7o externo.<\/p>\n<p>Aplica\u00e7\u00e3o do vaso de flores de corten:<br \/>\n1. Locais p\u00fablicos: vasos de flores de corten para paisagismo de locais p\u00fablicos, como ruas urbanas, parques e pra\u00e7as, para adicionar cor e vegeta\u00e7\u00e3o \u00e0 cidade.<br \/>\n2. Hot\u00e9is ou locais comerciais: os vasos de flores de corten podem ser usados para a decora\u00e7\u00e3o de jardins ou terra\u00e7os em hot\u00e9is, centros comerciais, pr\u00e9dios de escrit\u00f3rios e outros locais para aumentar o conforto e a beleza do ambiente em geral.<br \/>\n3. Resid\u00eancia particular: O vaso de a\u00e7o resistente \u00e0s intemp\u00e9ries \u00e9 adequado para a decora\u00e7\u00e3o de p\u00e1tios, varandas ou jardins de resid\u00eancias particulares, acrescentando elementos verdes ao ambiente dom\u00e9stico e criando uma atmosfera agrad\u00e1vel.<\/p>","protected":false},"excerpt":{"rendered":"<p>Os vasos de a\u00e7o corten s\u00e3o uma escolha popular para jardineiras externas devido \u00e0 sua durabilidade e propriedades resistentes \u00e0s intemp\u00e9ries. O a\u00e7o corten, tamb\u00e9m conhecido como a\u00e7o para intemp\u00e9ries, desenvolve uma apar\u00eancia protetora semelhante \u00e0 ferrugem quando exposto aos elementos, o que o torna uma op\u00e7\u00e3o elegante e de baixa manuten\u00e7\u00e3o para seu jardim ou p\u00e1tio.<\/p>","protected":false},"featured_media":664,"comment_status":"open","ping_status":"closed","template":"","meta":{"_eb_attr":"","_monsterinsights_skip_tracking":false,"_monsterinsights_sitenote_active":false,"_monsterinsights_sitenote_note":"","_monsterinsights_sitenote_category":0,"_uf_show_specific_survey":0,"_uf_disable_surveys":false},"product_brand":[],"product_cat":[59],"product_tag":[],"class_list":{"0":"post-663","1":"product","2":"type-product","3":"status-publish","4":"has-post-thumbnail","6":"product_cat-flower-pot","8":"first","9":"instock","10":"shipping-taxable","11":"product-type-simple"},"_links":{"self":[{"href":"https:\/\/keweicorten.com\/pt\/wp-json\/wp\/v2\/product\/663"}],"collection":[{"href":"https:\/\/keweicorten.com\/pt\/wp-json\/wp\/v2\/product"}],"about":[{"href":"https:\/\/keweicorten.com\/pt\/wp-json\/wp\/v2\/types\/product"}],"replies":[{"embeddable":true,"href":"https:\/\/keweicorten.com\/pt\/wp-json\/wp\/v2\/comments?post=663"}],"version-history":[{"count":2,"href":"https:\/\/keweicorten.com\/pt\/wp-json\/wp\/v2\/product\/663\/revisions"}],"predecessor-version":[{"id":3237,"href":"https:\/\/keweicorten.com\/pt\/wp-json\/wp\/v2\/product\/663\/revisions\/3237"}],"wp:featuredmedia":[{"embeddable":true,"href":"https:\/\/keweicorten.com\/pt\/wp-json\/wp\/v2\/media\/664"}],"wp:attachment":[{"href":"https:\/\/keweicorten.com\/pt\/wp-json\/wp\/v2\/media?parent=663"}],"wp:term":[{"taxonomy":"product_brand","embeddable":true,"href":"https:\/\/keweicorten.com\/pt\/wp-json\/wp\/v2\/product_brand?post=663"},{"taxonomy":"product_cat","embeddable":true,"href":"https:\/\/keweicorten.com\/pt\/wp-json\/wp\/v2\/product_cat?post=663"},{"taxonomy":"product_tag","embeddable":true,"href":"https:\/\/keweicorten.com\/pt\/wp-json\/wp\/v2\/product_tag?post=663"}],"curies":[{"name":"wp","href":"https:\/\/api.w.org\/{rel}","templated":true}]}}