{"id":847,"date":"2024-07-19T02:28:12","date_gmt":"2024-07-19T02:28:12","guid":{"rendered":"https:\/\/keweicorten.com\/?post_type=product&#038;p=847"},"modified":"2025-01-15T06:28:40","modified_gmt":"2025-01-15T06:28:40","slug":"borda-de-aco-galvanizado-para-gramado","status":"publish","type":"product","link":"https:\/\/keweicorten.com\/pt\/borda-de-aco-galvanizado-para-gramado\/","title":{"rendered":"Borda de a\u00e7o galvanizado para gramado"},"content":{"rendered":"<h2>As etapas para instalar bordas de jardim de a\u00e7o galvanizado s\u00e3o as seguintes:<\/h2>\n<p>1. Prepare a \u00e1rea de instala\u00e7\u00e3o removendo ervas daninhas, sujeira e detritos.<br \/>\n2. Marque a posi\u00e7\u00e3o da borda com base nas necessidades do projeto de horticultura.<br \/>\n3. Instale a borda do jardim colocando-a ao longo da linha marcada ou da posi\u00e7\u00e3o da borda e batendo nela com uma p\u00e1.<br \/>\n4. Borda fixa: Use as pe\u00e7as fixas presas \u00e0 borda ou pregos no ch\u00e3o para fixar firmemente a borda no ch\u00e3o e garantir que ela n\u00e3o fique solta.<\/p>\n<h2>Fa\u00e7a a manuten\u00e7\u00e3o das bordas de a\u00e7o galvanizado da seguinte forma:<\/h2>\n<p>1. Limpe regularmente: Use um pano macio ou uma escova para limpar a superf\u00edcie da borda do jardim para evitar o ac\u00famulo de poeira e sujeira.<br \/>\n2. Evite impactos: Evite usar objetos duros para impactar a borda do jardim, evitando arranh\u00f5es ou deforma\u00e7\u00f5es que afetem a apar\u00eancia.<br \/>\n3. Verifique se h\u00e1 ferrugem: Verifique regularmente se h\u00e1 ferrugem na superf\u00edcie da borda do jardim. Se necess\u00e1rio, voc\u00ea pode usar tinta de manuten\u00e7\u00e3o para pulveriza\u00e7\u00e3o.<br \/>\n4. Lidar com o vazamento de \u00e1gua: se voc\u00ea perceber que h\u00e1 vazamento de \u00e1gua na borda do jardim, conserte-o ou substitua-o a tempo de manter a fun\u00e7\u00e3o e a beleza da borda.<\/p>\n<h2>A borda de a\u00e7o galvanizado tem as seguintes vantagens e m\u00e9todos de uso:<\/h2>\n<p>Vantagens:<br \/>\n1. Alta durabilidade: O a\u00e7o galvanizado \u00e9 resistente \u00e0 ferrugem e \u00e0 corros\u00e3o, tem uma longa vida \u00fatil e pode suportar condi\u00e7\u00f5es externas adversas.<br \/>\n2. Alta resist\u00eancia: O a\u00e7o \u00e9 forte o suficiente para proteger efetivamente a borda do jardim contra danos, al\u00e9m de suportar press\u00e3o e colis\u00e3o.<br \/>\n3. atraentes e pr\u00e1ticas: As bordas de a\u00e7o galvanizado para jardinagem t\u00eam uma apar\u00eancia atraente e uma variedade de padr\u00f5es, o que pode melhorar efetivamente a beleza geral do jardim e, ao mesmo tempo, separar o espa\u00e7o e fixar o solo.<\/p>\n<h2>Modo de usar:<\/h2>\n<p>1. M\u00e9todo de instala\u00e7\u00e3o: Siga as etapas de instala\u00e7\u00e3o mencionadas acima para garantir que a borda de jardinagem esteja firmemente instalada e atenda aos requisitos do projeto.<br \/>\n2. Cen\u00e1rio de aplica\u00e7\u00e3o: Adequado para todos os tipos de jardins, p\u00e1tios, paisagens e outros locais, pode ser usado para fixar a borda do jardim, a borda do gramado, canteiros de flores e canteiros de flores e outros locais.<br \/>\n3. M\u00e9todo de manuten\u00e7\u00e3o: Limpeza, inspe\u00e7\u00e3o e tratamento regulares de acordo com o m\u00e9todo de manuten\u00e7\u00e3o mencionado acima para garantir que a borda de jardinagem esteja em boas condi\u00e7\u00f5es por muito tempo.<\/p>\n<div style=\"width: 800px;\" class=\"wp-video\"><!--[if lt IE 9]><script>document.createElement('video');<\/script><![endif]-->\n<video class=\"wp-video-shortcode\" id=\"video-847-1\" width=\"800\" height=\"450\" poster=\"https:\/\/keweicorten.com\/wp-content\/uploads\/2024\/07\/IMG20211202155822-scaled.jpg\" preload=\"metadata\" controls=\"controls\"><source type=\"video\/mp4\" src=\"https:\/\/keweicorten.com\/wp-content\/uploads\/2024\/07\/DJI_20211202_160445_497_video.mp4?_=1\" \/><a href=\"https:\/\/keweicorten.com\/wp-content\/uploads\/2024\/07\/DJI_20211202_160445_497_video.mp4\">https:\/\/keweicorten.com\/wp-content\/uploads\/2024\/07\/DJI_20211202_160445_497_video.mp4<\/a><\/video><\/div>","protected":false},"excerpt":{"rendered":"<p>Escolha a borda do jardim Corten para criar um espa\u00e7o externo personalizado com gosto e estilo exclusivos.<br \/>\nAs bordas de a\u00e7o para jardim resistentes \u00e0s intemp\u00e9ries agregam valor moderno e est\u00e9tico ao seu p\u00e1tio ou jardim<\/p>","protected":false},"featured_media":849,"comment_status":"open","ping_status":"closed","template":"","meta":{"_eb_attr":"","_monsterinsights_skip_tracking":false,"_monsterinsights_sitenote_active":false,"_monsterinsights_sitenote_note":"","_monsterinsights_sitenote_category":0,"_uf_show_specific_survey":0,"_uf_disable_surveys":false},"product_brand":[],"product_cat":[58],"product_tag":[],"class_list":{"0":"post-847","1":"product","2":"type-product","3":"status-publish","4":"has-post-thumbnail","6":"product_cat-garden-edging","8":"first","9":"instock","10":"shipping-taxable","11":"product-type-simple"},"_links":{"self":[{"href":"https:\/\/keweicorten.com\/pt\/wp-json\/wp\/v2\/product\/847"}],"collection":[{"href":"https:\/\/keweicorten.com\/pt\/wp-json\/wp\/v2\/product"}],"about":[{"href":"https:\/\/keweicorten.com\/pt\/wp-json\/wp\/v2\/types\/product"}],"replies":[{"embeddable":true,"href":"https:\/\/keweicorten.com\/pt\/wp-json\/wp\/v2\/comments?post=847"}],"version-history":[{"count":1,"href":"https:\/\/keweicorten.com\/pt\/wp-json\/wp\/v2\/product\/847\/revisions"}],"predecessor-version":[{"id":3235,"href":"https:\/\/keweicorten.com\/pt\/wp-json\/wp\/v2\/product\/847\/revisions\/3235"}],"wp:featuredmedia":[{"embeddable":true,"href":"https:\/\/keweicorten.com\/pt\/wp-json\/wp\/v2\/media\/849"}],"wp:attachment":[{"href":"https:\/\/keweicorten.com\/pt\/wp-json\/wp\/v2\/media?parent=847"}],"wp:term":[{"taxonomy":"product_brand","embeddable":true,"href":"https:\/\/keweicorten.com\/pt\/wp-json\/wp\/v2\/product_brand?post=847"},{"taxonomy":"product_cat","embeddable":true,"href":"https:\/\/keweicorten.com\/pt\/wp-json\/wp\/v2\/product_cat?post=847"},{"taxonomy":"product_tag","embeddable":true,"href":"https:\/\/keweicorten.com\/pt\/wp-json\/wp\/v2\/product_tag?post=847"}],"curies":[{"name":"wp","href":"https:\/\/api.w.org\/{rel}","templated":true}]}}