{"id":4095,"date":"2025-03-24T08:48:21","date_gmt":"2025-03-24T08:48:21","guid":{"rendered":"https:\/\/keweicorten.com\/?page_id=4095"},"modified":"2025-03-25T08:16:39","modified_gmt":"2025-03-25T08:16:39","slug":"caracteristica-de-apa","status":"publish","type":"page","link":"https:\/\/keweicorten.com\/ro\/caracteristica-de-apa\/","title":{"rendered":"Water feature"},"content":{"rendered":"<div data-elementor-type=\"wp-page\" data-elementor-id=\"4095\" class=\"elementor elementor-4095\" data-elementor-post-type=\"page\">\n\t\t\t\t<div class=\"elementor-element elementor-element-748dd3eb e-con-full e-flex e-con e-parent\" data-id=\"748dd3eb\" data-element_type=\"container\" data-e-type=\"container\" data-settings=\"{&quot;background_background&quot;:&quot;classic&quot;}\">\n\t\t\t\t<div class=\"elementor-element elementor-element-5b568a66 elementor-widget elementor-widget-heading\" data-id=\"5b568a66\" data-element_type=\"widget\" data-e-type=\"widget\" data-widget_type=\"heading.default\">\n\t\t\t\t<div class=\"elementor-widget-container\">\n\t\t\t\t\t<h2 class=\"elementor-heading-title elementor-size-default\">caracteristic\u0103 de ap\u0103<\/h2>\t\t\t\t<\/div>\n\t\t\t\t<\/div>\n\t\t\t\t<\/div>\n\t\t<div class=\"elementor-element elementor-element-f56a980 e-flex e-con-boxed e-con e-parent\" data-id=\"f56a980\" data-element_type=\"container\" data-e-type=\"container\">\n\t\t\t\t\t<div class=\"e-con-inner\">\n\t\t<div class=\"elementor-element elementor-element-f12ea5b e-con-full e-flex e-con e-child\" data-id=\"f12ea5b\" data-element_type=\"container\" data-e-type=\"container\">\n\t\t\t\t<div class=\"elementor-element elementor-element-44f3951 elementor-widget__width-initial elementor-hidden-mobile elementor-widget elementor-widget-wp-widget-woocommerce_product_categories\" data-id=\"44f3951\" data-element_type=\"widget\" data-e-type=\"widget\" data-widget_type=\"wp-widget-woocommerce_product_categories.default\">\n\t\t\t\t<div class=\"elementor-widget-container\">\n\t\t\t\t\t<div class=\"woocommerce widget_product_categories\"><h5>Catalog de produse<\/h5><ul class=\"product-categories\"><li class=\"cat-item cat-item-20 cat-parent\"><a href=\"https:\/\/keweicorten.com\/ro\/groapa-de-foc\/\">Groap\u0103 de foc din o\u021bel<\/a><ul class='children'>\n<li class=\"cat-item cat-item-54\"><a href=\"https:\/\/keweicorten.com\/ro\/groapa-de-foc\/groapa-de-foc-din-lemn\/\">groap\u0103 de foc din lemn<\/a><\/li>\n<li class=\"cat-item cat-item-55\"><a href=\"https:\/\/keweicorten.com\/ro\/groapa-de-foc\/semineu-cu-gaz\/\">\u0219emineu cu gaz<\/a><\/li>\n<li class=\"cat-item cat-item-52\"><a href=\"https:\/\/keweicorten.com\/ro\/groapa-de-foc\/wood-pellet-tourch\/\">wood pellet tourch<\/a><\/li>\n<li class=\"cat-item cat-item-53\"><a href=\"https:\/\/keweicorten.com\/ro\/groapa-de-foc\/arzator-pentru-foc-de-tabara-cu-gaz\/\">arz\u0103tor pentru foc de tab\u0103r\u0103 cu gaz<\/a><\/li>\n<\/ul>\n<\/li>\n<li class=\"cat-item cat-item-21\"><a href=\"https:\/\/keweicorten.com\/ro\/placa-de-otel-rezistenta-la-intemperii\/\">Plac\u0103 de o\u021bel rezistent\u0103 la intemperii<\/a><\/li>\n<li class=\"cat-item cat-item-22 cat-parent\"><a href=\"https:\/\/keweicorten.com\/ro\/garden-art\/\">Garden art<\/a><ul class='children'>\n<li class=\"cat-item cat-item-56\"><a href=\"https:\/\/keweicorten.com\/ro\/garden-art\/caracteristica-de-apa\/\">caracteristic\u0103 de ap\u0103<\/a><\/li>\n<li class=\"cat-item cat-item-57\"><a href=\"https:\/\/keweicorten.com\/ro\/garden-art\/panou-ecran\/\">panou ecran<\/a><\/li>\n<li class=\"cat-item cat-item-58\"><a href=\"https:\/\/keweicorten.com\/ro\/garden-art\/borduri-de-gradina\/\">borduri de gr\u0103din\u0103<\/a><\/li>\n<li class=\"cat-item cat-item-59\"><a href=\"https:\/\/keweicorten.com\/ro\/garden-art\/ghiveci-de-flori\/\">ghiveci de flori<\/a><\/li>\n<li class=\"cat-item cat-item-60\"><a href=\"https:\/\/keweicorten.com\/ro\/garden-art\/cutie-postala\/\">cutie po\u0219tal\u0103<\/a><\/li>\n<li class=\"cat-item cat-item-61\"><a href=\"https:\/\/keweicorten.com\/ro\/garden-art\/post-de-lumina\/\">post de lumin\u0103<\/a><\/li>\n<li class=\"cat-item cat-item-62\"><a href=\"https:\/\/keweicorten.com\/ro\/garden-art\/sculptura-corten\/\">sculptura corten<\/a><\/li>\n<\/ul>\n<\/li>\n<li class=\"cat-item cat-item-23\"><a href=\"https:\/\/keweicorten.com\/ro\/mobilier-de-terasa\/\">Mobilier de teras\u0103<\/a><\/li>\n<li class=\"cat-item cat-item-25 cat-parent\"><a href=\"https:\/\/keweicorten.com\/ro\/flower-accessories\/\">Accesorii<\/a><ul class='children'>\n<li class=\"cat-item cat-item-49\"><a href=\"https:\/\/keweicorten.com\/ro\/flower-accessories\/accesorii-bbq\/\">accesorii bbq<\/a><\/li>\n<li class=\"cat-item cat-item-50\"><a href=\"https:\/\/keweicorten.com\/ro\/flower-accessories\/assessorii-de-flori\/\">assessorii de flori<\/a><\/li>\n<\/ul>\n<\/li>\n<li class=\"cat-item cat-item-51\"><a href=\"https:\/\/keweicorten.com\/ro\/semineu-suspendat\/\">\u0218emineu suspendat<\/a><\/li>\n<li class=\"cat-item cat-item-63\"><a href=\"https:\/\/keweicorten.com\/ro\/steel-bbq-grill\/\">gr\u0103tar BBQ din o\u021bel<\/a><\/li>\n<\/ul><\/div>\t\t\t\t<\/div>\n\t\t\t\t<\/div>\n\t\t\t\t<\/div>\n\t\t<div class=\"elementor-element elementor-element-3609222 e-con-full e-flex e-con e-child\" data-id=\"3609222\" data-element_type=\"container\" data-e-type=\"container\">\n\t\t\t\t<div class=\"elementor-element elementor-element-30d7741 elementor-grid-3 elementor-grid-tablet-3 elementor-grid-mobile-2 elementor-products-grid elementor-wc-products elementor-widget elementor-widget-woocommerce-products\" data-id=\"30d7741\" data-element_type=\"widget\" data-e-type=\"widget\" data-widget_type=\"woocommerce-products.default\">\n\t\t\t\t<div class=\"elementor-widget-container\">\n\t\t\t\t\t<div class=\"woocommerce columns-3\"><ul class=\"products elementor-grid columns-3\">\n<li class=\"product type-product post-4590 status-publish first instock product_cat-water-feature has-post-thumbnail shipping-taxable product-type-simple\">\n\t<a href=\"https:\/\/keweicorten.com\/ro\/corten-steel-bowl-water-feature-with-pump\/\" class=\"woocommerce-LoopProduct-link woocommerce-loop-product__link\"><img fetchpriority=\"high\" decoding=\"async\" width=\"300\" height=\"300\" src=\"https:\/\/keweicorten.com\/wp-content\/uploads\/2025\/04\/\u5fae\u4fe1\u56fe\u7247_20231012115246-300x300.jpg\" class=\"attachment-woocommerce_thumbnail size-woocommerce_thumbnail\" alt=\"\" srcset=\"https:\/\/keweicorten.com\/wp-content\/uploads\/2025\/04\/\u5fae\u4fe1\u56fe\u7247_20231012115246-300x300.jpg 300w, https:\/\/keweicorten.com\/wp-content\/uploads\/2025\/04\/\u5fae\u4fe1\u56fe\u7247_20231012115246-150x150.jpg 150w, https:\/\/keweicorten.com\/wp-content\/uploads\/2025\/04\/\u5fae\u4fe1\u56fe\u7247_20231012115246-12x12.jpg 12w, https:\/\/keweicorten.com\/wp-content\/uploads\/2025\/04\/\u5fae\u4fe1\u56fe\u7247_20231012115246-600x600.jpg 600w, https:\/\/keweicorten.com\/wp-content\/uploads\/2025\/04\/\u5fae\u4fe1\u56fe\u7247_20231012115246-100x100.jpg 100w, https:\/\/keweicorten.com\/wp-content\/uploads\/2025\/04\/\u5fae\u4fe1\u56fe\u7247_20231012115246.jpg 750w\" sizes=\"(max-width: 300px) 100vw, 300px\" \/><h2 class=\"woocommerce-loop-product__title\">Corten Steel Bowl water feature with pump<\/h2>\n<\/a><a href=\"https:\/\/keweicorten.com\/ro\/corten-steel-bowl-water-feature-with-pump\/\" aria-describedby=\"woocommerce_loop_add_to_cart_link_describedby_4590\" data-quantity=\"1\" class=\"button product_type_simple\" data-product_id=\"4590\" data-product_sku=\"\" aria-label=\"Cite\u0219te mai multe despre \u201eCorten Steel Bowl water feature with pump\u201d\" rel=\"nofollow\" data-success_message=\"\" data-no-translation=\"\" data-trp-gettext=\"\" data-no-translation-aria-label=\"\">Cite\u0219te mai mult<\/a>\t<span id=\"woocommerce_loop_add_to_cart_link_describedby_4590\" class=\"screen-reader-text\">\n\t\t\t<\/span>\n<\/li>\n<li class=\"product type-product post-4346 status-publish instock product_cat-water-feature has-post-thumbnail shipping-taxable product-type-simple\">\n\t<a href=\"https:\/\/keweicorten.com\/ro\/corten-steel-fountain\/\" class=\"woocommerce-LoopProduct-link woocommerce-loop-product__link\"><img decoding=\"async\" width=\"300\" height=\"300\" src=\"https:\/\/keweicorten.com\/wp-content\/uploads\/2025\/03\/water-fountain-2-300x300.jpg\" class=\"attachment-woocommerce_thumbnail size-woocommerce_thumbnail\" alt=\"\" srcset=\"https:\/\/keweicorten.com\/wp-content\/uploads\/2025\/03\/water-fountain-2-300x300.jpg 300w, https:\/\/keweicorten.com\/wp-content\/uploads\/2025\/03\/water-fountain-2-150x150.jpg 150w, https:\/\/keweicorten.com\/wp-content\/uploads\/2025\/03\/water-fountain-2-12x12.jpg 12w, https:\/\/keweicorten.com\/wp-content\/uploads\/2025\/03\/water-fountain-2-600x600.jpg 600w, https:\/\/keweicorten.com\/wp-content\/uploads\/2025\/03\/water-fountain-2-100x100.jpg 100w, https:\/\/keweicorten.com\/wp-content\/uploads\/2025\/03\/water-fountain-2.jpg 750w\" sizes=\"(max-width: 300px) 100vw, 300px\" \/><h2 class=\"woocommerce-loop-product__title\">corten steel fountain<\/h2>\n<\/a><a href=\"https:\/\/keweicorten.com\/ro\/corten-steel-fountain\/\" aria-describedby=\"woocommerce_loop_add_to_cart_link_describedby_4346\" data-quantity=\"1\" class=\"button product_type_simple\" data-product_id=\"4346\" data-product_sku=\"\" aria-label=\"Cite\u0219te mai multe despre \u201ecorten steel fountain\u201d\" rel=\"nofollow\" data-success_message=\"\" data-no-translation=\"\" data-trp-gettext=\"\" data-no-translation-aria-label=\"\">Cite\u0219te mai mult<\/a>\t<span id=\"woocommerce_loop_add_to_cart_link_describedby_4346\" class=\"screen-reader-text\">\n\t\t\t<\/span>\n<\/li>\n<li class=\"product type-product post-4086 status-publish last instock product_cat-water-feature has-post-thumbnail shipping-taxable product-type-simple\">\n\t<a href=\"https:\/\/keweicorten.com\/ro\/instalatie-de-apa-corten\/\" class=\"woocommerce-LoopProduct-link woocommerce-loop-product__link\"><img decoding=\"async\" width=\"300\" height=\"300\" src=\"https:\/\/keweicorten.com\/wp-content\/uploads\/2025\/03\/photobank-9-\u526f\u672c-300x300.jpg\" class=\"attachment-woocommerce_thumbnail size-woocommerce_thumbnail\" alt=\"\" srcset=\"https:\/\/keweicorten.com\/wp-content\/uploads\/2025\/03\/photobank-9-\u526f\u672c-300x300.jpg 300w, https:\/\/keweicorten.com\/wp-content\/uploads\/2025\/03\/photobank-9-\u526f\u672c-150x150.jpg 150w, https:\/\/keweicorten.com\/wp-content\/uploads\/2025\/03\/photobank-9-\u526f\u672c-12x12.jpg 12w, https:\/\/keweicorten.com\/wp-content\/uploads\/2025\/03\/photobank-9-\u526f\u672c-600x600.jpg 600w, https:\/\/keweicorten.com\/wp-content\/uploads\/2025\/03\/photobank-9-\u526f\u672c-100x100.jpg 100w, https:\/\/keweicorten.com\/wp-content\/uploads\/2025\/03\/photobank-9-\u526f\u672c.jpg 750w\" sizes=\"(max-width: 300px) 100vw, 300px\" \/><h2 class=\"woocommerce-loop-product__title\">Corten water feature<\/h2>\n<\/a><a href=\"https:\/\/keweicorten.com\/ro\/instalatie-de-apa-corten\/\" aria-describedby=\"woocommerce_loop_add_to_cart_link_describedby_4086\" data-quantity=\"1\" class=\"button product_type_simple\" data-product_id=\"4086\" data-product_sku=\"\" aria-label=\"Cite\u0219te mai multe despre \u201eCorten water feature\u201d\" rel=\"nofollow\" data-success_message=\"\" data-no-translation=\"\" data-trp-gettext=\"\" data-no-translation-aria-label=\"\">Cite\u0219te mai mult<\/a>\t<span id=\"woocommerce_loop_add_to_cart_link_describedby_4086\" class=\"screen-reader-text\">\n\t\t\t<\/span>\n<\/li>\n<li class=\"product type-product post-1131 status-publish first instock product_cat-water-feature has-post-thumbnail shipping-taxable product-type-simple\">\n\t<a href=\"https:\/\/keweicorten.com\/ro\/element-de-apa-din-otel-corten\/\" class=\"woocommerce-LoopProduct-link woocommerce-loop-product__link\"><img loading=\"lazy\" decoding=\"async\" width=\"300\" height=\"300\" src=\"https:\/\/keweicorten.com\/wp-content\/uploads\/2024\/09\/photobank-20-300x300.jpg\" class=\"attachment-woocommerce_thumbnail size-woocommerce_thumbnail\" alt=\"\" srcset=\"https:\/\/keweicorten.com\/wp-content\/uploads\/2024\/09\/photobank-20-300x300.jpg 300w, https:\/\/keweicorten.com\/wp-content\/uploads\/2024\/09\/photobank-20-150x150.jpg 150w, https:\/\/keweicorten.com\/wp-content\/uploads\/2024\/09\/photobank-20-12x12.jpg 12w, https:\/\/keweicorten.com\/wp-content\/uploads\/2024\/09\/photobank-20-600x600.jpg 600w, https:\/\/keweicorten.com\/wp-content\/uploads\/2024\/09\/photobank-20-100x100.jpg 100w, https:\/\/keweicorten.com\/wp-content\/uploads\/2024\/09\/photobank-20.jpg 750w\" sizes=\"(max-width: 300px) 100vw, 300px\" \/><h2 class=\"woocommerce-loop-product__title\">element de ap\u0103 din o\u021bel corten<\/h2>\n<\/a><a href=\"https:\/\/keweicorten.com\/ro\/element-de-apa-din-otel-corten\/\" aria-describedby=\"woocommerce_loop_add_to_cart_link_describedby_1131\" data-quantity=\"1\" class=\"button product_type_simple\" data-product_id=\"1131\" data-product_sku=\"\" aria-label=\"Cite\u0219te mai multe despre \u201ecorten steel water feature\u201d\" rel=\"nofollow\" data-success_message=\"\" data-no-translation=\"\" data-trp-gettext=\"\" data-no-translation-aria-label=\"\">Cite\u0219te mai mult<\/a>\t<span id=\"woocommerce_loop_add_to_cart_link_describedby_1131\" class=\"screen-reader-text\">\n\t\t\t<\/span>\n<\/li>\n<li class=\"product type-product post-978 status-publish instock product_cat-water-feature has-post-thumbnail shipping-taxable product-type-simple\">\n\t<a href=\"https:\/\/keweicorten.com\/ro\/fantana-moderna-de-exterior\/\" class=\"woocommerce-LoopProduct-link woocommerce-loop-product__link\"><img loading=\"lazy\" decoding=\"async\" width=\"300\" height=\"300\" src=\"https:\/\/keweicorten.com\/wp-content\/uploads\/2024\/09\/photobank-14-300x300.jpg\" class=\"attachment-woocommerce_thumbnail size-woocommerce_thumbnail\" alt=\"\" srcset=\"https:\/\/keweicorten.com\/wp-content\/uploads\/2024\/09\/photobank-14-300x300.jpg 300w, https:\/\/keweicorten.com\/wp-content\/uploads\/2024\/09\/photobank-14-150x150.jpg 150w, https:\/\/keweicorten.com\/wp-content\/uploads\/2024\/09\/photobank-14-12x12.jpg 12w, https:\/\/keweicorten.com\/wp-content\/uploads\/2024\/09\/photobank-14-100x100.jpg 100w, https:\/\/keweicorten.com\/wp-content\/uploads\/2024\/09\/photobank-14.jpg 564w\" sizes=\"(max-width: 300px) 100vw, 300px\" \/><h2 class=\"woocommerce-loop-product__title\">f\u00e2nt\u00e2n\u0103 modern\u0103 de exterior<\/h2>\n<\/a><a href=\"https:\/\/keweicorten.com\/ro\/fantana-moderna-de-exterior\/\" aria-describedby=\"woocommerce_loop_add_to_cart_link_describedby_978\" data-quantity=\"1\" class=\"button product_type_simple\" data-product_id=\"978\" data-product_sku=\"\" aria-label=\"Cite\u0219te mai multe despre \u201emodern outdoor fountain\u201d\" rel=\"nofollow\" data-success_message=\"\" data-no-translation=\"\" data-trp-gettext=\"\" data-no-translation-aria-label=\"\">Cite\u0219te mai mult<\/a>\t<span id=\"woocommerce_loop_add_to_cart_link_describedby_978\" class=\"screen-reader-text\">\n\t\t\t<\/span>\n<\/li>\n<\/ul>\n<\/div>\t\t\t\t<\/div>\n\t\t\t\t<\/div>\n\t\t\t\t<\/div>\n\t\t\t\t\t<\/div>\n\t\t\t\t<\/div>\n\t\t<div class=\"elementor-element elementor-element-e66bd23 e-flex e-con-boxed e-con e-parent\" data-id=\"e66bd23\" data-element_type=\"container\" data-e-type=\"container\">\n\t\t\t\t\t<div class=\"e-con-inner\">\n\t\t\t\t<div class=\"elementor-element elementor-element-bada6db elementor-widget elementor-widget-text-editor\" data-id=\"bada6db\" data-element_type=\"widget\" data-e-type=\"widget\" data-widget_type=\"text-editor.default\">\n\t\t\t\t<div class=\"elementor-widget-container\">\n\t\t\t\t\t\t\t\t\t<p><strong>Corten Water Feature | Modern Rusted Steel Water Fountains for Outdoor Spaces<\/strong><\/p>\n<p>Enhance your landscape with a stunning Corten water feature, a perfect blend of industrial elegance and natural beauty. Crafted from high-quality weathering steel, these water features develop a unique rusted patina over time, creating a warm, earthy aesthetic while offering exceptional durability and weather resistance. Ideal for gardens, patios, courtyards, and commercial spaces, Corten steel water features add a mesmerizing focal point with the soothing sound of flowing water.<\/p>\n<p><img decoding=\"async\" draggable=\"false\" role=\"img\" class=\"emoji\" alt=\"\u2705\" src=\"https:\/\/s.w.org\/images\/core\/emoji\/15.0.3\/svg\/2705.svg\"> Rustic &amp; Modern Design \u2013 A striking statement piece that complements contemporary and natural landscapes.<br><img decoding=\"async\" draggable=\"false\" role=\"img\" class=\"emoji\" alt=\"\u2705\" src=\"https:\/\/s.w.org\/images\/core\/emoji\/15.0.3\/svg\/2705.svg\"> Durable &amp; Weather-Resistant \u2013 Built to withstand harsh outdoor conditions with minimal maintenance.<br><img decoding=\"async\" draggable=\"false\" role=\"img\" class=\"emoji\" alt=\"\u2705\" src=\"https:\/\/s.w.org\/images\/core\/emoji\/15.0.3\/svg\/2705.svg\"> Versatile Applications \u2013 Available in fountains, waterfalls, and custom designs to suit any space.<\/p>\n<p>Transform your outdoor area with a Corten water feature\u2014timeless, stylish, and built to last. Contact us today for custom designs and wholesale options!<\/p>\t\t\t\t\t\t\t\t<\/div>\n\t\t\t\t<\/div>\n\t\t\t\t\t<\/div>\n\t\t\t\t<\/div>\n\t\t<div class=\"elementor-element elementor-element-1e141149 e-con-full e-flex e-con e-parent\" data-id=\"1e141149\" data-element_type=\"container\" data-e-type=\"container\" data-settings=\"{&quot;background_background&quot;:&quot;classic&quot;}\">\n\t\t<div class=\"elementor-element elementor-element-49aac4e e-con-full e-flex e-con e-child\" data-id=\"49aac4e\" data-element_type=\"container\" data-e-type=\"container\" data-settings=\"{&quot;background_background&quot;:&quot;classic&quot;}\">\n\t\t\t\t<div class=\"elementor-element elementor-element-34f81f22 elementor-widget elementor-widget-heading\" data-id=\"34f81f22\" data-element_type=\"widget\" data-e-type=\"widget\" data-widget_type=\"heading.default\">\n\t\t\t\t<div class=\"elementor-widget-container\">\n\t\t\t\t\t<h1 class=\"elementor-heading-title elementor-size-default\">Contacta\u021bi-ne<\/h1>\t\t\t\t<\/div>\n\t\t\t\t<\/div>\n\t\t\t\t<div class=\"elementor-element elementor-element-35f47d6 elementor-widget elementor-widget-heading\" data-id=\"35f47d6\" data-element_type=\"widget\" data-e-type=\"widget\" data-widget_type=\"heading.default\">\n\t\t\t\t<div class=\"elementor-widget-container\">\n\t\t\t\t\t<p class=\"elementor-heading-title elementor-size-default\">We would love to speak with you.<br>Feel free to reach out using the below details.<\/p>\t\t\t\t<\/div>\n\t\t\t\t<\/div>\n\t\t\t\t<\/div>\n\t\t<div class=\"elementor-element elementor-element-4ce27816 e-con-full e-flex e-con e-child\" data-id=\"4ce27816\" data-element_type=\"container\" data-e-type=\"container\">\n\t\t\t\t<div class=\"elementor-element elementor-element-9d30710 elementor-button-align-start elementor-tablet-button-align-center elementor-widget elementor-widget-form\" data-id=\"9d30710\" data-element_type=\"widget\" data-e-type=\"widget\" data-settings=\"{&quot;step_next_label&quot;:&quot;Next&quot;,&quot;step_previous_label&quot;:&quot;Previous&quot;,&quot;button_width&quot;:&quot;100&quot;,&quot;step_type&quot;:&quot;number_text&quot;,&quot;step_icon_shape&quot;:&quot;circle&quot;}\" data-widget_type=\"form.default\">\n\t\t\t\t<div class=\"elementor-widget-container\">\n\t\t\t\t\t\t\t<form class=\"elementor-form\" method=\"post\" name=\"Contact Form\" action=\"\">\n\t\t\t<input type=\"hidden\" name=\"post_id\" value=\"4095\"\/>\n\t\t\t<input type=\"hidden\" name=\"form_id\" value=\"9d30710\"\/>\n\t\t\t<input type=\"hidden\" name=\"referer_title\" value=\"Water Feature - Keweicorten.com\" \/>\n\n\t\t\t\t\t\t\t<input type=\"hidden\" name=\"queried_id\" value=\"4095\"\/>\n\t\t\t\n\t\t\t<div class=\"elementor-form-fields-wrapper elementor-labels-\">\n\t\t\t\t\t\t\t\t<div class=\"elementor-field-type-text elementor-field-group elementor-column elementor-field-group-name elementor-col-50\">\n\t\t\t\t\t\t\t\t\t\t\t\t<label for=\"form-field-name\" class=\"elementor-field-label elementor-screen-only\">\n\t\t\t\t\t\t\t\tYour Name\t\t\t\t\t\t\t<\/label>\n\t\t\t\t\t\t\t\t\t\t\t\t\t\t<input size=\"1\" type=\"text\" name=\"form_fields[name]\" id=\"form-field-name\" class=\"elementor-field elementor-size-sm  elementor-field-textual\" placeholder=\"Your Name\">\n\t\t\t\t\t\t\t\t\t\t\t<\/div>\n\t\t\t\t\t\t\t\t<div class=\"elementor-field-type-tel elementor-field-group elementor-column elementor-field-group-field_6c180a9 elementor-col-50\">\n\t\t\t\t\t\t\t\t\t\t\t\t<label for=\"form-field-field_6c180a9\" class=\"elementor-field-label elementor-screen-only\">\n\t\t\t\t\t\t\t\tPhone Number\t\t\t\t\t\t\t<\/label>\n\t\t\t\t\t\t\t\t<input size=\"1\" type=\"tel\" name=\"form_fields[field_6c180a9]\" id=\"form-field-field_6c180a9\" class=\"elementor-field elementor-size-sm  elementor-field-textual\" placeholder=\"Phone Number\/WhatsApp\" pattern=\"[0-9()#&amp;+*-=.]+\" title=\"Only numbers and phone characters (#, -, *, etc) are accepted.\" data-no-translation-title=\"\">\n\n\t\t\t\t\t\t<\/div>\n\t\t\t\t\t\t\t\t<div class=\"elementor-field-type-email elementor-field-group elementor-column elementor-field-group-email elementor-col-50 elementor-field-required\">\n\t\t\t\t\t\t\t\t\t\t\t\t<label for=\"form-field-email\" class=\"elementor-field-label elementor-screen-only\">\n\t\t\t\t\t\t\t\tE-mail\t\t\t\t\t\t\t<\/label>\n\t\t\t\t\t\t\t\t\t\t\t\t\t\t<input size=\"1\" type=\"email\" name=\"form_fields[email]\" id=\"form-field-email\" class=\"elementor-field elementor-size-sm  elementor-field-textual\" placeholder=\"Email*\" required=\"required\">\n\t\t\t\t\t\t\t\t\t\t\t<\/div>\n\t\t\t\t\t\t\t\t<div class=\"elementor-field-type-textarea elementor-field-group elementor-column elementor-field-group-message elementor-col-100\">\n\t\t\t\t\t\t\t\t\t\t\t\t<label for=\"form-field-message\" class=\"elementor-field-label elementor-screen-only\">\n\t\t\t\t\t\t\t\tMesaj\t\t\t\t\t\t\t<\/label>\n\t\t\t\t\t\t<textarea class=\"elementor-field-textual elementor-field  elementor-size-sm\" name=\"form_fields[message]\" id=\"form-field-message\" rows=\"4\" placeholder=\"Mesaj\"><\/textarea>\t\t\t\t<\/div>\n\t\t\t\t\t\t\t\t<div class=\"elementor-field-group elementor-column elementor-field-type-submit elementor-col-100 e-form__buttons\">\n\t\t\t\t\t<button class=\"elementor-button elementor-size-sm\" type=\"submit\">\n\t\t\t\t\t\t<span class=\"elementor-button-content-wrapper\">\n\t\t\t\t\t\t\t\t\t\t\t\t\t\t\t\t\t\t\t\t\t\t<span class=\"elementor-button-text\">Trimite<\/span>\n\t\t\t\t\t\t\t\t\t\t\t\t\t<\/span>\n\t\t\t\t\t<\/button>\n\t\t\t\t<\/div>\n\t\t\t<\/div>\n\t\t<input type=\"hidden\" name=\"trp-form-language\" value=\"ro\"\/><\/form>\n\t\t\t\t\t\t<\/div>\n\t\t\t\t<\/div>\n\t\t\t\t<\/div>\n\t\t\t\t<\/div>\n\t\t\t\t<\/div>","protected":false},"excerpt":{"rendered":"<p>water feature Corten Water Feature | Modern Rusted Steel Water Fountains for Outdoor Spaces Enhance your landscape with a stunning Corten water feature, a perfect blend of industrial elegance and natural beauty. Crafted from high-quality weathering steel, these water features develop a unique rusted patina over time, creating a warm, earthy aesthetic while offering exceptional [&hellip;]<\/p>","protected":false},"author":1,"featured_media":0,"parent":0,"menu_order":0,"comment_status":"closed","ping_status":"closed","template":"","meta":{"_eb_attr":"","_monsterinsights_skip_tracking":false,"_monsterinsights_sitenote_active":false,"_monsterinsights_sitenote_note":"","_monsterinsights_sitenote_category":0,"_uf_show_specific_survey":0,"_uf_disable_surveys":false,"footnotes":""},"class_list":["post-4095","page","type-page","status-publish","hentry"],"_links":{"self":[{"href":"https:\/\/keweicorten.com\/ro\/wp-json\/wp\/v2\/pages\/4095"}],"collection":[{"href":"https:\/\/keweicorten.com\/ro\/wp-json\/wp\/v2\/pages"}],"about":[{"href":"https:\/\/keweicorten.com\/ro\/wp-json\/wp\/v2\/types\/page"}],"author":[{"embeddable":true,"href":"https:\/\/keweicorten.com\/ro\/wp-json\/wp\/v2\/users\/1"}],"replies":[{"embeddable":true,"href":"https:\/\/keweicorten.com\/ro\/wp-json\/wp\/v2\/comments?post=4095"}],"version-history":[{"count":11,"href":"https:\/\/keweicorten.com\/ro\/wp-json\/wp\/v2\/pages\/4095\/revisions"}],"predecessor-version":[{"id":4320,"href":"https:\/\/keweicorten.com\/ro\/wp-json\/wp\/v2\/pages\/4095\/revisions\/4320"}],"wp:attachment":[{"href":"https:\/\/keweicorten.com\/ro\/wp-json\/wp\/v2\/media?parent=4095"}],"curies":[{"name":"wp","href":"https:\/\/api.w.org\/{rel}","templated":true}]}}