{"id":4178,"date":"2025-03-25T02:23:31","date_gmt":"2025-03-25T02:23:31","guid":{"rendered":"https:\/\/keweicorten.com\/?page_id=4178"},"modified":"2025-03-25T08:02:55","modified_gmt":"2025-03-25T08:02:55","slug":"cutie-postala","status":"publish","type":"page","link":"https:\/\/keweicorten.com\/ro\/cutie-postala\/","title":{"rendered":"cutie po\u0219tal\u0103"},"content":{"rendered":"<div data-elementor-type=\"wp-page\" data-elementor-id=\"4178\" class=\"elementor elementor-4178\" data-elementor-post-type=\"page\">\n\t\t\t\t<div class=\"elementor-element elementor-element-2c0a3fc e-con-full e-flex e-con e-parent\" data-id=\"2c0a3fc\" data-element_type=\"container\" data-settings=\"{&quot;background_background&quot;:&quot;classic&quot;}\">\n\t\t\t\t<div class=\"elementor-element elementor-element-938e95d elementor-widget elementor-widget-heading\" data-id=\"938e95d\" data-element_type=\"widget\" data-widget_type=\"heading.default\">\n\t\t\t\t<div class=\"elementor-widget-container\">\n\t\t\t\t\t<h2 class=\"elementor-heading-title elementor-size-default\">cutie po\u0219tal\u0103<\/h2>\t\t\t\t<\/div>\n\t\t\t\t<\/div>\n\t\t\t\t<\/div>\n\t\t<div class=\"elementor-element elementor-element-997cf8b e-flex e-con-boxed e-con e-parent\" data-id=\"997cf8b\" data-element_type=\"container\">\n\t\t\t\t\t<div class=\"e-con-inner\">\n\t\t<div class=\"elementor-element elementor-element-bdcddce e-con-full elementor-hidden-mobile e-flex e-con e-child\" data-id=\"bdcddce\" data-element_type=\"container\">\n\t\t\t\t<div class=\"elementor-element elementor-element-6835b09 elementor-widget elementor-widget-wp-widget-woocommerce_product_categories\" data-id=\"6835b09\" data-element_type=\"widget\" data-widget_type=\"wp-widget-woocommerce_product_categories.default\">\n\t\t\t\t<div class=\"elementor-widget-container\">\n\t\t\t\t\t<div class=\"woocommerce widget_product_categories\"><h5>Catalog de produse<\/h5><ul class=\"product-categories\"><li class=\"cat-item cat-item-25 cat-parent\"><a href=\"https:\/\/keweicorten.com\/ro\/flower-accessories\/\">Accesorii<\/a><ul class='children'>\n<li class=\"cat-item cat-item-49\"><a href=\"https:\/\/keweicorten.com\/ro\/flower-accessories\/accesorii-bbq\/\">accesorii bbq<\/a><\/li>\n<li class=\"cat-item cat-item-50\"><a href=\"https:\/\/keweicorten.com\/ro\/flower-accessories\/assessorii-de-flori\/\">assessorii de flori<\/a><\/li>\n<\/ul>\n<\/li>\n<li class=\"cat-item cat-item-22 cat-parent\"><a href=\"https:\/\/keweicorten.com\/ro\/garden-art\/\">Garden art<\/a><ul class='children'>\n<li class=\"cat-item cat-item-62\"><a href=\"https:\/\/keweicorten.com\/ro\/garden-art\/sculptura-corten\/\">sculptura corten<\/a><\/li>\n<li class=\"cat-item cat-item-59\"><a href=\"https:\/\/keweicorten.com\/ro\/garden-art\/ghiveci-de-flori\/\">ghiveci de flori<\/a><\/li>\n<li class=\"cat-item cat-item-58\"><a href=\"https:\/\/keweicorten.com\/ro\/garden-art\/borduri-de-gradina\/\">borduri de gr\u0103din\u0103<\/a><\/li>\n<li class=\"cat-item cat-item-61\"><a href=\"https:\/\/keweicorten.com\/ro\/garden-art\/post-de-lumina\/\">post de lumin\u0103<\/a><\/li>\n<li class=\"cat-item cat-item-60\"><a href=\"https:\/\/keweicorten.com\/ro\/garden-art\/cutie-postala\/\">cutie po\u0219tal\u0103<\/a><\/li>\n<li class=\"cat-item cat-item-57\"><a href=\"https:\/\/keweicorten.com\/ro\/garden-art\/panou-ecran\/\">panou ecran<\/a><\/li>\n<li class=\"cat-item cat-item-56\"><a href=\"https:\/\/keweicorten.com\/ro\/garden-art\/caracteristica-de-apa\/\">caracteristic\u0103 de ap\u0103<\/a><\/li>\n<\/ul>\n<\/li>\n<li class=\"cat-item cat-item-51\"><a href=\"https:\/\/keweicorten.com\/ro\/semineu-suspendat\/\">\u0218emineu suspendat<\/a><\/li>\n<li class=\"cat-item cat-item-23\"><a href=\"https:\/\/keweicorten.com\/ro\/mobilier-de-terasa\/\">Mobilier de teras\u0103<\/a><\/li>\n<li class=\"cat-item cat-item-63\"><a href=\"https:\/\/keweicorten.com\/ro\/steel-bbq-grill\/\">gr\u0103tar BBQ din o\u021bel<\/a><\/li>\n<li class=\"cat-item cat-item-20 cat-parent\"><a href=\"https:\/\/keweicorten.com\/ro\/groapa-de-foc\/\">Groap\u0103 de foc din o\u021bel<\/a><ul class='children'>\n<li class=\"cat-item cat-item-55\"><a href=\"https:\/\/keweicorten.com\/ro\/groapa-de-foc\/semineu-cu-gaz\/\">\u0219emineu cu gaz<\/a><\/li>\n<li class=\"cat-item cat-item-53\"><a href=\"https:\/\/keweicorten.com\/ro\/groapa-de-foc\/arzator-pentru-foc-de-tabara-cu-gaz\/\">arz\u0103tor pentru foc de tab\u0103r\u0103 cu gaz<\/a><\/li>\n<li class=\"cat-item cat-item-54\"><a href=\"https:\/\/keweicorten.com\/ro\/groapa-de-foc\/groapa-de-foc-din-lemn\/\">groap\u0103 de foc din lemn<\/a><\/li>\n<li class=\"cat-item cat-item-52\"><a href=\"https:\/\/keweicorten.com\/ro\/groapa-de-foc\/wood-pellet-tourch\/\">wood pellet tourch<\/a><\/li>\n<\/ul>\n<\/li>\n<li class=\"cat-item cat-item-21\"><a href=\"https:\/\/keweicorten.com\/ro\/placa-de-otel-rezistenta-la-intemperii\/\">Plac\u0103 de o\u021bel rezistent\u0103 la intemperii<\/a><\/li>\n<\/ul><\/div>\t\t\t\t<\/div>\n\t\t\t\t<\/div>\n\t\t\t\t<\/div>\n\t\t<div class=\"elementor-element elementor-element-35910dc e-con-full e-flex e-con e-child\" data-id=\"35910dc\" data-element_type=\"container\">\n\t\t\t\t<div class=\"elementor-element elementor-element-6c1bde6 elementor-grid-3 elementor-grid-tablet-3 elementor-grid-mobile-2 elementor-products-grid elementor-wc-products elementor-show-pagination-border-yes elementor-widget elementor-widget-woocommerce-products\" data-id=\"6c1bde6\" data-element_type=\"widget\" data-widget_type=\"woocommerce-products.default\">\n\t\t\t\t<div class=\"elementor-widget-container\">\n\t\t\t\t\t<div class=\"woocommerce columns-3\"><div class=\"woocommerce-notices-wrapper\"><\/div><ul class=\"products elementor-grid columns-3\">\n<li class=\"product type-product post-5786 status-publish first instock product_cat-mailbox has-post-thumbnail shipping-taxable product-type-simple\">\n\t<a href=\"https:\/\/keweicorten.com\/ro\/custom-modern-metal-letter-box\/\" class=\"woocommerce-LoopProduct-link woocommerce-loop-product__link\"><img fetchpriority=\"high\" decoding=\"async\" width=\"300\" height=\"300\" src=\"https:\/\/keweicorten.com\/wp-content\/uploads\/2025\/11\/IMG_1898-300x300.jpg\" class=\"attachment-woocommerce_thumbnail size-woocommerce_thumbnail\" alt=\"Custom Modern Metal Letter Box\" srcset=\"https:\/\/keweicorten.com\/wp-content\/uploads\/2025\/11\/IMG_1898-300x300.jpg 300w, https:\/\/keweicorten.com\/wp-content\/uploads\/2025\/11\/IMG_1898-1024x1024.jpg 1024w, https:\/\/keweicorten.com\/wp-content\/uploads\/2025\/11\/IMG_1898-150x150.jpg 150w, https:\/\/keweicorten.com\/wp-content\/uploads\/2025\/11\/IMG_1898-768x768.jpg 768w, https:\/\/keweicorten.com\/wp-content\/uploads\/2025\/11\/IMG_1898-1536x1536.jpg 1536w, https:\/\/keweicorten.com\/wp-content\/uploads\/2025\/11\/IMG_1898-2048x2048.jpg 2048w, https:\/\/keweicorten.com\/wp-content\/uploads\/2025\/11\/IMG_1898-12x12.jpg 12w, https:\/\/keweicorten.com\/wp-content\/uploads\/2025\/11\/IMG_1898-600x600.jpg 600w, https:\/\/keweicorten.com\/wp-content\/uploads\/2025\/11\/IMG_1898-100x100.jpg 100w\" sizes=\"(max-width: 300px) 100vw, 300px\" \/><h2 class=\"woocommerce-loop-product__title\">Custom Modern Metal Letter Box<\/h2>\n<\/a><a href=\"https:\/\/keweicorten.com\/ro\/custom-modern-metal-letter-box\/\" aria-describedby=\"woocommerce_loop_add_to_cart_link_describedby_5786\" data-quantity=\"1\" class=\"button product_type_simple\" data-product_id=\"5786\" data-product_sku=\"\" aria-label=\"Cite\u0219te mai multe despre \u201eCustom Modern Metal Letter Box\u201d\" rel=\"nofollow\" data-success_message=\"\" data-no-translation=\"\" data-trp-gettext=\"\" data-no-translation-aria-label=\"\">Cite\u0219te mai mult<\/a>\t<span id=\"woocommerce_loop_add_to_cart_link_describedby_5786\" class=\"screen-reader-text\">\n\t\t\t<\/span>\n<\/li>\n<li class=\"product type-product post-5582 status-publish instock product_cat-mailbox has-post-thumbnail shipping-taxable product-type-simple\">\n\t<a href=\"https:\/\/keweicorten.com\/ro\/outdoor-corten-steel-garden-mailbox\/\" class=\"woocommerce-LoopProduct-link woocommerce-loop-product__link\"><img decoding=\"async\" width=\"300\" height=\"300\" src=\"https:\/\/keweicorten.com\/wp-content\/uploads\/2025\/09\/5-Pinterest_5179d289-\u526f\u672c-300x300.jpg\" class=\"attachment-woocommerce_thumbnail size-woocommerce_thumbnail\" alt=\"Custom Corten Letter box\" srcset=\"https:\/\/keweicorten.com\/wp-content\/uploads\/2025\/09\/5-Pinterest_5179d289-\u526f\u672c-300x300.jpg 300w, https:\/\/keweicorten.com\/wp-content\/uploads\/2025\/09\/5-Pinterest_5179d289-\u526f\u672c-150x150.jpg 150w, https:\/\/keweicorten.com\/wp-content\/uploads\/2025\/09\/5-Pinterest_5179d289-\u526f\u672c-12x12.jpg 12w, https:\/\/keweicorten.com\/wp-content\/uploads\/2025\/09\/5-Pinterest_5179d289-\u526f\u672c-600x600.jpg 600w, https:\/\/keweicorten.com\/wp-content\/uploads\/2025\/09\/5-Pinterest_5179d289-\u526f\u672c-100x100.jpg 100w, https:\/\/keweicorten.com\/wp-content\/uploads\/2025\/09\/5-Pinterest_5179d289-\u526f\u672c.jpg 700w\" sizes=\"(max-width: 300px) 100vw, 300px\" \/><h2 class=\"woocommerce-loop-product__title\">Outdoor Corten Steel Garden Mailbox<\/h2>\n<\/a><a href=\"https:\/\/keweicorten.com\/ro\/outdoor-corten-steel-garden-mailbox\/\" aria-describedby=\"woocommerce_loop_add_to_cart_link_describedby_5582\" data-quantity=\"1\" class=\"button product_type_simple\" data-product_id=\"5582\" data-product_sku=\"\" aria-label=\"Cite\u0219te mai multe despre \u201eOutdoor Corten Steel Garden Mailbox\u201d\" rel=\"nofollow\" data-success_message=\"\" data-no-translation=\"\" data-trp-gettext=\"\" data-no-translation-aria-label=\"\">Cite\u0219te mai mult<\/a>\t<span id=\"woocommerce_loop_add_to_cart_link_describedby_5582\" class=\"screen-reader-text\">\n\t\t\t<\/span>\n<\/li>\n<li class=\"product type-product post-4495 status-publish last instock product_cat-mailbox has-post-thumbnail shipping-taxable product-type-simple\">\n\t<a href=\"https:\/\/keweicorten.com\/ro\/number-wall-modern-mailbox\/\" class=\"woocommerce-LoopProduct-link woocommerce-loop-product__link\"><img decoding=\"async\" width=\"300\" height=\"300\" src=\"https:\/\/keweicorten.com\/wp-content\/uploads\/2025\/04\/5-Pinterest_00fc5736-300x300.jpg\" class=\"attachment-woocommerce_thumbnail size-woocommerce_thumbnail\" alt=\"\" srcset=\"https:\/\/keweicorten.com\/wp-content\/uploads\/2025\/04\/5-Pinterest_00fc5736-300x300.jpg 300w, https:\/\/keweicorten.com\/wp-content\/uploads\/2025\/04\/5-Pinterest_00fc5736-150x150.jpg 150w, https:\/\/keweicorten.com\/wp-content\/uploads\/2025\/04\/5-Pinterest_00fc5736-12x12.jpg 12w, https:\/\/keweicorten.com\/wp-content\/uploads\/2025\/04\/5-Pinterest_00fc5736-600x600.jpg 600w, https:\/\/keweicorten.com\/wp-content\/uploads\/2025\/04\/5-Pinterest_00fc5736-100x100.jpg 100w, https:\/\/keweicorten.com\/wp-content\/uploads\/2025\/04\/5-Pinterest_00fc5736.jpg 700w\" sizes=\"(max-width: 300px) 100vw, 300px\" \/><h2 class=\"woocommerce-loop-product__title\">Number Wall Modern Mailbox<\/h2>\n<\/a><a href=\"https:\/\/keweicorten.com\/ro\/number-wall-modern-mailbox\/\" aria-describedby=\"woocommerce_loop_add_to_cart_link_describedby_4495\" data-quantity=\"1\" class=\"button product_type_simple\" data-product_id=\"4495\" data-product_sku=\"\" aria-label=\"Cite\u0219te mai multe despre \u201eNumber Wall Modern Mailbox\u201d\" rel=\"nofollow\" data-success_message=\"\" data-no-translation=\"\" data-trp-gettext=\"\" data-no-translation-aria-label=\"\">Cite\u0219te mai mult<\/a>\t<span id=\"woocommerce_loop_add_to_cart_link_describedby_4495\" class=\"screen-reader-text\">\n\t\t\t<\/span>\n<\/li>\n<li class=\"product type-product post-4486 status-publish first instock product_cat-mailbox has-post-thumbnail shipping-taxable product-type-simple\">\n\t<a href=\"https:\/\/keweicorten.com\/ro\/waterproof-metal-mailbox\/\" class=\"woocommerce-LoopProduct-link woocommerce-loop-product__link\"><img loading=\"lazy\" decoding=\"async\" width=\"300\" height=\"300\" src=\"https:\/\/keweicorten.com\/wp-content\/uploads\/2025\/04\/27cc34ca-300x300.jpg\" class=\"attachment-woocommerce_thumbnail size-woocommerce_thumbnail\" alt=\"\" srcset=\"https:\/\/keweicorten.com\/wp-content\/uploads\/2025\/04\/27cc34ca-300x300.jpg 300w, https:\/\/keweicorten.com\/wp-content\/uploads\/2025\/04\/27cc34ca-150x150.jpg 150w, https:\/\/keweicorten.com\/wp-content\/uploads\/2025\/04\/27cc34ca-12x12.jpg 12w, https:\/\/keweicorten.com\/wp-content\/uploads\/2025\/04\/27cc34ca-600x600.jpg 600w, https:\/\/keweicorten.com\/wp-content\/uploads\/2025\/04\/27cc34ca-100x100.jpg 100w, https:\/\/keweicorten.com\/wp-content\/uploads\/2025\/04\/27cc34ca.jpg 700w\" sizes=\"(max-width: 300px) 100vw, 300px\" \/><h2 class=\"woocommerce-loop-product__title\">Waterproof Metal Mailbox<\/h2>\n<\/a><a href=\"https:\/\/keweicorten.com\/ro\/waterproof-metal-mailbox\/\" aria-describedby=\"woocommerce_loop_add_to_cart_link_describedby_4486\" data-quantity=\"1\" class=\"button product_type_simple\" data-product_id=\"4486\" data-product_sku=\"\" aria-label=\"Cite\u0219te mai multe despre \u201eWaterproof Metal Mailbox\u201d\" rel=\"nofollow\" data-success_message=\"\" data-no-translation=\"\" data-trp-gettext=\"\" data-no-translation-aria-label=\"\">Cite\u0219te mai mult<\/a>\t<span id=\"woocommerce_loop_add_to_cart_link_describedby_4486\" class=\"screen-reader-text\">\n\t\t\t<\/span>\n<\/li>\n<li class=\"product type-product post-3294 status-publish instock product_cat-mailbox has-post-thumbnail shipping-taxable product-type-simple\">\n\t<a href=\"https:\/\/keweicorten.com\/ro\/cutii-postale-personalizate\/\" class=\"woocommerce-LoopProduct-link woocommerce-loop-product__link\"><img loading=\"lazy\" decoding=\"async\" width=\"300\" height=\"300\" src=\"https:\/\/keweicorten.com\/wp-content\/uploads\/2025\/01\/5-Pinte1rest-300x300.jpg\" class=\"attachment-woocommerce_thumbnail size-woocommerce_thumbnail\" alt=\"\" srcset=\"https:\/\/keweicorten.com\/wp-content\/uploads\/2025\/01\/5-Pinte1rest-300x300.jpg 300w, https:\/\/keweicorten.com\/wp-content\/uploads\/2025\/01\/5-Pinte1rest-150x150.jpg 150w, https:\/\/keweicorten.com\/wp-content\/uploads\/2025\/01\/5-Pinte1rest-12x12.jpg 12w, https:\/\/keweicorten.com\/wp-content\/uploads\/2025\/01\/5-Pinte1rest-600x600.jpg 600w, https:\/\/keweicorten.com\/wp-content\/uploads\/2025\/01\/5-Pinte1rest-100x100.jpg 100w, https:\/\/keweicorten.com\/wp-content\/uploads\/2025\/01\/5-Pinte1rest.jpg 700w\" sizes=\"(max-width: 300px) 100vw, 300px\" \/><h2 class=\"woocommerce-loop-product__title\">cutii po\u0219tale personalizate<\/h2>\n<\/a><a href=\"https:\/\/keweicorten.com\/ro\/cutii-postale-personalizate\/\" aria-describedby=\"woocommerce_loop_add_to_cart_link_describedby_3294\" data-quantity=\"1\" class=\"button product_type_simple\" data-product_id=\"3294\" data-product_sku=\"\" aria-label=\"Cite\u0219te mai multe despre \u201ecustom mailboxes\u201d\" rel=\"nofollow\" data-success_message=\"\" data-no-translation=\"\" data-trp-gettext=\"\" data-no-translation-aria-label=\"\">Cite\u0219te mai mult<\/a>\t<span id=\"woocommerce_loop_add_to_cart_link_describedby_3294\" class=\"screen-reader-text\">\n\t\t\t<\/span>\n<\/li>\n<\/ul>\n<\/div>\t\t\t\t<\/div>\n\t\t\t\t<\/div>\n\t\t\t\t<\/div>\n\t\t\t\t\t<\/div>\n\t\t\t\t<\/div>\n\t\t<div class=\"elementor-element elementor-element-ef70479 e-flex e-con-boxed e-con e-parent\" data-id=\"ef70479\" data-element_type=\"container\">\n\t\t\t\t\t<div class=\"e-con-inner\">\n\t\t\t\t<div class=\"elementor-element elementor-element-0142b25 elementor-widget elementor-widget-text-editor\" data-id=\"0142b25\" data-element_type=\"widget\" data-widget_type=\"text-editor.default\">\n\t\t\t\t<div class=\"elementor-widget-container\">\n\t\t\t\t\t\t\t\t\t<p class=\"\" data-start=\"0\" data-end=\"68\"><strong data-start=\"0\" data-end=\"66\">Weathering Steel Mailbox \u2013 <\/strong><span data-start=\"0\" data-end=\"66\">Stylish, Durable &amp; Maintenance-Free<\/span><\/p>\n<p class=\"\" data-start=\"70\" data-end=\"540\">Upgrade your home or business entrance with a <span data-start=\"116\" data-end=\"144\" style=\"\">weathering steel mailbox<\/span>, designed for both durability and modern aesthetics. Made from <span data-start=\"208\" data-end=\"232\" style=\"\">premium Corten steel<\/span>, this mailbox naturally develops a <span data-start=\"268\" data-end=\"299\" style=\"\">protective rust-like patina<\/span>, offering <span data-start=\"310\" data-end=\"343\" style=\"\">superior corrosion resistance<\/span> and a unique industrial look. Ideal for <span data-start=\"384\" data-end=\"451\" style=\"\">residential homes, commercial properties, and modern landscapes<\/span>, our Corten steel mailboxes are <span data-start=\"484\" data-end=\"537\" style=\"\">weatherproof, maintenance-free, and built to last<\/span>.<\/p>\n<p class=\"\" data-start=\"542\" data-end=\"753\"><img decoding=\"async\" draggable=\"false\" role=\"img\" class=\"emoji\" alt=\"\u2714\" src=\"https:\/\/s.w.org\/images\/core\/emoji\/15.0.3\/svg\/2714.svg\"> <span data-start=\"544\" data-end=\"594\" style=\"\">Sleek, contemporary design with a rustic charm<\/span><br data-start=\"594\" data-end=\"597\"><img decoding=\"async\" draggable=\"false\" role=\"img\" class=\"emoji\" alt=\"\u2714\" src=\"https:\/\/s.w.org\/images\/core\/emoji\/15.0.3\/svg\/2714.svg\"> <span data-start=\"599\" data-end=\"652\" style=\"\">Highly durable and resistant to rust &amp; weathering<\/span><br data-start=\"652\" data-end=\"655\" data-is-only-node=\"\"><img decoding=\"async\" draggable=\"false\" role=\"img\" class=\"emoji\" alt=\"\u2714\" src=\"https:\/\/s.w.org\/images\/core\/emoji\/15.0.3\/svg\/2714.svg\"> <span data-start=\"657\" data-end=\"693\" style=\"\">Low-maintenance and eco-friendly<\/span><br data-start=\"693\" data-end=\"696\"><img decoding=\"async\" draggable=\"false\" role=\"img\" class=\"emoji\" alt=\"\u2714\" src=\"https:\/\/s.w.org\/images\/core\/emoji\/15.0.3\/svg\/2714.svg\"> <span data-start=\"698\" data-end=\"751\" style=\"\">Custom sizes, styles &amp; engraved options available<\/span><\/p>\n<p class=\"\" data-start=\"755\" data-end=\"853\">Make a statement with a <span data-start=\"779\" data-end=\"811\" style=\"\">modern, long-lasting mailbox<\/span>. Contact us today for a <span data-start=\"836\" data-end=\"852\" style=\"\">custom quote<\/span>!<\/p>\t\t\t\t\t\t\t\t<\/div>\n\t\t\t\t<\/div>\n\t\t\t\t\t<\/div>\n\t\t\t\t<\/div>\n\t\t<div class=\"elementor-element elementor-element-0db1ac3 e-con-full e-flex e-con e-parent\" data-id=\"0db1ac3\" data-element_type=\"container\" data-settings=\"{&quot;background_background&quot;:&quot;classic&quot;}\">\n\t\t<div class=\"elementor-element elementor-element-088473b e-con-full e-flex e-con e-child\" data-id=\"088473b\" data-element_type=\"container\" data-settings=\"{&quot;background_background&quot;:&quot;classic&quot;}\">\n\t\t\t\t<div class=\"elementor-element elementor-element-2ec6e25 elementor-widget elementor-widget-heading\" data-id=\"2ec6e25\" data-element_type=\"widget\" data-widget_type=\"heading.default\">\n\t\t\t\t<div class=\"elementor-widget-container\">\n\t\t\t\t\t<h1 class=\"elementor-heading-title elementor-size-default\">Contacta\u021bi-ne<\/h1>\t\t\t\t<\/div>\n\t\t\t\t<\/div>\n\t\t\t\t<div class=\"elementor-element elementor-element-0a33fa5 elementor-widget elementor-widget-heading\" data-id=\"0a33fa5\" data-element_type=\"widget\" data-widget_type=\"heading.default\">\n\t\t\t\t<div class=\"elementor-widget-container\">\n\t\t\t\t\t<p class=\"elementor-heading-title elementor-size-default\">We would love to speak with you.<br>Feel free to reach out using the below details.<\/p>\t\t\t\t<\/div>\n\t\t\t\t<\/div>\n\t\t\t\t<\/div>\n\t\t<div class=\"elementor-element elementor-element-b4272f2 e-con-full e-flex e-con e-child\" data-id=\"b4272f2\" data-element_type=\"container\">\n\t\t\t\t<div class=\"elementor-element elementor-element-402025f elementor-button-align-start elementor-tablet-button-align-center elementor-widget elementor-widget-form\" data-id=\"402025f\" data-element_type=\"widget\" data-settings=\"{&quot;step_next_label&quot;:&quot;Next&quot;,&quot;step_previous_label&quot;:&quot;Previous&quot;,&quot;button_width&quot;:&quot;100&quot;,&quot;step_type&quot;:&quot;number_text&quot;,&quot;step_icon_shape&quot;:&quot;circle&quot;}\" data-widget_type=\"form.default\">\n\t\t\t\t<div class=\"elementor-widget-container\">\n\t\t\t\t\t\t\t<form class=\"elementor-form\" method=\"post\" name=\"Contact Form\" action=\"\">\n\t\t\t<input type=\"hidden\" name=\"post_id\" value=\"4178\"\/>\n\t\t\t<input type=\"hidden\" name=\"form_id\" value=\"402025f\"\/>\n\t\t\t<input type=\"hidden\" name=\"referer_title\" value=\"Mailbox - Keweicorten.com\" \/>\n\n\t\t\t\t\t\t\t<input type=\"hidden\" name=\"queried_id\" value=\"4178\"\/>\n\t\t\t\n\t\t\t<div class=\"elementor-form-fields-wrapper elementor-labels-\">\n\t\t\t\t\t\t\t\t<div class=\"elementor-field-type-text elementor-field-group elementor-column elementor-field-group-name elementor-col-50\">\n\t\t\t\t\t\t\t\t\t\t\t\t<label for=\"form-field-name\" class=\"elementor-field-label elementor-screen-only\">\n\t\t\t\t\t\t\t\tYour Name\t\t\t\t\t\t\t<\/label>\n\t\t\t\t\t\t\t\t\t\t\t\t\t\t<input size=\"1\" type=\"text\" name=\"form_fields[name]\" id=\"form-field-name\" class=\"elementor-field elementor-size-sm  elementor-field-textual\" placeholder=\"Your Name\">\n\t\t\t\t\t\t\t\t\t\t\t<\/div>\n\t\t\t\t\t\t\t\t<div class=\"elementor-field-type-tel elementor-field-group elementor-column elementor-field-group-field_6c180a9 elementor-col-50\">\n\t\t\t\t\t\t\t\t\t\t\t\t<label for=\"form-field-field_6c180a9\" class=\"elementor-field-label elementor-screen-only\">\n\t\t\t\t\t\t\t\tPhone Number\t\t\t\t\t\t\t<\/label>\n\t\t\t\t\t\t\t\t<input size=\"1\" type=\"tel\" name=\"form_fields[field_6c180a9]\" id=\"form-field-field_6c180a9\" class=\"elementor-field elementor-size-sm  elementor-field-textual\" placeholder=\"Phone Number\/WhatsApp\" pattern=\"[0-9()#&amp;+*-=.]+\" title=\"Only numbers and phone characters (#, -, *, etc) are accepted.\" data-no-translation-title=\"\">\n\n\t\t\t\t\t\t<\/div>\n\t\t\t\t\t\t\t\t<div class=\"elementor-field-type-email elementor-field-group elementor-column elementor-field-group-email elementor-col-50 elementor-field-required\">\n\t\t\t\t\t\t\t\t\t\t\t\t<label for=\"form-field-email\" class=\"elementor-field-label elementor-screen-only\">\n\t\t\t\t\t\t\t\tE-mail\t\t\t\t\t\t\t<\/label>\n\t\t\t\t\t\t\t\t\t\t\t\t\t\t<input size=\"1\" type=\"email\" name=\"form_fields[email]\" id=\"form-field-email\" class=\"elementor-field elementor-size-sm  elementor-field-textual\" placeholder=\"Email*\" required=\"required\">\n\t\t\t\t\t\t\t\t\t\t\t<\/div>\n\t\t\t\t\t\t\t\t<div class=\"elementor-field-type-textarea elementor-field-group elementor-column elementor-field-group-message elementor-col-100\">\n\t\t\t\t\t\t\t\t\t\t\t\t<label for=\"form-field-message\" class=\"elementor-field-label elementor-screen-only\">\n\t\t\t\t\t\t\t\tMesaj\t\t\t\t\t\t\t<\/label>\n\t\t\t\t\t\t<textarea class=\"elementor-field-textual elementor-field  elementor-size-sm\" name=\"form_fields[message]\" id=\"form-field-message\" rows=\"4\" placeholder=\"Mesaj\"><\/textarea>\t\t\t\t<\/div>\n\t\t\t\t\t\t\t\t<div class=\"elementor-field-group elementor-column elementor-field-type-submit elementor-col-100 e-form__buttons\">\n\t\t\t\t\t<button class=\"elementor-button elementor-size-sm\" type=\"submit\">\n\t\t\t\t\t\t<span class=\"elementor-button-content-wrapper\">\n\t\t\t\t\t\t\t\t\t\t\t\t\t\t\t\t\t\t\t\t\t\t<span class=\"elementor-button-text\">Trimite<\/span>\n\t\t\t\t\t\t\t\t\t\t\t\t\t<\/span>\n\t\t\t\t\t<\/button>\n\t\t\t\t<\/div>\n\t\t\t<\/div>\n\t\t<input type=\"hidden\" name=\"trp-form-language\" value=\"ro\"\/><\/form>\n\t\t\t\t\t\t<\/div>\n\t\t\t\t<\/div>\n\t\t\t\t<\/div>\n\t\t\t\t<\/div>\n\t\t\t\t<\/div>","protected":false},"excerpt":{"rendered":"<p>mailbox Weathering Steel Mailbox \u2013 Stylish, Durable &amp; Maintenance-Free Upgrade your home or business entrance with a weathering steel mailbox, designed for both durability and modern aesthetics. Made from premium Corten steel, this mailbox naturally develops a protective rust-like patina, offering superior corrosion resistance and a unique industrial look. Ideal for residential homes, commercial properties, [&hellip;]<\/p>","protected":false},"author":1,"featured_media":0,"parent":0,"menu_order":0,"comment_status":"closed","ping_status":"closed","template":"","meta":{"_eb_attr":"","_monsterinsights_skip_tracking":false,"_monsterinsights_sitenote_active":false,"_monsterinsights_sitenote_note":"","_monsterinsights_sitenote_category":0,"_uf_show_specific_survey":0,"_uf_disable_surveys":false,"footnotes":""},"class_list":["post-4178","page","type-page","status-publish","hentry"],"_links":{"self":[{"href":"https:\/\/keweicorten.com\/ro\/wp-json\/wp\/v2\/pages\/4178"}],"collection":[{"href":"https:\/\/keweicorten.com\/ro\/wp-json\/wp\/v2\/pages"}],"about":[{"href":"https:\/\/keweicorten.com\/ro\/wp-json\/wp\/v2\/types\/page"}],"author":[{"embeddable":true,"href":"https:\/\/keweicorten.com\/ro\/wp-json\/wp\/v2\/users\/1"}],"replies":[{"embeddable":true,"href":"https:\/\/keweicorten.com\/ro\/wp-json\/wp\/v2\/comments?post=4178"}],"version-history":[{"count":7,"href":"https:\/\/keweicorten.com\/ro\/wp-json\/wp\/v2\/pages\/4178\/revisions"}],"predecessor-version":[{"id":4304,"href":"https:\/\/keweicorten.com\/ro\/wp-json\/wp\/v2\/pages\/4178\/revisions\/4304"}],"wp:attachment":[{"href":"https:\/\/keweicorten.com\/ro\/wp-json\/wp\/v2\/media?parent=4178"}],"curies":[{"name":"wp","href":"https:\/\/api.w.org\/{rel}","templated":true}]}}