{"id":1006,"date":"2024-09-10T06:29:40","date_gmt":"2024-09-10T06:29:40","guid":{"rendered":"https:\/\/keweicorten.com\/?post_type=product&#038;p=1006"},"modified":"2025-01-15T06:28:19","modified_gmt":"2025-01-15T06:28:19","slug":"lumina-corten","status":"publish","type":"product","link":"https:\/\/keweicorten.com\/ro\/lumina-corten\/","title":{"rendered":"lumin\u0103 corten"},"content":{"rendered":"<h3>Proiectarea \u0219i aplicarea luminii corten:<\/h3>\n<h4>design<\/h4>\n<p>1. Caracteristici materiale:<br \/>\nRezisten\u021b\u0103 la intemperii : O\u021belul pentru intemperii are o rezisten\u021b\u0103 excelent\u0103 la coroziune \u0219i oxidare \u0219i poate fi utilizat \u00een medii exterioare pentru o perioad\u0103 lung\u0103 de timp f\u0103r\u0103 \u00eentre\u021binere frecvent\u0103.<br \/>\nSchimbarea culorii : Atunci c\u00e2nd o\u021belul este expus la mediul natural, acesta va forma treptat un strat protector de rugin\u0103, f\u0103c\u00e2nd ca culoarea sa s\u0103 arate un maro ro\u0219cat unic, cu un efect estetic bun.<\/p>\n<p>2. Form\u0103 \u0219i structur\u0103 :<br \/>\n- Pot fi proiectate \u00eentr-o varietate de forme \u0219i dimensiuni pentru a se potrivi diferitelor medii \u0219i nevoi. Modelele comune includ forme dreptunghiulare, circulare \u0219i neregulate.<br \/>\n- Av\u00e2nd \u00een vedere afi\u0219area con\u021binutului casetei luminoase, aceasta poate fi proiectat\u0103 \u00een forme tridimensionale, plate, cu iluminare din spate \u0219i altele.<\/p>\n<p>3.  Efect de iluminare :<br \/>\n- Interiorul luminii corten poate fi selectat cu l\u0103mpi LED pentru a oferi un iluminat eficient \u0219i ecologic, ob\u021bin\u00e2nd \u00een acela\u0219i timp diferite efecte de luminozitate \u0219i culoare pentru a spori atractivitatea vizual\u0103.<\/p>\n<p>4.  Proiectare func\u021bional\u0103 :<br \/>\n- Lu\u00e2nd \u00een considerare vremea, designul trebuie s\u0103 se asigure c\u0103 caseta de lumin\u0103 are caracteristici bune de impermeabilitate \u0219i rezisten\u021b\u0103 la v\u00e2nt pentru a asigura siguran\u021ba componentelor electrice.<\/p>\n<h4>Aplica\u021bie<\/h4>\n<p>1. City View :<br \/>\nCutiile de lumin\u0103 din o\u021bel rezistent la intemperii sunt utilizate pe scar\u0103 larg\u0103 \u00een arta public\u0103 urban\u0103 \u0219i \u00een designul peisajului pentru a spori atmosfera \u0219i frumuse\u021bea cultural\u0103 urban\u0103.<\/p>\n<p>2. Comercial:<br \/>\nDatorit\u0103 aspectului unic al o\u021belului rezistent la intemperii, acesta este adesea folosit ca o cutie luminoas\u0103 comercial\u0103 pentru a atrage aten\u021bia trec\u0103torilor.<\/p>\n<p>3. Instruc\u021biuni de circula\u021bie :<br \/>\nUtilizat \u00een semne de circula\u021bie, panouri de afi\u0219are a informa\u021biilor \u0219i alte locuri, at\u00e2t frumos c\u00e2t \u0219i practic.<\/p>\n<p>4. Facilit\u0103\u021bi comunitare:<br \/>\nInstalarea de cutii luminoase din o\u021bel rezistent la intemperii \u00een spa\u021bii publice, cum ar fi parcuri \u0219i pie\u021be, poate oferi efecte de iluminare \u0219i poate servi ca suport pentru ghidarea informa\u021biilor \u0219i publicitate.<\/p>\n<table class=\"table\" border=\"1\" cellspacing=\"1\" cellpadding=\"1\">\n<tbody>\n<tr>\n<td colspan=\"1\" rowspan=\"1\">Denumirea produsului<\/td>\n<td colspan=\"1\" rowspan=\"1\">Gr\u0103din\u0103 Path lumini<\/td>\n<\/tr>\n<tr>\n<td colspan=\"1\" rowspan=\"1\">Material<\/td>\n<td colspan=\"1\" rowspan=\"1\">O\u021bel corten<\/td>\n<\/tr>\n<tr>\n<td colspan=\"1\" rowspan=\"1\">Utilizare<\/td>\n<td colspan=\"1\" rowspan=\"1\">Outoors Patio Pathway Landscape Garden<\/td>\n<\/tr>\n<tr>\n<td colspan=\"1\" rowspan=\"1\">\u00cen\u0103l\u021bimea deasupra solului (mm)<\/td>\n<td colspan=\"1\" rowspan=\"1\">800mm, 600mm<\/td>\n<\/tr>\n<tr>\n<td colspan=\"1\" rowspan=\"1\">Diametru \/ l\u0103\u021bime (mm)<\/td>\n<td colspan=\"1\" rowspan=\"1\">120mm, 150mm<\/td>\n<\/tr>\n<tr>\n<td colspan=\"1\" rowspan=\"1\">Fixare<\/td>\n<td colspan=\"1\" rowspan=\"1\">Suprafa\u021b\u0103 \/ plac\u0103 de baz\u0103 fix\u0103<\/td>\n<\/tr>\n<tr>\n<td colspan=\"1\" rowspan=\"1\">Stil<\/td>\n<td colspan=\"1\" rowspan=\"1\">Modern - Lamp\u0103 de gazon pentru exterior<\/td>\n<\/tr>\n<tr>\n<td colspan=\"1\" rowspan=\"1\">Tratarea suprafe\u021bei<\/td>\n<td colspan=\"1\" rowspan=\"1\">Rugin\u0103 Corten<\/td>\n<\/tr>\n<tr>\n<td colspan=\"1\" rowspan=\"1\">Design<\/td>\n<td colspan=\"1\" rowspan=\"1\">Lucr\u0103ri de art\u0103<\/td>\n<\/tr>\n<tr>\n<td colspan=\"1\" rowspan=\"1\">Mostr\u0103<\/td>\n<td colspan=\"1\" rowspan=\"1\">7 zile<\/td>\n<\/tr>\n<\/tbody>\n<\/table>\n<div class=\"kche-t104-item\">\n<div class=\"kche-t104-item-img\"><img fetchpriority=\"high\" decoding=\"async\" title=\"Landscape Garden Solar Bollard Light\" src=\"https:\/\/www.keweistove.com\/uploads\/39684\/products\/202403291605106e6cb.jpg?size=750x0\" alt=\"Landscape Garden Solar Bollard Light\" width=\"750\" height=\"750\" \/><\/div>\n<\/div>\n<div class=\"kche-t104-item\">\n<div class=\"kche-t104-item-img\"><img decoding=\"async\" title=\"Gr\u0103din\u0103 Path lumini\" src=\"https:\/\/www.keweistove.com\/uploads\/39684\/products\/2024032916052398d2c.jpg?size=750x0\" alt=\"Gr\u0103din\u0103 Path lumini\" width=\"750\" height=\"750\" \/><\/div>\n<\/div>\n<div class=\"kche-t104-item\">\n<div class=\"kche-t104-item-img\"><img decoding=\"async\" class=\"alignnone\" title=\"Cel mai bun iluminat exterior rezistent la intemperii\" src=\"https:\/\/www.keweistove.com\/uploads\/39684\/products\/20240329160540ec715.jpg?size=600x0\" alt=\"Cel mai bun iluminat exterior rezistent la intemperii\" width=\"751\" height=\"751\" \/><\/div>\n<div class=\"kche-t104-item-text\">\n<p class=\"kche-t94-tit\">\u00ceNTREB\u0102RI FRECVENTE<\/p>\n<div class=\"kche-t94-bottom\">\n<div class=\"kche-t94-bottom-r\">\n<div id=\"kchet94Accordion\">\n<div class=\"kche-t94-bottom-item\">\n<p class=\"kche-t94-item-tit\">\u00centrebare: Cum pot fi rezistente la ap\u0103 l\u0103mpile de exterior?<\/p>\n<div class=\"kche-t94-bottom-item\">\n<div class=\"kche-t94-item-box\">R\u0103spuns: Iluminatul exterior este, de obicei, un design rezistent la ap\u0103, cum ar fi ratingul IP65 rezistent la ap\u0103, pentru a se asigura c\u0103 nu este afectat \u00een vreme ploioas\u0103.<\/div>\n<\/div>\n<div class=\"kche-t94-bottom-item\"><\/div>\n<\/div>\n<div class=\"kche-t94-bottom-item\">\n<p class=\"kche-t94-item-tit\">\u00centrebare: Ce surs\u0103 de energie se folose\u0219te pentru iluminatul exterior? Ce surs\u0103 de lumin\u0103 este utilizat\u0103 pentru luminile de exterior pentru a economisi energie?<\/p>\n<div class=\"kche-t94-bottom-item\">\n<div class=\"kche-t94-item-box\">R\u0103spuns: L\u0103mpile LED sunt o alegere mai economic\u0103 din punct de vedere energetic, consum redus de energie, durat\u0103 lung\u0103 de via\u021b\u0103, luminozitate ridicat\u0103.<\/div>\n<\/div>\n<div class=\"kche-t94-bottom-item\"><\/div>\n<\/div>\n<div class=\"kche-t94-bottom-item\">\n<p class=\"kche-t94-item-tit\">\u00centrebare: Cum se cur\u0103\u021b\u0103 iluminatul exterior?<\/p>\n<div class=\"kche-t94-bottom-item\">\n<div class=\"kche-t94-item-box\">R\u0103spuns: Utiliza\u021bi o c\u00e2rp\u0103 curat\u0103 \u0219i moale pentru a \u0219terge suprafa\u021ba \u0219i asigura\u021bi-v\u0103 c\u0103 lampa este oprit\u0103 \u0219i l\u0103sat\u0103 s\u0103 se r\u0103ceasc\u0103 \u00eenainte de cur\u0103\u021bare.<\/div>\n<\/div>\n<div class=\"kche-t94-bottom-item\"><\/div>\n<\/div>\n<div class=\"kche-t94-bottom-item\">\n<p class=\"kche-t94-item-tit\">\u00centrebare: Care este motivul pentru care l\u0103mpile de exterior p\u00e2lp\u00e2ie frecvent?<\/p>\n<div class=\"kche-wrap-width\">\n<div class=\"kche-t94\">\n<div class=\"kche-t94-content\">\n<div class=\"kche-t94-bottom\">\n<div class=\"kche-t94-bottom-r\">\n<div id=\"kchet94Accordion\">\n<div class=\"kche-t94-bottom-item\">\n<div class=\"kche-t94-item-box\">R\u0103spuns: Aceasta poate fi cauzat\u0103 de un contact slab, defectarea liniei, \u00eemb\u0103tr\u00e2nirea sursei de lumin\u0103 \u0219i alte motive \u0219i trebuie reparat\u0103 la timp.<\/div>\n<\/div>\n<\/div>\n<\/div>\n<\/div>\n<\/div>\n<\/div>\n<\/div>\n<\/div>\n<\/div>\n<\/div>\n<\/div>\n<\/div>\n<\/div>","protected":false},"excerpt":{"rendered":"<p>Cutiile luminoase din o\u021bel rezistent la intemperii au devenit treptat o alegere popular\u0103 \u00een designul urban \u0219i publicitate datorit\u0103 durabilit\u0103\u021bii lor, aspectului unic \u0219i scenariilor de aplicare diverse. \u00cen proiectare \u0219i aplicare, ia \u00een considerare rezisten\u021ba sa la intemperii, estetica \u0219i practicabilitatea, poate satisface mai bine cererea pie\u021bei.<\/p>","protected":false},"featured_media":1007,"comment_status":"open","ping_status":"closed","template":"","meta":{"_eb_attr":"","_monsterinsights_skip_tracking":false,"_monsterinsights_sitenote_active":false,"_monsterinsights_sitenote_note":"","_monsterinsights_sitenote_category":0,"_uf_show_specific_survey":0,"_uf_disable_surveys":false},"product_brand":[],"product_cat":[61],"product_tag":[],"class_list":{"0":"post-1006","1":"product","2":"type-product","3":"status-publish","4":"has-post-thumbnail","6":"product_cat-light-post","8":"first","9":"instock","10":"shipping-taxable","11":"product-type-simple"},"_links":{"self":[{"href":"https:\/\/keweicorten.com\/ro\/wp-json\/wp\/v2\/product\/1006"}],"collection":[{"href":"https:\/\/keweicorten.com\/ro\/wp-json\/wp\/v2\/product"}],"about":[{"href":"https:\/\/keweicorten.com\/ro\/wp-json\/wp\/v2\/types\/product"}],"replies":[{"embeddable":true,"href":"https:\/\/keweicorten.com\/ro\/wp-json\/wp\/v2\/comments?post=1006"}],"version-history":[{"count":2,"href":"https:\/\/keweicorten.com\/ro\/wp-json\/wp\/v2\/product\/1006\/revisions"}],"predecessor-version":[{"id":1013,"href":"https:\/\/keweicorten.com\/ro\/wp-json\/wp\/v2\/product\/1006\/revisions\/1013"}],"wp:featuredmedia":[{"embeddable":true,"href":"https:\/\/keweicorten.com\/ro\/wp-json\/wp\/v2\/media\/1007"}],"wp:attachment":[{"href":"https:\/\/keweicorten.com\/ro\/wp-json\/wp\/v2\/media?parent=1006"}],"wp:term":[{"taxonomy":"product_brand","embeddable":true,"href":"https:\/\/keweicorten.com\/ro\/wp-json\/wp\/v2\/product_brand?post=1006"},{"taxonomy":"product_cat","embeddable":true,"href":"https:\/\/keweicorten.com\/ro\/wp-json\/wp\/v2\/product_cat?post=1006"},{"taxonomy":"product_tag","embeddable":true,"href":"https:\/\/keweicorten.com\/ro\/wp-json\/wp\/v2\/product_tag?post=1006"}],"curies":[{"name":"wp","href":"https:\/\/api.w.org\/{rel}","templated":true}]}}