{"id":1090,"date":"2024-09-11T03:01:04","date_gmt":"2024-09-11T03:01:04","guid":{"rendered":"https:\/\/keweicorten.com\/?post_type=product&#038;p=1090"},"modified":"2025-01-15T06:18:33","modified_gmt":"2025-01-15T06:18:33","slug":"ghivece-mari-de-flori-in-aer-liber","status":"publish","type":"product","link":"https:\/\/keweicorten.com\/ro\/ghivece-mari-de-flori-in-aer-liber\/","title":{"rendered":"ghivece mari de flori \u00een aer liber"},"content":{"rendered":"<h2>Avantaje \u0219i aplica\u021bii ale ghiveciului de flori \u00een aer liber din o\u021bel rezistent la intemperii\uff1a<\/h2>\n<hr \/>\n<p>O\u021belul rezistent la intemperii are o rezisten\u021b\u0103 excelent\u0103 la coroziune \u0219i la intemperii \u0219i poate men\u021bine performan\u021be stabile \u00een diferite condi\u021bii climatice. \u00cen plus, aspectul s\u0103u ruginit unic nu numai c\u0103 spore\u0219te estetica, dar, de asemenea, se \u00eembin\u0103 armonios cu mediul natural.<\/p>\n<p>&nbsp;<\/p>\n<figure id=\"attachment_1091\" aria-describedby=\"caption-attachment-1091\" style=\"width: 794px\" class=\"wp-caption alignleft\"><img fetchpriority=\"high\" decoding=\"async\" class=\"wp-image-1091\" src=\"https:\/\/keweicorten.com\/wp-content\/uploads\/2024\/09\/\u5fae\u4fe1\u56fe\u7247_20230707144213-300x300.jpg\" alt=\"\" width=\"794\" height=\"794\" srcset=\"https:\/\/keweicorten.com\/wp-content\/uploads\/2024\/09\/\u5fae\u4fe1\u56fe\u7247_20230707144213-300x300.jpg 300w, https:\/\/keweicorten.com\/wp-content\/uploads\/2024\/09\/\u5fae\u4fe1\u56fe\u7247_20230707144213-150x150.jpg 150w, https:\/\/keweicorten.com\/wp-content\/uploads\/2024\/09\/\u5fae\u4fe1\u56fe\u7247_20230707144213-12x12.jpg 12w, https:\/\/keweicorten.com\/wp-content\/uploads\/2024\/09\/\u5fae\u4fe1\u56fe\u7247_20230707144213-600x600.jpg 600w, https:\/\/keweicorten.com\/wp-content\/uploads\/2024\/09\/\u5fae\u4fe1\u56fe\u7247_20230707144213-100x100.jpg 100w, https:\/\/keweicorten.com\/wp-content\/uploads\/2024\/09\/\u5fae\u4fe1\u56fe\u7247_20230707144213.jpg 750w\" sizes=\"(max-width: 794px) 100vw, 794px\" \/><figcaption id=\"caption-attachment-1091\" class=\"wp-caption-text\">corten floare por<\/figcaption><\/figure>\n<h3><\/h3>\n<h3><\/h3>\n<h3><\/h3>\n<h3><\/h3>\n<h3><\/h3>\n<h3><\/h3>\n<h3><\/h3>\n<h3><\/h3>\n<h3><\/h3>\n<h3><\/h3>\n<h3><\/h3>\n<h3><\/h3>\n<h3><\/h3>\n<h3><\/h3>\n<h3><\/h3>\n<h3><\/h3>\n<h3><\/h3>\n<h3><\/h3>\n<h3><\/h3>\n<h3>avantajele vaselor de flori mari \u00een aer liber\uff1a<\/h3>\n<ul>\n<li>Durabilitate: Oala de flori din o\u021bel rezistent\u0103 la intemperii poate rezista la condi\u021bii meteorologice extreme, durat\u0103 lung\u0103 de via\u021b\u0103.<br \/>\nCosturi reduse de \u00eentre\u021binere: Datorit\u0103 rezisten\u021bei sale la coroziune, frecven\u021ba \u00eentre\u021binerii \u0219i \u00eenlocuirii este redus\u0103.<br \/>\nEstetic\u0103: Designul unic al aspectului \u00eel face un punct culminant al decorului horticol.<br \/>\nProtec\u021bia mediului: O\u021belul rezistent la intemperii poate fi reciclat, \u00een conformitate cu conceptul de dezvoltare durabil\u0103.<\/li>\n<\/ul>\n<h3>scenariul de aplicare a ghivecelor de flori mari \u00een aer liber\uff1a<\/h3>\n<ul>\n<li>Ghiveciul de flori din o\u021bel este potrivit pentru multe ocazii, inclusiv parcuri urbane, pie\u021be comerciale, gr\u0103dini private \u0219i a\u0219a mai departe. Designul s\u0103u divers \u0219i op\u021biunile de dimensiune \u00eei permit s\u0103 \u00eendeplineasc\u0103 cerin\u021bele diferitelor medii \u0219i nevoi.<\/li>\n<li>Ghivecele de flori de exterior din o\u021bel rezistent la intemperii au devenit o alegere important\u0103 \u00een designul horticol modern datorit\u0103 performan\u021belor lor excelente \u0219i aspectului frumos. Odat\u0103 cu aten\u021bia oamenilor pentru \u00eenfrumuse\u021barea mediului \u0219i dezvoltarea durabil\u0103, perspectivele de aplicare ale POTS-urilor de flori din o\u021bel rezistent la intemperii vor fi mai largi.<\/li>\n<\/ul>\n<table border=\"1\">\n<tbody>\n<tr>\n<td><span data-spm-anchor-id=\"a2700.details.0.i39.14133542hOt861\">Denumirea produsului<\/span><\/td>\n<td data-spm-anchor-id=\"a2700.details.0.i43.14133542hOt861\">O\u021bel Corten Cutie de plante \u00een aer liber Custom Garden Plant Flower Pots Outdoor Box Corten Steel Cube Planter<\/td>\n<\/tr>\n<tr>\n<td data-spm-anchor-id=\"a2700.details.0.i40.14133542hOt861\">Material<\/td>\n<td data-spm-anchor-id=\"a2700.details.0.i42.14133542hOt861\">O\u021bel Cor-ten O\u021bel carbon . inoxidabil<\/td>\n<\/tr>\n<tr>\n<td>Terminare<\/td>\n<td>Ruginit sau acoperit cu pulbere<\/td>\n<\/tr>\n<tr>\n<td>Dimensiune normal\u0103<\/td>\n<td>100x45x45cm . 120x50x60cm . 150x50x60cm . 200x50x60cm<\/td>\n<\/tr>\n<tr>\n<td>Design<\/td>\n<td>Accepta\u021bi personalizate<\/td>\n<\/tr>\n<tr>\n<td>cerere<\/td>\n<td>Decor interior \u0219i exterior<\/td>\n<\/tr>\n<\/tbody>\n<\/table>\n<p><a href=\"https:\/\/keweicorten.com\/ro\/contactati-ne\/\"><img decoding=\"async\" class=\"alignnone\" title=\" Cutie pentru plante\" src=\"https:\/\/sc04.alicdn.com\/kf\/H0b0c474c4364463c955113ae286e19faM\/223026859\/H0b0c474c4364463c955113ae286e19faM.png\" alt=\"O\u021bel Corten Cutie de plante \u00een aer liber Custom Garden Plant Flower Pots Outdoor Box Corten Steel Cube Planter\" width=\"881\" height=\"292\" \/><\/a><\/p>\n<p>1.\u00centrebare: Rugina va p\u0103ta suprafa\u021ba pe care este a\u0219ezat\u0103?<\/p>\n<p>R\u0103spuns: Vom pulveriza un lichid chimic pentru a men\u021bine rugina \u00een<\/p>\n<p>&nbsp;<\/p>\n<p>2. \u00centrebare: c\u00e2t de mult c\u00e2nt\u0103resc acestea?<br \/>\nR\u0103spunde\u021bi: V\u0103 rug\u0103m s\u0103 verifica\u021bi cu produc\u0103torul, deoarece exist\u0103 mai multe dimensiuni.<\/p>\n<p>&nbsp;<\/p>\n<p>3. \u00centrebare: C\u00e2t de mult c\u00e2nt\u0103re\u0219te L88*W30*H75 CM?<\/p>\n<p>R\u0103spuns: 36KG<\/p>\n<p>&nbsp;<\/p>\n<p>4. \u00centrebare: Poate fi amorsat \u0219i vopsit \u00eenainte de a \u00eencepe s\u0103 rugineasc\u0103?<br \/>\nR\u0103spunde\u021bi: Nu, frumuse\u021bea ghiveciului este atunci c\u00e2nd \u00eencepe s\u0103 rugineasc\u0103. Nu este menit\u0103 s\u0103 fie vopsit\u0103.<\/p>\n<p>&nbsp;<\/p>\n<p>5. \u00centrebare: Panterul panited este disponibil?<\/p>\n<p>R\u0103spunde\u021bi: Bine\u00een\u021beles, nu avem doar ghivece cu suprafa\u021b\u0103 ruginit\u0103, ci \u0219i ghivece acoperite cu pulbere.<\/p>","protected":false},"excerpt":{"rendered":"<p>Ghiveciul de flori din o\u021bel rezistent la intemperii este un material de ghiveci de flori foarte comun \u00een cultivarea modern\u0103 a florilor. Este fabricat din o\u021bel de \u00eenalt\u0103 calitate, cu durabilitate extrem de ridicat\u0103, rezisten\u021b\u0103 la coroziune \u0219i rezisten\u021b\u0103 la intemperii. \u00cen cultivarea florilor, avantajele POTURILOR de flori din o\u021bel rezistent la intemperii sunt evidente<\/p>","protected":false},"featured_media":1092,"comment_status":"open","ping_status":"closed","template":"","meta":{"_eb_attr":"","_monsterinsights_skip_tracking":false,"_monsterinsights_sitenote_active":false,"_monsterinsights_sitenote_note":"","_monsterinsights_sitenote_category":0,"_uf_show_specific_survey":0,"_uf_disable_surveys":false},"product_brand":[],"product_cat":[59],"product_tag":[],"class_list":{"0":"post-1090","1":"product","2":"type-product","3":"status-publish","4":"has-post-thumbnail","6":"product_cat-flower-pot","8":"first","9":"instock","10":"shipping-taxable","11":"product-type-simple"},"_links":{"self":[{"href":"https:\/\/keweicorten.com\/ro\/wp-json\/wp\/v2\/product\/1090"}],"collection":[{"href":"https:\/\/keweicorten.com\/ro\/wp-json\/wp\/v2\/product"}],"about":[{"href":"https:\/\/keweicorten.com\/ro\/wp-json\/wp\/v2\/types\/product"}],"replies":[{"embeddable":true,"href":"https:\/\/keweicorten.com\/ro\/wp-json\/wp\/v2\/comments?post=1090"}],"version-history":[{"count":7,"href":"https:\/\/keweicorten.com\/ro\/wp-json\/wp\/v2\/product\/1090\/revisions"}],"predecessor-version":[{"id":1099,"href":"https:\/\/keweicorten.com\/ro\/wp-json\/wp\/v2\/product\/1090\/revisions\/1099"}],"wp:featuredmedia":[{"embeddable":true,"href":"https:\/\/keweicorten.com\/ro\/wp-json\/wp\/v2\/media\/1092"}],"wp:attachment":[{"href":"https:\/\/keweicorten.com\/ro\/wp-json\/wp\/v2\/media?parent=1090"}],"wp:term":[{"taxonomy":"product_brand","embeddable":true,"href":"https:\/\/keweicorten.com\/ro\/wp-json\/wp\/v2\/product_brand?post=1090"},{"taxonomy":"product_cat","embeddable":true,"href":"https:\/\/keweicorten.com\/ro\/wp-json\/wp\/v2\/product_cat?post=1090"},{"taxonomy":"product_tag","embeddable":true,"href":"https:\/\/keweicorten.com\/ro\/wp-json\/wp\/v2\/product_tag?post=1090"}],"curies":[{"name":"wp","href":"https:\/\/api.w.org\/{rel}","templated":true}]}}