{"id":1105,"date":"2024-09-11T06:42:20","date_gmt":"2024-09-11T06:42:20","guid":{"rendered":"https:\/\/keweicorten.com\/?post_type=product&#038;p=1105"},"modified":"2025-01-15T06:18:22","modified_gmt":"2025-01-15T06:18:22","slug":"decor-de-gradina","status":"publish","type":"product","link":"https:\/\/keweicorten.com\/ro\/decor-de-gradina\/","title":{"rendered":"ornamente \u0219i statui de gr\u0103din\u0103"},"content":{"rendered":"<h2>Cum s\u0103 alege\u021bi sculptura din o\u021bel rezistent la intemperii potrivit\u0103 pentru gr\u0103dina dumneavoastr\u0103\uff1f<\/h2>\n<p>Lua\u021bi \u00een considerare stilul gr\u0103dinii<\/p>\n<p>\u00cen primul r\u00e2nd, lua\u021bi \u00een considerare stilul gr\u0103dinii. Stilurile diferite de gr\u0103din\u0103 au nevoie de sculpturi diferite pentru a le decora. De exemplu, gr\u0103dinile europene sunt potrivite pentru sculpturi mari \u0219i complexe, \u00een timp ce gr\u0103dinile japoneze sunt mai potrivite pentru sculpturi simple \u0219i simple. Prin urmare, atunci c\u00e2nd alege\u021bi o sculptur\u0103 din o\u021bel rezistent la intemperii, este necesar s\u0103 alege\u021bi \u00een func\u021bie de stilul gr\u0103dinii.<\/p>\n<p>Lua\u021bi \u00een considerare forma \u0219i dimensiunea ornamentelor \u0219i statuilor de gr\u0103din\u0103<\/p>\n<p>De asemenea, este foarte important s\u0103 alege\u021bi forma \u0219i dimensiunea sculpturii. \u00cen func\u021bie de m\u0103rimea \u0219i modelul gr\u0103dinii, se aleg diferite forme \u0219i dimensiuni ale sculpturilor. De exemplu, gr\u0103dinile mici sunt potrivite pentru a alege sculpturi mici, \u00een timp ce gr\u0103dinile mari pot alege sculpturi mai mari.<\/p>\n<p>Lua\u021bi \u00een considerare materialul ornamentelor \u0219i statuilor de gr\u0103din\u0103<\/p>\n<p>Sculptura din o\u021bel rezistent la intemperii este un material foarte durabil \u0219i poate fi utilizat\u0103 at\u00e2t \u00een interior, c\u00e2t \u0219i \u00een exterior. Cu toate acestea, atunci c\u00e2nd alege\u021bi o sculptur\u0103, este necesar s\u0103 lua\u021bi \u00een considerare \u0219i utilizarea specific\u0103. Dac\u0103 sculptura este utilizat\u0103 \u00een exterior, este necesar s\u0103 alege\u021bi materiale cu capacitate de dilatare \u0219i contrac\u021bie termic\u0103, rezisten\u021b\u0103 la v\u00e2nt, rezisten\u021b\u0103 bun\u0103 la intemperii \u0219i rezisten\u021b\u0103 bun\u0103 la coroziune. O\u021belul pentru intemperii este materialul ideal cu aceste caracteristici.<\/p>\n<p>Lua\u021bi \u00een considerare culoarea sculpturii<\/p>\n<p>Sculpturile din o\u021bel rezistent la intemperii sunt de obicei gri, dar pot fi tratate \u00een func\u021bie de necesit\u0103\u021bi, cum ar fi vopsirea, pentru a le da culori \u0219i efecte diferite. Atunci c\u00e2nd alege\u021bi o sculptur\u0103, g\u00e2ndi\u021bi-v\u0103 dac\u0103 culoarea acesteia se poate potrivi cu stilul general de culoare al gr\u0103dinii.<\/p>\n<p>Lua\u021bi \u00een considerare tema sculpturii dvs.<\/p>\n<p>De asemenea, trebuie s\u0103 alege\u021bi tema sculpturii \u00een func\u021bie de propriile preferin\u021be \u0219i nevoi. De exemplu, cei care iubesc natura pot alege sculpturi de plante sau animale, \u00een timp ce cei c\u0103rora le plac stilurile moderne pot alege sculpturi abstracte \u0219i a\u0219a mai departe.<\/p>\n<div style=\"width: 800px;\" class=\"wp-video\"><!--[if lt IE 9]><script>document.createElement('video');<\/script><![endif]-->\n<video class=\"wp-video-shortcode\" id=\"video-1105-1\" width=\"800\" height=\"450\" poster=\"https:\/\/keweicorten.com\/wp-content\/uploads\/2024\/09\/\u5fae\u4fe1\u56fe\u7247_20231019115916.jpg\" autoplay=\"1\" preload=\"metadata\" controls=\"controls\"><source type=\"video\/mp4\" src=\"https:\/\/keweicorten.com\/wp-content\/uploads\/2024\/09\/\u89c6\u989121min.mp4?_=1\" \/><a href=\"https:\/\/keweicorten.com\/wp-content\/uploads\/2024\/09\/\u89c6\u989121min.mp4\">https:\/\/keweicorten.com\/wp-content\/uploads\/2024\/09\/\u89c6\u989121min.mp4<\/a><\/video><\/div>\n<h2>Sculptura de gr\u0103din\u0103 din o\u021bel rezistent la intemperii are urm\u0103toarele caracteristici:<\/h2>\n<p>Durabilitate puternic\u0103: o\u021belul rezistent la intemperii cu tratament special poate rezista la eroziunea diferitelor clime dure pentru o lung\u0103 perioad\u0103 de timp, men\u021bine un efect reflexiv mai lung, astfel \u00eenc\u00e2t sculptura de gr\u0103din\u0103 nu este u\u0219or de deteriorat \u00een mediul exterior \u0219i are o durat\u0103 lung\u0103 de via\u021b\u0103.<\/p>\n<p>Capacitate puternic\u0103 anti-coroziune: Sculptura de gr\u0103din\u0103 din o\u021bel rezistent la intemperii este fabricat\u0103 din materiale sintetice speciale, care are o capacitate puternic\u0103 anti-coroziune \u0219i nu va fi afectat\u0103 de factori externi, cum ar fi ploaia, soarele, nisipul \u0219i cea\u021ba s\u0103rat\u0103, pentru a asigura protec\u021bia sa eficient\u0103 \u00een mediul exterior.<\/p>\n<p>Estetic\u0103 ridicat\u0103: Sculptura de gr\u0103din\u0103 din o\u021bel rezistent la intemperii adopt\u0103 tehnologii avansate, poate fi modelat\u0103 \u00een func\u021bie de diferite culturi \u0219i caracteristici ale Times, are forme diferite, aspect frumos, caracteristici unice \u0219i a devenit un peisaj frumos \u00een mediul de gr\u0103din\u0103.<\/p>\n<p>Culori bogate: Materialele de produc\u021bie ale sculpturii de gr\u0103din\u0103 din o\u021bel rezistent la intemperii nu pot prezenta doar culori naturale, ci pot fi, de asemenea, vopsite pentru a realiza forme colorate, pentru a \u00eembog\u0103\u021bi imaginea gr\u0103dinilor urbane \u0219i pentru a fi pline de vitalitate.<\/p>\n<figure style=\"width: 602px\" class=\"wp-caption aligncenter\"><a href=\"https:\/\/keweicorten.com\/ro\/contactati-ne\/\"><img fetchpriority=\"high\" decoding=\"async\" title=\"Ornamente \u0219i statui de gr\u0103din\u0103\" src=\"https:\/\/www.keweistove.com\/uploads\/39684\/garden-ornaments-and-statues02482.jpg\" alt=\"Ornamente \u0219i statui de gr\u0103din\u0103\" width=\"602\" height=\"602\" \/><\/a><figcaption class=\"wp-caption-text\">Ornamente \u0219i statui de gr\u0103din\u0103<\/figcaption><\/figure>\n<p><img decoding=\"async\" class=\"aligncenter\" src=\"https:\/\/www.keweistove.com\/Content\/uploads\/2023970354\/202307121511574ab65c7ec9ae440c88788f735e2204f7.jpg\" alt=\"produs-750-750\" width=\"626\" height=\"626\" \/><\/p>\n<div class=\"text\">Aceast\u0103 sculptur\u0103 din o\u021bel corten va deveni o caracteristic\u0103 atractiv\u0103 pentru gr\u0103dina dvs. Aceast\u0103 oper\u0103 de art\u0103 din o\u021bel inoxidabil poate fi personalizat\u0103 \u00een diferite dimensiuni. Acesta va crea un punct focal izbitoare atunci c\u00e2nd aceast\u0103 sculptur\u0103 din o\u021bel corten este plasat outoor.<\/div>\n<div class=\"text\">Sculptura personalizat\u0103 pentru decorarea gr\u0103dinii poate fi personalizat\u0103 \u00een func\u021bie de diferite nevoi. Designerii pot crea \u0219i dezvolta sculpturi potrivite pe baza nevoilor clien\u021bilor \u0219i a mediului, astfel \u00eenc\u00e2t s\u0103 fie mai \u00een conformitate cu estetica \u0219i obiceiurile de via\u021b\u0103 ale oamenilor moderni. Sculpturile personalizate pot reflecta pe deplin profesionalismul \u0219i regularitatea clien\u021bilor, f\u0103c\u00e2nd clien\u021bii mai unici \u0219i unici \u00een spa\u021biu.<\/div>","protected":false},"excerpt":{"rendered":"<p>Vizita\u021bi site-ul nostru pentru a g\u0103si decora\u021biuni de gr\u0103din\u0103 rafinate \u0219i statui care v\u0103 \u00eembun\u0103t\u0103\u021besc perfect mediul exterior. O varietate de op\u021biuni pentru a satisface nevoile fiec\u0103rui pasionat de gr\u0103din\u0103rit<\/p>","protected":false},"featured_media":1108,"comment_status":"open","ping_status":"closed","template":"","meta":{"_eb_attr":"","_monsterinsights_skip_tracking":false,"_monsterinsights_sitenote_active":false,"_monsterinsights_sitenote_note":"","_monsterinsights_sitenote_category":0,"_uf_show_specific_survey":0,"_uf_disable_surveys":false},"product_brand":[],"product_cat":[62],"product_tag":[],"class_list":{"0":"post-1105","1":"product","2":"type-product","3":"status-publish","4":"has-post-thumbnail","6":"product_cat-corten-sculpture","8":"first","9":"instock","10":"shipping-taxable","11":"product-type-simple"},"_links":{"self":[{"href":"https:\/\/keweicorten.com\/ro\/wp-json\/wp\/v2\/product\/1105"}],"collection":[{"href":"https:\/\/keweicorten.com\/ro\/wp-json\/wp\/v2\/product"}],"about":[{"href":"https:\/\/keweicorten.com\/ro\/wp-json\/wp\/v2\/types\/product"}],"replies":[{"embeddable":true,"href":"https:\/\/keweicorten.com\/ro\/wp-json\/wp\/v2\/comments?post=1105"}],"version-history":[{"count":1,"href":"https:\/\/keweicorten.com\/ro\/wp-json\/wp\/v2\/product\/1105\/revisions"}],"predecessor-version":[{"id":1109,"href":"https:\/\/keweicorten.com\/ro\/wp-json\/wp\/v2\/product\/1105\/revisions\/1109"}],"wp:featuredmedia":[{"embeddable":true,"href":"https:\/\/keweicorten.com\/ro\/wp-json\/wp\/v2\/media\/1108"}],"wp:attachment":[{"href":"https:\/\/keweicorten.com\/ro\/wp-json\/wp\/v2\/media?parent=1105"}],"wp:term":[{"taxonomy":"product_brand","embeddable":true,"href":"https:\/\/keweicorten.com\/ro\/wp-json\/wp\/v2\/product_brand?post=1105"},{"taxonomy":"product_cat","embeddable":true,"href":"https:\/\/keweicorten.com\/ro\/wp-json\/wp\/v2\/product_cat?post=1105"},{"taxonomy":"product_tag","embeddable":true,"href":"https:\/\/keweicorten.com\/ro\/wp-json\/wp\/v2\/product_tag?post=1105"}],"curies":[{"name":"wp","href":"https:\/\/api.w.org\/{rel}","templated":true}]}}