{"id":1110,"date":"2024-09-11T07:19:01","date_gmt":"2024-09-11T07:19:01","guid":{"rendered":"https:\/\/keweicorten.com\/?post_type=product&#038;p=1110"},"modified":"2025-01-15T06:16:12","modified_gmt":"2025-01-15T06:16:12","slug":"sculptura","status":"publish","type":"product","link":"https:\/\/keweicorten.com\/ro\/sculptura\/","title":{"rendered":"sculptur\u0103 modern\u0103 de perete"},"content":{"rendered":"<table class=\"table\" border=\"1\" cellspacing=\"1\" cellpadding=\"1\">\n<tbody>\n<tr>\n<td>Numele produsului<\/td>\n<td>\u00cen aer liber Modern metal ambarca\u021biuni corten o\u021bel sculptur\u0103 gr\u0103din\u0103 frunze<\/td>\n<\/tr>\n<tr>\n<td>Material<\/td>\n<td>o\u021bel corten, o\u021bel moale, etc.<\/td>\n<\/tr>\n<tr>\n<td>Culoare<\/td>\n<td>Acoperit cu pulbere sau ro\u0219u ruginit<\/td>\n<\/tr>\n<tr>\n<td><strong>AMBALARE:<\/strong><\/td>\n<td>CUTII DIN LEMN<\/td>\n<\/tr>\n<tr>\n<td>Folosit<\/td>\n<td>decora\u021biuni interioare<\/td>\n<\/tr>\n<\/tbody>\n<\/table>\n<p>De ce s\u0103 alege\u021bi sculptura modern\u0103 de perete?<\/p>\n<p>Sculpturile moderne de perete sunt foarte durabile. Sunt fabricate din o\u021bel de \u00eenalt\u0103 calitate rezistent la intemperii \u0219i pot rezista la o varietate de condi\u021bii climatice, inclusiv ploaie, soare, frig \u0219i valuri de c\u0103ldur\u0103. Acest material decorativ este o alegere excelent\u0103 pentru cei care au nevoie ca decora\u021biunile exterioare de gr\u0103din\u0103 s\u0103 \u00ee\u0219i men\u021bin\u0103 estetica pe parcursul mai multor ani.<\/p>\n<p>Sculptura modern\u0103 de perete este frumos decorat\u0103. Acest material decorativ are o form\u0103 foarte unic\u0103 \u0219i culori str\u0103lucitoare, care pot spori frumuse\u021bea gr\u0103dinii. De asemenea, multor oameni le plac decora\u021biunile de gr\u0103din\u0103 din o\u021bel rezistent la intemperii, deoarece aduc un aer modern \u0219i pot ad\u0103uga o not\u0103 elegant\u0103 gr\u0103dinii.<\/p>\n<p>Acest material decorativ este foarte ecologic. Datorit\u0103 duratei sale lungi de via\u021b\u0103, nu produce prea multe de\u0219euri \u0219i gunoaie. \u00cen plus, deoarece materialul s\u0103u este o\u021belul, acesta poate fi utilizat de dou\u0103 ori \u0219i nu va cauza poluarea mediului.<\/p>\n<p>Sculpturile moderne de perete sunt, de asemenea, foarte u\u0219or de instalat. Multe m\u0103rci pot oferi module prefabricate \u0219i componente pentru diferite scenarii, pe care utilizatorii le pot combina liber \u00een func\u021bie de nevoile lor.<\/p>\n<p>Alegerea unei decora\u021biuni de gr\u0103din\u0103 din o\u021bel rezistent la intemperii este o alegere pozitiv\u0103, ecologic\u0103, frumoas\u0103 \u0219i durabil\u0103. Poate aduce inspira\u021bie f\u0103r\u0103 limite \u0219i v\u0103 poate face gr\u0103dina \u0219i mai colorat\u0103.<\/p>\n<p>Decorul de gr\u0103din\u0103 din o\u021bel rezistent la intemperii este un tip de material cu o valoare de aplicare larg\u0103, care poate fi utilizat ca spa\u021biu decorativ \u0219i de \u00eenfrumuse\u021bare.<\/p>\n<div class=\"J_module\">\n<figure id=\"attachment_1112\" aria-describedby=\"caption-attachment-1112\" style=\"width: 500px\" class=\"wp-caption alignnone\"><a href=\"https:\/\/keweicorten.com\/ro\/?attachment_id=1112\"><img fetchpriority=\"high\" decoding=\"async\" class=\"wp-image-1112\" title=\"sculpturi mari de perete\" src=\"https:\/\/keweicorten.com\/wp-content\/uploads\/2024\/09\/photobank-52-300x300.jpg\" alt=\"\" width=\"500\" height=\"500\" srcset=\"https:\/\/keweicorten.com\/wp-content\/uploads\/2024\/09\/photobank-52-300x300.jpg 300w, https:\/\/keweicorten.com\/wp-content\/uploads\/2024\/09\/photobank-52-150x150.jpg 150w, https:\/\/keweicorten.com\/wp-content\/uploads\/2024\/09\/photobank-52-12x12.jpg 12w, https:\/\/keweicorten.com\/wp-content\/uploads\/2024\/09\/photobank-52-600x600.jpg 600w, https:\/\/keweicorten.com\/wp-content\/uploads\/2024\/09\/photobank-52-100x100.jpg 100w, https:\/\/keweicorten.com\/wp-content\/uploads\/2024\/09\/photobank-52.jpg 700w\" sizes=\"(max-width: 500px) 100vw, 500px\" \/><\/a><figcaption id=\"caption-attachment-1112\" class=\"wp-caption-text\">sculpturi mari de perete<\/figcaption><\/figure>\n<div data-section=\"AliMagic-1caf3d\" data-section-title=\"Our Services\" data-spm-anchor-id=\"a2700.details.0.i38.5f3c554eic1XgH\">\n<figure id=\"attachment_1111\" aria-describedby=\"caption-attachment-1111\" style=\"width: 502px\" class=\"wp-caption alignnone\"><a href=\"https:\/\/keweicorten.com\/ro\"><img decoding=\"async\" class=\"wp-image-1111\" title=\"sculpturi de v\u00e2nzare\" src=\"https:\/\/keweicorten.com\/wp-content\/uploads\/2024\/09\/photobank-109-300x300.jpg\" alt=\"\" width=\"502\" height=\"502\" srcset=\"https:\/\/keweicorten.com\/wp-content\/uploads\/2024\/09\/photobank-109-300x300.jpg 300w, https:\/\/keweicorten.com\/wp-content\/uploads\/2024\/09\/photobank-109-150x150.jpg 150w, https:\/\/keweicorten.com\/wp-content\/uploads\/2024\/09\/photobank-109-12x12.jpg 12w, https:\/\/keweicorten.com\/wp-content\/uploads\/2024\/09\/photobank-109-600x600.jpg 600w, https:\/\/keweicorten.com\/wp-content\/uploads\/2024\/09\/photobank-109-100x100.jpg 100w, https:\/\/keweicorten.com\/wp-content\/uploads\/2024\/09\/photobank-109.jpg 700w\" sizes=\"(max-width: 502px) 100vw, 502px\" \/><\/a><figcaption id=\"caption-attachment-1111\" class=\"wp-caption-text\">. sculpturi de v\u00e2nzare<\/figcaption><\/figure>\n<\/div>\n<div id=\"ali-anchor-AliMagic-1caf3d\" class=\"magic-7\" data-section=\"AliMagic-1caf3d\" data-section-title=\"Our Services\" data-spm-anchor-id=\"a2700.details.0.i38.5f3c554eic1XgH\">Serviciile noastre<\/div>\n<\/div>\n<div class=\"J_module\">\n<div class=\"detail-decorate-json-renderer-container\">\n<div class=\"magic-0\">\n<div class=\"magic-1\">\n<div class=\"magic-2\">\n<div class=\"magic-3\"><span class=\"magic-24\">V\u0103 vom r\u0103spunde \u00eentr-o or\u0103.<\/span><\/div>\n<div class=\"magic-3\"><span class=\"magic-24\">Pute\u021bi trimite E-mail, sau contacta\u021bi-ne cu whatsapp, apoi v\u0103 vom r\u0103spunde c\u00e2t mai cur\u00e2nd posibil.<br \/>\n<\/span><\/div>\n<div><\/div>\n<div class=\"magic-3\"><span class=\"magic-24\">2. Serviciu personalizat gratuit.<br \/>\nDac\u0103 nu a\u021bi proiectat-o, v\u0103 rug\u0103m s\u0103 comunica\u021bi cu noi, va exista o echip\u0103 de designeri profesioni\u0219ti la dispozi\u021bia dumneavoastr\u0103.<br \/>\n\u00cel putem personaliza exact a\u0219a cum dori\u021bi.<br \/>\n<\/span><\/div>\n<div><\/div>\n<div class=\"magic-3\"><span class=\"magic-24\">3. Vom spune clien\u021bilor fiecare pas \u00een procesul de produc\u021bie .putem face fotografii despre fiecare pas \u00een produc\u021bie, ambalare.<br \/>\nV\u0103 putem trimite imagini pentru confirmare.<br \/>\n<\/span><\/div>\n<div><\/div>\n<div class=\"magic-3\"><span class=\"magic-24\">4. Putem oferi cele mai bune produse \u0219i cele mai grijulii servicii.<br \/>\n<\/span><\/div>\n<div class=\"magic-3\"><\/div>\n<\/div>\n<\/div>\n<\/div>\n<\/div>\n<\/div>","protected":false},"excerpt":{"rendered":"<p>Sculptura modern\u0103 de perete este o modalitate minunat\u0103 de a ad\u0103uga frumuse\u021be \u0219i interes oric\u0103rui spa\u021biu. Fie c\u0103 decora\u021bi o cas\u0103 sau o afacere, acest tip de art\u0103 v\u0103 poate ajuta s\u0103 crea\u021bi o atmosfer\u0103 primitoare, inspirat\u0103 \u0219i \u00een\u0103l\u021b\u0103toare.<\/p>","protected":false},"featured_media":1113,"comment_status":"open","ping_status":"closed","template":"","meta":{"_eb_attr":"","_monsterinsights_skip_tracking":false,"_monsterinsights_sitenote_active":false,"_monsterinsights_sitenote_note":"","_monsterinsights_sitenote_category":0,"_uf_show_specific_survey":0,"_uf_disable_surveys":false},"product_brand":[],"product_cat":[62],"product_tag":[],"class_list":{"0":"post-1110","1":"product","2":"type-product","3":"status-publish","4":"has-post-thumbnail","6":"product_cat-corten-sculpture","8":"first","9":"instock","10":"shipping-taxable","11":"product-type-simple"},"_links":{"self":[{"href":"https:\/\/keweicorten.com\/ro\/wp-json\/wp\/v2\/product\/1110"}],"collection":[{"href":"https:\/\/keweicorten.com\/ro\/wp-json\/wp\/v2\/product"}],"about":[{"href":"https:\/\/keweicorten.com\/ro\/wp-json\/wp\/v2\/types\/product"}],"replies":[{"embeddable":true,"href":"https:\/\/keweicorten.com\/ro\/wp-json\/wp\/v2\/comments?post=1110"}],"version-history":[{"count":1,"href":"https:\/\/keweicorten.com\/ro\/wp-json\/wp\/v2\/product\/1110\/revisions"}],"predecessor-version":[{"id":1114,"href":"https:\/\/keweicorten.com\/ro\/wp-json\/wp\/v2\/product\/1110\/revisions\/1114"}],"wp:featuredmedia":[{"embeddable":true,"href":"https:\/\/keweicorten.com\/ro\/wp-json\/wp\/v2\/media\/1113"}],"wp:attachment":[{"href":"https:\/\/keweicorten.com\/ro\/wp-json\/wp\/v2\/media?parent=1110"}],"wp:term":[{"taxonomy":"product_brand","embeddable":true,"href":"https:\/\/keweicorten.com\/ro\/wp-json\/wp\/v2\/product_brand?post=1110"},{"taxonomy":"product_cat","embeddable":true,"href":"https:\/\/keweicorten.com\/ro\/wp-json\/wp\/v2\/product_cat?post=1110"},{"taxonomy":"product_tag","embeddable":true,"href":"https:\/\/keweicorten.com\/ro\/wp-json\/wp\/v2\/product_tag?post=1110"}],"curies":[{"name":"wp","href":"https:\/\/api.w.org\/{rel}","templated":true}]}}