{"id":1115,"date":"2024-09-11T07:57:32","date_gmt":"2024-09-11T07:57:32","guid":{"rendered":"https:\/\/keweicorten.com\/?post_type=product&#038;p=1115"},"modified":"2025-01-15T06:16:04","modified_gmt":"2025-01-15T06:16:04","slug":"vatra","status":"publish","type":"product","link":"https:\/\/keweicorten.com\/ro\/vatra\/","title":{"rendered":"foi\u0219or de lemn \u00een aer liber"},"content":{"rendered":"<h2>Durabilitatea \u00een aer liber de intemperii din o\u021bel \u00een aer liber din lemn firepit\uff1a<\/h2>\n<p>Foi\u0219orul de lemn \u00een aer liber este un echipament \u00een aer liber foarte practic \u0219i durabil, care poate oferi confort pentru parcul comunit\u0103\u021bii, camping \u00een aer liber, gr\u0103tar \u00een aer liber \u0219i alte ocazii. Este capabil s\u0103 reziste provoc\u0103rilor diferitelor condi\u021bii meteorologice \u0219i medii naturale, deci are o bun\u0103 durabilitate.<\/p>\n<p>O\u021belul rezistent la intemperii este un material din aliaj special, care are o rezisten\u021b\u0103 excelent\u0103 la coroziune \u0219i durabilitate. \u00cen utilizarea gropilor de foc, o\u021belul rezistent la intemperii poate rezista impactului temperaturilor ridicate \u0219i mediilor umede \u0219i nu este u\u0219or de rugin\u0103 \u0219i oxidare. Prin urmare, groapa de foc din o\u021bel rezistent la intemperii pentru exterior este foarte potrivit\u0103 pentru utilizarea \u00een aer liber \u0219i poate suporta un num\u0103r mare de cerin\u021be pentru o perioad\u0103 lung\u0103 de timp.<\/p>\n<p>Foi\u0219orul de lemn \u00een aer liber are, de asemenea, un design structural bun \u0219i un tratament detaliat. Este fabricat din pl\u0103ci groase de o\u021bel, cu o atingere fin\u0103 a suprafe\u021bei \u0219i o rezisten\u021b\u0103 mecanic\u0103 puternic\u0103, care sunt factori importan\u021bi pentru asigurarea durabilit\u0103\u021bii. \u00cen acela\u0219i timp, ia \u00een considerare \u0219i nevoile reale ale utilizatorului, inclusiv dimensiunea, forma, designul rezistent la v\u00e2nt etc., astfel \u00eenc\u00e2t s\u0103 fie mai \u00een conformitate cu mediul \u0219i nevoile de utilizare \u00een aer liber.<\/p>\n<p>Foi\u0219orul de foc din lemn pentru exterior ofer\u0103 avantaje semnificative de durabilitate \u0219i siguran\u021b\u0103. Acesta poate rezista provoc\u0103rilor diferitelor clime dure \u0219i medii naturale \u0219i poate oferi o experien\u021b\u0103 confortabil\u0103 \u0219i convenabil\u0103 de utilizare \u00een aer liber pentru o lung\u0103 perioad\u0103 de timp. Atunci c\u00e2nd alege\u021bi echipamente \u00een aer liber, merit\u0103 s\u0103 lua\u021bi \u00een considerare performan\u021ba excelent\u0103 a focarelor din o\u021bel pentru intemperii \u00een aer liber.<\/p>\n<figure id=\"attachment_1117\" aria-describedby=\"caption-attachment-1117\" style=\"width: 474px\" class=\"wp-caption aligncenter\"><a href=\"https:\/\/keweicorten.com\/ro\"><img fetchpriority=\"high\" decoding=\"async\" class=\"wp-image-1117\" title=\"groap\u0103 de foc\" src=\"https:\/\/keweicorten.com\/wp-content\/uploads\/2024\/09\/photobank-41-300x300.jpg\" alt=\"groap\u0103 de foc\" width=\"474\" height=\"474\" srcset=\"https:\/\/keweicorten.com\/wp-content\/uploads\/2024\/09\/photobank-41-300x300.jpg 300w, https:\/\/keweicorten.com\/wp-content\/uploads\/2024\/09\/photobank-41-150x150.jpg 150w, https:\/\/keweicorten.com\/wp-content\/uploads\/2024\/09\/photobank-41-12x12.jpg 12w, https:\/\/keweicorten.com\/wp-content\/uploads\/2024\/09\/photobank-41-100x100.jpg 100w, https:\/\/keweicorten.com\/wp-content\/uploads\/2024\/09\/photobank-41.jpg 576w\" sizes=\"(max-width: 474px) 100vw, 474px\" \/><\/a><figcaption id=\"caption-attachment-1117\" class=\"wp-caption-text\">groap\u0103 de foc<\/figcaption><\/figure>\n<figure id=\"attachment_1116\" aria-describedby=\"caption-attachment-1116\" style=\"width: 472px\" class=\"wp-caption aligncenter\"><a href=\"https:\/\/keweicorten.com\/ro\"><img decoding=\"async\" class=\"wp-image-1116\" title=\"groap\u0103 de foc\" src=\"https:\/\/keweicorten.com\/wp-content\/uploads\/2024\/09\/photobank-35-300x300.jpg\" alt=\"groap\u0103 de foc\" width=\"472\" height=\"472\" srcset=\"https:\/\/keweicorten.com\/wp-content\/uploads\/2024\/09\/photobank-35-300x300.jpg 300w, https:\/\/keweicorten.com\/wp-content\/uploads\/2024\/09\/photobank-35-150x150.jpg 150w, https:\/\/keweicorten.com\/wp-content\/uploads\/2024\/09\/photobank-35-12x12.jpg 12w, https:\/\/keweicorten.com\/wp-content\/uploads\/2024\/09\/photobank-35-100x100.jpg 100w, https:\/\/keweicorten.com\/wp-content\/uploads\/2024\/09\/photobank-35.jpg 512w\" sizes=\"(max-width: 472px) 100vw, 472px\" \/><\/a><figcaption id=\"caption-attachment-1116\" class=\"wp-caption-text\">groap\u0103 de foc<\/figcaption><\/figure>\n<table class=\"table\" style=\"height: 238px;\" border=\"1\" width=\"729\" cellspacing=\"1\" cellpadding=\"1\">\n<tbody>\n<tr>\n<td><strong>Produs<\/strong><\/td>\n<td>Patio Smokeless Fire Pit<\/td>\n<\/tr>\n<tr>\n<td><strong>Material<\/strong><\/td>\n<td>O\u021bel Corten<\/td>\n<\/tr>\n<tr>\n<td><strong>Diametru<\/strong><\/td>\n<td>60cm, 70cm, 80cm, 90cm, 100cm, 120cm, 150cm, 180cm<\/td>\n<\/tr>\n<tr>\n<td><strong>Grosime<\/strong><\/td>\n<td>2mm, 3mm, 4mm, 5mm<\/td>\n<\/tr>\n<tr>\n<td><strong>Terminare<\/strong><\/td>\n<td>Oxid de fier<\/td>\n<\/tr>\n<tr>\n<td><strong>Pachet<\/strong><\/td>\n<td>Cutie de placaj, palet de fier<\/td>\n<\/tr>\n<\/tbody>\n<\/table>\n<p><a href=\"https:\/\/keweicorten.com\/ro\"><img decoding=\"async\" class=\"aligncenter\" title=\"Metal Fire Pit cu gr\u0103tar\" src=\"https:\/\/sc04.alicdn.com\/kf\/Hf2d2a0356e6c427bba74e4cf2540f967g\/221559437\/Hf2d2a0356e6c427bba74e4cf2540f967g.png?size=x0\" alt=\"Metal Fire Pit cu gr\u0103tar\" width=\"750\" height=\"750\" \/><\/a><\/p>\n<p>Foi\u0219oarele de foc din o\u021bel Corten sunt un plus extraordinar pentru orice curte sau spa\u021biu exterior. Acestea nu numai c\u0103 ofer\u0103 c\u0103ldur\u0103 \u00een timpul serilor r\u0103coroase, dar adaug\u0103 \u0219i o estetic\u0103 frumoas\u0103 \u0219i unic\u0103 spa\u021biului dvs.<\/p>\n<p>O\u021belul Corten este cunoscut pentru durabilitatea \u0219i propriet\u0103\u021bile sale rezistente la intemperii, care \u00eel fac perfect pentru spa\u021biile \u00een aer liber. O\u021belul cap\u0103t\u0103 \u00een timp un aspect ruginiu natural, care adaug\u0103 caracter \u0219i interes vizual gropii dvs. pentru foc.<\/p>\n<p>Aceste gropi de foc sunt disponibile \u00een diferite forme \u0219i dimensiuni, astfel \u00eenc\u00e2t s\u0103 o pute\u021bi alege pe cea perfect\u0103 pentru decorul dvs. Fie c\u0103 prefera\u021bi o groap\u0103 de foc rotund\u0103 \u00een form\u0103 de bol sau un design mai contemporan, exist\u0103 o groap\u0103 de foc din o\u021bel Corten care se va potrivi stilului dvs.<\/p>\n<p>Un alt lucru grozav despre \u0219emineele din o\u021bel Corten este modul \u00een care acestea pot transforma spa\u021biul dvs. exterior \u00eentr-un loc de \u00eent\u00e2lnire confortabil pentru familie \u0219i prieteni. Nimic nu este mai bun dec\u00e2t s\u0103 sta\u021bi \u00een jurul unui focar, s\u0103 v\u0103 bucura\u021bi de c\u0103ldur\u0103 \u0219i s\u0103 pr\u0103ji\u021bi marshmallows. Pute\u021bi crea amintiri de durat\u0103 cu cei dragi \u00een timp ce v\u0103 bucura\u021bi de frumuse\u021bea pe care o groap\u0103 de foc din o\u021bel Corten o aduce \u00een curtea dvs.<\/p>","protected":false},"excerpt":{"rendered":"<p>Dac\u0103 dori\u021bi s\u0103 v\u0103 \u00eembun\u0103t\u0103\u021bi\u021bi curtea din spate sau spa\u021biul \u00een aer liber, o groap\u0103 de foc din o\u021bel Corten merit\u0103 cu siguran\u021b\u0103 luat\u0103 \u00een considerare. Acestea ofer\u0103 c\u0103ldur\u0103, stil \u0219i o ambian\u021b\u0103 confortabil\u0103. Datorit\u0103 durabilit\u0103\u021bii \u0219i propriet\u0103\u021bilor lor rezistente la intemperii, v\u0103 pute\u021bi bucura de groapa dvs. de foc pentru mul\u021bi ani de acum \u00eenainte.<\/p>","protected":false},"featured_media":1118,"comment_status":"open","ping_status":"closed","template":"","meta":{"_eb_attr":"","_monsterinsights_skip_tracking":false,"_monsterinsights_sitenote_active":false,"_monsterinsights_sitenote_note":"","_monsterinsights_sitenote_category":0,"_uf_show_specific_survey":0,"_uf_disable_surveys":false},"product_brand":[],"product_cat":[54],"product_tag":[],"class_list":{"0":"post-1115","1":"product","2":"type-product","3":"status-publish","4":"has-post-thumbnail","6":"product_cat-wood-fire-pit","8":"first","9":"instock","10":"shipping-taxable","11":"product-type-simple"},"_links":{"self":[{"href":"https:\/\/keweicorten.com\/ro\/wp-json\/wp\/v2\/product\/1115"}],"collection":[{"href":"https:\/\/keweicorten.com\/ro\/wp-json\/wp\/v2\/product"}],"about":[{"href":"https:\/\/keweicorten.com\/ro\/wp-json\/wp\/v2\/types\/product"}],"replies":[{"embeddable":true,"href":"https:\/\/keweicorten.com\/ro\/wp-json\/wp\/v2\/comments?post=1115"}],"version-history":[{"count":2,"href":"https:\/\/keweicorten.com\/ro\/wp-json\/wp\/v2\/product\/1115\/revisions"}],"predecessor-version":[{"id":1120,"href":"https:\/\/keweicorten.com\/ro\/wp-json\/wp\/v2\/product\/1115\/revisions\/1120"}],"wp:featuredmedia":[{"embeddable":true,"href":"https:\/\/keweicorten.com\/ro\/wp-json\/wp\/v2\/media\/1118"}],"wp:attachment":[{"href":"https:\/\/keweicorten.com\/ro\/wp-json\/wp\/v2\/media?parent=1115"}],"wp:term":[{"taxonomy":"product_brand","embeddable":true,"href":"https:\/\/keweicorten.com\/ro\/wp-json\/wp\/v2\/product_brand?post=1115"},{"taxonomy":"product_cat","embeddable":true,"href":"https:\/\/keweicorten.com\/ro\/wp-json\/wp\/v2\/product_cat?post=1115"},{"taxonomy":"product_tag","embeddable":true,"href":"https:\/\/keweicorten.com\/ro\/wp-json\/wp\/v2\/product_tag?post=1115"}],"curies":[{"name":"wp","href":"https:\/\/api.w.org\/{rel}","templated":true}]}}