{"id":1121,"date":"2024-09-11T09:07:08","date_gmt":"2024-09-11T09:07:08","guid":{"rendered":"https:\/\/keweicorten.com\/?post_type=product&#038;p=1121"},"modified":"2025-01-15T06:15:52","modified_gmt":"2025-01-15T06:15:52","slug":"groapa-de-foc-din-otel","status":"publish","type":"product","link":"https:\/\/keweicorten.com\/ro\/groapa-de-foc-din-otel\/","title":{"rendered":"groap\u0103 de foc din o\u021bel"},"content":{"rendered":"<h2>Avantajele unei gropi de foc din o\u021bel:<\/h2>\n<p>Durabilitate : O\u021belul este foarte puternic \u0219i poate rezista la temperaturi ridicate \u0219i la utilizarea pe termen lung. Nu este la fel de u\u0219or de deteriorat sau deformat ca alte materiale.<\/p>\n<p>\u00cenc\u0103lzire rapid\u0103 : Conductivitatea termic\u0103 a o\u021belului este bun\u0103, iar groapa de foc poate atinge rapid o temperatur\u0103 ridicat\u0103, oferindu-v\u0103 un efect de \u00eenc\u0103lzire mai eficient.<\/p>\n<p>\u00centre\u021binere redus\u0103 : Suprafa\u021ba unei gropi de foc din o\u021bel este de obicei mai u\u0219or de cur\u0103\u021bat \u0219i nu este u\u0219or s\u0103 acumuleze cenu\u0219\u0103 sau murd\u0103rie.<\/p>\n<p>Rezisten\u021ba la intemperii: o\u021belul de \u00eenalt\u0103 calitate are de obicei o bun\u0103 rezisten\u021b\u0103 la coroziune, \u00een special o\u021belul acoperit sau tratat, care poate rezista impactului schimb\u0103rilor meteorologice.<\/p>\n<p>Flexibilitatea designului : Foi\u0219oarele de o\u021bel pot fi proiectate \u00eentr-o varietate de forme \u0219i stiluri pentru a se potrivi diferitelor nevoi decorative \u0219i preferin\u021be personale.<\/p>\n<p>Siguran\u021b\u0103 : Rezisten\u021ba \u0219i stabilitatea o\u021belului fac ca groapa de foc s\u0103 fie mai pu\u021bin susceptibil\u0103 de a fi r\u0103sturnat\u0103 sau spart\u0103 \u00een timpul utiliz\u0103rii, \u00eembun\u0103t\u0103\u021bind astfel siguran\u021ba utiliz\u0103rii.<\/p>\n<p>Economie : \u00cen compara\u021bie cu alte materiale, o\u021belul are, de obicei, un cost mai sc\u0103zut, astfel \u00eenc\u00e2t gr\u0103tarele de foc din o\u021bel sunt adesea mai rentabile.<\/p>\n<table style=\"height: 286px;\" width=\"943\">\n<tbody>\n<tr>\n<td colspan=\"1\" rowspan=\"1\">\n<div><span data-spm-anchor-id=\"a2700.details.0.i40.21cc481046iNBp\">Numele produsului<\/span><\/div>\n<\/td>\n<td colspan=\"1\" rowspan=\"1\">\n<div>\u00cen aer liber rotund foc Bowl lemn Corten Steel \u00een aer liber Fire Pit<\/div>\n<\/td>\n<\/tr>\n<tr>\n<td colspan=\"1\" rowspan=\"1\">\n<div>Nume de marc\u0103<\/div>\n<\/td>\n<td colspan=\"1\" rowspan=\"1\">\n<div>SHKW<\/div>\n<\/td>\n<\/tr>\n<tr>\n<td colspan=\"1\" rowspan=\"1\">\n<div>Num\u0103rul modelului<\/div>\n<\/td>\n<td colspan=\"1\" rowspan=\"1\">\n<div>SHKW-FP-1<\/div>\n<\/td>\n<\/tr>\n<tr>\n<td colspan=\"1\" rowspan=\"1\">\n<div>Material<\/div>\n<\/td>\n<td colspan=\"1\" rowspan=\"1\">\n<div>O\u021bel Corten \/ O\u021bel rezistent la intemperii<\/div>\n<\/td>\n<\/tr>\n<tr>\n<td colspan=\"1\" rowspan=\"1\">\n<div>M\u0103rime<\/div>\n<\/td>\n<td colspan=\"1\" rowspan=\"1\">\n<div>Diametru: 600mm\/800mm<\/div>\n<\/td>\n<\/tr>\n<tr>\n<td colspan=\"1\" rowspan=\"1\">\n<div>Grosime<\/div>\n<\/td>\n<td colspan=\"1\" rowspan=\"1\">\n<div>2mm, 3mm<\/div>\n<\/td>\n<\/tr>\n<tr>\n<td colspan=\"1\" rowspan=\"1\">\n<div>Pachet<\/div>\n<\/td>\n<td colspan=\"1\" rowspan=\"1\">\n<div>Interior: H\u00e2rtie din spum\u0103 anti-uzur\u0103 \u00cen exterior: cutie din placaj<\/div>\n<\/td>\n<\/tr>\n<tr>\n<td colspan=\"1\" rowspan=\"1\">\n<div>Tratarea suprafe\u021bei<\/div>\n<\/td>\n<td colspan=\"1\" rowspan=\"1\">\n<div>Pre-ruginite, pot fi personalizate<\/div>\n<\/td>\n<\/tr>\n<tr>\n<td colspan=\"1\" rowspan=\"1\">\n<div>MOQ<\/div>\n<\/td>\n<td colspan=\"1\" rowspan=\"1\">\n<div>10 buc<\/div>\n<\/td>\n<\/tr>\n<\/tbody>\n<\/table>\n<figure style=\"width: 525px\" class=\"wp-caption alignnone\"><a href=\"https:\/\/keweicorten.com\/ro\/contactati-ne\/\"><img fetchpriority=\"high\" decoding=\"async\" class=\"\" title=\"frrepits\" src=\"https:\/\/sc04.alicdn.com\/kf\/H227635724f8b49b9bcb03865b8a626a2Q\/238887437\/H227635724f8b49b9bcb03865b8a626a2Q.png\" alt=\"frrepits\" width=\"525\" height=\"492\" \/><\/a><figcaption class=\"wp-caption-text\">frrepits<\/figcaption><\/figure>\n<figure style=\"width: 524px\" class=\"wp-caption alignnone\"><a href=\"https:\/\/keweicorten.com\/ro\"><img decoding=\"async\" class=\"\" title=\"frrepits\" src=\"https:\/\/sc04.alicdn.com\/kf\/H02bda928a986446fbb5638e5ae0f5b89u\/238887437\/H02bda928a986446fbb5638e5ae0f5b89u.png\" alt=\"frrepits\" width=\"524\" height=\"524\" \/><\/a><figcaption class=\"wp-caption-text\">frrepits<\/figcaption><\/figure>\n<p>Oferim avantaje:<\/p>\n<p><span data-spm-anchor-id=\"a2700.details.0.i38.d01b235dvPHBfu\">1. <\/span><strong>Material:<\/strong>\u00a0Font\u0103, o\u021bel carbon, o\u021bel moale, o\u021bel Corten, o\u021bel inoxidabil;<\/p>\n<p>2. <strong>Proces:<\/strong>\u00a0\u0218tan\u021bare \u0219i trasare - Sudare - Vopsire - Inspec\u021bie - Ambalare;;<\/p>\n<p>3.\u00a0<strong>Finisaj:<\/strong>\u00a0Acoperire cu pulbere, vopsea de \u00eenalt\u0103 temperatur\u0103 etc...;<\/p>\n<p>4.\u00a0<strong>Dimensiune:<\/strong>\u00a0600mm - 1500mm;<\/p>\n<p>5. Ani de experien\u021b\u0103 \u00een\u00a0<strong>produc\u021bie \u0219i export<\/strong>.<\/p>\n<p>6. Pot fi fabricate tot felul de focare\u00a0<strong>\u00een func\u021bie de cerin\u021bele clientului<\/strong>, desen, design sau mostre;<\/p>\n<p>7. Serviciul coordonat (desen, sudur\u0103 \u0219i tratament de suprafa\u021b\u0103) face\u00a0<strong>pre\u021b mai mic\u00a0<\/strong>posibil;<\/p>\n<p>8.\u00a0<strong>Echip\u0103 puternic\u0103 de ingineri\u00a0<\/strong>face de \u00eenalt\u0103 calitate;<\/p>\n<p>9. Proces complet de testare a materialelor \u0219i\u00a0<strong>controlul calit\u0103\u021bii\u00a0<\/strong>sistem;<\/p>\n<p>10.\u00a0<strong>La timp\u00a0<\/strong>livrare;<\/p>\n<p>11. <strong>OEM\u00a0<\/strong>;<\/p>\n<figure id=\"attachment_1125\" aria-describedby=\"caption-attachment-1125\" style=\"width: 471px\" class=\"wp-caption alignnone\"><a href=\"https:\/\/keweicorten.com\/ro\/contactati-ne\/\"><img decoding=\"async\" class=\"wp-image-1125\" title=\"\u0219emineu corten\" src=\"https:\/\/keweicorten.com\/wp-content\/uploads\/2024\/09\/23-300x300.jpg\" alt=\"\u0219emineu corten\" width=\"471\" height=\"471\" srcset=\"https:\/\/keweicorten.com\/wp-content\/uploads\/2024\/09\/23-300x300.jpg 300w, https:\/\/keweicorten.com\/wp-content\/uploads\/2024\/09\/23-150x150.jpg 150w, https:\/\/keweicorten.com\/wp-content\/uploads\/2024\/09\/23-12x12.jpg 12w, https:\/\/keweicorten.com\/wp-content\/uploads\/2024\/09\/23-600x600.jpg 600w, https:\/\/keweicorten.com\/wp-content\/uploads\/2024\/09\/23-100x100.jpg 100w, https:\/\/keweicorten.com\/wp-content\/uploads\/2024\/09\/23.jpg 750w\" sizes=\"(max-width: 471px) 100vw, 471px\" \/><\/a><figcaption id=\"caption-attachment-1125\" class=\"wp-caption-text\">\u0219emineu corten<\/figcaption><\/figure>\n<h3><span style=\"color: #000000;\">\u00ceNTREB\u0102RI FRECVENTE<\/span><\/h3>\n<p>\u00ce: Sunte\u021bi societate comercial\u0103 sau produc\u0103tor?<\/p>\n<p>R: Suntem fabric\u0103.<\/p>\n<p>&nbsp;<\/p>\n<p>\u00ce: C\u00e2t timp este timpul de livrare?<br \/>\nR: \u00cen general, este de 5-10 zile, \u00een func\u021bie de cantitate.<\/p>\n<p>&nbsp;<\/p>\n<p>\u00ce: Furniza\u021bi mostre? este gratuit sau suplimentar?<\/p>\n<p>R: Da, am putea oferi e\u0219antionul.<\/p>\n<p>&nbsp;<\/p>\n<p>\u00ce: Care sunt condi\u021biile dvs. de plat\u0103?<br \/>\nR: Plata=1000USD, 30% T \/ T \u00een avans .echilibru \u00eenainte de expediere.<\/p>\n<p>Dac\u0103 ave\u021bi o alt\u0103 \u00eentrebare, pls cleck aici, suntem siguri c\u0103 oricare dintre \u00eentreb\u0103rile dvs. va primi aten\u021bia \u0219i r\u0103spunsul nostru prompt!<\/p>","protected":false},"excerpt":{"rendered":"<p>Foi\u0219oarele noastre de foc din o\u021bel combin\u0103 durabilitatea \u0219i frumuse\u021bea pentru orice ocazie \u00een aer liber. Face\u021bi-v\u0103 noaptea mai cald\u0103 \u0219i bucura\u021bi-v\u0103 de farmecul focului.<\/p>","protected":false},"featured_media":1128,"comment_status":"open","ping_status":"closed","template":"","meta":{"_eb_attr":"","_monsterinsights_skip_tracking":false,"_monsterinsights_sitenote_active":false,"_monsterinsights_sitenote_note":"","_monsterinsights_sitenote_category":0,"_uf_show_specific_survey":0,"_uf_disable_surveys":false},"product_brand":[],"product_cat":[54],"product_tag":[],"class_list":{"0":"post-1121","1":"product","2":"type-product","3":"status-publish","4":"has-post-thumbnail","6":"product_cat-wood-fire-pit","8":"first","9":"instock","10":"shipping-taxable","11":"product-type-simple"},"_links":{"self":[{"href":"https:\/\/keweicorten.com\/ro\/wp-json\/wp\/v2\/product\/1121"}],"collection":[{"href":"https:\/\/keweicorten.com\/ro\/wp-json\/wp\/v2\/product"}],"about":[{"href":"https:\/\/keweicorten.com\/ro\/wp-json\/wp\/v2\/types\/product"}],"replies":[{"embeddable":true,"href":"https:\/\/keweicorten.com\/ro\/wp-json\/wp\/v2\/comments?post=1121"}],"version-history":[{"count":1,"href":"https:\/\/keweicorten.com\/ro\/wp-json\/wp\/v2\/product\/1121\/revisions"}],"predecessor-version":[{"id":1127,"href":"https:\/\/keweicorten.com\/ro\/wp-json\/wp\/v2\/product\/1121\/revisions\/1127"}],"wp:featuredmedia":[{"embeddable":true,"href":"https:\/\/keweicorten.com\/ro\/wp-json\/wp\/v2\/media\/1128"}],"wp:attachment":[{"href":"https:\/\/keweicorten.com\/ro\/wp-json\/wp\/v2\/media?parent=1121"}],"wp:term":[{"taxonomy":"product_brand","embeddable":true,"href":"https:\/\/keweicorten.com\/ro\/wp-json\/wp\/v2\/product_brand?post=1121"},{"taxonomy":"product_cat","embeddable":true,"href":"https:\/\/keweicorten.com\/ro\/wp-json\/wp\/v2\/product_cat?post=1121"},{"taxonomy":"product_tag","embeddable":true,"href":"https:\/\/keweicorten.com\/ro\/wp-json\/wp\/v2\/product_tag?post=1121"}],"curies":[{"name":"wp","href":"https:\/\/api.w.org\/{rel}","templated":true}]}}