{"id":1137,"date":"2024-09-12T03:07:39","date_gmt":"2024-09-12T03:07:39","guid":{"rendered":"https:\/\/keweicorten.com\/?post_type=product&#038;p=1137"},"modified":"2025-01-15T06:15:24","modified_gmt":"2025-01-15T06:15:24","slug":"borduri-de-gradina-din-otel-corten","status":"publish","type":"product","link":"https:\/\/keweicorten.com\/ro\/borduri-de-gradina-din-otel-corten\/","title":{"rendered":"borduri de gr\u0103din\u0103 din o\u021bel corten"},"content":{"rendered":"<h2>Aplicarea bordurilor de gr\u0103din\u0103 din o\u021bel corten<\/h2>\n<p>Deflectorul din o\u021bel rezistent la intemperii este un material utilizat \u00een domeniul ingineriei civile \u0219i al construc\u021biilor, cu rezisten\u021b\u0103 excelent\u0103 la coroziune \u0219i rezisten\u021b\u0103, utilizat pe scar\u0103 larg\u0103 \u00een urm\u0103toarele aspecte:<\/p>\n<ul>\n<li>DAM-uri de p\u0103m\u00e2nt \u0219i ziduri de sprijin<\/li>\n<li>Lucr\u0103ri rutiere \u0219i feroviare<\/li>\n<li>Proiect de conservare a apei<\/li>\n<li>Sprijin pentru groapa funda\u021biei<\/li>\n<\/ul>\n<ul>\n<li>Inginerie peisagistic\u0103<\/li>\n<li>Instala\u021bie de protec\u021bie<\/li>\n<\/ul>\n<p>Bordura de gr\u0103din\u0103 din o\u021bel Corten este o plac\u0103 structural\u0103 realizat\u0103 din o\u021bel rezistent la intemperii (cum ar fi o\u021belul Corten), care este utilizat\u0103 \u00een principal pentru re\u021binerea, sus\u021binerea sau protejarea solului \u00een diverse proiecte de inginerie. O\u021belul rezistent la intemperii are o rezisten\u021b\u0103 excelent\u0103 la coroziune \u0219i o rezisten\u021b\u0103 mecanic\u0103 bun\u0103.<\/p>\n<table class=\"has-title all magic-11\" style=\"height: 70px;\" width=\"577\">\n<tbody>\n<tr>\n<td colspan=\"1\" rowspan=\"1\">\n<div class=\"magic-12\" data-spm-anchor-id=\"a2700.details.0.i39.58e96c3bcoRvcr\">material<\/div>\n<\/td>\n<td colspan=\"1\" rowspan=\"1\">\n<div class=\"magic-13\">tabl\u0103 de o\u021bel corten<\/div>\n<\/td>\n<\/tr>\n<tr>\n<td colspan=\"1\" rowspan=\"1\">\n<div class=\"magic-12\">dimensiune<\/div>\n<\/td>\n<td colspan=\"1\" rowspan=\"1\">\n<div class=\"magic-13\">1.6*1075*100\/150+100mm<\/div>\n<\/td>\n<\/tr>\n<tr>\n<td colspan=\"1\" rowspan=\"1\">\n<div class=\"magic-12\">suprafa\u021b\u0103<\/div>\n<\/td>\n<td colspan=\"1\" rowspan=\"1\">\n<div class=\"magic-13\">vopsite sau ruginite<\/div>\n<\/td>\n<\/tr>\n<\/tbody>\n<\/table>\n<figure id=\"attachment_1140\" aria-describedby=\"caption-attachment-1140\" style=\"width: 300px\" class=\"wp-caption alignnone\"><img fetchpriority=\"high\" decoding=\"async\" class=\"size-medium wp-image-1140\" src=\"https:\/\/keweicorten.com\/wp-content\/uploads\/2024\/09\/\u5fae\u4fe1\u56fe\u7247_202307211703502-300x300.jpg\" alt=\"\" width=\"300\" height=\"300\" srcset=\"https:\/\/keweicorten.com\/wp-content\/uploads\/2024\/09\/\u5fae\u4fe1\u56fe\u7247_202307211703502-300x300.jpg 300w, https:\/\/keweicorten.com\/wp-content\/uploads\/2024\/09\/\u5fae\u4fe1\u56fe\u7247_202307211703502-150x150.jpg 150w, https:\/\/keweicorten.com\/wp-content\/uploads\/2024\/09\/\u5fae\u4fe1\u56fe\u7247_202307211703502-12x12.jpg 12w, https:\/\/keweicorten.com\/wp-content\/uploads\/2024\/09\/\u5fae\u4fe1\u56fe\u7247_202307211703502-600x600.jpg 600w, https:\/\/keweicorten.com\/wp-content\/uploads\/2024\/09\/\u5fae\u4fe1\u56fe\u7247_202307211703502-100x100.jpg 100w, https:\/\/keweicorten.com\/wp-content\/uploads\/2024\/09\/\u5fae\u4fe1\u56fe\u7247_202307211703502.jpg 750w\" sizes=\"(max-width: 300px) 100vw, 300px\" \/><figcaption id=\"caption-attachment-1140\" class=\"wp-caption-text\">CORTEN EDGING<\/figcaption><\/figure>\n<h2>Caracteristicile bordurilor de gr\u0103din\u0103 din o\u021bel corten<\/h2>\n<p>Rezisten\u021b\u0103 la coroziune: Un strat de oxid format pe suprafa\u021ba o\u021belului rezistent la intemperii poate rezista eficient la eroziunea ploii \u0219i a poluan\u021bilor, astfel \u00eenc\u00e2t s\u0103 poat\u0103 men\u021bine performan\u021be bune \u00een medii umede \u0219i dure.<\/p>\n<p>Rezisten\u021b\u0103 ridicat\u0103: O\u021belul rezistent la intemperii are o rezisten\u021b\u0103 ridicat\u0103 la trac\u021biune \u0219i la compresiune \u0219i poate rezista la o presiune mai mare a solului.<\/p>\n<p>\u00centre\u021binere simpl\u0103: Datorit\u0103 rezisten\u021bei sale excelente la intemperii, deflectorul din o\u021bel rezistent la intemperii necesit\u0103 costuri reduse de \u00eentre\u021binere \u00een timpul utiliz\u0103rii.<\/p>\n<p>Estetic\u0103: Textura de rugin\u0103 format\u0103 \u00een mod natural pe suprafa\u021ba o\u021belului rezistent la intemperii poate ad\u0103uga frumuse\u021be, potrivit\u0103 pentru peisaj \u0219i arhitectur\u0103 urban\u0103.<\/p>\n<p><img decoding=\"async\" class=\"\" src=\"https:\/\/sc04.alicdn.com\/kf\/H254e4e58aa4a4cd7ae5f7f5b9a8def6eJ\/223026859\/H254e4e58aa4a4cd7ae5f7f5b9a8def6eJ.jpg\" width=\"595\" height=\"595\" \/><\/p>\n<div class=\"text-title\">\n<h2 class=\"magic-9\"><b class=\"magic-24\"><span class=\"magic-10\" style=\"color: #000000;\" data-spm-anchor-id=\"a2700.details.0.i44.6227b6fedKS63A\">O\u021bel Corten ruginit Introducere<\/span><\/b><\/h2>\n<p><span class=\"magic-15\" style=\"color: #000000;\" data-spm-anchor-id=\"a2700.details.0.i46.6227b6fedKS63A\"><b data-spm-anchor-id=\"a2700.details.0.i45.6227b6fedKS63A\">O\u021bel corten<\/b>\u00a0va p\u0103stra suprafa\u021ba neagr\u0103 original\u0103 la prima achizi\u021bie. c\u00e2teva luni mai t\u00e2rziu, vor ap\u0103rea pete \u00eenainte de a ob\u021bine un strat frumos uniform de culoare. Acest lucru este cauzat de diferen\u021bele de sol, condi\u021biile de aer \u0219i locurile dvs. diferite. <\/span><\/p>\n<div><span class=\"magic-15\" style=\"color: #000000;\">\u00a0<\/span><\/div>\n<div><span class=\"magic-15\" style=\"color: #000000;\">\u00cen cele din urm\u0103, ve\u021bi avea o culoare ruginie frumoas\u0103, a\u0219a cum arat\u0103 imaginea din dreapta. De asemenea, avem procesarea Rusty direct, f\u0103r\u0103 nicio pierdere de timp.<\/span><\/div>\n<div>\n<div class=\"mceTemp\">\nCORTEN EDGING<\/p>\n<figure style=\"width: 750px\" class=\"wp-caption alignnone\"><a href=\"https:\/\/keweicorten.com\/ro\"><img decoding=\"async\" title=\"borduri din o\u021bel corten\" src=\"https:\/\/sc02.alicdn.com\/kf\/H650f0e63dacb4e35bd6d646fd2d0975cK\/235950374\/H650f0e63dacb4e35bd6d646fd2d0975cK.jpg\" alt=\"\" width=\"750\" height=\"404\" \/><\/a><figcaption class=\"wp-caption-text\">borduri din o\u021bel corten<\/figcaption><\/figure>\n<\/div>\n<\/div>","protected":false},"excerpt":{"rendered":"<p>Alege\u021bi marginea gr\u0103dinii din o\u021bel Corten pentru a v\u0103 bucura de un design elegant \u0219i de \u00eenalt\u0103 calitate, cre\u00e2nd un spa\u021biu exterior unic care spore\u0219te frumuse\u021bea \u0219i func\u021bionalitatea general\u0103 a gr\u0103dinii.<\/p>","protected":false},"featured_media":1138,"comment_status":"open","ping_status":"closed","template":"","meta":{"_eb_attr":"","_monsterinsights_skip_tracking":false,"_monsterinsights_sitenote_active":false,"_monsterinsights_sitenote_note":"","_monsterinsights_sitenote_category":0,"_uf_show_specific_survey":0,"_uf_disable_surveys":false},"product_brand":[],"product_cat":[58],"product_tag":[],"class_list":{"0":"post-1137","1":"product","2":"type-product","3":"status-publish","4":"has-post-thumbnail","6":"product_cat-garden-edging","8":"first","9":"instock","10":"shipping-taxable","11":"product-type-simple"},"_links":{"self":[{"href":"https:\/\/keweicorten.com\/ro\/wp-json\/wp\/v2\/product\/1137"}],"collection":[{"href":"https:\/\/keweicorten.com\/ro\/wp-json\/wp\/v2\/product"}],"about":[{"href":"https:\/\/keweicorten.com\/ro\/wp-json\/wp\/v2\/types\/product"}],"replies":[{"embeddable":true,"href":"https:\/\/keweicorten.com\/ro\/wp-json\/wp\/v2\/comments?post=1137"}],"version-history":[{"count":2,"href":"https:\/\/keweicorten.com\/ro\/wp-json\/wp\/v2\/product\/1137\/revisions"}],"predecessor-version":[{"id":1142,"href":"https:\/\/keweicorten.com\/ro\/wp-json\/wp\/v2\/product\/1137\/revisions\/1142"}],"wp:featuredmedia":[{"embeddable":true,"href":"https:\/\/keweicorten.com\/ro\/wp-json\/wp\/v2\/media\/1138"}],"wp:attachment":[{"href":"https:\/\/keweicorten.com\/ro\/wp-json\/wp\/v2\/media?parent=1137"}],"wp:term":[{"taxonomy":"product_brand","embeddable":true,"href":"https:\/\/keweicorten.com\/ro\/wp-json\/wp\/v2\/product_brand?post=1137"},{"taxonomy":"product_cat","embeddable":true,"href":"https:\/\/keweicorten.com\/ro\/wp-json\/wp\/v2\/product_cat?post=1137"},{"taxonomy":"product_tag","embeddable":true,"href":"https:\/\/keweicorten.com\/ro\/wp-json\/wp\/v2\/product_tag?post=1137"}],"curies":[{"name":"wp","href":"https:\/\/api.w.org\/{rel}","templated":true}]}}