{"id":1143,"date":"2024-09-12T03:32:05","date_gmt":"2024-09-12T03:32:05","guid":{"rendered":"https:\/\/keweicorten.com\/?post_type=product&#038;p=1143"},"modified":"2025-01-15T06:15:15","modified_gmt":"2025-01-15T06:15:15","slug":"borduri-de-gradina","status":"publish","type":"product","link":"https:\/\/keweicorten.com\/ro\/borduri-de-gradina\/","title":{"rendered":"corten peisaj borduri"},"content":{"rendered":"<div class=\"text-title\">\n<figure style=\"width: 750px\" class=\"wp-caption alignnone\"><a href=\"https:\/\/keweicorten.com\/ro\/contactati-ne\/\"><img fetchpriority=\"high\" decoding=\"async\" title=\"corten peisaj borduri\" src=\"https:\/\/sc04.alicdn.com\/kf\/A4a230982885047639f8ccbda507af4993\/276435419\/A4a230982885047639f8ccbda507af4993.jpg\" alt=\"corten peisaj borduri\" width=\"750\" height=\"454\" \/><\/a><figcaption class=\"wp-caption-text\">corten peisaj borduri<\/figcaption><\/figure>\n<h2 class=\"magic-9\"><b class=\"magic-22\"><span class=\"magic-10\" style=\"color: #000000;\" data-spm-anchor-id=\"a2700.details.0.i40.6227b6fedKS63A\">O\u021bel Corten Aplica\u021bie:<\/span><\/b><\/h2>\n<\/div>\n<div class=\"text-content\">\n<p><span class=\"magic-15\" style=\"color: #000000;\" data-spm-anchor-id=\"a2700.details.0.i49.6227b6fedKS63A\">O\u021belul Corten este o\u021bel rezistent la intemperii, acest material este un o\u021bel rezistent la coroziune, care, l\u0103sat neacoperit, dezvolt\u0103 o patin\u0103 de strat exterior.\u00a0<\/span><\/p>\n<div><span style=\"color: #000000;\"><br \/>\n<\/span><\/p>\n<div><span style=\"color: #000000;\">Aceast\u0103 patin\u0103 protejeaz\u0103 o\u021belul de coroziune suplimentar\u0103.Este un aliaj de o\u021bel cu rezisten\u021b\u0103 ridicat\u0103 \u0219i este utilizat acolo unde se dore\u0219te o rezisten\u021b\u0103 mai mare \u0219i un material cu ciclu de via\u021b\u0103 mai lung.<\/span><\/div>\n<div>\n<table style=\"height: 212px;\" width=\"746\">\n<tbody>\n<tr>\n<td colspan=\"1\" rowspan=\"1\">\n<div data-spm-anchor-id=\"a2700.details.0.i42.448a13b5E0l0Oz\">Numele produsului<\/div>\n<\/td>\n<td colspan=\"1\" rowspan=\"1\">\n<div>Galvanizat &amp; CORTEN o\u021bel negru pulbere Coat o\u021bel peisaj Edging<\/div>\n<\/td>\n<\/tr>\n<tr>\n<td colspan=\"1\" rowspan=\"1\">\n<div>Material<\/div>\n<\/td>\n<td colspan=\"1\" rowspan=\"1\">\n<div>O\u021bel Corten, o\u021bel galvanizat, etc.<\/div>\n<\/td>\n<\/tr>\n<tr>\n<td colspan=\"1\" rowspan=\"1\">\n<div data-spm-anchor-id=\"a2700.details.0.i41.448a13b5E0l0Oz\">M\u0103rime<\/div>\n<\/td>\n<td colspan=\"1\" rowspan=\"1\">\n<div>100mm, 150mm fa\u021b\u0103 sau personalizat<\/div>\n<\/td>\n<\/tr>\n<tr>\n<td colspan=\"1\" rowspan=\"1\">\n<div>Spike-uri<\/div>\n<\/td>\n<td colspan=\"1\" rowspan=\"1\">\n<div>Cu sau f\u0103r\u0103<\/div>\n<\/td>\n<\/tr>\n<tr>\n<td colspan=\"1\" rowspan=\"1\">\n<div>Culoare<\/div>\n<\/td>\n<td colspan=\"1\" rowspan=\"1\">\n<div>O\u021bel natural, diverse culori<\/div>\n<\/td>\n<\/tr>\n<tr>\n<td colspan=\"1\" rowspan=\"1\">\n<div>Plante<\/div>\n<\/td>\n<td colspan=\"1\" rowspan=\"1\">\n<div>Plante verzi, plante artificiale<\/div>\n<\/td>\n<\/tr>\n<\/tbody>\n<\/table>\n<\/div>\n<div>\n<figure style=\"width: 750px\" class=\"wp-caption alignnone\"><a href=\"https:\/\/keweicorten.com\/ro\/contactati-ne\/\"><img decoding=\"async\" title=\"o\u021bel corten peisaj borduri\" src=\"https:\/\/sc02.alicdn.com\/kf\/H650f0e63dacb4e35bd6d646fd2d0975cK\/235950374\/H650f0e63dacb4e35bd6d646fd2d0975cK.jpg\" alt=\"o\u021bel corten peisaj borduri\" width=\"750\" height=\"404\" \/><\/a><figcaption class=\"wp-caption-text\">o\u021bel corten peisaj borduri<\/figcaption><\/figure>\n<\/div>\n<h2>MODUL DE INSTALARE<\/h2>\n<p>V\u00e2rful de pe bordurile de peisaj corten taie prin p\u0103m\u00e2nt cu u\u0219urin\u021b\u0103. Fiecare band\u0103 poate fi instalat\u0103 \u00een mai pu\u021bin de 1 minut \u0219i se men\u021bine bine \u00een pozi\u021bie, Este incredibil de u\u0219or de instalat - de fapt, singurele unelte de care ve\u021bi avea nevoie sunt un bloc de lemn de 4\u2033 x 2\u2033 \u0219i un ciocan.<\/p>\n<figure style=\"width: 635px\" class=\"wp-caption alignnone\"><a href=\"https:\/\/keweicorten.com\/ro\/contactati-ne\/\"><img decoding=\"async\" title=\"borduri de gazon corten\" src=\"https:\/\/sc04.alicdn.com\/kf\/HTB1kC8LQFXXXXcTXFXXq6xXFXXX5\/223026859\/HTB1kC8LQFXXXXcTXFXXq6xXFXXX5.jpg\" alt=\"borduri de gazon corten\" width=\"635\" height=\"477\" \/><\/a><figcaption class=\"wp-caption-text\">borduri de gazon corten<\/figcaption><\/figure>\n<p>Setul de borduri de peisaj corten pentru exterior creeaz\u0103 un punct focal primitor pentru spa\u021biul dvs. de locuit \u00een aer liber. Construite din o\u021bel durabil cu finisaj oxidat de rugin\u0103, aceste borduri au un design simplu cu v\u00e2rfuri. Bordurile au un aer rustic modern care va \u00eembun\u0103t\u0103\u021bi aspectul terasei \u0219i al spa\u021biilor dvs. de teras\u0103. Utiliza\u021bi aceste borduri \u0219i ghivece pentru a v\u0103 ad\u0103posti arbu\u0219tii sau florile. Perfecte ca set \u0219i mai bune atunci c\u00e2nd sunt folosite \u00een mai multe exemplare.<\/p>\n<h2>Unele avantaje ale <span class=\"keyword _ngcontent-dwf-109\" aria-hidden=\"false\">borduri din o\u021bel corten <\/span>\u00een horticultur\u0103:<\/h2>\n<p>Rezisten\u021b\u0103 la coroziune<br \/>\nO\u021belul Corten are o bun\u0103 rezisten\u021b\u0103 la coroziune \u0219i formeaz\u0103 o pelicul\u0103 protectoare \u00eempotriva coroziunii pe suprafa\u021ba sa, care poate preveni \u00een mod eficient coroziunea ulterioar\u0103 \u0219i poate asigura stabilitatea sa pe termen lung, inclusiv \u00een medii umede \u0219i substan\u021be chimice din sol.<\/p>\n<p>Estetic\u0103<\/p>\n<p>Stabilitatea structural\u0103<br \/>\nDatorit\u0103 rezisten\u021bei \u0219i rigidit\u0103\u021bii sale ridicate, pl\u0103cile de re\u021binere Corten sus\u021bin eficient solul, previn eroziunea \u0219i eroziunea solului \u0219i asigur\u0103 stabilitatea pe termen lung a proiectelor horticole.<\/p>\n<p>Costuri reduse de \u00eentre\u021binere<br \/>\nO\u021belul corten are cerin\u021be de \u00eentre\u021binere mai reduse dec\u00e2t alte materiale.<\/p>\n<p>Protec\u021bia mediului<\/p>\n<p>versatilitate<br \/>\nDelimit\u0103ri \u0219i diviziuni sau zone de peisaj.<br \/>\nU\u0219urare sporit\u0103<br \/>\npaturi de flori sau gr\u0103dini de legume<\/p>\n<p>U\u0219or de instalat<br \/>\nO\u021belul corten poate fi t\u0103iat \u00een diferite forme \u0219i dimensiuni, dup\u0103 cum este necesar<\/p>\n<\/div>\n<\/div>","protected":false},"excerpt":{"rendered":"<p>Explora\u021bi produsele noastre Corten edge pentru solu\u021bii de gr\u0103din\u0103rit durabile \u0219i estetice. \u00cembun\u0103t\u0103\u021bi\u021bi spa\u021biul dvs. exterior \u0219i bucura\u021bi-v\u0103 de o calitate durabil\u0103 cu un design unic.<\/p>","protected":false},"featured_media":1144,"comment_status":"open","ping_status":"closed","template":"","meta":{"_eb_attr":"","_monsterinsights_skip_tracking":false,"_monsterinsights_sitenote_active":false,"_monsterinsights_sitenote_note":"","_monsterinsights_sitenote_category":0,"_uf_show_specific_survey":0,"_uf_disable_surveys":false},"product_brand":[],"product_cat":[58],"product_tag":[],"class_list":{"0":"post-1143","1":"product","2":"type-product","3":"status-publish","4":"has-post-thumbnail","6":"product_cat-garden-edging","8":"first","9":"instock","10":"shipping-taxable","11":"product-type-simple"},"_links":{"self":[{"href":"https:\/\/keweicorten.com\/ro\/wp-json\/wp\/v2\/product\/1143"}],"collection":[{"href":"https:\/\/keweicorten.com\/ro\/wp-json\/wp\/v2\/product"}],"about":[{"href":"https:\/\/keweicorten.com\/ro\/wp-json\/wp\/v2\/types\/product"}],"replies":[{"embeddable":true,"href":"https:\/\/keweicorten.com\/ro\/wp-json\/wp\/v2\/comments?post=1143"}],"version-history":[{"count":2,"href":"https:\/\/keweicorten.com\/ro\/wp-json\/wp\/v2\/product\/1143\/revisions"}],"predecessor-version":[{"id":1878,"href":"https:\/\/keweicorten.com\/ro\/wp-json\/wp\/v2\/product\/1143\/revisions\/1878"}],"wp:featuredmedia":[{"embeddable":true,"href":"https:\/\/keweicorten.com\/ro\/wp-json\/wp\/v2\/media\/1144"}],"wp:attachment":[{"href":"https:\/\/keweicorten.com\/ro\/wp-json\/wp\/v2\/media?parent=1143"}],"wp:term":[{"taxonomy":"product_brand","embeddable":true,"href":"https:\/\/keweicorten.com\/ro\/wp-json\/wp\/v2\/product_brand?post=1143"},{"taxonomy":"product_cat","embeddable":true,"href":"https:\/\/keweicorten.com\/ro\/wp-json\/wp\/v2\/product_cat?post=1143"},{"taxonomy":"product_tag","embeddable":true,"href":"https:\/\/keweicorten.com\/ro\/wp-json\/wp\/v2\/product_tag?post=1143"}],"curies":[{"name":"wp","href":"https:\/\/api.w.org\/{rel}","templated":true}]}}