{"id":1185,"date":"2024-09-13T02:16:19","date_gmt":"2024-09-13T02:16:19","guid":{"rendered":"https:\/\/keweicorten.com\/?post_type=product&#038;p=1185"},"modified":"2025-01-15T06:27:24","modified_gmt":"2025-01-15T06:27:24","slug":"groapa-de-foc-dreptunghiulara","status":"publish","type":"product","link":"https:\/\/keweicorten.com\/ro\/groapa-de-foc-dreptunghiulara\/","title":{"rendered":"groap\u0103 de foc dreptunghiular\u0103"},"content":{"rendered":"<h2>Groap\u0103 de foc dreptunghiular\u0103 din o\u021bel Corten pentru durabilitate:<\/h2>\n<p>O\u021belul Corten (cunoscut \u0219i sub denumirea de o\u021bel rezistent la intemperii) este un o\u021bel aliat cu o bun\u0103 rezisten\u021b\u0103 la coroziune, care este utilizat \u00een mod obi\u0219nuit \u00een produse precum mobilier de exterior, construc\u021bii \u0219i gropi de foc. Durabilitatea gropii de foc dreptunghiulare realizate din o\u021bel Corten se reflect\u0103 \u00een principal \u00een urm\u0103toarele aspecte:<\/p>\n<p>Rezisten\u021b\u0103 la coroziune : Stratul de coroziune format pe suprafa\u021ba o\u021belului Corten poate proteja eficient metalul intern \u0219i poate preveni coroziunea ulterioar\u0103. Acest lucru \u00eel face excelent \u00een medii exterioare, \u00een special \u00een climatele umede sau ploioase.<\/p>\n<p>Rezisten\u021b\u0103 la temperaturi ridicate: O\u021belul Corten poate rezista la temperaturi ridicate, potrivit pentru utilizarea ca material pentru groapa de foc. \u00centr-un mediu cu temperaturi ridicate, propriet\u0103\u021bile sale fizice nu vor fi afectate \u00een mod semnificativ.<\/p>\n<p>Aspect frumos : O\u021belul Corten va forma o culoare unic\u0103 de rugin\u0103 \u00een timp, ad\u0103ug\u00e2nd o frumuse\u021be natural\u0103 gropii de foc, iar \u00een timp, acest aspect se va ad\u00e2nci treptat, diferit de alte materiale ale gropii de foc.<\/p>\n<p>Rezisten\u021b\u0103 \u0219i duritate: O\u021belul Corten are o rezisten\u021b\u0103 ridicat\u0103, o bun\u0103 tenacitate \u0219i poate rezista la o greutate mare \u0219i la impact, astfel \u00eenc\u00e2t nu este u\u0219or de deteriorat \u00een utilizarea zilnic\u0103.<\/p>\n<p>\u00centre\u021binere simpl\u0103: De\u0219i o\u021belul Corten rugine\u0219te, \u00een general nu necesit\u0103 \u00eentre\u021binere special\u0103. Cur\u0103\u021barea \u0219i inspec\u021bia ocazional\u0103 \u00eel pot men\u021bine \u00een stare bun\u0103.<\/p>\n<figure style=\"width: 560px\" class=\"wp-caption alignnone\"><a href=\"https:\/\/keweicorten.com\/ro\/contactati-ne\/\"><img fetchpriority=\"high\" decoding=\"async\" class=\"\" title=\"vatr\u0103\" src=\"https:\/\/sc04.alicdn.com\/kf\/H60df13f6dc9647ea9a7650652491828df\/253038816\/H60df13f6dc9647ea9a7650652491828df.jpg\" alt=\"\" width=\"560\" height=\"560\" \/><\/a><figcaption class=\"wp-caption-text\">vatr\u0103<\/figcaption><\/figure>\n<p>Aceast\u0103 groap\u0103 de foc cu \u00eenc\u0103lzire \u00een aer liber este perfect\u0103 pentru a crea o atmosfer\u0103 confortabil\u0103 \u0219i primitoare \u00een spa\u021biul dvs. de locuit \u00een aer liber, fie c\u0103 este vorba de o teras\u0103, punte sau curte. Acesta ofer\u0103 c\u0103ldur\u0103 \u0219i ambian\u021b\u0103, permi\u021b\u00e2ndu-v\u0103 s\u0103 v\u0103 bucura\u021bi de exterior chiar \u0219i \u00een anotimpurile mai reci.<\/p>\n<figure style=\"width: 557px\" class=\"wp-caption alignnone\"><a href=\"https:\/\/keweicorten.com\/ro\"><img decoding=\"async\" class=\"\" title=\"Foi\u0219or cu gaz\" src=\"https:\/\/sc04.alicdn.com\/kf\/Hc231db4a5b974aa583a6dbafea6de497j\/253038816\/Hc231db4a5b974aa583a6dbafea6de497j.jpg\" alt=\"\" width=\"557\" height=\"557\" \/><\/a><figcaption class=\"wp-caption-text\">Foi\u0219or cu gaz<\/figcaption><\/figure>\n<div class=\"J_module\">\n<div class=\"detail-decorate-json-renderer-container\">\n<div class=\"magic-8\">\n<div class=\"magic-9\">\n<div class=\"magic-10\" data-spm-anchor-id=\"a2700.details.0.i44.15a8483bWMzzev\">\n<div class=\"magic-11\"><span data-spm-anchor-id=\"a2700.details.0.i43.15a8483bWMzzev\">Cu construc\u021bia sa durabil\u0103, sistemul eficient de combustibil \u0219i experien\u021ba focului natural, aceast\u0103 groap\u0103 de foc pentru \u00eenc\u0103lzirea \u00een aer liber este un excelent<br \/>\nplus pentru orice spa\u021biu exterior. Acesta ofer\u0103 at\u00e2t func\u021bionalitate, c\u00e2t \u0219i estetic\u0103, fiind o investi\u021bie versatil\u0103 \u0219i durabil\u0103.<\/span><\/div>\n<\/div>\n<\/div>\n<\/div>\n<\/div>\n<\/div>\n<div class=\"J_module\">\n<div class=\"J_module\">\n<p id=\"ali-anchor-AliMagic-c3jg5w\" class=\"magic-3\" data-section=\"AliMagic-c3jg5w\" data-section-title=\"Exhibition\" data-spm-anchor-id=\"a2700.details.0.i45.15a8483bWMzzev\">Expozi\u021bie<\/p>\n<\/div>\n<div class=\"J_module\">\n<div class=\"icbu-pc-images magic-0\">\n<div>\n<div class=\"flex-layout-v\">\n<div class=\"flex-layout-h magic-0\">\n<div class=\"magic-39\">\n<figure style=\"width: 700px\" class=\"wp-caption alignnone\"><a href=\"https:\/\/keweicorten.com\/ro\"><img decoding=\"async\" class=\"magic-40\" title=\"mas\u0103 cu foc\" src=\"https:\/\/sc04.alicdn.com\/kf\/H9226ec0116f94907a0411307640a9146o\/253038816\/H9226ec0116f94907a0411307640a9146o.jpg\" alt=\"\" width=\"700\" height=\"200\" data-src=\"\/\/sc04.alicdn.com\/kf\/H9226ec0116f94907a0411307640a9146o\/253038816\/H9226ec0116f94907a0411307640a9146o.jpg\" \/><\/a><figcaption class=\"wp-caption-text\">mas\u0103 cu foc<\/figcaption><\/figure>\n<\/div>\n<\/div>\n<\/div>\n<\/div>\n<\/div>\n<\/div>\n<div class=\"J_module\">\n<div class=\"icbu-pc-images magic-0\">\n<div>\n<div class=\"flex-layout-v\">\n<div class=\"flex-layout-h magic-0\">\n<div class=\"magic-39\">\n<figure style=\"width: 700px\" class=\"wp-caption alignnone\"><a href=\"https:\/\/keweicorten.com\/ro\"><img loading=\"lazy\" decoding=\"async\" class=\"magic-40\" title=\"FOC \" src=\"https:\/\/sc04.alicdn.com\/kf\/H4ed416c0efba48138a0d71bfbaf9f14dF\/253038816\/H4ed416c0efba48138a0d71bfbaf9f14dF.jpg\" alt=\"\" width=\"700\" height=\"200\" data-src=\"\/\/sc04.alicdn.com\/kf\/H4ed416c0efba48138a0d71bfbaf9f14dF\/253038816\/H4ed416c0efba48138a0d71bfbaf9f14dF.jpg\" \/><\/a><figcaption class=\"wp-caption-text\">FOC<\/figcaption><\/figure>\n<\/div>\n<\/div>\n<\/div>\n<\/div>\n<\/div>\n<\/div>\n<\/div>","protected":false},"excerpt":{"rendered":"<p>Durabilitatea \u0219emineelor dreptunghiulare din o\u021bel Corten este foarte bun\u0103, dar pentru a le prelungi durata de via\u021b\u0103, se recomand\u0103 de obicei evitarea perioadelor lungi de imersiune \u00een ap\u0103 \u0219i asigurarea unei bune ventila\u021bii a \u0219emineului atunci c\u00e2nd nu este utilizat.<\/p>\n<table class=\"has-title all magic-30\">\n<tbody>\n<tr>\n<td colspan=\"1\" rowspan=\"1\">\n<div class=\"magic-31\" data-spm-anchor-id=\"a2700.details.0.i47.15a8483bWMzzev\">element<\/div>\n<\/td>\n<td colspan=\"1\" rowspan=\"1\">\n<div class=\"magic-32\">valoare<\/div>\n<\/td>\n<\/tr>\n<tr>\n<td colspan=\"1\" rowspan=\"1\">\n<div class=\"magic-33\">Culoare<\/div>\n<\/td>\n<td colspan=\"1\" rowspan=\"1\">\n<div class=\"magic-34\">Ro\u0219u ruginiu\/negru<\/div>\n<\/td>\n<\/tr>\n<tr>\n<td colspan=\"1\" rowspan=\"1\">\n<div class=\"magic-33\">Material<\/div>\n<\/td>\n<td colspan=\"1\" rowspan=\"1\">\n<div class=\"magic-34\">O\u021bel corten<\/div>\n<\/td>\n<\/tr>\n<tr>\n<td colspan=\"1\" rowspan=\"1\">\n<div class=\"magic-33\">Finisare<\/div>\n<\/td>\n<td colspan=\"1\" rowspan=\"1\">\n<div class=\"magic-34\">Acoperire cu pulbere, Vopsea, Galvanizat<\/div>\n<\/td>\n<\/tr>\n<\/tbody>\n<\/table>","protected":false},"featured_media":1191,"comment_status":"open","ping_status":"closed","template":"","meta":{"_eb_attr":"","_monsterinsights_skip_tracking":false,"_monsterinsights_sitenote_active":false,"_monsterinsights_sitenote_note":"","_monsterinsights_sitenote_category":0,"_uf_show_specific_survey":0,"_uf_disable_surveys":false},"product_brand":[],"product_cat":[55],"product_tag":[],"class_list":{"0":"post-1185","1":"product","2":"type-product","3":"status-publish","4":"has-post-thumbnail","6":"product_cat-gas-fire-pit","8":"first","9":"instock","10":"shipping-taxable","11":"product-type-simple"},"_links":{"self":[{"href":"https:\/\/keweicorten.com\/ro\/wp-json\/wp\/v2\/product\/1185"}],"collection":[{"href":"https:\/\/keweicorten.com\/ro\/wp-json\/wp\/v2\/product"}],"about":[{"href":"https:\/\/keweicorten.com\/ro\/wp-json\/wp\/v2\/types\/product"}],"replies":[{"embeddable":true,"href":"https:\/\/keweicorten.com\/ro\/wp-json\/wp\/v2\/comments?post=1185"}],"version-history":[{"count":1,"href":"https:\/\/keweicorten.com\/ro\/wp-json\/wp\/v2\/product\/1185\/revisions"}],"predecessor-version":[{"id":1190,"href":"https:\/\/keweicorten.com\/ro\/wp-json\/wp\/v2\/product\/1185\/revisions\/1190"}],"wp:featuredmedia":[{"embeddable":true,"href":"https:\/\/keweicorten.com\/ro\/wp-json\/wp\/v2\/media\/1191"}],"wp:attachment":[{"href":"https:\/\/keweicorten.com\/ro\/wp-json\/wp\/v2\/media?parent=1185"}],"wp:term":[{"taxonomy":"product_brand","embeddable":true,"href":"https:\/\/keweicorten.com\/ro\/wp-json\/wp\/v2\/product_brand?post=1185"},{"taxonomy":"product_cat","embeddable":true,"href":"https:\/\/keweicorten.com\/ro\/wp-json\/wp\/v2\/product_cat?post=1185"},{"taxonomy":"product_tag","embeddable":true,"href":"https:\/\/keweicorten.com\/ro\/wp-json\/wp\/v2\/product_tag?post=1185"}],"curies":[{"name":"wp","href":"https:\/\/api.w.org\/{rel}","templated":true}]}}